{"id":12899,"date":"2023-07-25T00:00:00","date_gmt":"2023-07-24T23:00:00","guid":{"rendered":"http:\/\/dev.baier-michels.local\/about-us\/whats-new\/"},"modified":"2024-12-03T15:35:07","modified_gmt":"2024-12-03T14:35:07","slug":"whats-new","status":"publish","type":"page","link":"https:\/\/www.baier-michels.com\/fr\/about-us\/whats-new\/","title":{"rendered":"Actualit\u00e9s"},"content":{"rendered":"\n<p>Il y a toujours quelque chose de nouveau \u00e0 d\u00e9couvrir au sein du groupe b&amp;m.<\/p>\n\n\n\n<p>Vous \u00eates curieux\u00a0? Consultez notre <a href=\"https:\/\/www.baier-michels.com\/fr\/news\/\">NewsBlog<\/a> pour en savoir plus sur les principales nouveaut\u00e9s et les principaux \u00e9v\u00e9nements mondiaux de baier &amp; michels. Vous voulez rejoindre notre communaut\u00e9\u00a0? Nous vous invitons alors \u00e0 nous suivre sur <a href=\"https:\/\/www.linkedin.com\/company\/baier-michels\/?viewAsMember=true\">LinkedIn<\/a>. Des nouveaut\u00e9s passionnantes, des pr\u00e9sentations de produits et bien d\u2019autres choses encore vous y attendent. Nos collaborateurs sont impatients d\u2019\u00e9changer avec vous.<\/p>\n\n\n\n<p>Vous voulez \u00eatre inform\u00e9s automatiquement\u00a0? Nous serions \u00e9galement heureux de vous informer personnellement des innovations int\u00e9ressantes et des principaux \u00e9v\u00e9nements de b&amp;m dans notre newsletter. Abonnez-vous <a href=\"https:\/\/www.baier-michels.com\/en\/news-from-the-baier-michels-group-sign-up-now-and-stay-informed\/\">ICI<\/a>.<\/p>\n\n\n\n<p><\/p>\n","protected":false},"excerpt":{"rendered":"<p>Il y a toujours quelque chose de nouveau \u00e0 d\u00e9couvrir au sein du groupe b&amp;m. Vous \u00eates curieux\u00a0? Consultez notre NewsBlog pour en savoir plus sur les principales nouveaut\u00e9s et les principaux \u00e9v\u00e9nements mondiaux de baier &amp; michels. Vous voulez rejoindre notre communaut\u00e9\u00a0? Nous vous invitons alors \u00e0 nous suivre sur LinkedIn. Des nouveaut\u00e9s passionnantes, [&hellip;]<\/p>\n","protected":false},"author":1,"featured_media":0,"parent":12898,"menu_order":4,"comment_status":"closed","ping_status":"closed","template":"template_page_e2.php","meta":{"_acf_changed":false,"footnotes":""},"categories":[],"class_list":["post-12899","page","type-page","status-publish","hentry"],"acf":[],"yoast_head":"<!-- This site is optimized with the Yoast SEO plugin v27.3 - https:\/\/yoast.com\/product\/yoast-seo-wordpress\/ -->\n<title>Actualit\u00e9s - b&amp;m Homepage<\/title>\n<meta name=\"description\" content=\"Stay up to date\" \/>\n<meta name=\"robots\" content=\"index, follow, max-snippet:-1, max-image-preview:large, max-video-preview:-1\" \/>\n<link rel=\"canonical\" href=\"https:\/\/www.baier-michels.com\/fr\/about-us\/whats-new\/\" \/>\n<meta property=\"og:locale\" content=\"fr_FR\" \/>\n<meta property=\"og:type\" content=\"article\" \/>\n<meta property=\"og:title\" content=\"Actualit\u00e9s - b&amp;m Homepage\" \/>\n<meta property=\"og:description\" content=\"Stay up to date\" \/>\n<meta property=\"og:url\" content=\"https:\/\/www.baier-michels.com\/fr\/about-us\/whats-new\/\" \/>\n<meta property=\"og:site_name\" content=\"b&amp;m Homepage\" \/>\n<meta property=\"article:modified_time\" content=\"2024-12-03T14:35:07+00:00\" \/>\n<meta name=\"twitter:card\" content=\"summary_large_image\" \/>\n<meta name=\"twitter:label1\" content=\"Dur\u00e9e de lecture estim\u00e9e\" \/>\n\t<meta name=\"twitter:data1\" content=\"1 minute\" \/>\n<script type=\"application\/ld+json\" class=\"yoast-schema-graph\">{\"@context\":\"https:\\\/\\\/schema.org\",\"@graph\":[{\"@type\":\"WebPage\",\"@id\":\"https:\\\/\\\/www.baier-michels.com\\\/fr\\\/about-us\\\/whats-new\\\/\",\"url\":\"https:\\\/\\\/www.baier-michels.com\\\/fr\\\/about-us\\\/whats-new\\\/\",\"name\":\"Actualit\u00e9s - b&amp;m Homepage\",\"isPartOf\":{\"@id\":\"https:\\\/\\\/www.baier-michels.com\\\/fr\\\/#website\"},\"datePublished\":\"2023-07-24T23:00:00+00:00\",\"dateModified\":\"2024-12-03T14:35:07+00:00\",\"description\":\"Stay up to date\",\"breadcrumb\":{\"@id\":\"https:\\\/\\\/www.baier-michels.com\\\/fr\\\/about-us\\\/whats-new\\\/#breadcrumb\"},\"inLanguage\":\"fr-FR\",\"potentialAction\":[{\"@type\":\"ReadAction\",\"target\":[\"https:\\\/\\\/www.baier-michels.com\\\/fr\\\/about-us\\\/whats-new\\\/\"]}]},{\"@type\":\"BreadcrumbList\",\"@id\":\"https:\\\/\\\/www.baier-michels.com\\\/fr\\\/about-us\\\/whats-new\\\/#breadcrumb\",\"itemListElement\":[{\"@type\":\"ListItem\",\"position\":1,\"name\":\"Startseite\",\"item\":\"https:\\\/\\\/www.baier-michels.com\\\/fr\\\/\"},{\"@type\":\"ListItem\",\"position\":2,\"name\":\"\u00c0 propos de nous\",\"item\":\"https:\\\/\\\/www.baier-michels.com\\\/fr\\\/about-us\\\/\"},{\"@type\":\"ListItem\",\"position\":3,\"name\":\"Actualit\u00e9s\"}]},{\"@type\":\"WebSite\",\"@id\":\"https:\\\/\\\/www.baier-michels.com\\\/fr\\\/#website\",\"url\":\"https:\\\/\\\/www.baier-michels.com\\\/fr\\\/\",\"name\":\"b&m\",\"description\":\"baier&amp;michels Gmbh &amp; Co KG\",\"publisher\":{\"@id\":\"https:\\\/\\\/www.baier-michels.com\\\/fr\\\/#organization\"},\"potentialAction\":[{\"@type\":\"SearchAction\",\"target\":{\"@type\":\"EntryPoint\",\"urlTemplate\":\"https:\\\/\\\/www.baier-michels.com\\\/fr\\\/?s={search_term_string}\"},\"query-input\":{\"@type\":\"PropertyValueSpecification\",\"valueRequired\":true,\"valueName\":\"search_term_string\"}}],\"inLanguage\":\"fr-FR\"},{\"@type\":\"Organization\",\"@id\":\"https:\\\/\\\/www.baier-michels.com\\\/fr\\\/#organization\",\"name\":\"baier & michels GmbH & Co KG\",\"url\":\"https:\\\/\\\/www.baier-michels.com\\\/fr\\\/\",\"logo\":{\"@type\":\"ImageObject\",\"inLanguage\":\"fr-FR\",\"@id\":\"https:\\\/\\\/www.baier-michels.com\\\/fr\\\/#\\\/schema\\\/logo\\\/image\\\/\",\"url\":\"\",\"contentUrl\":\"\",\"caption\":\"baier & michels GmbH & Co KG\"},\"image\":{\"@id\":\"https:\\\/\\\/www.baier-michels.com\\\/fr\\\/#\\\/schema\\\/logo\\\/image\\\/\"},\"sameAs\":[\"https:\\\/\\\/www.linkedin.com\\\/company\\\/baier-michels\\\/?viewAsMember=true\",\"https:\\\/\\\/www.youtube.com\\\/channel\\\/UCdBWm_HCAtCjxiFZWloFYGw?view_as=subscriber\"]}]}<\/script>\n<!-- \/ Yoast SEO plugin. -->","yoast_head_json":{"title":"Actualit\u00e9s - b&amp;m Homepage","description":"Stay up to date","robots":{"index":"index","follow":"follow","max-snippet":"max-snippet:-1","max-image-preview":"max-image-preview:large","max-video-preview":"max-video-preview:-1"},"canonical":"https:\/\/www.baier-michels.com\/fr\/about-us\/whats-new\/","og_locale":"fr_FR","og_type":"article","og_title":"Actualit\u00e9s - b&amp;m Homepage","og_description":"Stay up to date","og_url":"https:\/\/www.baier-michels.com\/fr\/about-us\/whats-new\/","og_site_name":"b&amp;m Homepage","article_modified_time":"2024-12-03T14:35:07+00:00","twitter_card":"summary_large_image","twitter_misc":{"Dur\u00e9e de lecture estim\u00e9e":"1 minute"},"schema":{"@context":"https:\/\/schema.org","@graph":[{"@type":"WebPage","@id":"https:\/\/www.baier-michels.com\/fr\/about-us\/whats-new\/","url":"https:\/\/www.baier-michels.com\/fr\/about-us\/whats-new\/","name":"Actualit\u00e9s - b&amp;m Homepage","isPartOf":{"@id":"https:\/\/www.baier-michels.com\/fr\/#website"},"datePublished":"2023-07-24T23:00:00+00:00","dateModified":"2024-12-03T14:35:07+00:00","description":"Stay up to date","breadcrumb":{"@id":"https:\/\/www.baier-michels.com\/fr\/about-us\/whats-new\/#breadcrumb"},"inLanguage":"fr-FR","potentialAction":[{"@type":"ReadAction","target":["https:\/\/www.baier-michels.com\/fr\/about-us\/whats-new\/"]}]},{"@type":"BreadcrumbList","@id":"https:\/\/www.baier-michels.com\/fr\/about-us\/whats-new\/#breadcrumb","itemListElement":[{"@type":"ListItem","position":1,"name":"Startseite","item":"https:\/\/www.baier-michels.com\/fr\/"},{"@type":"ListItem","position":2,"name":"\u00c0 propos de nous","item":"https:\/\/www.baier-michels.com\/fr\/about-us\/"},{"@type":"ListItem","position":3,"name":"Actualit\u00e9s"}]},{"@type":"WebSite","@id":"https:\/\/www.baier-michels.com\/fr\/#website","url":"https:\/\/www.baier-michels.com\/fr\/","name":"b&m","description":"baier&amp;michels Gmbh &amp; Co KG","publisher":{"@id":"https:\/\/www.baier-michels.com\/fr\/#organization"},"potentialAction":[{"@type":"SearchAction","target":{"@type":"EntryPoint","urlTemplate":"https:\/\/www.baier-michels.com\/fr\/?s={search_term_string}"},"query-input":{"@type":"PropertyValueSpecification","valueRequired":true,"valueName":"search_term_string"}}],"inLanguage":"fr-FR"},{"@type":"Organization","@id":"https:\/\/www.baier-michels.com\/fr\/#organization","name":"baier & michels GmbH & Co KG","url":"https:\/\/www.baier-michels.com\/fr\/","logo":{"@type":"ImageObject","inLanguage":"fr-FR","@id":"https:\/\/www.baier-michels.com\/fr\/#\/schema\/logo\/image\/","url":"","contentUrl":"","caption":"baier & michels GmbH & Co KG"},"image":{"@id":"https:\/\/www.baier-michels.com\/fr\/#\/schema\/logo\/image\/"},"sameAs":["https:\/\/www.linkedin.com\/company\/baier-michels\/?viewAsMember=true","https:\/\/www.youtube.com\/channel\/UCdBWm_HCAtCjxiFZWloFYGw?view_as=subscriber"]}]}},"_links":{"self":[{"href":"https:\/\/www.baier-michels.com\/fr\/wp-json\/wp\/v2\/pages\/12899","targetHints":{"allow":["GET"]}}],"collection":[{"href":"https:\/\/www.baier-michels.com\/fr\/wp-json\/wp\/v2\/pages"}],"about":[{"href":"https:\/\/www.baier-michels.com\/fr\/wp-json\/wp\/v2\/types\/page"}],"author":[{"embeddable":true,"href":"https:\/\/www.baier-michels.com\/fr\/wp-json\/wp\/v2\/users\/1"}],"replies":[{"embeddable":true,"href":"https:\/\/www.baier-michels.com\/fr\/wp-json\/wp\/v2\/comments?post=12899"}],"version-history":[{"count":1,"href":"https:\/\/www.baier-michels.com\/fr\/wp-json\/wp\/v2\/pages\/12899\/revisions"}],"predecessor-version":[{"id":15228,"href":"https:\/\/www.baier-michels.com\/fr\/wp-json\/wp\/v2\/pages\/12899\/revisions\/15228"}],"up":[{"embeddable":true,"href":"https:\/\/www.baier-michels.com\/fr\/wp-json\/wp\/v2\/pages\/12898"}],"wp:attachment":[{"href":"https:\/\/www.baier-michels.com\/fr\/wp-json\/wp\/v2\/media?parent=12899"}],"wp:term":[{"taxonomy":"category","embeddable":true,"href":"https:\/\/www.baier-michels.com\/fr\/wp-json\/wp\/v2\/categories?post=12899"}],"curies":[{"name":"wp","href":"https:\/\/api.w.org\/{rel}","templated":true}]}}