{"id":12906,"date":"2023-07-25T00:00:00","date_gmt":"2023-07-24T23:00:00","guid":{"rendered":"http:\/\/dev.baier-michels.local\/bm-goes-green\/bm-ecco-tec\/"},"modified":"2025-07-22T12:31:41","modified_gmt":"2025-07-22T11:31:41","slug":"bm-ecco-tec","status":"publish","type":"page","link":"https:\/\/www.baier-michels.com\/fr\/technologies-de-fabrication-bm\/bm-ecco-tec\/","title":{"rendered":"b&#038;m-ECCO TEC<sup class=\"copyright\">\u00ae<\/sup>"},"content":{"rendered":"\n<p>Le proc\u00e9d\u00e9 de fabrication par d\u00e9formation b&amp;m-ECCO TEC\u00ae permet de r\u00e9aliser des \u00e9l\u00e9ments rotosym\u00e9triques pr\u00e9sentant les contours ext\u00e9rieurs les plus vari\u00e9s \u2013 non seulement de mani\u00e8re pr\u00e9cise et rapide, mais aussi en utilisant les ressources et l\u2019\u00e9nergie de mani\u00e8re efficace.<\/p>\n\n\n\n<p>En effet, avec cette technologie, baier &amp; michels exploite syst\u00e9matiquement les avantages du formage \u00e0 froid. b&amp;m-ECCO TEC\u00ae permet d&rsquo;atteindre des cadences extr\u00eamement \u00e9lev\u00e9es, d\u2019utiliser totalement les mat\u00e9riaux bruts choisis et d\u2019atteindre une qualit\u00e9 exceptionnelle au niveau des surfaces consolid\u00e9es. \u00c0 cela s\u2019ajoute des potentiels jusqu\u2019ici insoup\u00e7onn\u00e9s au niveau de la cr\u00e9ation des g\u00e9om\u00e9tries ext\u00e9rieures: contre-d\u00e9pouilles, dents, encoches et rainures sont ainsi r\u00e9alisables, tout comme les profil\u00e9s complexes et les surfaces fonctionnelles pr\u00e9sentant des tol\u00e9rances r\u00e9duites.<\/p>\n\n\n\n<p>En proc\u00e9dant par d\u00e9formage plut\u00f4t que par enl\u00e8vement de copeaux, b&amp;m-ECCO TEC\u00ae r\u00e9duit la dur\u00e9e des processus et assure des rendements \u00e9lev\u00e9s \u00e0 la sortie des machines. Ce proc\u00e9d\u00e9 r\u00e9duit ainsi non seulement les co\u00fbts de production, mais aussi l\u2019empreinte \u00e9cologique.<\/p>\n\n\n\n<p><\/p>\n","protected":false},"excerpt":{"rendered":"<p>Le proc\u00e9d\u00e9 de fabrication par d\u00e9formation b&amp;m-ECCO TEC\u00ae permet de r\u00e9aliser des \u00e9l\u00e9ments rotosym\u00e9triques pr\u00e9sentant les contours ext\u00e9rieurs les plus vari\u00e9s \u2013 non seulement de mani\u00e8re pr\u00e9cise et rapide, mais aussi en utilisant les ressources et l\u2019\u00e9nergie de mani\u00e8re efficace. En effet, avec cette technologie, baier &amp; michels exploite syst\u00e9matiquement les avantages du formage \u00e0 [&hellip;]<\/p>\n","protected":false},"author":1,"featured_media":0,"parent":12896,"menu_order":1,"comment_status":"closed","ping_status":"closed","template":"template-fgtechnologien.php","meta":{"_acf_changed":false,"footnotes":""},"categories":[],"class_list":["post-12906","page","type-page","status-publish","hentry"],"acf":[],"yoast_head":"<!-- This site is optimized with the Yoast SEO plugin v27.4 - https:\/\/yoast.com\/product\/yoast-seo-wordpress\/ -->\n<title>b&amp;m-ECCO TEC\u00ae - b&amp;m Homepage<\/title>\n<meta name=\"robots\" content=\"index, follow, max-snippet:-1, max-image-preview:large, max-video-preview:-1\" \/>\n<link rel=\"canonical\" href=\"https:\/\/www.baier-michels.com\/fr\/technologies-de-fabrication-bm\/bm-ecco-tec\/\" \/>\n<meta property=\"og:locale\" content=\"fr_FR\" \/>\n<meta property=\"og:type\" content=\"article\" \/>\n<meta property=\"og:title\" content=\"b&amp;m-ECCO TEC\u00ae - b&amp;m Homepage\" \/>\n<meta property=\"og:description\" content=\"Le proc\u00e9d\u00e9 de fabrication par d\u00e9formation b&amp;m-ECCO TEC\u00ae permet de r\u00e9aliser des \u00e9l\u00e9ments rotosym\u00e9triques pr\u00e9sentant les contours ext\u00e9rieurs les plus vari\u00e9s \u2013 non seulement de mani\u00e8re pr\u00e9cise et rapide, mais aussi en utilisant les ressources et l\u2019\u00e9nergie de mani\u00e8re efficace. En effet, avec cette technologie, baier &amp; michels exploite syst\u00e9matiquement les avantages du formage \u00e0 [&hellip;]\" \/>\n<meta property=\"og:url\" content=\"https:\/\/www.baier-michels.com\/fr\/technologies-de-fabrication-bm\/bm-ecco-tec\/\" \/>\n<meta property=\"og:site_name\" content=\"b&amp;m Homepage\" \/>\n<meta property=\"article:modified_time\" content=\"2025-07-22T11:31:41+00:00\" \/>\n<meta name=\"twitter:card\" content=\"summary_large_image\" \/>\n<meta name=\"twitter:label1\" content=\"Dur\u00e9e de lecture estim\u00e9e\" \/>\n\t<meta name=\"twitter:data1\" content=\"1 minute\" \/>\n<script type=\"application\/ld+json\" class=\"yoast-schema-graph\">{\"@context\":\"https:\\\/\\\/schema.org\",\"@graph\":[{\"@type\":\"WebPage\",\"@id\":\"https:\\\/\\\/www.baier-michels.com\\\/fr\\\/technologies-de-fabrication-bm\\\/bm-ecco-tec\\\/\",\"url\":\"https:\\\/\\\/www.baier-michels.com\\\/fr\\\/technologies-de-fabrication-bm\\\/bm-ecco-tec\\\/\",\"name\":\"b&m-ECCO TEC\u00ae - b&amp;m Homepage\",\"isPartOf\":{\"@id\":\"https:\\\/\\\/www.baier-michels.com\\\/fr\\\/#website\"},\"datePublished\":\"2023-07-24T23:00:00+00:00\",\"dateModified\":\"2025-07-22T11:31:41+00:00\",\"breadcrumb\":{\"@id\":\"https:\\\/\\\/www.baier-michels.com\\\/fr\\\/technologies-de-fabrication-bm\\\/bm-ecco-tec\\\/#breadcrumb\"},\"inLanguage\":\"fr-FR\",\"potentialAction\":[{\"@type\":\"ReadAction\",\"target\":[\"https:\\\/\\\/www.baier-michels.com\\\/fr\\\/technologies-de-fabrication-bm\\\/bm-ecco-tec\\\/\"]}]},{\"@type\":\"BreadcrumbList\",\"@id\":\"https:\\\/\\\/www.baier-michels.com\\\/fr\\\/technologies-de-fabrication-bm\\\/bm-ecco-tec\\\/#breadcrumb\",\"itemListElement\":[{\"@type\":\"ListItem\",\"position\":1,\"name\":\"Startseite\",\"item\":\"https:\\\/\\\/www.baier-michels.com\\\/fr\\\/\"},{\"@type\":\"ListItem\",\"position\":2,\"name\":\"Technologies de fabrication b&amp;m\",\"item\":\"https:\\\/\\\/www.baier-michels.com\\\/fr\\\/technologies-de-fabrication-bm\\\/\"},{\"@type\":\"ListItem\",\"position\":3,\"name\":\"b&#038;m-ECCO TEC\u00ae\"}]},{\"@type\":\"WebSite\",\"@id\":\"https:\\\/\\\/www.baier-michels.com\\\/fr\\\/#website\",\"url\":\"https:\\\/\\\/www.baier-michels.com\\\/fr\\\/\",\"name\":\"b&m\",\"description\":\"baier&amp;michels Gmbh &amp; Co KG\",\"publisher\":{\"@id\":\"https:\\\/\\\/www.baier-michels.com\\\/fr\\\/#organization\"},\"potentialAction\":[{\"@type\":\"SearchAction\",\"target\":{\"@type\":\"EntryPoint\",\"urlTemplate\":\"https:\\\/\\\/www.baier-michels.com\\\/fr\\\/?s={search_term_string}\"},\"query-input\":{\"@type\":\"PropertyValueSpecification\",\"valueRequired\":true,\"valueName\":\"search_term_string\"}}],\"inLanguage\":\"fr-FR\"},{\"@type\":\"Organization\",\"@id\":\"https:\\\/\\\/www.baier-michels.com\\\/fr\\\/#organization\",\"name\":\"baier & michels GmbH & Co KG\",\"url\":\"https:\\\/\\\/www.baier-michels.com\\\/fr\\\/\",\"logo\":{\"@type\":\"ImageObject\",\"inLanguage\":\"fr-FR\",\"@id\":\"https:\\\/\\\/www.baier-michels.com\\\/fr\\\/#\\\/schema\\\/logo\\\/image\\\/\",\"url\":\"\",\"contentUrl\":\"\",\"caption\":\"baier & michels GmbH & Co KG\"},\"image\":{\"@id\":\"https:\\\/\\\/www.baier-michels.com\\\/fr\\\/#\\\/schema\\\/logo\\\/image\\\/\"},\"sameAs\":[\"https:\\\/\\\/www.linkedin.com\\\/company\\\/baier-michels\\\/?viewAsMember=true\",\"https:\\\/\\\/www.youtube.com\\\/channel\\\/UCdBWm_HCAtCjxiFZWloFYGw?view_as=subscriber\"]}]}<\/script>\n<!-- \/ Yoast SEO plugin. -->","yoast_head_json":{"title":"b&m-ECCO TEC\u00ae - b&amp;m Homepage","robots":{"index":"index","follow":"follow","max-snippet":"max-snippet:-1","max-image-preview":"max-image-preview:large","max-video-preview":"max-video-preview:-1"},"canonical":"https:\/\/www.baier-michels.com\/fr\/technologies-de-fabrication-bm\/bm-ecco-tec\/","og_locale":"fr_FR","og_type":"article","og_title":"b&m-ECCO TEC\u00ae - b&amp;m Homepage","og_description":"Le proc\u00e9d\u00e9 de fabrication par d\u00e9formation b&amp;m-ECCO TEC\u00ae permet de r\u00e9aliser des \u00e9l\u00e9ments rotosym\u00e9triques pr\u00e9sentant les contours ext\u00e9rieurs les plus vari\u00e9s \u2013 non seulement de mani\u00e8re pr\u00e9cise et rapide, mais aussi en utilisant les ressources et l\u2019\u00e9nergie de mani\u00e8re efficace. En effet, avec cette technologie, baier &amp; michels exploite syst\u00e9matiquement les avantages du formage \u00e0 [&hellip;]","og_url":"https:\/\/www.baier-michels.com\/fr\/technologies-de-fabrication-bm\/bm-ecco-tec\/","og_site_name":"b&amp;m Homepage","article_modified_time":"2025-07-22T11:31:41+00:00","twitter_card":"summary_large_image","twitter_misc":{"Dur\u00e9e de lecture estim\u00e9e":"1 minute"},"schema":{"@context":"https:\/\/schema.org","@graph":[{"@type":"WebPage","@id":"https:\/\/www.baier-michels.com\/fr\/technologies-de-fabrication-bm\/bm-ecco-tec\/","url":"https:\/\/www.baier-michels.com\/fr\/technologies-de-fabrication-bm\/bm-ecco-tec\/","name":"b&m-ECCO TEC\u00ae - b&amp;m Homepage","isPartOf":{"@id":"https:\/\/www.baier-michels.com\/fr\/#website"},"datePublished":"2023-07-24T23:00:00+00:00","dateModified":"2025-07-22T11:31:41+00:00","breadcrumb":{"@id":"https:\/\/www.baier-michels.com\/fr\/technologies-de-fabrication-bm\/bm-ecco-tec\/#breadcrumb"},"inLanguage":"fr-FR","potentialAction":[{"@type":"ReadAction","target":["https:\/\/www.baier-michels.com\/fr\/technologies-de-fabrication-bm\/bm-ecco-tec\/"]}]},{"@type":"BreadcrumbList","@id":"https:\/\/www.baier-michels.com\/fr\/technologies-de-fabrication-bm\/bm-ecco-tec\/#breadcrumb","itemListElement":[{"@type":"ListItem","position":1,"name":"Startseite","item":"https:\/\/www.baier-michels.com\/fr\/"},{"@type":"ListItem","position":2,"name":"Technologies de fabrication b&amp;m","item":"https:\/\/www.baier-michels.com\/fr\/technologies-de-fabrication-bm\/"},{"@type":"ListItem","position":3,"name":"b&#038;m-ECCO TEC\u00ae"}]},{"@type":"WebSite","@id":"https:\/\/www.baier-michels.com\/fr\/#website","url":"https:\/\/www.baier-michels.com\/fr\/","name":"b&m","description":"baier&amp;michels Gmbh &amp; Co KG","publisher":{"@id":"https:\/\/www.baier-michels.com\/fr\/#organization"},"potentialAction":[{"@type":"SearchAction","target":{"@type":"EntryPoint","urlTemplate":"https:\/\/www.baier-michels.com\/fr\/?s={search_term_string}"},"query-input":{"@type":"PropertyValueSpecification","valueRequired":true,"valueName":"search_term_string"}}],"inLanguage":"fr-FR"},{"@type":"Organization","@id":"https:\/\/www.baier-michels.com\/fr\/#organization","name":"baier & michels GmbH & Co KG","url":"https:\/\/www.baier-michels.com\/fr\/","logo":{"@type":"ImageObject","inLanguage":"fr-FR","@id":"https:\/\/www.baier-michels.com\/fr\/#\/schema\/logo\/image\/","url":"","contentUrl":"","caption":"baier & michels GmbH & Co KG"},"image":{"@id":"https:\/\/www.baier-michels.com\/fr\/#\/schema\/logo\/image\/"},"sameAs":["https:\/\/www.linkedin.com\/company\/baier-michels\/?viewAsMember=true","https:\/\/www.youtube.com\/channel\/UCdBWm_HCAtCjxiFZWloFYGw?view_as=subscriber"]}]}},"_links":{"self":[{"href":"https:\/\/www.baier-michels.com\/fr\/wp-json\/wp\/v2\/pages\/12906","targetHints":{"allow":["GET"]}}],"collection":[{"href":"https:\/\/www.baier-michels.com\/fr\/wp-json\/wp\/v2\/pages"}],"about":[{"href":"https:\/\/www.baier-michels.com\/fr\/wp-json\/wp\/v2\/types\/page"}],"author":[{"embeddable":true,"href":"https:\/\/www.baier-michels.com\/fr\/wp-json\/wp\/v2\/users\/1"}],"replies":[{"embeddable":true,"href":"https:\/\/www.baier-michels.com\/fr\/wp-json\/wp\/v2\/comments?post=12906"}],"version-history":[{"count":9,"href":"https:\/\/www.baier-michels.com\/fr\/wp-json\/wp\/v2\/pages\/12906\/revisions"}],"predecessor-version":[{"id":17418,"href":"https:\/\/www.baier-michels.com\/fr\/wp-json\/wp\/v2\/pages\/12906\/revisions\/17418"}],"up":[{"embeddable":true,"href":"https:\/\/www.baier-michels.com\/fr\/wp-json\/wp\/v2\/pages\/12896"}],"wp:attachment":[{"href":"https:\/\/www.baier-michels.com\/fr\/wp-json\/wp\/v2\/media?parent=12906"}],"wp:term":[{"taxonomy":"category","embeddable":true,"href":"https:\/\/www.baier-michels.com\/fr\/wp-json\/wp\/v2\/categories?post=12906"}],"curies":[{"name":"wp","href":"https:\/\/api.w.org\/{rel}","templated":true}]}}