{"id":12907,"date":"2023-07-25T00:00:00","date_gmt":"2023-07-24T23:00:00","guid":{"rendered":"http:\/\/dev.baier-michels.local\/about-us\/overview\/"},"modified":"2024-12-03T14:05:06","modified_gmt":"2024-12-03T13:05:06","slug":"overview","status":"publish","type":"page","link":"https:\/\/www.baier-michels.com\/fr\/about-us\/overview\/","title":{"rendered":"Aper\u00e7u"},"content":{"rendered":"\n<p>Le groupe international b&amp;m dont le si\u00e8ge est situ\u00e9 \u00e0 Ober-Ramstadt au Sud de la Hesse, s\u2019est impos\u00e9 comme partenaire innovant de l\u2019industrie de production dans le domaine de la d\u00e9formation \u00e0 froid. Et ceci gr\u00e2ce \u00e0 des \u00e9l\u00e9ments de fixation et des syst\u00e8mes de fermeture et d&rsquo;\u00e9tanch\u00e9it\u00e9 haute qualit\u00e9 d\u00e9velopp\u00e9s et fabriqu\u00e9s en interne. Nos clients incluent des OEM et fournisseurs des secteurs automobile, \u00e9lectrique et m\u00e9dical.<\/p>\n\n\n\n<p>baier &amp; michels vous assiste, de fa\u00e7on fiable, non seulement en tant que producteur mais \u00e9galement en tant que fournisseur de solutions&nbsp;: outre des conseils sur les techniques d\u2019application et des contr\u00f4les de fixation dans nos laboratoires, nous offrons des formations sp\u00e9cialis\u00e9es et un outil de standardisation unique permettant aux entreprises industrielles de r\u00e9duire massivement la vari\u00e9t\u00e9 de leurs pi\u00e8ces C. Nos quelque 500 collaborateurs sont ainsi notre atout le plus pr\u00e9cieux. Avec leur savoir-faire et leur exp\u00e9rience, nous sommes en permanence en mesure de r\u00e9pondre aux exigences les plus strictes de nos clients. Vous pouvez compter dessus&nbsp;!<\/p>\n","protected":false},"excerpt":{"rendered":"<p>Le groupe international b&amp;m dont le si\u00e8ge est situ\u00e9 \u00e0 Ober-Ramstadt au Sud de la Hesse, s\u2019est impos\u00e9 comme partenaire innovant de l\u2019industrie de production dans le domaine de la d\u00e9formation \u00e0 froid. Et ceci gr\u00e2ce \u00e0 des \u00e9l\u00e9ments de fixation et des syst\u00e8mes de fermeture et d&rsquo;\u00e9tanch\u00e9it\u00e9 haute qualit\u00e9 d\u00e9velopp\u00e9s et fabriqu\u00e9s en interne. [&hellip;]<\/p>\n","protected":false},"author":1,"featured_media":0,"parent":12898,"menu_order":1,"comment_status":"closed","ping_status":"closed","template":"template_page_e2.php","meta":{"_acf_changed":false,"footnotes":""},"categories":[],"class_list":["post-12907","page","type-page","status-publish","hentry"],"acf":[],"yoast_head":"<!-- This site is optimized with the Yoast SEO plugin v27.3 - https:\/\/yoast.com\/product\/yoast-seo-wordpress\/ -->\n<title>Aper\u00e7u - b&amp;m Homepage<\/title>\n<meta name=\"description\" content=\"The globally oriented b&amp;m group has built up a strong position as a partner for fastener technology in the automotive industry\u2026\" \/>\n<meta name=\"robots\" content=\"index, follow, max-snippet:-1, max-image-preview:large, max-video-preview:-1\" \/>\n<link rel=\"canonical\" href=\"https:\/\/www.baier-michels.com\/fr\/about-us\/overview\/\" \/>\n<meta property=\"og:locale\" content=\"fr_FR\" \/>\n<meta property=\"og:type\" content=\"article\" \/>\n<meta property=\"og:title\" content=\"Aper\u00e7u - b&amp;m Homepage\" \/>\n<meta property=\"og:description\" content=\"The globally oriented b&amp;m group has built up a strong position as a partner for fastener technology in the automotive industry\u2026\" \/>\n<meta property=\"og:url\" content=\"https:\/\/www.baier-michels.com\/fr\/about-us\/overview\/\" \/>\n<meta property=\"og:site_name\" content=\"b&amp;m Homepage\" \/>\n<meta property=\"article:modified_time\" content=\"2024-12-03T13:05:06+00:00\" \/>\n<meta name=\"twitter:card\" content=\"summary_large_image\" \/>\n<meta name=\"twitter:label1\" content=\"Dur\u00e9e de lecture estim\u00e9e\" \/>\n\t<meta name=\"twitter:data1\" content=\"1 minute\" \/>\n<script type=\"application\/ld+json\" class=\"yoast-schema-graph\">{\"@context\":\"https:\\\/\\\/schema.org\",\"@graph\":[{\"@type\":\"WebPage\",\"@id\":\"https:\\\/\\\/www.baier-michels.com\\\/fr\\\/about-us\\\/overview\\\/\",\"url\":\"https:\\\/\\\/www.baier-michels.com\\\/fr\\\/about-us\\\/overview\\\/\",\"name\":\"Aper\u00e7u - b&amp;m Homepage\",\"isPartOf\":{\"@id\":\"https:\\\/\\\/www.baier-michels.com\\\/fr\\\/#website\"},\"datePublished\":\"2023-07-24T23:00:00+00:00\",\"dateModified\":\"2024-12-03T13:05:06+00:00\",\"description\":\"The globally oriented b&m group has built up a strong position as a partner for fastener technology in the automotive industry\u2026\",\"breadcrumb\":{\"@id\":\"https:\\\/\\\/www.baier-michels.com\\\/fr\\\/about-us\\\/overview\\\/#breadcrumb\"},\"inLanguage\":\"fr-FR\",\"potentialAction\":[{\"@type\":\"ReadAction\",\"target\":[\"https:\\\/\\\/www.baier-michels.com\\\/fr\\\/about-us\\\/overview\\\/\"]}]},{\"@type\":\"BreadcrumbList\",\"@id\":\"https:\\\/\\\/www.baier-michels.com\\\/fr\\\/about-us\\\/overview\\\/#breadcrumb\",\"itemListElement\":[{\"@type\":\"ListItem\",\"position\":1,\"name\":\"Startseite\",\"item\":\"https:\\\/\\\/www.baier-michels.com\\\/fr\\\/\"},{\"@type\":\"ListItem\",\"position\":2,\"name\":\"\u00c0 propos de nous\",\"item\":\"https:\\\/\\\/www.baier-michels.com\\\/fr\\\/about-us\\\/\"},{\"@type\":\"ListItem\",\"position\":3,\"name\":\"Aper\u00e7u\"}]},{\"@type\":\"WebSite\",\"@id\":\"https:\\\/\\\/www.baier-michels.com\\\/fr\\\/#website\",\"url\":\"https:\\\/\\\/www.baier-michels.com\\\/fr\\\/\",\"name\":\"b&m\",\"description\":\"baier&amp;michels Gmbh &amp; Co KG\",\"publisher\":{\"@id\":\"https:\\\/\\\/www.baier-michels.com\\\/fr\\\/#organization\"},\"potentialAction\":[{\"@type\":\"SearchAction\",\"target\":{\"@type\":\"EntryPoint\",\"urlTemplate\":\"https:\\\/\\\/www.baier-michels.com\\\/fr\\\/?s={search_term_string}\"},\"query-input\":{\"@type\":\"PropertyValueSpecification\",\"valueRequired\":true,\"valueName\":\"search_term_string\"}}],\"inLanguage\":\"fr-FR\"},{\"@type\":\"Organization\",\"@id\":\"https:\\\/\\\/www.baier-michels.com\\\/fr\\\/#organization\",\"name\":\"baier & michels GmbH & Co KG\",\"url\":\"https:\\\/\\\/www.baier-michels.com\\\/fr\\\/\",\"logo\":{\"@type\":\"ImageObject\",\"inLanguage\":\"fr-FR\",\"@id\":\"https:\\\/\\\/www.baier-michels.com\\\/fr\\\/#\\\/schema\\\/logo\\\/image\\\/\",\"url\":\"\",\"contentUrl\":\"\",\"caption\":\"baier & michels GmbH & Co KG\"},\"image\":{\"@id\":\"https:\\\/\\\/www.baier-michels.com\\\/fr\\\/#\\\/schema\\\/logo\\\/image\\\/\"},\"sameAs\":[\"https:\\\/\\\/www.linkedin.com\\\/company\\\/baier-michels\\\/?viewAsMember=true\",\"https:\\\/\\\/www.youtube.com\\\/channel\\\/UCdBWm_HCAtCjxiFZWloFYGw?view_as=subscriber\"]}]}<\/script>\n<!-- \/ Yoast SEO plugin. -->","yoast_head_json":{"title":"Aper\u00e7u - b&amp;m Homepage","description":"The globally oriented b&m group has built up a strong position as a partner for fastener technology in the automotive industry\u2026","robots":{"index":"index","follow":"follow","max-snippet":"max-snippet:-1","max-image-preview":"max-image-preview:large","max-video-preview":"max-video-preview:-1"},"canonical":"https:\/\/www.baier-michels.com\/fr\/about-us\/overview\/","og_locale":"fr_FR","og_type":"article","og_title":"Aper\u00e7u - b&amp;m Homepage","og_description":"The globally oriented b&m group has built up a strong position as a partner for fastener technology in the automotive industry\u2026","og_url":"https:\/\/www.baier-michels.com\/fr\/about-us\/overview\/","og_site_name":"b&amp;m Homepage","article_modified_time":"2024-12-03T13:05:06+00:00","twitter_card":"summary_large_image","twitter_misc":{"Dur\u00e9e de lecture estim\u00e9e":"1 minute"},"schema":{"@context":"https:\/\/schema.org","@graph":[{"@type":"WebPage","@id":"https:\/\/www.baier-michels.com\/fr\/about-us\/overview\/","url":"https:\/\/www.baier-michels.com\/fr\/about-us\/overview\/","name":"Aper\u00e7u - b&amp;m Homepage","isPartOf":{"@id":"https:\/\/www.baier-michels.com\/fr\/#website"},"datePublished":"2023-07-24T23:00:00+00:00","dateModified":"2024-12-03T13:05:06+00:00","description":"The globally oriented b&m group has built up a strong position as a partner for fastener technology in the automotive industry\u2026","breadcrumb":{"@id":"https:\/\/www.baier-michels.com\/fr\/about-us\/overview\/#breadcrumb"},"inLanguage":"fr-FR","potentialAction":[{"@type":"ReadAction","target":["https:\/\/www.baier-michels.com\/fr\/about-us\/overview\/"]}]},{"@type":"BreadcrumbList","@id":"https:\/\/www.baier-michels.com\/fr\/about-us\/overview\/#breadcrumb","itemListElement":[{"@type":"ListItem","position":1,"name":"Startseite","item":"https:\/\/www.baier-michels.com\/fr\/"},{"@type":"ListItem","position":2,"name":"\u00c0 propos de nous","item":"https:\/\/www.baier-michels.com\/fr\/about-us\/"},{"@type":"ListItem","position":3,"name":"Aper\u00e7u"}]},{"@type":"WebSite","@id":"https:\/\/www.baier-michels.com\/fr\/#website","url":"https:\/\/www.baier-michels.com\/fr\/","name":"b&m","description":"baier&amp;michels Gmbh &amp; Co KG","publisher":{"@id":"https:\/\/www.baier-michels.com\/fr\/#organization"},"potentialAction":[{"@type":"SearchAction","target":{"@type":"EntryPoint","urlTemplate":"https:\/\/www.baier-michels.com\/fr\/?s={search_term_string}"},"query-input":{"@type":"PropertyValueSpecification","valueRequired":true,"valueName":"search_term_string"}}],"inLanguage":"fr-FR"},{"@type":"Organization","@id":"https:\/\/www.baier-michels.com\/fr\/#organization","name":"baier & michels GmbH & Co KG","url":"https:\/\/www.baier-michels.com\/fr\/","logo":{"@type":"ImageObject","inLanguage":"fr-FR","@id":"https:\/\/www.baier-michels.com\/fr\/#\/schema\/logo\/image\/","url":"","contentUrl":"","caption":"baier & michels GmbH & Co KG"},"image":{"@id":"https:\/\/www.baier-michels.com\/fr\/#\/schema\/logo\/image\/"},"sameAs":["https:\/\/www.linkedin.com\/company\/baier-michels\/?viewAsMember=true","https:\/\/www.youtube.com\/channel\/UCdBWm_HCAtCjxiFZWloFYGw?view_as=subscriber"]}]}},"_links":{"self":[{"href":"https:\/\/www.baier-michels.com\/fr\/wp-json\/wp\/v2\/pages\/12907","targetHints":{"allow":["GET"]}}],"collection":[{"href":"https:\/\/www.baier-michels.com\/fr\/wp-json\/wp\/v2\/pages"}],"about":[{"href":"https:\/\/www.baier-michels.com\/fr\/wp-json\/wp\/v2\/types\/page"}],"author":[{"embeddable":true,"href":"https:\/\/www.baier-michels.com\/fr\/wp-json\/wp\/v2\/users\/1"}],"replies":[{"embeddable":true,"href":"https:\/\/www.baier-michels.com\/fr\/wp-json\/wp\/v2\/comments?post=12907"}],"version-history":[{"count":1,"href":"https:\/\/www.baier-michels.com\/fr\/wp-json\/wp\/v2\/pages\/12907\/revisions"}],"predecessor-version":[{"id":15214,"href":"https:\/\/www.baier-michels.com\/fr\/wp-json\/wp\/v2\/pages\/12907\/revisions\/15214"}],"up":[{"embeddable":true,"href":"https:\/\/www.baier-michels.com\/fr\/wp-json\/wp\/v2\/pages\/12898"}],"wp:attachment":[{"href":"https:\/\/www.baier-michels.com\/fr\/wp-json\/wp\/v2\/media?parent=12907"}],"wp:term":[{"taxonomy":"category","embeddable":true,"href":"https:\/\/www.baier-michels.com\/fr\/wp-json\/wp\/v2\/categories?post=12907"}],"curies":[{"name":"wp","href":"https:\/\/api.w.org\/{rel}","templated":true}]}}