{"id":12908,"date":"2023-07-25T00:00:00","date_gmt":"2023-07-24T23:00:00","guid":{"rendered":"http:\/\/dev.baier-michels.local\/about-us\/company-history\/"},"modified":"2024-12-03T14:10:42","modified_gmt":"2024-12-03T13:10:42","slug":"company-history","status":"publish","type":"page","link":"https:\/\/www.baier-michels.com\/fr\/about-us\/company-history\/","title":{"rendered":"Histoire de l\u2019entreprise"},"content":{"rendered":"\n<p>L\u2019entreprise baier &amp; michels, fond\u00e9e en 1932, s\u2019est impos\u00e9e \u00e0 l\u2019internationale comme fournisseur de techniques de fixation et d\u2019\u00e9tanch\u00e9it\u00e9 innovantes. Les clients de nos produits et services incluent principalement des entreprises des secteurs automobile, \u00e9lectrique et m\u00e9dical. Avec 500 collaborateurs dans le monde, b&amp;m a r\u00e9cemment g\u00e9n\u00e9r\u00e9 un chiffre d\u2019affaires d\u2019environ 180 millions d\u2019euros (2023).<\/p>\n\n\n\n<p>Le groupe W\u00fcrth auquel appartient b&amp;m depuis 1973, apporte une stabilit\u00e9 financi\u00e8re suppl\u00e9mentaire avec plus de 85&nbsp;500 collaborateurs dans 80 pays et un chiffre d\u2019affaires annuel de 20,4 milliards d\u2019euros (2023). baier &amp; michels est actuellement actif en Europe, Asie et Am\u00e9rique du Nord. Le si\u00e8ge social est situ\u00e9 \u00e0 Ober-Ramstadt (pr\u00e8s de Francfort).<\/p>\n\n\n\n<p><\/p>\n","protected":false},"excerpt":{"rendered":"<p>L\u2019entreprise baier &amp; michels, fond\u00e9e en 1932, s\u2019est impos\u00e9e \u00e0 l\u2019internationale comme fournisseur de techniques de fixation et d\u2019\u00e9tanch\u00e9it\u00e9 innovantes. Les clients de nos produits et services incluent principalement des entreprises des secteurs automobile, \u00e9lectrique et m\u00e9dical. Avec 500 collaborateurs dans le monde, b&amp;m a r\u00e9cemment g\u00e9n\u00e9r\u00e9 un chiffre d\u2019affaires d\u2019environ 180 millions d\u2019euros (2023). [&hellip;]<\/p>\n","protected":false},"author":1,"featured_media":0,"parent":12898,"menu_order":2,"comment_status":"closed","ping_status":"closed","template":"template_page_e2.php","meta":{"_acf_changed":false,"footnotes":""},"categories":[],"class_list":["post-12908","page","type-page","status-publish","hentry"],"acf":[],"yoast_head":"<!-- This site is optimized with the Yoast SEO plugin v27.3 - https:\/\/yoast.com\/product\/yoast-seo-wordpress\/ -->\n<title>Histoire de l\u2019entreprise - b&amp;m Homepage<\/title>\n<meta name=\"description\" content=\"Milestones and the exciting development of the b&amp;m group worldwide. Foundation...\" \/>\n<meta name=\"robots\" content=\"index, follow, max-snippet:-1, max-image-preview:large, max-video-preview:-1\" \/>\n<link rel=\"canonical\" href=\"https:\/\/www.baier-michels.com\/fr\/about-us\/company-history\/\" \/>\n<meta property=\"og:locale\" content=\"fr_FR\" \/>\n<meta property=\"og:type\" content=\"article\" \/>\n<meta property=\"og:title\" content=\"Histoire de l\u2019entreprise - b&amp;m Homepage\" \/>\n<meta property=\"og:description\" content=\"Milestones and the exciting development of the b&amp;m group worldwide. Foundation...\" \/>\n<meta property=\"og:url\" content=\"https:\/\/www.baier-michels.com\/fr\/about-us\/company-history\/\" \/>\n<meta property=\"og:site_name\" content=\"b&amp;m Homepage\" \/>\n<meta property=\"article:modified_time\" content=\"2024-12-03T13:10:42+00:00\" \/>\n<meta name=\"twitter:card\" content=\"summary_large_image\" \/>\n<meta name=\"twitter:label1\" content=\"Dur\u00e9e de lecture estim\u00e9e\" \/>\n\t<meta name=\"twitter:data1\" content=\"1 minute\" \/>\n<script type=\"application\/ld+json\" class=\"yoast-schema-graph\">{\"@context\":\"https:\\\/\\\/schema.org\",\"@graph\":[{\"@type\":\"WebPage\",\"@id\":\"https:\\\/\\\/www.baier-michels.com\\\/fr\\\/about-us\\\/company-history\\\/\",\"url\":\"https:\\\/\\\/www.baier-michels.com\\\/fr\\\/about-us\\\/company-history\\\/\",\"name\":\"Histoire de l\u2019entreprise - b&amp;m Homepage\",\"isPartOf\":{\"@id\":\"https:\\\/\\\/www.baier-michels.com\\\/fr\\\/#website\"},\"datePublished\":\"2023-07-24T23:00:00+00:00\",\"dateModified\":\"2024-12-03T13:10:42+00:00\",\"description\":\"Milestones and the exciting development of the b&m group worldwide. Foundation...\",\"breadcrumb\":{\"@id\":\"https:\\\/\\\/www.baier-michels.com\\\/fr\\\/about-us\\\/company-history\\\/#breadcrumb\"},\"inLanguage\":\"fr-FR\",\"potentialAction\":[{\"@type\":\"ReadAction\",\"target\":[\"https:\\\/\\\/www.baier-michels.com\\\/fr\\\/about-us\\\/company-history\\\/\"]}]},{\"@type\":\"BreadcrumbList\",\"@id\":\"https:\\\/\\\/www.baier-michels.com\\\/fr\\\/about-us\\\/company-history\\\/#breadcrumb\",\"itemListElement\":[{\"@type\":\"ListItem\",\"position\":1,\"name\":\"Startseite\",\"item\":\"https:\\\/\\\/www.baier-michels.com\\\/fr\\\/\"},{\"@type\":\"ListItem\",\"position\":2,\"name\":\"\u00c0 propos de nous\",\"item\":\"https:\\\/\\\/www.baier-michels.com\\\/fr\\\/about-us\\\/\"},{\"@type\":\"ListItem\",\"position\":3,\"name\":\"Histoire de l\u2019entreprise\"}]},{\"@type\":\"WebSite\",\"@id\":\"https:\\\/\\\/www.baier-michels.com\\\/fr\\\/#website\",\"url\":\"https:\\\/\\\/www.baier-michels.com\\\/fr\\\/\",\"name\":\"b&m\",\"description\":\"baier&amp;michels Gmbh &amp; Co KG\",\"publisher\":{\"@id\":\"https:\\\/\\\/www.baier-michels.com\\\/fr\\\/#organization\"},\"potentialAction\":[{\"@type\":\"SearchAction\",\"target\":{\"@type\":\"EntryPoint\",\"urlTemplate\":\"https:\\\/\\\/www.baier-michels.com\\\/fr\\\/?s={search_term_string}\"},\"query-input\":{\"@type\":\"PropertyValueSpecification\",\"valueRequired\":true,\"valueName\":\"search_term_string\"}}],\"inLanguage\":\"fr-FR\"},{\"@type\":\"Organization\",\"@id\":\"https:\\\/\\\/www.baier-michels.com\\\/fr\\\/#organization\",\"name\":\"baier & michels GmbH & Co KG\",\"url\":\"https:\\\/\\\/www.baier-michels.com\\\/fr\\\/\",\"logo\":{\"@type\":\"ImageObject\",\"inLanguage\":\"fr-FR\",\"@id\":\"https:\\\/\\\/www.baier-michels.com\\\/fr\\\/#\\\/schema\\\/logo\\\/image\\\/\",\"url\":\"\",\"contentUrl\":\"\",\"caption\":\"baier & michels GmbH & Co KG\"},\"image\":{\"@id\":\"https:\\\/\\\/www.baier-michels.com\\\/fr\\\/#\\\/schema\\\/logo\\\/image\\\/\"},\"sameAs\":[\"https:\\\/\\\/www.linkedin.com\\\/company\\\/baier-michels\\\/?viewAsMember=true\",\"https:\\\/\\\/www.youtube.com\\\/channel\\\/UCdBWm_HCAtCjxiFZWloFYGw?view_as=subscriber\"]}]}<\/script>\n<!-- \/ Yoast SEO plugin. -->","yoast_head_json":{"title":"Histoire de l\u2019entreprise - b&amp;m Homepage","description":"Milestones and the exciting development of the b&m group worldwide. Foundation...","robots":{"index":"index","follow":"follow","max-snippet":"max-snippet:-1","max-image-preview":"max-image-preview:large","max-video-preview":"max-video-preview:-1"},"canonical":"https:\/\/www.baier-michels.com\/fr\/about-us\/company-history\/","og_locale":"fr_FR","og_type":"article","og_title":"Histoire de l\u2019entreprise - b&amp;m Homepage","og_description":"Milestones and the exciting development of the b&m group worldwide. Foundation...","og_url":"https:\/\/www.baier-michels.com\/fr\/about-us\/company-history\/","og_site_name":"b&amp;m Homepage","article_modified_time":"2024-12-03T13:10:42+00:00","twitter_card":"summary_large_image","twitter_misc":{"Dur\u00e9e de lecture estim\u00e9e":"1 minute"},"schema":{"@context":"https:\/\/schema.org","@graph":[{"@type":"WebPage","@id":"https:\/\/www.baier-michels.com\/fr\/about-us\/company-history\/","url":"https:\/\/www.baier-michels.com\/fr\/about-us\/company-history\/","name":"Histoire de l\u2019entreprise - b&amp;m Homepage","isPartOf":{"@id":"https:\/\/www.baier-michels.com\/fr\/#website"},"datePublished":"2023-07-24T23:00:00+00:00","dateModified":"2024-12-03T13:10:42+00:00","description":"Milestones and the exciting development of the b&m group worldwide. Foundation...","breadcrumb":{"@id":"https:\/\/www.baier-michels.com\/fr\/about-us\/company-history\/#breadcrumb"},"inLanguage":"fr-FR","potentialAction":[{"@type":"ReadAction","target":["https:\/\/www.baier-michels.com\/fr\/about-us\/company-history\/"]}]},{"@type":"BreadcrumbList","@id":"https:\/\/www.baier-michels.com\/fr\/about-us\/company-history\/#breadcrumb","itemListElement":[{"@type":"ListItem","position":1,"name":"Startseite","item":"https:\/\/www.baier-michels.com\/fr\/"},{"@type":"ListItem","position":2,"name":"\u00c0 propos de nous","item":"https:\/\/www.baier-michels.com\/fr\/about-us\/"},{"@type":"ListItem","position":3,"name":"Histoire de l\u2019entreprise"}]},{"@type":"WebSite","@id":"https:\/\/www.baier-michels.com\/fr\/#website","url":"https:\/\/www.baier-michels.com\/fr\/","name":"b&m","description":"baier&amp;michels Gmbh &amp; Co KG","publisher":{"@id":"https:\/\/www.baier-michels.com\/fr\/#organization"},"potentialAction":[{"@type":"SearchAction","target":{"@type":"EntryPoint","urlTemplate":"https:\/\/www.baier-michels.com\/fr\/?s={search_term_string}"},"query-input":{"@type":"PropertyValueSpecification","valueRequired":true,"valueName":"search_term_string"}}],"inLanguage":"fr-FR"},{"@type":"Organization","@id":"https:\/\/www.baier-michels.com\/fr\/#organization","name":"baier & michels GmbH & Co KG","url":"https:\/\/www.baier-michels.com\/fr\/","logo":{"@type":"ImageObject","inLanguage":"fr-FR","@id":"https:\/\/www.baier-michels.com\/fr\/#\/schema\/logo\/image\/","url":"","contentUrl":"","caption":"baier & michels GmbH & Co KG"},"image":{"@id":"https:\/\/www.baier-michels.com\/fr\/#\/schema\/logo\/image\/"},"sameAs":["https:\/\/www.linkedin.com\/company\/baier-michels\/?viewAsMember=true","https:\/\/www.youtube.com\/channel\/UCdBWm_HCAtCjxiFZWloFYGw?view_as=subscriber"]}]}},"_links":{"self":[{"href":"https:\/\/www.baier-michels.com\/fr\/wp-json\/wp\/v2\/pages\/12908","targetHints":{"allow":["GET"]}}],"collection":[{"href":"https:\/\/www.baier-michels.com\/fr\/wp-json\/wp\/v2\/pages"}],"about":[{"href":"https:\/\/www.baier-michels.com\/fr\/wp-json\/wp\/v2\/types\/page"}],"author":[{"embeddable":true,"href":"https:\/\/www.baier-michels.com\/fr\/wp-json\/wp\/v2\/users\/1"}],"replies":[{"embeddable":true,"href":"https:\/\/www.baier-michels.com\/fr\/wp-json\/wp\/v2\/comments?post=12908"}],"version-history":[{"count":1,"href":"https:\/\/www.baier-michels.com\/fr\/wp-json\/wp\/v2\/pages\/12908\/revisions"}],"predecessor-version":[{"id":15216,"href":"https:\/\/www.baier-michels.com\/fr\/wp-json\/wp\/v2\/pages\/12908\/revisions\/15216"}],"up":[{"embeddable":true,"href":"https:\/\/www.baier-michels.com\/fr\/wp-json\/wp\/v2\/pages\/12898"}],"wp:attachment":[{"href":"https:\/\/www.baier-michels.com\/fr\/wp-json\/wp\/v2\/media?parent=12908"}],"wp:term":[{"taxonomy":"category","embeddable":true,"href":"https:\/\/www.baier-michels.com\/fr\/wp-json\/wp\/v2\/categories?post=12908"}],"curies":[{"name":"wp","href":"https:\/\/api.w.org\/{rel}","templated":true}]}}