{"id":12913,"date":"2023-07-25T00:00:00","date_gmt":"2023-07-24T23:00:00","guid":{"rendered":"http:\/\/dev.baier-michels.local\/bm-academy\/training-institute-bm-academy\/"},"modified":"2024-11-26T15:15:16","modified_gmt":"2024-11-26T14:15:16","slug":"training-institute-bm-academy","status":"publish","type":"page","link":"https:\/\/www.baier-michels.com\/fr\/bm-academy\/training-institute-bm-academy\/","title":{"rendered":"Qu\u2019est-ce-que l\u2019acad\u00e9mie b&amp;m\u00a0?"},"content":{"rendered":"\n<p>L\u2019acad\u00e9mie b&amp;m est un institut de formation fond\u00e9 par baier &amp; michels qui a pour but d\u2019informer les utilisateurs int\u00e9ress\u00e9s sur les notions de base et les innovations dans les domaines de la technique, de la logistique et de la qualit\u00e9 et de vous offrir un forum de discussions pratiques.<\/p>\n\n\n\n<p>Gr\u00e2ce \u00e0 notre r\u00e9seau mondial, nous pouvons effectuer des formations dans le monde entier sur site ou dans les locaux de b&amp;m. Dans notre Technology Center moderne situ\u00e9 \u00e0 Ober-Ramstadt, nous pouvons organiser des ateliers pratiques gr\u00e2ce \u00e0 un lien direct avec notre centre logistique et notre ligne de production.<\/p>\n\n\n\n<p>L\u2019acad\u00e9mie b&amp;m organise \u00e9galement des formations continues et permanentes cibl\u00e9es pour les collaborateurs int\u00e9ress\u00e9s, ce qui nous permet d\u2019atteindre des niveaux \u00e9lev\u00e9s de connaissances au sein du groupe b&amp;m.<\/p>\n","protected":false},"excerpt":{"rendered":"<p>L\u2019acad\u00e9mie b&amp;m est un institut de formation fond\u00e9 par baier &amp; michels qui a pour but d\u2019informer les utilisateurs int\u00e9ress\u00e9s sur les notions de base et les innovations dans les domaines de la technique, de la logistique et de la qualit\u00e9 et de vous offrir un forum de discussions pratiques. Gr\u00e2ce \u00e0 notre r\u00e9seau mondial, [&hellip;]<\/p>\n","protected":false},"author":1,"featured_media":0,"parent":12895,"menu_order":1,"comment_status":"closed","ping_status":"closed","template":"template_page_e2_nolink.php","meta":{"_acf_changed":false,"footnotes":""},"categories":[227,228,229,230],"class_list":["post-12913","page","type-page","status-publish","hentry","category-invest-in-yourself-fr","category-logistics-4-0-fr","category-quality-fr","category-technics-fr"],"acf":[],"yoast_head":"<!-- This site is optimized with the Yoast SEO plugin v27.3 - https:\/\/yoast.com\/product\/yoast-seo-wordpress\/ -->\n<title>Qu\u2019est-ce-que l\u2019acad\u00e9mie b&amp;m\u00a0? - b&amp;m Homepage<\/title>\n<meta name=\"description\" content=\"b&amp;m Academy is your partner in the world of further education. We offer trainings in the areas of technics, quality, logistics and personal development.\" \/>\n<meta name=\"robots\" content=\"index, follow, max-snippet:-1, max-image-preview:large, max-video-preview:-1\" \/>\n<link rel=\"canonical\" href=\"https:\/\/www.baier-michels.com\/fr\/bm-academy\/training-institute-bm-academy\/\" \/>\n<meta property=\"og:locale\" content=\"fr_FR\" \/>\n<meta property=\"og:type\" content=\"article\" \/>\n<meta property=\"og:title\" content=\"Qu\u2019est-ce-que l\u2019acad\u00e9mie b&amp;m\u00a0? - b&amp;m Homepage\" \/>\n<meta property=\"og:description\" content=\"b&amp;m Academy is your partner in the world of further education. We offer trainings in the areas of technics, quality, logistics and personal development.\" \/>\n<meta property=\"og:url\" content=\"https:\/\/www.baier-michels.com\/fr\/bm-academy\/training-institute-bm-academy\/\" \/>\n<meta property=\"og:site_name\" content=\"b&amp;m Homepage\" \/>\n<meta property=\"article:modified_time\" content=\"2024-11-26T14:15:16+00:00\" \/>\n<meta name=\"twitter:card\" content=\"summary_large_image\" \/>\n<meta name=\"twitter:label1\" content=\"Dur\u00e9e de lecture estim\u00e9e\" \/>\n\t<meta name=\"twitter:data1\" content=\"1 minute\" \/>\n<script type=\"application\/ld+json\" class=\"yoast-schema-graph\">{\"@context\":\"https:\\\/\\\/schema.org\",\"@graph\":[{\"@type\":\"WebPage\",\"@id\":\"https:\\\/\\\/www.baier-michels.com\\\/fr\\\/bm-academy\\\/training-institute-bm-academy\\\/\",\"url\":\"https:\\\/\\\/www.baier-michels.com\\\/fr\\\/bm-academy\\\/training-institute-bm-academy\\\/\",\"name\":\"Qu\u2019est-ce-que l\u2019acad\u00e9mie b&amp;m\u00a0? - b&amp;m Homepage\",\"isPartOf\":{\"@id\":\"https:\\\/\\\/www.baier-michels.com\\\/fr\\\/#website\"},\"datePublished\":\"2023-07-24T23:00:00+00:00\",\"dateModified\":\"2024-11-26T14:15:16+00:00\",\"description\":\"b&m Academy is your partner in the world of further education. We offer trainings in the areas of technics, quality, logistics and personal development.\",\"breadcrumb\":{\"@id\":\"https:\\\/\\\/www.baier-michels.com\\\/fr\\\/bm-academy\\\/training-institute-bm-academy\\\/#breadcrumb\"},\"inLanguage\":\"fr-FR\",\"potentialAction\":[{\"@type\":\"ReadAction\",\"target\":[\"https:\\\/\\\/www.baier-michels.com\\\/fr\\\/bm-academy\\\/training-institute-bm-academy\\\/\"]}]},{\"@type\":\"BreadcrumbList\",\"@id\":\"https:\\\/\\\/www.baier-michels.com\\\/fr\\\/bm-academy\\\/training-institute-bm-academy\\\/#breadcrumb\",\"itemListElement\":[{\"@type\":\"ListItem\",\"position\":1,\"name\":\"Startseite\",\"item\":\"https:\\\/\\\/www.baier-michels.com\\\/fr\\\/\"},{\"@type\":\"ListItem\",\"position\":2,\"name\":\"Acad\u00e9mie b&amp;m\",\"item\":\"https:\\\/\\\/www.baier-michels.com\\\/fr\\\/bm-academy\\\/\"},{\"@type\":\"ListItem\",\"position\":3,\"name\":\"Qu\u2019est-ce-que l\u2019acad\u00e9mie b&amp;m\u00a0?\"}]},{\"@type\":\"WebSite\",\"@id\":\"https:\\\/\\\/www.baier-michels.com\\\/fr\\\/#website\",\"url\":\"https:\\\/\\\/www.baier-michels.com\\\/fr\\\/\",\"name\":\"b&m\",\"description\":\"baier&amp;michels Gmbh &amp; Co KG\",\"publisher\":{\"@id\":\"https:\\\/\\\/www.baier-michels.com\\\/fr\\\/#organization\"},\"potentialAction\":[{\"@type\":\"SearchAction\",\"target\":{\"@type\":\"EntryPoint\",\"urlTemplate\":\"https:\\\/\\\/www.baier-michels.com\\\/fr\\\/?s={search_term_string}\"},\"query-input\":{\"@type\":\"PropertyValueSpecification\",\"valueRequired\":true,\"valueName\":\"search_term_string\"}}],\"inLanguage\":\"fr-FR\"},{\"@type\":\"Organization\",\"@id\":\"https:\\\/\\\/www.baier-michels.com\\\/fr\\\/#organization\",\"name\":\"baier & michels GmbH & Co KG\",\"url\":\"https:\\\/\\\/www.baier-michels.com\\\/fr\\\/\",\"logo\":{\"@type\":\"ImageObject\",\"inLanguage\":\"fr-FR\",\"@id\":\"https:\\\/\\\/www.baier-michels.com\\\/fr\\\/#\\\/schema\\\/logo\\\/image\\\/\",\"url\":\"\",\"contentUrl\":\"\",\"caption\":\"baier & michels GmbH & Co KG\"},\"image\":{\"@id\":\"https:\\\/\\\/www.baier-michels.com\\\/fr\\\/#\\\/schema\\\/logo\\\/image\\\/\"},\"sameAs\":[\"https:\\\/\\\/www.linkedin.com\\\/company\\\/baier-michels\\\/?viewAsMember=true\",\"https:\\\/\\\/www.youtube.com\\\/channel\\\/UCdBWm_HCAtCjxiFZWloFYGw?view_as=subscriber\"]}]}<\/script>\n<!-- \/ Yoast SEO plugin. -->","yoast_head_json":{"title":"Qu\u2019est-ce-que l\u2019acad\u00e9mie b&amp;m\u00a0? - b&amp;m Homepage","description":"b&m Academy is your partner in the world of further education. We offer trainings in the areas of technics, quality, logistics and personal development.","robots":{"index":"index","follow":"follow","max-snippet":"max-snippet:-1","max-image-preview":"max-image-preview:large","max-video-preview":"max-video-preview:-1"},"canonical":"https:\/\/www.baier-michels.com\/fr\/bm-academy\/training-institute-bm-academy\/","og_locale":"fr_FR","og_type":"article","og_title":"Qu\u2019est-ce-que l\u2019acad\u00e9mie b&amp;m\u00a0? - b&amp;m Homepage","og_description":"b&m Academy is your partner in the world of further education. We offer trainings in the areas of technics, quality, logistics and personal development.","og_url":"https:\/\/www.baier-michels.com\/fr\/bm-academy\/training-institute-bm-academy\/","og_site_name":"b&amp;m Homepage","article_modified_time":"2024-11-26T14:15:16+00:00","twitter_card":"summary_large_image","twitter_misc":{"Dur\u00e9e de lecture estim\u00e9e":"1 minute"},"schema":{"@context":"https:\/\/schema.org","@graph":[{"@type":"WebPage","@id":"https:\/\/www.baier-michels.com\/fr\/bm-academy\/training-institute-bm-academy\/","url":"https:\/\/www.baier-michels.com\/fr\/bm-academy\/training-institute-bm-academy\/","name":"Qu\u2019est-ce-que l\u2019acad\u00e9mie b&amp;m\u00a0? - b&amp;m Homepage","isPartOf":{"@id":"https:\/\/www.baier-michels.com\/fr\/#website"},"datePublished":"2023-07-24T23:00:00+00:00","dateModified":"2024-11-26T14:15:16+00:00","description":"b&m Academy is your partner in the world of further education. We offer trainings in the areas of technics, quality, logistics and personal development.","breadcrumb":{"@id":"https:\/\/www.baier-michels.com\/fr\/bm-academy\/training-institute-bm-academy\/#breadcrumb"},"inLanguage":"fr-FR","potentialAction":[{"@type":"ReadAction","target":["https:\/\/www.baier-michels.com\/fr\/bm-academy\/training-institute-bm-academy\/"]}]},{"@type":"BreadcrumbList","@id":"https:\/\/www.baier-michels.com\/fr\/bm-academy\/training-institute-bm-academy\/#breadcrumb","itemListElement":[{"@type":"ListItem","position":1,"name":"Startseite","item":"https:\/\/www.baier-michels.com\/fr\/"},{"@type":"ListItem","position":2,"name":"Acad\u00e9mie b&amp;m","item":"https:\/\/www.baier-michels.com\/fr\/bm-academy\/"},{"@type":"ListItem","position":3,"name":"Qu\u2019est-ce-que l\u2019acad\u00e9mie b&amp;m\u00a0?"}]},{"@type":"WebSite","@id":"https:\/\/www.baier-michels.com\/fr\/#website","url":"https:\/\/www.baier-michels.com\/fr\/","name":"b&m","description":"baier&amp;michels Gmbh &amp; Co KG","publisher":{"@id":"https:\/\/www.baier-michels.com\/fr\/#organization"},"potentialAction":[{"@type":"SearchAction","target":{"@type":"EntryPoint","urlTemplate":"https:\/\/www.baier-michels.com\/fr\/?s={search_term_string}"},"query-input":{"@type":"PropertyValueSpecification","valueRequired":true,"valueName":"search_term_string"}}],"inLanguage":"fr-FR"},{"@type":"Organization","@id":"https:\/\/www.baier-michels.com\/fr\/#organization","name":"baier & michels GmbH & Co KG","url":"https:\/\/www.baier-michels.com\/fr\/","logo":{"@type":"ImageObject","inLanguage":"fr-FR","@id":"https:\/\/www.baier-michels.com\/fr\/#\/schema\/logo\/image\/","url":"","contentUrl":"","caption":"baier & michels GmbH & Co KG"},"image":{"@id":"https:\/\/www.baier-michels.com\/fr\/#\/schema\/logo\/image\/"},"sameAs":["https:\/\/www.linkedin.com\/company\/baier-michels\/?viewAsMember=true","https:\/\/www.youtube.com\/channel\/UCdBWm_HCAtCjxiFZWloFYGw?view_as=subscriber"]}]}},"_links":{"self":[{"href":"https:\/\/www.baier-michels.com\/fr\/wp-json\/wp\/v2\/pages\/12913","targetHints":{"allow":["GET"]}}],"collection":[{"href":"https:\/\/www.baier-michels.com\/fr\/wp-json\/wp\/v2\/pages"}],"about":[{"href":"https:\/\/www.baier-michels.com\/fr\/wp-json\/wp\/v2\/types\/page"}],"author":[{"embeddable":true,"href":"https:\/\/www.baier-michels.com\/fr\/wp-json\/wp\/v2\/users\/1"}],"replies":[{"embeddable":true,"href":"https:\/\/www.baier-michels.com\/fr\/wp-json\/wp\/v2\/comments?post=12913"}],"version-history":[{"count":4,"href":"https:\/\/www.baier-michels.com\/fr\/wp-json\/wp\/v2\/pages\/12913\/revisions"}],"predecessor-version":[{"id":14858,"href":"https:\/\/www.baier-michels.com\/fr\/wp-json\/wp\/v2\/pages\/12913\/revisions\/14858"}],"up":[{"embeddable":true,"href":"https:\/\/www.baier-michels.com\/fr\/wp-json\/wp\/v2\/pages\/12895"}],"wp:attachment":[{"href":"https:\/\/www.baier-michels.com\/fr\/wp-json\/wp\/v2\/media?parent=12913"}],"wp:term":[{"taxonomy":"category","embeddable":true,"href":"https:\/\/www.baier-michels.com\/fr\/wp-json\/wp\/v2\/categories?post=12913"}],"curies":[{"name":"wp","href":"https:\/\/api.w.org\/{rel}","templated":true}]}}