{"id":12914,"date":"2023-07-25T00:00:00","date_gmt":"2023-07-24T23:00:00","guid":{"rendered":"http:\/\/dev.baier-michels.local\/products\/turned-parts\/"},"modified":"2025-07-21T11:50:27","modified_gmt":"2025-07-21T10:50:27","slug":"turned-parts","status":"publish","type":"page","link":"https:\/\/www.baier-michels.com\/fr\/products\/turned-parts\/","title":{"rendered":"Pi\u00e8ces tourn\u00e9es"},"content":{"rendered":"\n<p>Lors du tournage, le mat\u00e9riau est progressivement retir\u00e9 d\u2019une pi\u00e8ce brute. Il existe une multitude de machines-outils, qui se distinguent par leurs caract\u00e9ristiques, les formes usinables, la taille des pi\u00e8ces \u00e0 usiner et la vitesse de fabrication.<\/p>\n\n\n\n<p>b&amp;m utilise des tours \u00e0 commande m\u00e9canique, des tours CNC \u00e0 broche simple ou multiple, ainsi que des tours \u00e0 t\u00eate fixe ou \u00e0 poup\u00e9e mobile. Des tours \u00e0 cames sont \u00e9galement disponibles pour les petites pi\u00e8ces produites en grandes s\u00e9ries.<\/p>\n\n\n\n<p>b&amp;m peut \u00e9galement prendre en charge tous les processus compl\u00e9mentaires, tels que le traitement thermique et le rev\u00eatement, afin d\u2019assurer une protection contre la corrosion et d\u2019am\u00e9liorer l\u2019aspect esth\u00e9tique. Cela nous permet de r\u00e9pondre aux besoins sp\u00e9cifiques de nos clients et de satisfaire \u00e0 toutes les exigences.<\/p>\n","protected":false},"excerpt":{"rendered":"<p>Lors du tournage, le mat\u00e9riau est progressivement retir\u00e9 d\u2019une pi\u00e8ce brute. Il existe une multitude de machines-outils, qui se distinguent par leurs caract\u00e9ristiques, les formes usinables, la taille des pi\u00e8ces \u00e0 usiner et la vitesse de fabrication. b&amp;m utilise des tours \u00e0 commande m\u00e9canique, des tours CNC \u00e0 broche simple ou multiple, ainsi que des [&hellip;]<\/p>\n","protected":false},"author":1,"featured_media":0,"parent":12893,"menu_order":10,"comment_status":"closed","ping_status":"closed","template":"template_page_e2.php","meta":{"_acf_changed":false,"footnotes":""},"categories":[],"class_list":["post-12914","page","type-page","status-publish","hentry"],"acf":[],"yoast_head":"<!-- This site is optimized with the Yoast SEO plugin v27.4 - https:\/\/yoast.com\/product\/yoast-seo-wordpress\/ -->\n<title>Pi\u00e8ces tourn\u00e9es - b&amp;m Homepage<\/title>\n<meta name=\"description\" content=\"Turned parts machined with precision according to your specifications and adapted to your applications\" \/>\n<meta name=\"robots\" content=\"index, follow, max-snippet:-1, max-image-preview:large, max-video-preview:-1\" \/>\n<link rel=\"canonical\" href=\"https:\/\/www.baier-michels.com\/fr\/products\/turned-parts\/\" \/>\n<meta property=\"og:locale\" content=\"fr_FR\" \/>\n<meta property=\"og:type\" content=\"article\" \/>\n<meta property=\"og:title\" content=\"Pi\u00e8ces tourn\u00e9es - b&amp;m Homepage\" \/>\n<meta property=\"og:description\" content=\"Turned parts machined with precision according to your specifications and adapted to your applications\" \/>\n<meta property=\"og:url\" content=\"https:\/\/www.baier-michels.com\/fr\/products\/turned-parts\/\" \/>\n<meta property=\"og:site_name\" content=\"b&amp;m Homepage\" \/>\n<meta property=\"article:modified_time\" content=\"2025-07-21T10:50:27+00:00\" \/>\n<meta name=\"twitter:card\" content=\"summary_large_image\" \/>\n<meta name=\"twitter:label1\" content=\"Dur\u00e9e de lecture estim\u00e9e\" \/>\n\t<meta name=\"twitter:data1\" content=\"1 minute\" \/>\n<script type=\"application\/ld+json\" class=\"yoast-schema-graph\">{\"@context\":\"https:\\\/\\\/schema.org\",\"@graph\":[{\"@type\":\"WebPage\",\"@id\":\"https:\\\/\\\/www.baier-michels.com\\\/fr\\\/products\\\/turned-parts\\\/\",\"url\":\"https:\\\/\\\/www.baier-michels.com\\\/fr\\\/products\\\/turned-parts\\\/\",\"name\":\"Pi\u00e8ces tourn\u00e9es - b&amp;m Homepage\",\"isPartOf\":{\"@id\":\"https:\\\/\\\/www.baier-michels.com\\\/fr\\\/#website\"},\"datePublished\":\"2023-07-24T23:00:00+00:00\",\"dateModified\":\"2025-07-21T10:50:27+00:00\",\"description\":\"Turned parts machined with precision according to your specifications and adapted to your applications\",\"breadcrumb\":{\"@id\":\"https:\\\/\\\/www.baier-michels.com\\\/fr\\\/products\\\/turned-parts\\\/#breadcrumb\"},\"inLanguage\":\"fr-FR\",\"potentialAction\":[{\"@type\":\"ReadAction\",\"target\":[\"https:\\\/\\\/www.baier-michels.com\\\/fr\\\/products\\\/turned-parts\\\/\"]}]},{\"@type\":\"BreadcrumbList\",\"@id\":\"https:\\\/\\\/www.baier-michels.com\\\/fr\\\/products\\\/turned-parts\\\/#breadcrumb\",\"itemListElement\":[{\"@type\":\"ListItem\",\"position\":1,\"name\":\"Startseite\",\"item\":\"https:\\\/\\\/www.baier-michels.com\\\/fr\\\/\"},{\"@type\":\"ListItem\",\"position\":2,\"name\":\"Produits\",\"item\":\"https:\\\/\\\/www.baier-michels.com\\\/fr\\\/products\\\/\"},{\"@type\":\"ListItem\",\"position\":3,\"name\":\"Pi\u00e8ces tourn\u00e9es\"}]},{\"@type\":\"WebSite\",\"@id\":\"https:\\\/\\\/www.baier-michels.com\\\/fr\\\/#website\",\"url\":\"https:\\\/\\\/www.baier-michels.com\\\/fr\\\/\",\"name\":\"b&m\",\"description\":\"baier&amp;michels Gmbh &amp; Co KG\",\"publisher\":{\"@id\":\"https:\\\/\\\/www.baier-michels.com\\\/fr\\\/#organization\"},\"potentialAction\":[{\"@type\":\"SearchAction\",\"target\":{\"@type\":\"EntryPoint\",\"urlTemplate\":\"https:\\\/\\\/www.baier-michels.com\\\/fr\\\/?s={search_term_string}\"},\"query-input\":{\"@type\":\"PropertyValueSpecification\",\"valueRequired\":true,\"valueName\":\"search_term_string\"}}],\"inLanguage\":\"fr-FR\"},{\"@type\":\"Organization\",\"@id\":\"https:\\\/\\\/www.baier-michels.com\\\/fr\\\/#organization\",\"name\":\"baier & michels GmbH & Co KG\",\"url\":\"https:\\\/\\\/www.baier-michels.com\\\/fr\\\/\",\"logo\":{\"@type\":\"ImageObject\",\"inLanguage\":\"fr-FR\",\"@id\":\"https:\\\/\\\/www.baier-michels.com\\\/fr\\\/#\\\/schema\\\/logo\\\/image\\\/\",\"url\":\"\",\"contentUrl\":\"\",\"caption\":\"baier & michels GmbH & Co KG\"},\"image\":{\"@id\":\"https:\\\/\\\/www.baier-michels.com\\\/fr\\\/#\\\/schema\\\/logo\\\/image\\\/\"},\"sameAs\":[\"https:\\\/\\\/www.linkedin.com\\\/company\\\/baier-michels\\\/?viewAsMember=true\",\"https:\\\/\\\/www.youtube.com\\\/channel\\\/UCdBWm_HCAtCjxiFZWloFYGw?view_as=subscriber\"]}]}<\/script>\n<!-- \/ Yoast SEO plugin. -->","yoast_head_json":{"title":"Pi\u00e8ces tourn\u00e9es - b&amp;m Homepage","description":"Turned parts machined with precision according to your specifications and adapted to your applications","robots":{"index":"index","follow":"follow","max-snippet":"max-snippet:-1","max-image-preview":"max-image-preview:large","max-video-preview":"max-video-preview:-1"},"canonical":"https:\/\/www.baier-michels.com\/fr\/products\/turned-parts\/","og_locale":"fr_FR","og_type":"article","og_title":"Pi\u00e8ces tourn\u00e9es - b&amp;m Homepage","og_description":"Turned parts machined with precision according to your specifications and adapted to your applications","og_url":"https:\/\/www.baier-michels.com\/fr\/products\/turned-parts\/","og_site_name":"b&amp;m Homepage","article_modified_time":"2025-07-21T10:50:27+00:00","twitter_card":"summary_large_image","twitter_misc":{"Dur\u00e9e de lecture estim\u00e9e":"1 minute"},"schema":{"@context":"https:\/\/schema.org","@graph":[{"@type":"WebPage","@id":"https:\/\/www.baier-michels.com\/fr\/products\/turned-parts\/","url":"https:\/\/www.baier-michels.com\/fr\/products\/turned-parts\/","name":"Pi\u00e8ces tourn\u00e9es - b&amp;m Homepage","isPartOf":{"@id":"https:\/\/www.baier-michels.com\/fr\/#website"},"datePublished":"2023-07-24T23:00:00+00:00","dateModified":"2025-07-21T10:50:27+00:00","description":"Turned parts machined with precision according to your specifications and adapted to your applications","breadcrumb":{"@id":"https:\/\/www.baier-michels.com\/fr\/products\/turned-parts\/#breadcrumb"},"inLanguage":"fr-FR","potentialAction":[{"@type":"ReadAction","target":["https:\/\/www.baier-michels.com\/fr\/products\/turned-parts\/"]}]},{"@type":"BreadcrumbList","@id":"https:\/\/www.baier-michels.com\/fr\/products\/turned-parts\/#breadcrumb","itemListElement":[{"@type":"ListItem","position":1,"name":"Startseite","item":"https:\/\/www.baier-michels.com\/fr\/"},{"@type":"ListItem","position":2,"name":"Produits","item":"https:\/\/www.baier-michels.com\/fr\/products\/"},{"@type":"ListItem","position":3,"name":"Pi\u00e8ces tourn\u00e9es"}]},{"@type":"WebSite","@id":"https:\/\/www.baier-michels.com\/fr\/#website","url":"https:\/\/www.baier-michels.com\/fr\/","name":"b&m","description":"baier&amp;michels Gmbh &amp; Co KG","publisher":{"@id":"https:\/\/www.baier-michels.com\/fr\/#organization"},"potentialAction":[{"@type":"SearchAction","target":{"@type":"EntryPoint","urlTemplate":"https:\/\/www.baier-michels.com\/fr\/?s={search_term_string}"},"query-input":{"@type":"PropertyValueSpecification","valueRequired":true,"valueName":"search_term_string"}}],"inLanguage":"fr-FR"},{"@type":"Organization","@id":"https:\/\/www.baier-michels.com\/fr\/#organization","name":"baier & michels GmbH & Co KG","url":"https:\/\/www.baier-michels.com\/fr\/","logo":{"@type":"ImageObject","inLanguage":"fr-FR","@id":"https:\/\/www.baier-michels.com\/fr\/#\/schema\/logo\/image\/","url":"","contentUrl":"","caption":"baier & michels GmbH & Co KG"},"image":{"@id":"https:\/\/www.baier-michels.com\/fr\/#\/schema\/logo\/image\/"},"sameAs":["https:\/\/www.linkedin.com\/company\/baier-michels\/?viewAsMember=true","https:\/\/www.youtube.com\/channel\/UCdBWm_HCAtCjxiFZWloFYGw?view_as=subscriber"]}]}},"_links":{"self":[{"href":"https:\/\/www.baier-michels.com\/fr\/wp-json\/wp\/v2\/pages\/12914","targetHints":{"allow":["GET"]}}],"collection":[{"href":"https:\/\/www.baier-michels.com\/fr\/wp-json\/wp\/v2\/pages"}],"about":[{"href":"https:\/\/www.baier-michels.com\/fr\/wp-json\/wp\/v2\/types\/page"}],"author":[{"embeddable":true,"href":"https:\/\/www.baier-michels.com\/fr\/wp-json\/wp\/v2\/users\/1"}],"replies":[{"embeddable":true,"href":"https:\/\/www.baier-michels.com\/fr\/wp-json\/wp\/v2\/comments?post=12914"}],"version-history":[{"count":2,"href":"https:\/\/www.baier-michels.com\/fr\/wp-json\/wp\/v2\/pages\/12914\/revisions"}],"predecessor-version":[{"id":17457,"href":"https:\/\/www.baier-michels.com\/fr\/wp-json\/wp\/v2\/pages\/12914\/revisions\/17457"}],"up":[{"embeddable":true,"href":"https:\/\/www.baier-michels.com\/fr\/wp-json\/wp\/v2\/pages\/12893"}],"wp:attachment":[{"href":"https:\/\/www.baier-michels.com\/fr\/wp-json\/wp\/v2\/media?parent=12914"}],"wp:term":[{"taxonomy":"category","embeddable":true,"href":"https:\/\/www.baier-michels.com\/fr\/wp-json\/wp\/v2\/categories?post=12914"}],"curies":[{"name":"wp","href":"https:\/\/api.w.org\/{rel}","templated":true}]}}