{"id":12915,"date":"2023-07-25T00:00:00","date_gmt":"2023-07-24T23:00:00","guid":{"rendered":"http:\/\/dev.baier-michels.local\/bm-academy\/our-trainings\/"},"modified":"2024-11-26T15:39:21","modified_gmt":"2024-11-26T14:39:21","slug":"our-trainings","status":"publish","type":"page","link":"https:\/\/www.baier-michels.com\/fr\/bm-academy\/our-trainings\/","title":{"rendered":"Nos formations"},"content":{"rendered":"\n<p>L\u2019acad\u00e9mie b&amp;m a pour mission d&rsquo;informer les utilisateurs int\u00e9ress\u00e9s sur les notions de base et innovations dans la technique de fixation et de leur offrir un forum de discussions pratiques.<\/p>\n\n\n\n<p>Gr\u00e2ce \u00e0 nos nombreuses ann\u00e9es d\u2019exp\u00e9rience en tant que fournisseur dans le domaine automobile et en tant que producteur de pi\u00e8ces de fixation, nous avons d\u00e9velopp\u00e9 un vaste savoir-faire dans les domaines de la technique, de la logistique et de la qualit\u00e9.<\/p>\n\n\n\n<p>Gr\u00e2ce \u00e0 notre r\u00e9seau mondial, nous pouvons effectuer des formations dans le monde entier sur site ou dans les locaux de b&amp;m. Dans notre Technology Center moderne situ\u00e9 \u00e0 Ober-Ramstadt, nous pouvons organiser des ateliers pratiques gr\u00e2ce \u00e0 un lien direct avec notre centre logistique et notre ligne de production.<\/p>\n\n\n\n<p>Int\u00e9ress\u00e9s&nbsp;? Envoyez-nous alors un e-mail \u00e0 academy@baier-michels.com. Nous vous proposons \u00e9galement volontiers une formation qui est enti\u00e8rement adapt\u00e9e \u00e0 vos besoins.<\/p>\n","protected":false},"excerpt":{"rendered":"<p>L\u2019acad\u00e9mie b&amp;m a pour mission d&rsquo;informer les utilisateurs int\u00e9ress\u00e9s sur les notions de base et innovations dans la technique de fixation et de leur offrir un forum de discussions pratiques. Gr\u00e2ce \u00e0 nos nombreuses ann\u00e9es d\u2019exp\u00e9rience en tant que fournisseur dans le domaine automobile et en tant que producteur de pi\u00e8ces de fixation, nous avons [&hellip;]<\/p>\n","protected":false},"author":1,"featured_media":0,"parent":12895,"menu_order":2,"comment_status":"closed","ping_status":"closed","template":"template_page_e2_nolink.php","meta":{"_acf_changed":false,"footnotes":""},"categories":[235,234,233,232,231],"class_list":["post-12915","page","type-page","status-publish","hentry","category-screw-production-basics-fr","category-prototyping-4-0-fr","category-logistical-system-solutions-fr","category-direct-screwing-in-plastics-fr","category-direct-screwing-in-metals-fr"],"acf":[],"yoast_head":"<!-- This site is optimized with the Yoast SEO plugin v27.3 - https:\/\/yoast.com\/product\/yoast-seo-wordpress\/ -->\n<title>Nos formations - b&amp;m Homepage<\/title>\n<meta name=\"description\" content=\"Benefit from our know-how. Here you will find current training formats and customized workshops for your company.\" \/>\n<meta name=\"robots\" content=\"index, follow, max-snippet:-1, max-image-preview:large, max-video-preview:-1\" \/>\n<link rel=\"canonical\" href=\"https:\/\/www.baier-michels.com\/fr\/bm-academy\/our-trainings\/\" \/>\n<meta property=\"og:locale\" content=\"fr_FR\" \/>\n<meta property=\"og:type\" content=\"article\" \/>\n<meta property=\"og:title\" content=\"Nos formations - b&amp;m Homepage\" \/>\n<meta property=\"og:description\" content=\"Benefit from our know-how. Here you will find current training formats and customized workshops for your company.\" \/>\n<meta property=\"og:url\" content=\"https:\/\/www.baier-michels.com\/fr\/bm-academy\/our-trainings\/\" \/>\n<meta property=\"og:site_name\" content=\"b&amp;m Homepage\" \/>\n<meta property=\"article:modified_time\" content=\"2024-11-26T14:39:21+00:00\" \/>\n<meta name=\"twitter:card\" content=\"summary_large_image\" \/>\n<meta name=\"twitter:label1\" content=\"Dur\u00e9e de lecture estim\u00e9e\" \/>\n\t<meta name=\"twitter:data1\" content=\"1 minute\" \/>\n<script type=\"application\/ld+json\" class=\"yoast-schema-graph\">{\"@context\":\"https:\\\/\\\/schema.org\",\"@graph\":[{\"@type\":\"WebPage\",\"@id\":\"https:\\\/\\\/www.baier-michels.com\\\/fr\\\/bm-academy\\\/our-trainings\\\/\",\"url\":\"https:\\\/\\\/www.baier-michels.com\\\/fr\\\/bm-academy\\\/our-trainings\\\/\",\"name\":\"Nos formations - b&amp;m Homepage\",\"isPartOf\":{\"@id\":\"https:\\\/\\\/www.baier-michels.com\\\/fr\\\/#website\"},\"datePublished\":\"2023-07-24T23:00:00+00:00\",\"dateModified\":\"2024-11-26T14:39:21+00:00\",\"description\":\"Benefit from our know-how. Here you will find current training formats and customized workshops for your company.\",\"breadcrumb\":{\"@id\":\"https:\\\/\\\/www.baier-michels.com\\\/fr\\\/bm-academy\\\/our-trainings\\\/#breadcrumb\"},\"inLanguage\":\"fr-FR\",\"potentialAction\":[{\"@type\":\"ReadAction\",\"target\":[\"https:\\\/\\\/www.baier-michels.com\\\/fr\\\/bm-academy\\\/our-trainings\\\/\"]}]},{\"@type\":\"BreadcrumbList\",\"@id\":\"https:\\\/\\\/www.baier-michels.com\\\/fr\\\/bm-academy\\\/our-trainings\\\/#breadcrumb\",\"itemListElement\":[{\"@type\":\"ListItem\",\"position\":1,\"name\":\"Startseite\",\"item\":\"https:\\\/\\\/www.baier-michels.com\\\/fr\\\/\"},{\"@type\":\"ListItem\",\"position\":2,\"name\":\"Acad\u00e9mie b&amp;m\",\"item\":\"https:\\\/\\\/www.baier-michels.com\\\/fr\\\/bm-academy\\\/\"},{\"@type\":\"ListItem\",\"position\":3,\"name\":\"Nos formations\"}]},{\"@type\":\"WebSite\",\"@id\":\"https:\\\/\\\/www.baier-michels.com\\\/fr\\\/#website\",\"url\":\"https:\\\/\\\/www.baier-michels.com\\\/fr\\\/\",\"name\":\"b&m\",\"description\":\"baier&amp;michels Gmbh &amp; Co KG\",\"publisher\":{\"@id\":\"https:\\\/\\\/www.baier-michels.com\\\/fr\\\/#organization\"},\"potentialAction\":[{\"@type\":\"SearchAction\",\"target\":{\"@type\":\"EntryPoint\",\"urlTemplate\":\"https:\\\/\\\/www.baier-michels.com\\\/fr\\\/?s={search_term_string}\"},\"query-input\":{\"@type\":\"PropertyValueSpecification\",\"valueRequired\":true,\"valueName\":\"search_term_string\"}}],\"inLanguage\":\"fr-FR\"},{\"@type\":\"Organization\",\"@id\":\"https:\\\/\\\/www.baier-michels.com\\\/fr\\\/#organization\",\"name\":\"baier & michels GmbH & Co KG\",\"url\":\"https:\\\/\\\/www.baier-michels.com\\\/fr\\\/\",\"logo\":{\"@type\":\"ImageObject\",\"inLanguage\":\"fr-FR\",\"@id\":\"https:\\\/\\\/www.baier-michels.com\\\/fr\\\/#\\\/schema\\\/logo\\\/image\\\/\",\"url\":\"\",\"contentUrl\":\"\",\"caption\":\"baier & michels GmbH & Co KG\"},\"image\":{\"@id\":\"https:\\\/\\\/www.baier-michels.com\\\/fr\\\/#\\\/schema\\\/logo\\\/image\\\/\"},\"sameAs\":[\"https:\\\/\\\/www.linkedin.com\\\/company\\\/baier-michels\\\/?viewAsMember=true\",\"https:\\\/\\\/www.youtube.com\\\/channel\\\/UCdBWm_HCAtCjxiFZWloFYGw?view_as=subscriber\"]}]}<\/script>\n<!-- \/ Yoast SEO plugin. -->","yoast_head_json":{"title":"Nos formations - b&amp;m Homepage","description":"Benefit from our know-how. Here you will find current training formats and customized workshops for your company.","robots":{"index":"index","follow":"follow","max-snippet":"max-snippet:-1","max-image-preview":"max-image-preview:large","max-video-preview":"max-video-preview:-1"},"canonical":"https:\/\/www.baier-michels.com\/fr\/bm-academy\/our-trainings\/","og_locale":"fr_FR","og_type":"article","og_title":"Nos formations - b&amp;m Homepage","og_description":"Benefit from our know-how. Here you will find current training formats and customized workshops for your company.","og_url":"https:\/\/www.baier-michels.com\/fr\/bm-academy\/our-trainings\/","og_site_name":"b&amp;m Homepage","article_modified_time":"2024-11-26T14:39:21+00:00","twitter_card":"summary_large_image","twitter_misc":{"Dur\u00e9e de lecture estim\u00e9e":"1 minute"},"schema":{"@context":"https:\/\/schema.org","@graph":[{"@type":"WebPage","@id":"https:\/\/www.baier-michels.com\/fr\/bm-academy\/our-trainings\/","url":"https:\/\/www.baier-michels.com\/fr\/bm-academy\/our-trainings\/","name":"Nos formations - b&amp;m Homepage","isPartOf":{"@id":"https:\/\/www.baier-michels.com\/fr\/#website"},"datePublished":"2023-07-24T23:00:00+00:00","dateModified":"2024-11-26T14:39:21+00:00","description":"Benefit from our know-how. Here you will find current training formats and customized workshops for your company.","breadcrumb":{"@id":"https:\/\/www.baier-michels.com\/fr\/bm-academy\/our-trainings\/#breadcrumb"},"inLanguage":"fr-FR","potentialAction":[{"@type":"ReadAction","target":["https:\/\/www.baier-michels.com\/fr\/bm-academy\/our-trainings\/"]}]},{"@type":"BreadcrumbList","@id":"https:\/\/www.baier-michels.com\/fr\/bm-academy\/our-trainings\/#breadcrumb","itemListElement":[{"@type":"ListItem","position":1,"name":"Startseite","item":"https:\/\/www.baier-michels.com\/fr\/"},{"@type":"ListItem","position":2,"name":"Acad\u00e9mie b&amp;m","item":"https:\/\/www.baier-michels.com\/fr\/bm-academy\/"},{"@type":"ListItem","position":3,"name":"Nos formations"}]},{"@type":"WebSite","@id":"https:\/\/www.baier-michels.com\/fr\/#website","url":"https:\/\/www.baier-michels.com\/fr\/","name":"b&m","description":"baier&amp;michels Gmbh &amp; Co KG","publisher":{"@id":"https:\/\/www.baier-michels.com\/fr\/#organization"},"potentialAction":[{"@type":"SearchAction","target":{"@type":"EntryPoint","urlTemplate":"https:\/\/www.baier-michels.com\/fr\/?s={search_term_string}"},"query-input":{"@type":"PropertyValueSpecification","valueRequired":true,"valueName":"search_term_string"}}],"inLanguage":"fr-FR"},{"@type":"Organization","@id":"https:\/\/www.baier-michels.com\/fr\/#organization","name":"baier & michels GmbH & Co KG","url":"https:\/\/www.baier-michels.com\/fr\/","logo":{"@type":"ImageObject","inLanguage":"fr-FR","@id":"https:\/\/www.baier-michels.com\/fr\/#\/schema\/logo\/image\/","url":"","contentUrl":"","caption":"baier & michels GmbH & Co KG"},"image":{"@id":"https:\/\/www.baier-michels.com\/fr\/#\/schema\/logo\/image\/"},"sameAs":["https:\/\/www.linkedin.com\/company\/baier-michels\/?viewAsMember=true","https:\/\/www.youtube.com\/channel\/UCdBWm_HCAtCjxiFZWloFYGw?view_as=subscriber"]}]}},"_links":{"self":[{"href":"https:\/\/www.baier-michels.com\/fr\/wp-json\/wp\/v2\/pages\/12915","targetHints":{"allow":["GET"]}}],"collection":[{"href":"https:\/\/www.baier-michels.com\/fr\/wp-json\/wp\/v2\/pages"}],"about":[{"href":"https:\/\/www.baier-michels.com\/fr\/wp-json\/wp\/v2\/types\/page"}],"author":[{"embeddable":true,"href":"https:\/\/www.baier-michels.com\/fr\/wp-json\/wp\/v2\/users\/1"}],"replies":[{"embeddable":true,"href":"https:\/\/www.baier-michels.com\/fr\/wp-json\/wp\/v2\/comments?post=12915"}],"version-history":[{"count":1,"href":"https:\/\/www.baier-michels.com\/fr\/wp-json\/wp\/v2\/pages\/12915\/revisions"}],"predecessor-version":[{"id":14860,"href":"https:\/\/www.baier-michels.com\/fr\/wp-json\/wp\/v2\/pages\/12915\/revisions\/14860"}],"up":[{"embeddable":true,"href":"https:\/\/www.baier-michels.com\/fr\/wp-json\/wp\/v2\/pages\/12895"}],"wp:attachment":[{"href":"https:\/\/www.baier-michels.com\/fr\/wp-json\/wp\/v2\/media?parent=12915"}],"wp:term":[{"taxonomy":"category","embeddable":true,"href":"https:\/\/www.baier-michels.com\/fr\/wp-json\/wp\/v2\/categories?post=12915"}],"curies":[{"name":"wp","href":"https:\/\/api.w.org\/{rel}","templated":true}]}}