{"id":12916,"date":"2023-07-25T00:00:00","date_gmt":"2023-07-24T23:00:00","guid":{"rendered":"http:\/\/dev.baier-michels.local\/bm-academy\/bm-techday\/"},"modified":"2024-11-26T16:27:15","modified_gmt":"2024-11-26T15:27:15","slug":"bm-techday","status":"publish","type":"page","link":"https:\/\/www.baier-michels.com\/fr\/bm-academy\/bm-techday\/","title":{"rendered":"b&#038;m-TECH Day"},"content":{"rendered":"\n<p>Le b&amp;m-TECH Day est une s\u00e9ance d&rsquo;information ou une pr\u00e9sentation interne sur le th\u00e8me de la technique de fixation. Nous venons chez vous avec nos \u00e9quipements techniques et nous r\u00e9pondons \u00e0 vos questions sur site. Nous faisons ainsi la d\u00e9monstration des vissages ainsi que du montage et du d\u00e9montage de nos produits. Les collaborateurs de diff\u00e9rents d\u00e9partements sont invit\u00e9s \u00e0 s\u2019informer sur les th\u00e8mes actuels et opportunit\u00e9s et \u00e0 \u00e9changer leur savoir-faire.<br>Nos principales comp\u00e9tences r\u00e9sident ainsi dans la technologie de fixation innovante, la fabrication de pi\u00e8ces de fixation, la standardisation des solutions de fixation et les services logistiques associ\u00e9s.<\/p>\n\n\n\n<p>Vous d\u00e9cidez des th\u00e8mes, vous mettez un espace \u00e0 notre disposition et vous fixez la date. Nous nous occupons du reste&nbsp;!<\/p>\n","protected":false},"excerpt":{"rendered":"<p>Le b&amp;m-TECH Day est une s\u00e9ance d&rsquo;information ou une pr\u00e9sentation interne sur le th\u00e8me de la technique de fixation. Nous venons chez vous avec nos \u00e9quipements techniques et nous r\u00e9pondons \u00e0 vos questions sur site. Nous faisons ainsi la d\u00e9monstration des vissages ainsi que du montage et du d\u00e9montage de nos produits. Les collaborateurs de [&hellip;]<\/p>\n","protected":false},"author":1,"featured_media":0,"parent":12895,"menu_order":3,"comment_status":"closed","ping_status":"closed","template":"template_page_e2_nolink.php","meta":{"_acf_changed":false,"footnotes":""},"categories":[236,241,240,239,237,238],"class_list":["post-12916","page","type-page","status-publish","hentry","category-catering-fr","category-workshops-fr","category-user-forum-fr","category-promotional-material-fr","category-exhibition-fr","category-presentations-fr"],"acf":[],"yoast_head":"<!-- This site is optimized with the Yoast SEO plugin v27.3 - https:\/\/yoast.com\/product\/yoast-seo-wordpress\/ -->\n<title>b&amp;m-TECH Day - b&amp;m Homepage<\/title>\n<meta name=\"description\" content=\"The b&amp;m-TECH Day is an information event or in-house exhibition on the subject of fastener technology. We will come to you with our technical equipment\u2026\" \/>\n<meta name=\"robots\" content=\"index, follow, max-snippet:-1, max-image-preview:large, max-video-preview:-1\" \/>\n<link rel=\"canonical\" href=\"https:\/\/www.baier-michels.com\/fr\/bm-academy\/bm-techday\/\" \/>\n<meta property=\"og:locale\" content=\"fr_FR\" \/>\n<meta property=\"og:type\" content=\"article\" \/>\n<meta property=\"og:title\" content=\"b&amp;m-TECH Day - b&amp;m Homepage\" \/>\n<meta property=\"og:description\" content=\"The b&amp;m-TECH Day is an information event or in-house exhibition on the subject of fastener technology. We will come to you with our technical equipment\u2026\" \/>\n<meta property=\"og:url\" content=\"https:\/\/www.baier-michels.com\/fr\/bm-academy\/bm-techday\/\" \/>\n<meta property=\"og:site_name\" content=\"b&amp;m Homepage\" \/>\n<meta property=\"article:modified_time\" content=\"2024-11-26T15:27:15+00:00\" \/>\n<meta name=\"twitter:card\" content=\"summary_large_image\" \/>\n<meta name=\"twitter:label1\" content=\"Dur\u00e9e de lecture estim\u00e9e\" \/>\n\t<meta name=\"twitter:data1\" content=\"1 minute\" \/>\n<script type=\"application\/ld+json\" class=\"yoast-schema-graph\">{\"@context\":\"https:\\\/\\\/schema.org\",\"@graph\":[{\"@type\":\"WebPage\",\"@id\":\"https:\\\/\\\/www.baier-michels.com\\\/fr\\\/bm-academy\\\/bm-techday\\\/\",\"url\":\"https:\\\/\\\/www.baier-michels.com\\\/fr\\\/bm-academy\\\/bm-techday\\\/\",\"name\":\"b&m-TECH Day - b&amp;m Homepage\",\"isPartOf\":{\"@id\":\"https:\\\/\\\/www.baier-michels.com\\\/fr\\\/#website\"},\"datePublished\":\"2023-07-24T23:00:00+00:00\",\"dateModified\":\"2024-11-26T15:27:15+00:00\",\"description\":\"The b&m-TECH Day is an information event or in-house exhibition on the subject of fastener technology. We will come to you with our technical equipment\u2026\",\"breadcrumb\":{\"@id\":\"https:\\\/\\\/www.baier-michels.com\\\/fr\\\/bm-academy\\\/bm-techday\\\/#breadcrumb\"},\"inLanguage\":\"fr-FR\",\"potentialAction\":[{\"@type\":\"ReadAction\",\"target\":[\"https:\\\/\\\/www.baier-michels.com\\\/fr\\\/bm-academy\\\/bm-techday\\\/\"]}]},{\"@type\":\"BreadcrumbList\",\"@id\":\"https:\\\/\\\/www.baier-michels.com\\\/fr\\\/bm-academy\\\/bm-techday\\\/#breadcrumb\",\"itemListElement\":[{\"@type\":\"ListItem\",\"position\":1,\"name\":\"Startseite\",\"item\":\"https:\\\/\\\/www.baier-michels.com\\\/fr\\\/\"},{\"@type\":\"ListItem\",\"position\":2,\"name\":\"Acad\u00e9mie b&amp;m\",\"item\":\"https:\\\/\\\/www.baier-michels.com\\\/fr\\\/bm-academy\\\/\"},{\"@type\":\"ListItem\",\"position\":3,\"name\":\"b&#038;m-TECH Day\"}]},{\"@type\":\"WebSite\",\"@id\":\"https:\\\/\\\/www.baier-michels.com\\\/fr\\\/#website\",\"url\":\"https:\\\/\\\/www.baier-michels.com\\\/fr\\\/\",\"name\":\"b&m\",\"description\":\"baier&amp;michels Gmbh &amp; Co KG\",\"publisher\":{\"@id\":\"https:\\\/\\\/www.baier-michels.com\\\/fr\\\/#organization\"},\"potentialAction\":[{\"@type\":\"SearchAction\",\"target\":{\"@type\":\"EntryPoint\",\"urlTemplate\":\"https:\\\/\\\/www.baier-michels.com\\\/fr\\\/?s={search_term_string}\"},\"query-input\":{\"@type\":\"PropertyValueSpecification\",\"valueRequired\":true,\"valueName\":\"search_term_string\"}}],\"inLanguage\":\"fr-FR\"},{\"@type\":\"Organization\",\"@id\":\"https:\\\/\\\/www.baier-michels.com\\\/fr\\\/#organization\",\"name\":\"baier & michels GmbH & Co KG\",\"url\":\"https:\\\/\\\/www.baier-michels.com\\\/fr\\\/\",\"logo\":{\"@type\":\"ImageObject\",\"inLanguage\":\"fr-FR\",\"@id\":\"https:\\\/\\\/www.baier-michels.com\\\/fr\\\/#\\\/schema\\\/logo\\\/image\\\/\",\"url\":\"\",\"contentUrl\":\"\",\"caption\":\"baier & michels GmbH & Co KG\"},\"image\":{\"@id\":\"https:\\\/\\\/www.baier-michels.com\\\/fr\\\/#\\\/schema\\\/logo\\\/image\\\/\"},\"sameAs\":[\"https:\\\/\\\/www.linkedin.com\\\/company\\\/baier-michels\\\/?viewAsMember=true\",\"https:\\\/\\\/www.youtube.com\\\/channel\\\/UCdBWm_HCAtCjxiFZWloFYGw?view_as=subscriber\"]}]}<\/script>\n<!-- \/ Yoast SEO plugin. -->","yoast_head_json":{"title":"b&m-TECH Day - b&amp;m Homepage","description":"The b&m-TECH Day is an information event or in-house exhibition on the subject of fastener technology. We will come to you with our technical equipment\u2026","robots":{"index":"index","follow":"follow","max-snippet":"max-snippet:-1","max-image-preview":"max-image-preview:large","max-video-preview":"max-video-preview:-1"},"canonical":"https:\/\/www.baier-michels.com\/fr\/bm-academy\/bm-techday\/","og_locale":"fr_FR","og_type":"article","og_title":"b&m-TECH Day - b&amp;m Homepage","og_description":"The b&m-TECH Day is an information event or in-house exhibition on the subject of fastener technology. We will come to you with our technical equipment\u2026","og_url":"https:\/\/www.baier-michels.com\/fr\/bm-academy\/bm-techday\/","og_site_name":"b&amp;m Homepage","article_modified_time":"2024-11-26T15:27:15+00:00","twitter_card":"summary_large_image","twitter_misc":{"Dur\u00e9e de lecture estim\u00e9e":"1 minute"},"schema":{"@context":"https:\/\/schema.org","@graph":[{"@type":"WebPage","@id":"https:\/\/www.baier-michels.com\/fr\/bm-academy\/bm-techday\/","url":"https:\/\/www.baier-michels.com\/fr\/bm-academy\/bm-techday\/","name":"b&m-TECH Day - b&amp;m Homepage","isPartOf":{"@id":"https:\/\/www.baier-michels.com\/fr\/#website"},"datePublished":"2023-07-24T23:00:00+00:00","dateModified":"2024-11-26T15:27:15+00:00","description":"The b&m-TECH Day is an information event or in-house exhibition on the subject of fastener technology. We will come to you with our technical equipment\u2026","breadcrumb":{"@id":"https:\/\/www.baier-michels.com\/fr\/bm-academy\/bm-techday\/#breadcrumb"},"inLanguage":"fr-FR","potentialAction":[{"@type":"ReadAction","target":["https:\/\/www.baier-michels.com\/fr\/bm-academy\/bm-techday\/"]}]},{"@type":"BreadcrumbList","@id":"https:\/\/www.baier-michels.com\/fr\/bm-academy\/bm-techday\/#breadcrumb","itemListElement":[{"@type":"ListItem","position":1,"name":"Startseite","item":"https:\/\/www.baier-michels.com\/fr\/"},{"@type":"ListItem","position":2,"name":"Acad\u00e9mie b&amp;m","item":"https:\/\/www.baier-michels.com\/fr\/bm-academy\/"},{"@type":"ListItem","position":3,"name":"b&#038;m-TECH Day"}]},{"@type":"WebSite","@id":"https:\/\/www.baier-michels.com\/fr\/#website","url":"https:\/\/www.baier-michels.com\/fr\/","name":"b&m","description":"baier&amp;michels Gmbh &amp; Co KG","publisher":{"@id":"https:\/\/www.baier-michels.com\/fr\/#organization"},"potentialAction":[{"@type":"SearchAction","target":{"@type":"EntryPoint","urlTemplate":"https:\/\/www.baier-michels.com\/fr\/?s={search_term_string}"},"query-input":{"@type":"PropertyValueSpecification","valueRequired":true,"valueName":"search_term_string"}}],"inLanguage":"fr-FR"},{"@type":"Organization","@id":"https:\/\/www.baier-michels.com\/fr\/#organization","name":"baier & michels GmbH & Co KG","url":"https:\/\/www.baier-michels.com\/fr\/","logo":{"@type":"ImageObject","inLanguage":"fr-FR","@id":"https:\/\/www.baier-michels.com\/fr\/#\/schema\/logo\/image\/","url":"","contentUrl":"","caption":"baier & michels GmbH & Co KG"},"image":{"@id":"https:\/\/www.baier-michels.com\/fr\/#\/schema\/logo\/image\/"},"sameAs":["https:\/\/www.linkedin.com\/company\/baier-michels\/?viewAsMember=true","https:\/\/www.youtube.com\/channel\/UCdBWm_HCAtCjxiFZWloFYGw?view_as=subscriber"]}]}},"_links":{"self":[{"href":"https:\/\/www.baier-michels.com\/fr\/wp-json\/wp\/v2\/pages\/12916","targetHints":{"allow":["GET"]}}],"collection":[{"href":"https:\/\/www.baier-michels.com\/fr\/wp-json\/wp\/v2\/pages"}],"about":[{"href":"https:\/\/www.baier-michels.com\/fr\/wp-json\/wp\/v2\/types\/page"}],"author":[{"embeddable":true,"href":"https:\/\/www.baier-michels.com\/fr\/wp-json\/wp\/v2\/users\/1"}],"replies":[{"embeddable":true,"href":"https:\/\/www.baier-michels.com\/fr\/wp-json\/wp\/v2\/comments?post=12916"}],"version-history":[{"count":1,"href":"https:\/\/www.baier-michels.com\/fr\/wp-json\/wp\/v2\/pages\/12916\/revisions"}],"predecessor-version":[{"id":14861,"href":"https:\/\/www.baier-michels.com\/fr\/wp-json\/wp\/v2\/pages\/12916\/revisions\/14861"}],"up":[{"embeddable":true,"href":"https:\/\/www.baier-michels.com\/fr\/wp-json\/wp\/v2\/pages\/12895"}],"wp:attachment":[{"href":"https:\/\/www.baier-michels.com\/fr\/wp-json\/wp\/v2\/media?parent=12916"}],"wp:term":[{"taxonomy":"category","embeddable":true,"href":"https:\/\/www.baier-michels.com\/fr\/wp-json\/wp\/v2\/categories?post=12916"}],"curies":[{"name":"wp","href":"https:\/\/api.w.org\/{rel}","templated":true}]}}