{"id":12921,"date":"2023-07-25T00:00:00","date_gmt":"2023-07-24T23:00:00","guid":{"rendered":"http:\/\/dev.baier-michels.local\/products\/closing-and-sealing-systems\/"},"modified":"2025-07-21T11:47:49","modified_gmt":"2025-07-21T10:47:49","slug":"closing-and-sealing-systems","status":"publish","type":"page","link":"https:\/\/www.baier-michels.com\/fr\/products\/closing-and-sealing-systems\/","title":{"rendered":"Syst\u00e8mes de fermeture et d&rsquo;\u00e9tanch\u00e9it\u00e9"},"content":{"rendered":"\n<p>De mani\u00e8re g\u00e9n\u00e9rale, des vis de fermeture (avec ou sans \u00e9tanch\u00e9it\u00e9 sous la t\u00eate) ou solutions expansibles sont utilis\u00e9es pour obturer les trous. Contrairement aux vis de fermeture, les expandeurs ne peuvent pas \u00eatre d\u00e9mont\u00e9s sans causer de dommages. Ces \u00e9l\u00e9ments de fermeture permettent, en outre, d\u2019obturer un trou, mais pr\u00e9suppose \u00e9galement une pr\u00e9paration on\u00e9reuse du lamage. Le per\u00e7age, le lamage, le taraudage, le fraisage de la surface d\u2019appui de la t\u00eate de vis, ainsi que le nettoyage du filet, p.&nbsp;ex., prennent beaucoup de temps et co\u00fbtent beaucoup d\u2019argent en cas d\u2019utilisation de vis de fermeture.<\/p>\n","protected":false},"excerpt":{"rendered":"<p>De mani\u00e8re g\u00e9n\u00e9rale, des vis de fermeture (avec ou sans \u00e9tanch\u00e9it\u00e9 sous la t\u00eate) ou solutions expansibles sont utilis\u00e9es pour obturer les trous. Contrairement aux vis de fermeture, les expandeurs ne peuvent pas \u00eatre d\u00e9mont\u00e9s sans causer de dommages. Ces \u00e9l\u00e9ments de fermeture permettent, en outre, d\u2019obturer un trou, mais pr\u00e9suppose \u00e9galement une pr\u00e9paration on\u00e9reuse [&hellip;]<\/p>\n","protected":false},"author":1,"featured_media":0,"parent":12893,"menu_order":2,"comment_status":"closed","ping_status":"closed","template":"template_page_e2.php","meta":{"_acf_changed":false,"footnotes":""},"categories":[],"class_list":["post-12921","page","type-page","status-publish","hentry"],"acf":[],"yoast_head":"<!-- This site is optimized with the Yoast SEO plugin v27.4 - https:\/\/yoast.com\/product\/yoast-seo-wordpress\/ -->\n<title>Syst\u00e8mes de fermeture et d&#039;\u00e9tanch\u00e9it\u00e9 - b&amp;m Homepage<\/title>\n<meta name=\"description\" content=\"b&amp;m-KL PLUG\u00ae, closing and sealing system for holes with internal pressure...\" \/>\n<meta name=\"robots\" content=\"index, follow, max-snippet:-1, max-image-preview:large, max-video-preview:-1\" \/>\n<link rel=\"canonical\" href=\"https:\/\/www.baier-michels.com\/fr\/products\/closing-and-sealing-systems\/\" \/>\n<meta property=\"og:locale\" content=\"fr_FR\" \/>\n<meta property=\"og:type\" content=\"article\" \/>\n<meta property=\"og:title\" content=\"Syst\u00e8mes de fermeture et d&#039;\u00e9tanch\u00e9it\u00e9 - b&amp;m Homepage\" \/>\n<meta property=\"og:description\" content=\"b&amp;m-KL PLUG\u00ae, closing and sealing system for holes with internal pressure...\" \/>\n<meta property=\"og:url\" content=\"https:\/\/www.baier-michels.com\/fr\/products\/closing-and-sealing-systems\/\" \/>\n<meta property=\"og:site_name\" content=\"b&amp;m Homepage\" \/>\n<meta property=\"article:modified_time\" content=\"2025-07-21T10:47:49+00:00\" \/>\n<meta name=\"twitter:card\" content=\"summary_large_image\" \/>\n<meta name=\"twitter:label1\" content=\"Dur\u00e9e de lecture estim\u00e9e\" \/>\n\t<meta name=\"twitter:data1\" content=\"1 minute\" \/>\n<script type=\"application\/ld+json\" class=\"yoast-schema-graph\">{\"@context\":\"https:\\\/\\\/schema.org\",\"@graph\":[{\"@type\":\"WebPage\",\"@id\":\"https:\\\/\\\/www.baier-michels.com\\\/fr\\\/products\\\/closing-and-sealing-systems\\\/\",\"url\":\"https:\\\/\\\/www.baier-michels.com\\\/fr\\\/products\\\/closing-and-sealing-systems\\\/\",\"name\":\"Syst\u00e8mes de fermeture et d'\u00e9tanch\u00e9it\u00e9 - b&amp;m Homepage\",\"isPartOf\":{\"@id\":\"https:\\\/\\\/www.baier-michels.com\\\/fr\\\/#website\"},\"datePublished\":\"2023-07-24T23:00:00+00:00\",\"dateModified\":\"2025-07-21T10:47:49+00:00\",\"description\":\"b&m-KL PLUG\u00ae, closing and sealing system for holes with internal pressure...\",\"breadcrumb\":{\"@id\":\"https:\\\/\\\/www.baier-michels.com\\\/fr\\\/products\\\/closing-and-sealing-systems\\\/#breadcrumb\"},\"inLanguage\":\"fr-FR\",\"potentialAction\":[{\"@type\":\"ReadAction\",\"target\":[\"https:\\\/\\\/www.baier-michels.com\\\/fr\\\/products\\\/closing-and-sealing-systems\\\/\"]}]},{\"@type\":\"BreadcrumbList\",\"@id\":\"https:\\\/\\\/www.baier-michels.com\\\/fr\\\/products\\\/closing-and-sealing-systems\\\/#breadcrumb\",\"itemListElement\":[{\"@type\":\"ListItem\",\"position\":1,\"name\":\"Startseite\",\"item\":\"https:\\\/\\\/www.baier-michels.com\\\/fr\\\/\"},{\"@type\":\"ListItem\",\"position\":2,\"name\":\"Produits\",\"item\":\"https:\\\/\\\/www.baier-michels.com\\\/fr\\\/products\\\/\"},{\"@type\":\"ListItem\",\"position\":3,\"name\":\"Syst\u00e8mes de fermeture et d&#8217;\u00e9tanch\u00e9it\u00e9\"}]},{\"@type\":\"WebSite\",\"@id\":\"https:\\\/\\\/www.baier-michels.com\\\/fr\\\/#website\",\"url\":\"https:\\\/\\\/www.baier-michels.com\\\/fr\\\/\",\"name\":\"b&m\",\"description\":\"baier&amp;michels Gmbh &amp; Co KG\",\"publisher\":{\"@id\":\"https:\\\/\\\/www.baier-michels.com\\\/fr\\\/#organization\"},\"potentialAction\":[{\"@type\":\"SearchAction\",\"target\":{\"@type\":\"EntryPoint\",\"urlTemplate\":\"https:\\\/\\\/www.baier-michels.com\\\/fr\\\/?s={search_term_string}\"},\"query-input\":{\"@type\":\"PropertyValueSpecification\",\"valueRequired\":true,\"valueName\":\"search_term_string\"}}],\"inLanguage\":\"fr-FR\"},{\"@type\":\"Organization\",\"@id\":\"https:\\\/\\\/www.baier-michels.com\\\/fr\\\/#organization\",\"name\":\"baier & michels GmbH & Co KG\",\"url\":\"https:\\\/\\\/www.baier-michels.com\\\/fr\\\/\",\"logo\":{\"@type\":\"ImageObject\",\"inLanguage\":\"fr-FR\",\"@id\":\"https:\\\/\\\/www.baier-michels.com\\\/fr\\\/#\\\/schema\\\/logo\\\/image\\\/\",\"url\":\"\",\"contentUrl\":\"\",\"caption\":\"baier & michels GmbH & Co KG\"},\"image\":{\"@id\":\"https:\\\/\\\/www.baier-michels.com\\\/fr\\\/#\\\/schema\\\/logo\\\/image\\\/\"},\"sameAs\":[\"https:\\\/\\\/www.linkedin.com\\\/company\\\/baier-michels\\\/?viewAsMember=true\",\"https:\\\/\\\/www.youtube.com\\\/channel\\\/UCdBWm_HCAtCjxiFZWloFYGw?view_as=subscriber\"]}]}<\/script>\n<!-- \/ Yoast SEO plugin. -->","yoast_head_json":{"title":"Syst\u00e8mes de fermeture et d'\u00e9tanch\u00e9it\u00e9 - b&amp;m Homepage","description":"b&m-KL PLUG\u00ae, closing and sealing system for holes with internal pressure...","robots":{"index":"index","follow":"follow","max-snippet":"max-snippet:-1","max-image-preview":"max-image-preview:large","max-video-preview":"max-video-preview:-1"},"canonical":"https:\/\/www.baier-michels.com\/fr\/products\/closing-and-sealing-systems\/","og_locale":"fr_FR","og_type":"article","og_title":"Syst\u00e8mes de fermeture et d'\u00e9tanch\u00e9it\u00e9 - b&amp;m Homepage","og_description":"b&m-KL PLUG\u00ae, closing and sealing system for holes with internal pressure...","og_url":"https:\/\/www.baier-michels.com\/fr\/products\/closing-and-sealing-systems\/","og_site_name":"b&amp;m Homepage","article_modified_time":"2025-07-21T10:47:49+00:00","twitter_card":"summary_large_image","twitter_misc":{"Dur\u00e9e de lecture estim\u00e9e":"1 minute"},"schema":{"@context":"https:\/\/schema.org","@graph":[{"@type":"WebPage","@id":"https:\/\/www.baier-michels.com\/fr\/products\/closing-and-sealing-systems\/","url":"https:\/\/www.baier-michels.com\/fr\/products\/closing-and-sealing-systems\/","name":"Syst\u00e8mes de fermeture et d'\u00e9tanch\u00e9it\u00e9 - b&amp;m Homepage","isPartOf":{"@id":"https:\/\/www.baier-michels.com\/fr\/#website"},"datePublished":"2023-07-24T23:00:00+00:00","dateModified":"2025-07-21T10:47:49+00:00","description":"b&m-KL PLUG\u00ae, closing and sealing system for holes with internal pressure...","breadcrumb":{"@id":"https:\/\/www.baier-michels.com\/fr\/products\/closing-and-sealing-systems\/#breadcrumb"},"inLanguage":"fr-FR","potentialAction":[{"@type":"ReadAction","target":["https:\/\/www.baier-michels.com\/fr\/products\/closing-and-sealing-systems\/"]}]},{"@type":"BreadcrumbList","@id":"https:\/\/www.baier-michels.com\/fr\/products\/closing-and-sealing-systems\/#breadcrumb","itemListElement":[{"@type":"ListItem","position":1,"name":"Startseite","item":"https:\/\/www.baier-michels.com\/fr\/"},{"@type":"ListItem","position":2,"name":"Produits","item":"https:\/\/www.baier-michels.com\/fr\/products\/"},{"@type":"ListItem","position":3,"name":"Syst\u00e8mes de fermeture et d&#8217;\u00e9tanch\u00e9it\u00e9"}]},{"@type":"WebSite","@id":"https:\/\/www.baier-michels.com\/fr\/#website","url":"https:\/\/www.baier-michels.com\/fr\/","name":"b&m","description":"baier&amp;michels Gmbh &amp; Co KG","publisher":{"@id":"https:\/\/www.baier-michels.com\/fr\/#organization"},"potentialAction":[{"@type":"SearchAction","target":{"@type":"EntryPoint","urlTemplate":"https:\/\/www.baier-michels.com\/fr\/?s={search_term_string}"},"query-input":{"@type":"PropertyValueSpecification","valueRequired":true,"valueName":"search_term_string"}}],"inLanguage":"fr-FR"},{"@type":"Organization","@id":"https:\/\/www.baier-michels.com\/fr\/#organization","name":"baier & michels GmbH & Co KG","url":"https:\/\/www.baier-michels.com\/fr\/","logo":{"@type":"ImageObject","inLanguage":"fr-FR","@id":"https:\/\/www.baier-michels.com\/fr\/#\/schema\/logo\/image\/","url":"","contentUrl":"","caption":"baier & michels GmbH & Co KG"},"image":{"@id":"https:\/\/www.baier-michels.com\/fr\/#\/schema\/logo\/image\/"},"sameAs":["https:\/\/www.linkedin.com\/company\/baier-michels\/?viewAsMember=true","https:\/\/www.youtube.com\/channel\/UCdBWm_HCAtCjxiFZWloFYGw?view_as=subscriber"]}]}},"_links":{"self":[{"href":"https:\/\/www.baier-michels.com\/fr\/wp-json\/wp\/v2\/pages\/12921","targetHints":{"allow":["GET"]}}],"collection":[{"href":"https:\/\/www.baier-michels.com\/fr\/wp-json\/wp\/v2\/pages"}],"about":[{"href":"https:\/\/www.baier-michels.com\/fr\/wp-json\/wp\/v2\/types\/page"}],"author":[{"embeddable":true,"href":"https:\/\/www.baier-michels.com\/fr\/wp-json\/wp\/v2\/users\/1"}],"replies":[{"embeddable":true,"href":"https:\/\/www.baier-michels.com\/fr\/wp-json\/wp\/v2\/comments?post=12921"}],"version-history":[{"count":2,"href":"https:\/\/www.baier-michels.com\/fr\/wp-json\/wp\/v2\/pages\/12921\/revisions"}],"predecessor-version":[{"id":17454,"href":"https:\/\/www.baier-michels.com\/fr\/wp-json\/wp\/v2\/pages\/12921\/revisions\/17454"}],"up":[{"embeddable":true,"href":"https:\/\/www.baier-michels.com\/fr\/wp-json\/wp\/v2\/pages\/12893"}],"wp:attachment":[{"href":"https:\/\/www.baier-michels.com\/fr\/wp-json\/wp\/v2\/media?parent=12921"}],"wp:term":[{"taxonomy":"category","embeddable":true,"href":"https:\/\/www.baier-michels.com\/fr\/wp-json\/wp\/v2\/categories?post=12921"}],"curies":[{"name":"wp","href":"https:\/\/api.w.org\/{rel}","templated":true}]}}