{"id":12922,"date":"2023-07-25T00:00:00","date_gmt":"2023-07-24T23:00:00","guid":{"rendered":"http:\/\/dev.baier-michels.local\/products\/threaded-inserts-and-bolts\/"},"modified":"2025-07-21T11:49:30","modified_gmt":"2025-07-21T10:49:30","slug":"threaded-inserts-and-bolts","status":"publish","type":"page","link":"https:\/\/www.baier-michels.com\/fr\/products\/threaded-inserts-and-bolts\/","title":{"rendered":"Filets rapport\u00e9s et boulons filet\u00e9s"},"content":{"rendered":"\n<p>Les filets rapport\u00e9s et boulons filet\u00e9s permettent de doter les \u00e9l\u00e9ments en plastique de filetages m\u00e9talliques pour \u00e9crous ou boulons. Les filets rapport\u00e9s et boulons filet\u00e9s sont ici parfaitement fix\u00e9s avec l\u2019\u00e9l\u00e9ment en plastique par enrobage, insertion par ultrasons ou insertion \u00e0 chaud, ainsi que par vissage d&rsquo;inserts \u00e0 filetage ext\u00e9rieur.<\/p>\n\n\n\n<p>L\u2019utilisation de filets rapport\u00e9s et boulons filet\u00e9s permet de garantir un assemblage s\u00fbr d&rsquo;\u00e9l\u00e9ments en plastique, m\u00eame en cas de vissages r\u00e9p\u00e9t\u00e9s. Selon le proc\u00e9d\u00e9 d\u2019insertion, la g\u00e9om\u00e9trie ext\u00e9rieure se compose de moletages, rainures, contours hexagonaux ou filets con\u00e7us pour absorber les contraintes de traction ou de rotation.<\/p>\n","protected":false},"excerpt":{"rendered":"<p>Les filets rapport\u00e9s et boulons filet\u00e9s permettent de doter les \u00e9l\u00e9ments en plastique de filetages m\u00e9talliques pour \u00e9crous ou boulons. Les filets rapport\u00e9s et boulons filet\u00e9s sont ici parfaitement fix\u00e9s avec l\u2019\u00e9l\u00e9ment en plastique par enrobage, insertion par ultrasons ou insertion \u00e0 chaud, ainsi que par vissage d&rsquo;inserts \u00e0 filetage ext\u00e9rieur. L\u2019utilisation de filets rapport\u00e9s [&hellip;]<\/p>\n","protected":false},"author":1,"featured_media":0,"parent":12893,"menu_order":6,"comment_status":"closed","ping_status":"closed","template":"template_page_e2.php","meta":{"_acf_changed":false,"footnotes":""},"categories":[],"class_list":["post-12922","page","type-page","status-publish","hentry"],"acf":[],"yoast_head":"<!-- This site is optimized with the Yoast SEO plugin v27.4 - https:\/\/yoast.com\/product\/yoast-seo-wordpress\/ -->\n<title>Filets rapport\u00e9s et boulons filet\u00e9s - b&amp;m Homepage<\/title>\n<meta name=\"description\" content=\"Threaded inserts and bolts for plastics with different embedding methods. Threaded bolts and inserts. b&amp;m-REPTO\u00ae B...\" \/>\n<meta name=\"robots\" content=\"index, follow, max-snippet:-1, max-image-preview:large, max-video-preview:-1\" \/>\n<link rel=\"canonical\" href=\"https:\/\/www.baier-michels.com\/fr\/products\/threaded-inserts-and-bolts\/\" \/>\n<meta property=\"og:locale\" content=\"fr_FR\" \/>\n<meta property=\"og:type\" content=\"article\" \/>\n<meta property=\"og:title\" content=\"Filets rapport\u00e9s et boulons filet\u00e9s - b&amp;m Homepage\" \/>\n<meta property=\"og:description\" content=\"Threaded inserts and bolts for plastics with different embedding methods. Threaded bolts and inserts. b&amp;m-REPTO\u00ae B...\" \/>\n<meta property=\"og:url\" content=\"https:\/\/www.baier-michels.com\/fr\/products\/threaded-inserts-and-bolts\/\" \/>\n<meta property=\"og:site_name\" content=\"b&amp;m Homepage\" \/>\n<meta property=\"article:modified_time\" content=\"2025-07-21T10:49:30+00:00\" \/>\n<meta name=\"twitter:card\" content=\"summary_large_image\" \/>\n<meta name=\"twitter:label1\" content=\"Dur\u00e9e de lecture estim\u00e9e\" \/>\n\t<meta name=\"twitter:data1\" content=\"1 minute\" \/>\n<script type=\"application\/ld+json\" class=\"yoast-schema-graph\">{\"@context\":\"https:\\\/\\\/schema.org\",\"@graph\":[{\"@type\":\"WebPage\",\"@id\":\"https:\\\/\\\/www.baier-michels.com\\\/fr\\\/products\\\/threaded-inserts-and-bolts\\\/\",\"url\":\"https:\\\/\\\/www.baier-michels.com\\\/fr\\\/products\\\/threaded-inserts-and-bolts\\\/\",\"name\":\"Filets rapport\u00e9s et boulons filet\u00e9s - b&amp;m Homepage\",\"isPartOf\":{\"@id\":\"https:\\\/\\\/www.baier-michels.com\\\/fr\\\/#website\"},\"datePublished\":\"2023-07-24T23:00:00+00:00\",\"dateModified\":\"2025-07-21T10:49:30+00:00\",\"description\":\"Threaded inserts and bolts for plastics with different embedding methods. Threaded bolts and inserts. b&m-REPTO\u00ae B...\",\"breadcrumb\":{\"@id\":\"https:\\\/\\\/www.baier-michels.com\\\/fr\\\/products\\\/threaded-inserts-and-bolts\\\/#breadcrumb\"},\"inLanguage\":\"fr-FR\",\"potentialAction\":[{\"@type\":\"ReadAction\",\"target\":[\"https:\\\/\\\/www.baier-michels.com\\\/fr\\\/products\\\/threaded-inserts-and-bolts\\\/\"]}]},{\"@type\":\"BreadcrumbList\",\"@id\":\"https:\\\/\\\/www.baier-michels.com\\\/fr\\\/products\\\/threaded-inserts-and-bolts\\\/#breadcrumb\",\"itemListElement\":[{\"@type\":\"ListItem\",\"position\":1,\"name\":\"Startseite\",\"item\":\"https:\\\/\\\/www.baier-michels.com\\\/fr\\\/\"},{\"@type\":\"ListItem\",\"position\":2,\"name\":\"Produits\",\"item\":\"https:\\\/\\\/www.baier-michels.com\\\/fr\\\/products\\\/\"},{\"@type\":\"ListItem\",\"position\":3,\"name\":\"Filets rapport\u00e9s et boulons filet\u00e9s\"}]},{\"@type\":\"WebSite\",\"@id\":\"https:\\\/\\\/www.baier-michels.com\\\/fr\\\/#website\",\"url\":\"https:\\\/\\\/www.baier-michels.com\\\/fr\\\/\",\"name\":\"b&m\",\"description\":\"baier&amp;michels Gmbh &amp; Co KG\",\"publisher\":{\"@id\":\"https:\\\/\\\/www.baier-michels.com\\\/fr\\\/#organization\"},\"potentialAction\":[{\"@type\":\"SearchAction\",\"target\":{\"@type\":\"EntryPoint\",\"urlTemplate\":\"https:\\\/\\\/www.baier-michels.com\\\/fr\\\/?s={search_term_string}\"},\"query-input\":{\"@type\":\"PropertyValueSpecification\",\"valueRequired\":true,\"valueName\":\"search_term_string\"}}],\"inLanguage\":\"fr-FR\"},{\"@type\":\"Organization\",\"@id\":\"https:\\\/\\\/www.baier-michels.com\\\/fr\\\/#organization\",\"name\":\"baier & michels GmbH & Co KG\",\"url\":\"https:\\\/\\\/www.baier-michels.com\\\/fr\\\/\",\"logo\":{\"@type\":\"ImageObject\",\"inLanguage\":\"fr-FR\",\"@id\":\"https:\\\/\\\/www.baier-michels.com\\\/fr\\\/#\\\/schema\\\/logo\\\/image\\\/\",\"url\":\"\",\"contentUrl\":\"\",\"caption\":\"baier & michels GmbH & Co KG\"},\"image\":{\"@id\":\"https:\\\/\\\/www.baier-michels.com\\\/fr\\\/#\\\/schema\\\/logo\\\/image\\\/\"},\"sameAs\":[\"https:\\\/\\\/www.linkedin.com\\\/company\\\/baier-michels\\\/?viewAsMember=true\",\"https:\\\/\\\/www.youtube.com\\\/channel\\\/UCdBWm_HCAtCjxiFZWloFYGw?view_as=subscriber\"]}]}<\/script>\n<!-- \/ Yoast SEO plugin. -->","yoast_head_json":{"title":"Filets rapport\u00e9s et boulons filet\u00e9s - b&amp;m Homepage","description":"Threaded inserts and bolts for plastics with different embedding methods. Threaded bolts and inserts. b&m-REPTO\u00ae B...","robots":{"index":"index","follow":"follow","max-snippet":"max-snippet:-1","max-image-preview":"max-image-preview:large","max-video-preview":"max-video-preview:-1"},"canonical":"https:\/\/www.baier-michels.com\/fr\/products\/threaded-inserts-and-bolts\/","og_locale":"fr_FR","og_type":"article","og_title":"Filets rapport\u00e9s et boulons filet\u00e9s - b&amp;m Homepage","og_description":"Threaded inserts and bolts for plastics with different embedding methods. Threaded bolts and inserts. b&m-REPTO\u00ae B...","og_url":"https:\/\/www.baier-michels.com\/fr\/products\/threaded-inserts-and-bolts\/","og_site_name":"b&amp;m Homepage","article_modified_time":"2025-07-21T10:49:30+00:00","twitter_card":"summary_large_image","twitter_misc":{"Dur\u00e9e de lecture estim\u00e9e":"1 minute"},"schema":{"@context":"https:\/\/schema.org","@graph":[{"@type":"WebPage","@id":"https:\/\/www.baier-michels.com\/fr\/products\/threaded-inserts-and-bolts\/","url":"https:\/\/www.baier-michels.com\/fr\/products\/threaded-inserts-and-bolts\/","name":"Filets rapport\u00e9s et boulons filet\u00e9s - b&amp;m Homepage","isPartOf":{"@id":"https:\/\/www.baier-michels.com\/fr\/#website"},"datePublished":"2023-07-24T23:00:00+00:00","dateModified":"2025-07-21T10:49:30+00:00","description":"Threaded inserts and bolts for plastics with different embedding methods. Threaded bolts and inserts. b&m-REPTO\u00ae B...","breadcrumb":{"@id":"https:\/\/www.baier-michels.com\/fr\/products\/threaded-inserts-and-bolts\/#breadcrumb"},"inLanguage":"fr-FR","potentialAction":[{"@type":"ReadAction","target":["https:\/\/www.baier-michels.com\/fr\/products\/threaded-inserts-and-bolts\/"]}]},{"@type":"BreadcrumbList","@id":"https:\/\/www.baier-michels.com\/fr\/products\/threaded-inserts-and-bolts\/#breadcrumb","itemListElement":[{"@type":"ListItem","position":1,"name":"Startseite","item":"https:\/\/www.baier-michels.com\/fr\/"},{"@type":"ListItem","position":2,"name":"Produits","item":"https:\/\/www.baier-michels.com\/fr\/products\/"},{"@type":"ListItem","position":3,"name":"Filets rapport\u00e9s et boulons filet\u00e9s"}]},{"@type":"WebSite","@id":"https:\/\/www.baier-michels.com\/fr\/#website","url":"https:\/\/www.baier-michels.com\/fr\/","name":"b&m","description":"baier&amp;michels Gmbh &amp; Co KG","publisher":{"@id":"https:\/\/www.baier-michels.com\/fr\/#organization"},"potentialAction":[{"@type":"SearchAction","target":{"@type":"EntryPoint","urlTemplate":"https:\/\/www.baier-michels.com\/fr\/?s={search_term_string}"},"query-input":{"@type":"PropertyValueSpecification","valueRequired":true,"valueName":"search_term_string"}}],"inLanguage":"fr-FR"},{"@type":"Organization","@id":"https:\/\/www.baier-michels.com\/fr\/#organization","name":"baier & michels GmbH & Co KG","url":"https:\/\/www.baier-michels.com\/fr\/","logo":{"@type":"ImageObject","inLanguage":"fr-FR","@id":"https:\/\/www.baier-michels.com\/fr\/#\/schema\/logo\/image\/","url":"","contentUrl":"","caption":"baier & michels GmbH & Co KG"},"image":{"@id":"https:\/\/www.baier-michels.com\/fr\/#\/schema\/logo\/image\/"},"sameAs":["https:\/\/www.linkedin.com\/company\/baier-michels\/?viewAsMember=true","https:\/\/www.youtube.com\/channel\/UCdBWm_HCAtCjxiFZWloFYGw?view_as=subscriber"]}]}},"_links":{"self":[{"href":"https:\/\/www.baier-michels.com\/fr\/wp-json\/wp\/v2\/pages\/12922","targetHints":{"allow":["GET"]}}],"collection":[{"href":"https:\/\/www.baier-michels.com\/fr\/wp-json\/wp\/v2\/pages"}],"about":[{"href":"https:\/\/www.baier-michels.com\/fr\/wp-json\/wp\/v2\/types\/page"}],"author":[{"embeddable":true,"href":"https:\/\/www.baier-michels.com\/fr\/wp-json\/wp\/v2\/users\/1"}],"replies":[{"embeddable":true,"href":"https:\/\/www.baier-michels.com\/fr\/wp-json\/wp\/v2\/comments?post=12922"}],"version-history":[{"count":2,"href":"https:\/\/www.baier-michels.com\/fr\/wp-json\/wp\/v2\/pages\/12922\/revisions"}],"predecessor-version":[{"id":17456,"href":"https:\/\/www.baier-michels.com\/fr\/wp-json\/wp\/v2\/pages\/12922\/revisions\/17456"}],"up":[{"embeddable":true,"href":"https:\/\/www.baier-michels.com\/fr\/wp-json\/wp\/v2\/pages\/12893"}],"wp:attachment":[{"href":"https:\/\/www.baier-michels.com\/fr\/wp-json\/wp\/v2\/media?parent=12922"}],"wp:term":[{"taxonomy":"category","embeddable":true,"href":"https:\/\/www.baier-michels.com\/fr\/wp-json\/wp\/v2\/categories?post=12922"}],"curies":[{"name":"wp","href":"https:\/\/api.w.org\/{rel}","templated":true}]}}