{"id":12926,"date":"2023-07-25T00:00:00","date_gmt":"2023-07-24T23:00:00","guid":{"rendered":"http:\/\/dev.baier-michels.local\/products\/direct-screwing-in-plastics\/"},"modified":"2025-07-21T11:48:49","modified_gmt":"2025-07-21T10:48:49","slug":"direct-screwing-in-plastics","status":"publish","type":"page","link":"https:\/\/www.baier-michels.com\/fr\/products\/direct-screwing-in-plastics\/","title":{"rendered":"Vissage direct dans les mati\u00e8res plastiques"},"content":{"rendered":"\n<p>L\u2019utilisation des plastiques gagne en importance gr\u00e2ce \u00e0 de nouvelles possibilit\u00e9s d\u2019application. Les avantages r\u00e9sident notamment dans la r\u00e9duction du poids, une r\u00e9sistance chimique accrue ainsi que dans la recyclabilit\u00e9 des composants, par exemple gr\u00e2ce \u00e0 la suppression possible des inserts m\u00e9talliques.<\/p>\n\n\n\n<p>Le vissage direct dans les plastiques offre, gr\u00e2ce \u00e0 sa simplicit\u00e9 de montage et \u00e0 sa d\u00e9montabilit\u00e9, des avantages \u00e9conomiques significatifs par rapport \u00e0 d\u2019autres techniques d\u2019assemblage. Contrairement aux applications ant\u00e9rieures (avec un angle de flanc de 60\u00b0), les g\u00e9om\u00e9tries de filetage b&amp;m pr\u00e9sentent des angles de flanc de 30\u00b0 ou 25\u00b0, ce qui permet de r\u00e9duire les contraintes radiales.<\/p>\n\n\n\n<p>Cela permet d\u2019une part d\u2019atteindre un taux de remplissage optimal du fond de filetage, et d\u2019autre part de dimensionner les zones de vissage de mani\u00e8re plus \u00e9conomique en termes de mat\u00e9riau. La conception de parois minces permet ainsi une configuration optimis\u00e9e en poids et en co\u00fbt de l\u2019assemblage. Une plus grande surface de contact entre les flancs du filetage et le mat\u00e9riau augmente la s\u00e9curit\u00e9 du processus.<\/p>\n","protected":false},"excerpt":{"rendered":"<p>L\u2019utilisation des plastiques gagne en importance gr\u00e2ce \u00e0 de nouvelles possibilit\u00e9s d\u2019application. Les avantages r\u00e9sident notamment dans la r\u00e9duction du poids, une r\u00e9sistance chimique accrue ainsi que dans la recyclabilit\u00e9 des composants, par exemple gr\u00e2ce \u00e0 la suppression possible des inserts m\u00e9talliques. Le vissage direct dans les plastiques offre, gr\u00e2ce \u00e0 sa simplicit\u00e9 de montage [&hellip;]<\/p>\n","protected":false},"author":1,"featured_media":0,"parent":12893,"menu_order":4,"comment_status":"closed","ping_status":"closed","template":"template_page_e2.php","meta":{"_acf_changed":false,"footnotes":""},"categories":[],"class_list":["post-12926","page","type-page","status-publish","hentry"],"acf":[],"yoast_head":"<!-- This site is optimized with the Yoast SEO plugin v27.3 - https:\/\/yoast.com\/product\/yoast-seo-wordpress\/ -->\n<title>Vissage direct dans les mati\u00e8res plastiques - b&amp;m Homepage<\/title>\n<meta name=\"description\" content=\"Direct screwing connections made into plastics create cost savings in comparison to other joining techniques. b&amp;m-PLAST\u00ae R\u2026\" \/>\n<meta name=\"robots\" content=\"index, follow, max-snippet:-1, max-image-preview:large, max-video-preview:-1\" \/>\n<link rel=\"canonical\" href=\"https:\/\/www.baier-michels.com\/fr\/products\/direct-screwing-in-plastics\/\" \/>\n<meta property=\"og:locale\" content=\"fr_FR\" \/>\n<meta property=\"og:type\" content=\"article\" \/>\n<meta property=\"og:title\" content=\"Vissage direct dans les mati\u00e8res plastiques - b&amp;m Homepage\" \/>\n<meta property=\"og:description\" content=\"Direct screwing connections made into plastics create cost savings in comparison to other joining techniques. b&amp;m-PLAST\u00ae R\u2026\" \/>\n<meta property=\"og:url\" content=\"https:\/\/www.baier-michels.com\/fr\/products\/direct-screwing-in-plastics\/\" \/>\n<meta property=\"og:site_name\" content=\"b&amp;m Homepage\" \/>\n<meta property=\"article:modified_time\" content=\"2025-07-21T10:48:49+00:00\" \/>\n<meta name=\"twitter:card\" content=\"summary_large_image\" \/>\n<meta name=\"twitter:label1\" content=\"Dur\u00e9e de lecture estim\u00e9e\" \/>\n\t<meta name=\"twitter:data1\" content=\"1 minute\" \/>\n<script type=\"application\/ld+json\" class=\"yoast-schema-graph\">{\"@context\":\"https:\\\/\\\/schema.org\",\"@graph\":[{\"@type\":\"WebPage\",\"@id\":\"https:\\\/\\\/www.baier-michels.com\\\/fr\\\/products\\\/direct-screwing-in-plastics\\\/\",\"url\":\"https:\\\/\\\/www.baier-michels.com\\\/fr\\\/products\\\/direct-screwing-in-plastics\\\/\",\"name\":\"Vissage direct dans les mati\u00e8res plastiques - b&amp;m Homepage\",\"isPartOf\":{\"@id\":\"https:\\\/\\\/www.baier-michels.com\\\/fr\\\/#website\"},\"datePublished\":\"2023-07-24T23:00:00+00:00\",\"dateModified\":\"2025-07-21T10:48:49+00:00\",\"description\":\"Direct screwing connections made into plastics create cost savings in comparison to other joining techniques. b&m-PLAST\u00ae R\u2026\",\"breadcrumb\":{\"@id\":\"https:\\\/\\\/www.baier-michels.com\\\/fr\\\/products\\\/direct-screwing-in-plastics\\\/#breadcrumb\"},\"inLanguage\":\"fr-FR\",\"potentialAction\":[{\"@type\":\"ReadAction\",\"target\":[\"https:\\\/\\\/www.baier-michels.com\\\/fr\\\/products\\\/direct-screwing-in-plastics\\\/\"]}]},{\"@type\":\"BreadcrumbList\",\"@id\":\"https:\\\/\\\/www.baier-michels.com\\\/fr\\\/products\\\/direct-screwing-in-plastics\\\/#breadcrumb\",\"itemListElement\":[{\"@type\":\"ListItem\",\"position\":1,\"name\":\"Startseite\",\"item\":\"https:\\\/\\\/www.baier-michels.com\\\/fr\\\/\"},{\"@type\":\"ListItem\",\"position\":2,\"name\":\"Produits\",\"item\":\"https:\\\/\\\/www.baier-michels.com\\\/fr\\\/products\\\/\"},{\"@type\":\"ListItem\",\"position\":3,\"name\":\"Vissage direct dans les mati\u00e8res plastiques\"}]},{\"@type\":\"WebSite\",\"@id\":\"https:\\\/\\\/www.baier-michels.com\\\/fr\\\/#website\",\"url\":\"https:\\\/\\\/www.baier-michels.com\\\/fr\\\/\",\"name\":\"b&m\",\"description\":\"baier&amp;michels Gmbh &amp; Co KG\",\"publisher\":{\"@id\":\"https:\\\/\\\/www.baier-michels.com\\\/fr\\\/#organization\"},\"potentialAction\":[{\"@type\":\"SearchAction\",\"target\":{\"@type\":\"EntryPoint\",\"urlTemplate\":\"https:\\\/\\\/www.baier-michels.com\\\/fr\\\/?s={search_term_string}\"},\"query-input\":{\"@type\":\"PropertyValueSpecification\",\"valueRequired\":true,\"valueName\":\"search_term_string\"}}],\"inLanguage\":\"fr-FR\"},{\"@type\":\"Organization\",\"@id\":\"https:\\\/\\\/www.baier-michels.com\\\/fr\\\/#organization\",\"name\":\"baier & michels GmbH & Co KG\",\"url\":\"https:\\\/\\\/www.baier-michels.com\\\/fr\\\/\",\"logo\":{\"@type\":\"ImageObject\",\"inLanguage\":\"fr-FR\",\"@id\":\"https:\\\/\\\/www.baier-michels.com\\\/fr\\\/#\\\/schema\\\/logo\\\/image\\\/\",\"url\":\"\",\"contentUrl\":\"\",\"caption\":\"baier & michels GmbH & Co KG\"},\"image\":{\"@id\":\"https:\\\/\\\/www.baier-michels.com\\\/fr\\\/#\\\/schema\\\/logo\\\/image\\\/\"},\"sameAs\":[\"https:\\\/\\\/www.linkedin.com\\\/company\\\/baier-michels\\\/?viewAsMember=true\",\"https:\\\/\\\/www.youtube.com\\\/channel\\\/UCdBWm_HCAtCjxiFZWloFYGw?view_as=subscriber\"]}]}<\/script>\n<!-- \/ Yoast SEO plugin. -->","yoast_head_json":{"title":"Vissage direct dans les mati\u00e8res plastiques - b&amp;m Homepage","description":"Direct screwing connections made into plastics create cost savings in comparison to other joining techniques. b&m-PLAST\u00ae R\u2026","robots":{"index":"index","follow":"follow","max-snippet":"max-snippet:-1","max-image-preview":"max-image-preview:large","max-video-preview":"max-video-preview:-1"},"canonical":"https:\/\/www.baier-michels.com\/fr\/products\/direct-screwing-in-plastics\/","og_locale":"fr_FR","og_type":"article","og_title":"Vissage direct dans les mati\u00e8res plastiques - b&amp;m Homepage","og_description":"Direct screwing connections made into plastics create cost savings in comparison to other joining techniques. b&m-PLAST\u00ae R\u2026","og_url":"https:\/\/www.baier-michels.com\/fr\/products\/direct-screwing-in-plastics\/","og_site_name":"b&amp;m Homepage","article_modified_time":"2025-07-21T10:48:49+00:00","twitter_card":"summary_large_image","twitter_misc":{"Dur\u00e9e de lecture estim\u00e9e":"1 minute"},"schema":{"@context":"https:\/\/schema.org","@graph":[{"@type":"WebPage","@id":"https:\/\/www.baier-michels.com\/fr\/products\/direct-screwing-in-plastics\/","url":"https:\/\/www.baier-michels.com\/fr\/products\/direct-screwing-in-plastics\/","name":"Vissage direct dans les mati\u00e8res plastiques - b&amp;m Homepage","isPartOf":{"@id":"https:\/\/www.baier-michels.com\/fr\/#website"},"datePublished":"2023-07-24T23:00:00+00:00","dateModified":"2025-07-21T10:48:49+00:00","description":"Direct screwing connections made into plastics create cost savings in comparison to other joining techniques. b&m-PLAST\u00ae R\u2026","breadcrumb":{"@id":"https:\/\/www.baier-michels.com\/fr\/products\/direct-screwing-in-plastics\/#breadcrumb"},"inLanguage":"fr-FR","potentialAction":[{"@type":"ReadAction","target":["https:\/\/www.baier-michels.com\/fr\/products\/direct-screwing-in-plastics\/"]}]},{"@type":"BreadcrumbList","@id":"https:\/\/www.baier-michels.com\/fr\/products\/direct-screwing-in-plastics\/#breadcrumb","itemListElement":[{"@type":"ListItem","position":1,"name":"Startseite","item":"https:\/\/www.baier-michels.com\/fr\/"},{"@type":"ListItem","position":2,"name":"Produits","item":"https:\/\/www.baier-michels.com\/fr\/products\/"},{"@type":"ListItem","position":3,"name":"Vissage direct dans les mati\u00e8res plastiques"}]},{"@type":"WebSite","@id":"https:\/\/www.baier-michels.com\/fr\/#website","url":"https:\/\/www.baier-michels.com\/fr\/","name":"b&m","description":"baier&amp;michels Gmbh &amp; Co KG","publisher":{"@id":"https:\/\/www.baier-michels.com\/fr\/#organization"},"potentialAction":[{"@type":"SearchAction","target":{"@type":"EntryPoint","urlTemplate":"https:\/\/www.baier-michels.com\/fr\/?s={search_term_string}"},"query-input":{"@type":"PropertyValueSpecification","valueRequired":true,"valueName":"search_term_string"}}],"inLanguage":"fr-FR"},{"@type":"Organization","@id":"https:\/\/www.baier-michels.com\/fr\/#organization","name":"baier & michels GmbH & Co KG","url":"https:\/\/www.baier-michels.com\/fr\/","logo":{"@type":"ImageObject","inLanguage":"fr-FR","@id":"https:\/\/www.baier-michels.com\/fr\/#\/schema\/logo\/image\/","url":"","contentUrl":"","caption":"baier & michels GmbH & Co KG"},"image":{"@id":"https:\/\/www.baier-michels.com\/fr\/#\/schema\/logo\/image\/"},"sameAs":["https:\/\/www.linkedin.com\/company\/baier-michels\/?viewAsMember=true","https:\/\/www.youtube.com\/channel\/UCdBWm_HCAtCjxiFZWloFYGw?view_as=subscriber"]}]}},"_links":{"self":[{"href":"https:\/\/www.baier-michels.com\/fr\/wp-json\/wp\/v2\/pages\/12926","targetHints":{"allow":["GET"]}}],"collection":[{"href":"https:\/\/www.baier-michels.com\/fr\/wp-json\/wp\/v2\/pages"}],"about":[{"href":"https:\/\/www.baier-michels.com\/fr\/wp-json\/wp\/v2\/types\/page"}],"author":[{"embeddable":true,"href":"https:\/\/www.baier-michels.com\/fr\/wp-json\/wp\/v2\/users\/1"}],"replies":[{"embeddable":true,"href":"https:\/\/www.baier-michels.com\/fr\/wp-json\/wp\/v2\/comments?post=12926"}],"version-history":[{"count":2,"href":"https:\/\/www.baier-michels.com\/fr\/wp-json\/wp\/v2\/pages\/12926\/revisions"}],"predecessor-version":[{"id":17455,"href":"https:\/\/www.baier-michels.com\/fr\/wp-json\/wp\/v2\/pages\/12926\/revisions\/17455"}],"up":[{"embeddable":true,"href":"https:\/\/www.baier-michels.com\/fr\/wp-json\/wp\/v2\/pages\/12893"}],"wp:attachment":[{"href":"https:\/\/www.baier-michels.com\/fr\/wp-json\/wp\/v2\/media?parent=12926"}],"wp:term":[{"taxonomy":"category","embeddable":true,"href":"https:\/\/www.baier-michels.com\/fr\/wp-json\/wp\/v2\/categories?post=12926"}],"curies":[{"name":"wp","href":"https:\/\/api.w.org\/{rel}","templated":true}]}}