{"id":12928,"date":"2023-07-25T00:00:00","date_gmt":"2023-07-24T23:00:00","guid":{"rendered":"http:\/\/dev.baier-michels.local\/products\/direct-screwing-in-various-materials\/"},"modified":"2024-11-26T13:12:28","modified_gmt":"2024-11-26T12:12:28","slug":"direct-screwing-in-various-materials","status":"publish","type":"page","link":"https:\/\/www.baier-michels.com\/fr\/products\/direct-screwing-in-various-materials\/","title":{"rendered":"Vissage direct dans diff\u00e9rents mat\u00e9riaux"},"content":{"rendered":"\n<p>Dans le secteur automobile, des syst\u00e8mes de vissage direct sont souvent utilis\u00e9s pour l\u2019assemblage de composants. Le vissage direct permet de r\u00e9duire les co\u00fbts en raison de l\u2019absence de d\u00e9coupe de filets et de l\u2019utilisation directe dans des trous moul\u00e9s, perc\u00e9s ou d\u00e9coup\u00e9s. Le processus de d\u00e9formation de la rainure du filet ne produit en outre pas de copeaux g\u00eanants.<\/p>\n\n\n\n<p>Pour r\u00e9pondre aux exigences correspondantes, diff\u00e9rentes vis sont g\u00e9n\u00e9ralement s\u00e9lectionn\u00e9es pour diff\u00e9rents mat\u00e9riaux, tels que les plastiques et m\u00e9taux. Dans un m\u00eame temps, la standardisation gagne cependant sans cesse en importance. Les conceptions hybrides avec diff\u00e9rents mat\u00e9riaux, tels que l&rsquo;aluminium, le magn\u00e9sium ou le zinc moul\u00e9 sous pression, ainsi que les thermoplastes et duroplastes, sont de plus en plus fr\u00e9quentes. Gr\u00e2ce aux syst\u00e8mes de vissage direct pouvant \u00eatre utilis\u00e9s dans plusieurs mat\u00e9riaux, des vis existantes peuvent \u00eatre remplac\u00e9es, r\u00e9duisant ainsi le nombre de pi\u00e8ces.<\/p>\n","protected":false},"excerpt":{"rendered":"<p>Dans le secteur automobile, des syst\u00e8mes de vissage direct sont souvent utilis\u00e9s pour l\u2019assemblage de composants. Le vissage direct permet de r\u00e9duire les co\u00fbts en raison de l\u2019absence de d\u00e9coupe de filets et de l\u2019utilisation directe dans des trous moul\u00e9s, perc\u00e9s ou d\u00e9coup\u00e9s. Le processus de d\u00e9formation de la rainure du filet ne produit en [&hellip;]<\/p>\n","protected":false},"author":1,"featured_media":0,"parent":12893,"menu_order":5,"comment_status":"closed","ping_status":"closed","template":"template_page_e2.php","meta":{"_acf_changed":false,"footnotes":""},"categories":[],"class_list":["post-12928","page","type-page","status-publish","hentry"],"acf":[],"yoast_head":"<!-- This site is optimized with the Yoast SEO plugin v27.4 - https:\/\/yoast.com\/product\/yoast-seo-wordpress\/ -->\n<title>Vissage direct dans diff\u00e9rents mat\u00e9riaux - b&amp;m Homepage<\/title>\n<meta name=\"description\" content=\"With direct screwing systems, which can be used with various materials, existing screws can be replaced and thus the diversity of parts reduced.\" \/>\n<meta name=\"robots\" content=\"index, follow, max-snippet:-1, max-image-preview:large, max-video-preview:-1\" \/>\n<link rel=\"canonical\" href=\"https:\/\/www.baier-michels.com\/fr\/products\/direct-screwing-in-various-materials\/\" \/>\n<meta property=\"og:locale\" content=\"fr_FR\" \/>\n<meta property=\"og:type\" content=\"article\" \/>\n<meta property=\"og:title\" content=\"Vissage direct dans diff\u00e9rents mat\u00e9riaux - b&amp;m Homepage\" \/>\n<meta property=\"og:description\" content=\"With direct screwing systems, which can be used with various materials, existing screws can be replaced and thus the diversity of parts reduced.\" \/>\n<meta property=\"og:url\" content=\"https:\/\/www.baier-michels.com\/fr\/products\/direct-screwing-in-various-materials\/\" \/>\n<meta property=\"og:site_name\" content=\"b&amp;m Homepage\" \/>\n<meta property=\"article:modified_time\" content=\"2024-11-26T12:12:28+00:00\" \/>\n<meta name=\"twitter:card\" content=\"summary_large_image\" \/>\n<meta name=\"twitter:label1\" content=\"Dur\u00e9e de lecture estim\u00e9e\" \/>\n\t<meta name=\"twitter:data1\" content=\"1 minute\" \/>\n<script type=\"application\/ld+json\" class=\"yoast-schema-graph\">{\"@context\":\"https:\\\/\\\/schema.org\",\"@graph\":[{\"@type\":\"WebPage\",\"@id\":\"https:\\\/\\\/www.baier-michels.com\\\/fr\\\/products\\\/direct-screwing-in-various-materials\\\/\",\"url\":\"https:\\\/\\\/www.baier-michels.com\\\/fr\\\/products\\\/direct-screwing-in-various-materials\\\/\",\"name\":\"Vissage direct dans diff\u00e9rents mat\u00e9riaux - b&amp;m Homepage\",\"isPartOf\":{\"@id\":\"https:\\\/\\\/www.baier-michels.com\\\/fr\\\/#website\"},\"datePublished\":\"2023-07-24T23:00:00+00:00\",\"dateModified\":\"2024-11-26T12:12:28+00:00\",\"description\":\"With direct screwing systems, which can be used with various materials, existing screws can be replaced and thus the diversity of parts reduced.\",\"breadcrumb\":{\"@id\":\"https:\\\/\\\/www.baier-michels.com\\\/fr\\\/products\\\/direct-screwing-in-various-materials\\\/#breadcrumb\"},\"inLanguage\":\"fr-FR\",\"potentialAction\":[{\"@type\":\"ReadAction\",\"target\":[\"https:\\\/\\\/www.baier-michels.com\\\/fr\\\/products\\\/direct-screwing-in-various-materials\\\/\"]}]},{\"@type\":\"BreadcrumbList\",\"@id\":\"https:\\\/\\\/www.baier-michels.com\\\/fr\\\/products\\\/direct-screwing-in-various-materials\\\/#breadcrumb\",\"itemListElement\":[{\"@type\":\"ListItem\",\"position\":1,\"name\":\"Startseite\",\"item\":\"https:\\\/\\\/www.baier-michels.com\\\/fr\\\/\"},{\"@type\":\"ListItem\",\"position\":2,\"name\":\"Produits\",\"item\":\"https:\\\/\\\/www.baier-michels.com\\\/fr\\\/products\\\/\"},{\"@type\":\"ListItem\",\"position\":3,\"name\":\"Vissage direct dans diff\u00e9rents mat\u00e9riaux\"}]},{\"@type\":\"WebSite\",\"@id\":\"https:\\\/\\\/www.baier-michels.com\\\/fr\\\/#website\",\"url\":\"https:\\\/\\\/www.baier-michels.com\\\/fr\\\/\",\"name\":\"b&m\",\"description\":\"baier&amp;michels Gmbh &amp; Co KG\",\"publisher\":{\"@id\":\"https:\\\/\\\/www.baier-michels.com\\\/fr\\\/#organization\"},\"potentialAction\":[{\"@type\":\"SearchAction\",\"target\":{\"@type\":\"EntryPoint\",\"urlTemplate\":\"https:\\\/\\\/www.baier-michels.com\\\/fr\\\/?s={search_term_string}\"},\"query-input\":{\"@type\":\"PropertyValueSpecification\",\"valueRequired\":true,\"valueName\":\"search_term_string\"}}],\"inLanguage\":\"fr-FR\"},{\"@type\":\"Organization\",\"@id\":\"https:\\\/\\\/www.baier-michels.com\\\/fr\\\/#organization\",\"name\":\"baier & michels GmbH & Co KG\",\"url\":\"https:\\\/\\\/www.baier-michels.com\\\/fr\\\/\",\"logo\":{\"@type\":\"ImageObject\",\"inLanguage\":\"fr-FR\",\"@id\":\"https:\\\/\\\/www.baier-michels.com\\\/fr\\\/#\\\/schema\\\/logo\\\/image\\\/\",\"url\":\"\",\"contentUrl\":\"\",\"caption\":\"baier & michels GmbH & Co KG\"},\"image\":{\"@id\":\"https:\\\/\\\/www.baier-michels.com\\\/fr\\\/#\\\/schema\\\/logo\\\/image\\\/\"},\"sameAs\":[\"https:\\\/\\\/www.linkedin.com\\\/company\\\/baier-michels\\\/?viewAsMember=true\",\"https:\\\/\\\/www.youtube.com\\\/channel\\\/UCdBWm_HCAtCjxiFZWloFYGw?view_as=subscriber\"]}]}<\/script>\n<!-- \/ Yoast SEO plugin. -->","yoast_head_json":{"title":"Vissage direct dans diff\u00e9rents mat\u00e9riaux - b&amp;m Homepage","description":"With direct screwing systems, which can be used with various materials, existing screws can be replaced and thus the diversity of parts reduced.","robots":{"index":"index","follow":"follow","max-snippet":"max-snippet:-1","max-image-preview":"max-image-preview:large","max-video-preview":"max-video-preview:-1"},"canonical":"https:\/\/www.baier-michels.com\/fr\/products\/direct-screwing-in-various-materials\/","og_locale":"fr_FR","og_type":"article","og_title":"Vissage direct dans diff\u00e9rents mat\u00e9riaux - b&amp;m Homepage","og_description":"With direct screwing systems, which can be used with various materials, existing screws can be replaced and thus the diversity of parts reduced.","og_url":"https:\/\/www.baier-michels.com\/fr\/products\/direct-screwing-in-various-materials\/","og_site_name":"b&amp;m Homepage","article_modified_time":"2024-11-26T12:12:28+00:00","twitter_card":"summary_large_image","twitter_misc":{"Dur\u00e9e de lecture estim\u00e9e":"1 minute"},"schema":{"@context":"https:\/\/schema.org","@graph":[{"@type":"WebPage","@id":"https:\/\/www.baier-michels.com\/fr\/products\/direct-screwing-in-various-materials\/","url":"https:\/\/www.baier-michels.com\/fr\/products\/direct-screwing-in-various-materials\/","name":"Vissage direct dans diff\u00e9rents mat\u00e9riaux - b&amp;m Homepage","isPartOf":{"@id":"https:\/\/www.baier-michels.com\/fr\/#website"},"datePublished":"2023-07-24T23:00:00+00:00","dateModified":"2024-11-26T12:12:28+00:00","description":"With direct screwing systems, which can be used with various materials, existing screws can be replaced and thus the diversity of parts reduced.","breadcrumb":{"@id":"https:\/\/www.baier-michels.com\/fr\/products\/direct-screwing-in-various-materials\/#breadcrumb"},"inLanguage":"fr-FR","potentialAction":[{"@type":"ReadAction","target":["https:\/\/www.baier-michels.com\/fr\/products\/direct-screwing-in-various-materials\/"]}]},{"@type":"BreadcrumbList","@id":"https:\/\/www.baier-michels.com\/fr\/products\/direct-screwing-in-various-materials\/#breadcrumb","itemListElement":[{"@type":"ListItem","position":1,"name":"Startseite","item":"https:\/\/www.baier-michels.com\/fr\/"},{"@type":"ListItem","position":2,"name":"Produits","item":"https:\/\/www.baier-michels.com\/fr\/products\/"},{"@type":"ListItem","position":3,"name":"Vissage direct dans diff\u00e9rents mat\u00e9riaux"}]},{"@type":"WebSite","@id":"https:\/\/www.baier-michels.com\/fr\/#website","url":"https:\/\/www.baier-michels.com\/fr\/","name":"b&m","description":"baier&amp;michels Gmbh &amp; Co KG","publisher":{"@id":"https:\/\/www.baier-michels.com\/fr\/#organization"},"potentialAction":[{"@type":"SearchAction","target":{"@type":"EntryPoint","urlTemplate":"https:\/\/www.baier-michels.com\/fr\/?s={search_term_string}"},"query-input":{"@type":"PropertyValueSpecification","valueRequired":true,"valueName":"search_term_string"}}],"inLanguage":"fr-FR"},{"@type":"Organization","@id":"https:\/\/www.baier-michels.com\/fr\/#organization","name":"baier & michels GmbH & Co KG","url":"https:\/\/www.baier-michels.com\/fr\/","logo":{"@type":"ImageObject","inLanguage":"fr-FR","@id":"https:\/\/www.baier-michels.com\/fr\/#\/schema\/logo\/image\/","url":"","contentUrl":"","caption":"baier & michels GmbH & Co KG"},"image":{"@id":"https:\/\/www.baier-michels.com\/fr\/#\/schema\/logo\/image\/"},"sameAs":["https:\/\/www.linkedin.com\/company\/baier-michels\/?viewAsMember=true","https:\/\/www.youtube.com\/channel\/UCdBWm_HCAtCjxiFZWloFYGw?view_as=subscriber"]}]}},"_links":{"self":[{"href":"https:\/\/www.baier-michels.com\/fr\/wp-json\/wp\/v2\/pages\/12928","targetHints":{"allow":["GET"]}}],"collection":[{"href":"https:\/\/www.baier-michels.com\/fr\/wp-json\/wp\/v2\/pages"}],"about":[{"href":"https:\/\/www.baier-michels.com\/fr\/wp-json\/wp\/v2\/types\/page"}],"author":[{"embeddable":true,"href":"https:\/\/www.baier-michels.com\/fr\/wp-json\/wp\/v2\/users\/1"}],"replies":[{"embeddable":true,"href":"https:\/\/www.baier-michels.com\/fr\/wp-json\/wp\/v2\/comments?post=12928"}],"version-history":[{"count":1,"href":"https:\/\/www.baier-michels.com\/fr\/wp-json\/wp\/v2\/pages\/12928\/revisions"}],"predecessor-version":[{"id":14830,"href":"https:\/\/www.baier-michels.com\/fr\/wp-json\/wp\/v2\/pages\/12928\/revisions\/14830"}],"up":[{"embeddable":true,"href":"https:\/\/www.baier-michels.com\/fr\/wp-json\/wp\/v2\/pages\/12893"}],"wp:attachment":[{"href":"https:\/\/www.baier-michels.com\/fr\/wp-json\/wp\/v2\/media?parent=12928"}],"wp:term":[{"taxonomy":"category","embeddable":true,"href":"https:\/\/www.baier-michels.com\/fr\/wp-json\/wp\/v2\/categories?post=12928"}],"curies":[{"name":"wp","href":"https:\/\/api.w.org\/{rel}","templated":true}]}}