{"id":12933,"date":"2023-07-25T00:00:00","date_gmt":"2023-07-24T23:00:00","guid":{"rendered":"http:\/\/dev.baier-michels.local\/services\/logistics-4-0\/"},"modified":"2024-11-25T15:38:47","modified_gmt":"2024-11-25T14:38:47","slug":"logistics-4-0","status":"publish","type":"page","link":"https:\/\/www.baier-michels.com\/fr\/services\/logistics-4-0\/","title":{"rendered":"Logistique 4.0"},"content":{"rendered":"\n<p>Avec Logistique 4.0, nous favorisons l\u2019efficience et l\u2019efficacit\u00e9 gr\u00e2ce \u00e0 la transparence, l\u2019automatisation et le regroupement sous forme de vitesse de processus, r\u00e9duction des erreurs et \u00e9conomies de co\u00fbts.<\/p>\n\n\n\n<p>Nous d\u00e9finissons Logistique 4.0 comme l&rsquo;int\u00e9gration et l\u2019interaction des processus et informations tout au long de la cha\u00eene logistique. Nous y parvenons gr\u00e2ce \u00e0 des technologies d&rsquo;information et de communication modernes avec des structures de prise de d\u00e9cision d\u00e9centralis\u00e9es. Nous utilisons des \u00e9tiquettes intelligentes tout au long de la chaine logistique pour identifier et contr\u00f4ler les marchandises \u00e0 l\u2019aide des derni\u00e8res technologies comme RFID. Dans la logistique de stockage et de transport, nous utilisons l\u2019acquisition des donn\u00e9es mobile (MDA) et les syst\u00e8mes de transport autonomes et partageons ces technologies avec nos clients.<\/p>\n","protected":false},"excerpt":{"rendered":"<p>Avec Logistique 4.0, nous favorisons l\u2019efficience et l\u2019efficacit\u00e9 gr\u00e2ce \u00e0 la transparence, l\u2019automatisation et le regroupement sous forme de vitesse de processus, r\u00e9duction des erreurs et \u00e9conomies de co\u00fbts. Nous d\u00e9finissons Logistique 4.0 comme l&rsquo;int\u00e9gration et l\u2019interaction des processus et informations tout au long de la cha\u00eene logistique. Nous y parvenons gr\u00e2ce \u00e0 des technologies [&hellip;]<\/p>\n","protected":false},"author":1,"featured_media":0,"parent":12894,"menu_order":4,"comment_status":"closed","ping_status":"closed","template":"template_page_e2_nolink.php","meta":{"_acf_changed":false,"footnotes":""},"categories":[],"class_list":["post-12933","page","type-page","status-publish","hentry"],"acf":[],"yoast_head":"<!-- This site is optimized with the Yoast SEO plugin v27.3 - https:\/\/yoast.com\/product\/yoast-seo-wordpress\/ -->\n<title>Logistique 4.0 - b&amp;m Homepage<\/title>\n<meta name=\"description\" content=\"With delivery systems, labels, packaging solutions and technologies such as EDI and RFID, we support you logistically in the procurement of\u2026\" \/>\n<meta name=\"robots\" content=\"index, follow, max-snippet:-1, max-image-preview:large, max-video-preview:-1\" \/>\n<link rel=\"canonical\" href=\"https:\/\/www.baier-michels.com\/fr\/services\/logistics-4-0\/\" \/>\n<meta property=\"og:locale\" content=\"fr_FR\" \/>\n<meta property=\"og:type\" content=\"article\" \/>\n<meta property=\"og:title\" content=\"Logistique 4.0 - b&amp;m Homepage\" \/>\n<meta property=\"og:description\" content=\"With delivery systems, labels, packaging solutions and technologies such as EDI and RFID, we support you logistically in the procurement of\u2026\" \/>\n<meta property=\"og:url\" content=\"https:\/\/www.baier-michels.com\/fr\/services\/logistics-4-0\/\" \/>\n<meta property=\"og:site_name\" content=\"b&amp;m Homepage\" \/>\n<meta property=\"article:modified_time\" content=\"2024-11-25T14:38:47+00:00\" \/>\n<meta name=\"twitter:card\" content=\"summary_large_image\" \/>\n<meta name=\"twitter:label1\" content=\"Dur\u00e9e de lecture estim\u00e9e\" \/>\n\t<meta name=\"twitter:data1\" content=\"1 minute\" \/>\n<script type=\"application\/ld+json\" class=\"yoast-schema-graph\">{\"@context\":\"https:\\\/\\\/schema.org\",\"@graph\":[{\"@type\":\"WebPage\",\"@id\":\"https:\\\/\\\/www.baier-michels.com\\\/fr\\\/services\\\/logistics-4-0\\\/\",\"url\":\"https:\\\/\\\/www.baier-michels.com\\\/fr\\\/services\\\/logistics-4-0\\\/\",\"name\":\"Logistique 4.0 - b&amp;m Homepage\",\"isPartOf\":{\"@id\":\"https:\\\/\\\/www.baier-michels.com\\\/fr\\\/#website\"},\"datePublished\":\"2023-07-24T23:00:00+00:00\",\"dateModified\":\"2024-11-25T14:38:47+00:00\",\"description\":\"With delivery systems, labels, packaging solutions and technologies such as EDI and RFID, we support you logistically in the procurement of\u2026\",\"breadcrumb\":{\"@id\":\"https:\\\/\\\/www.baier-michels.com\\\/fr\\\/services\\\/logistics-4-0\\\/#breadcrumb\"},\"inLanguage\":\"fr-FR\",\"potentialAction\":[{\"@type\":\"ReadAction\",\"target\":[\"https:\\\/\\\/www.baier-michels.com\\\/fr\\\/services\\\/logistics-4-0\\\/\"]}]},{\"@type\":\"BreadcrumbList\",\"@id\":\"https:\\\/\\\/www.baier-michels.com\\\/fr\\\/services\\\/logistics-4-0\\\/#breadcrumb\",\"itemListElement\":[{\"@type\":\"ListItem\",\"position\":1,\"name\":\"Startseite\",\"item\":\"https:\\\/\\\/www.baier-michels.com\\\/fr\\\/\"},{\"@type\":\"ListItem\",\"position\":2,\"name\":\"Services\",\"item\":\"https:\\\/\\\/www.baier-michels.com\\\/fr\\\/services\\\/\"},{\"@type\":\"ListItem\",\"position\":3,\"name\":\"Logistique 4.0\"}]},{\"@type\":\"WebSite\",\"@id\":\"https:\\\/\\\/www.baier-michels.com\\\/fr\\\/#website\",\"url\":\"https:\\\/\\\/www.baier-michels.com\\\/fr\\\/\",\"name\":\"b&m\",\"description\":\"baier&amp;michels Gmbh &amp; Co KG\",\"publisher\":{\"@id\":\"https:\\\/\\\/www.baier-michels.com\\\/fr\\\/#organization\"},\"potentialAction\":[{\"@type\":\"SearchAction\",\"target\":{\"@type\":\"EntryPoint\",\"urlTemplate\":\"https:\\\/\\\/www.baier-michels.com\\\/fr\\\/?s={search_term_string}\"},\"query-input\":{\"@type\":\"PropertyValueSpecification\",\"valueRequired\":true,\"valueName\":\"search_term_string\"}}],\"inLanguage\":\"fr-FR\"},{\"@type\":\"Organization\",\"@id\":\"https:\\\/\\\/www.baier-michels.com\\\/fr\\\/#organization\",\"name\":\"baier & michels GmbH & Co KG\",\"url\":\"https:\\\/\\\/www.baier-michels.com\\\/fr\\\/\",\"logo\":{\"@type\":\"ImageObject\",\"inLanguage\":\"fr-FR\",\"@id\":\"https:\\\/\\\/www.baier-michels.com\\\/fr\\\/#\\\/schema\\\/logo\\\/image\\\/\",\"url\":\"\",\"contentUrl\":\"\",\"caption\":\"baier & michels GmbH & Co KG\"},\"image\":{\"@id\":\"https:\\\/\\\/www.baier-michels.com\\\/fr\\\/#\\\/schema\\\/logo\\\/image\\\/\"},\"sameAs\":[\"https:\\\/\\\/www.linkedin.com\\\/company\\\/baier-michels\\\/?viewAsMember=true\",\"https:\\\/\\\/www.youtube.com\\\/channel\\\/UCdBWm_HCAtCjxiFZWloFYGw?view_as=subscriber\"]}]}<\/script>\n<!-- \/ Yoast SEO plugin. -->","yoast_head_json":{"title":"Logistique 4.0 - b&amp;m Homepage","description":"With delivery systems, labels, packaging solutions and technologies such as EDI and RFID, we support you logistically in the procurement of\u2026","robots":{"index":"index","follow":"follow","max-snippet":"max-snippet:-1","max-image-preview":"max-image-preview:large","max-video-preview":"max-video-preview:-1"},"canonical":"https:\/\/www.baier-michels.com\/fr\/services\/logistics-4-0\/","og_locale":"fr_FR","og_type":"article","og_title":"Logistique 4.0 - b&amp;m Homepage","og_description":"With delivery systems, labels, packaging solutions and technologies such as EDI and RFID, we support you logistically in the procurement of\u2026","og_url":"https:\/\/www.baier-michels.com\/fr\/services\/logistics-4-0\/","og_site_name":"b&amp;m Homepage","article_modified_time":"2024-11-25T14:38:47+00:00","twitter_card":"summary_large_image","twitter_misc":{"Dur\u00e9e de lecture estim\u00e9e":"1 minute"},"schema":{"@context":"https:\/\/schema.org","@graph":[{"@type":"WebPage","@id":"https:\/\/www.baier-michels.com\/fr\/services\/logistics-4-0\/","url":"https:\/\/www.baier-michels.com\/fr\/services\/logistics-4-0\/","name":"Logistique 4.0 - b&amp;m Homepage","isPartOf":{"@id":"https:\/\/www.baier-michels.com\/fr\/#website"},"datePublished":"2023-07-24T23:00:00+00:00","dateModified":"2024-11-25T14:38:47+00:00","description":"With delivery systems, labels, packaging solutions and technologies such as EDI and RFID, we support you logistically in the procurement of\u2026","breadcrumb":{"@id":"https:\/\/www.baier-michels.com\/fr\/services\/logistics-4-0\/#breadcrumb"},"inLanguage":"fr-FR","potentialAction":[{"@type":"ReadAction","target":["https:\/\/www.baier-michels.com\/fr\/services\/logistics-4-0\/"]}]},{"@type":"BreadcrumbList","@id":"https:\/\/www.baier-michels.com\/fr\/services\/logistics-4-0\/#breadcrumb","itemListElement":[{"@type":"ListItem","position":1,"name":"Startseite","item":"https:\/\/www.baier-michels.com\/fr\/"},{"@type":"ListItem","position":2,"name":"Services","item":"https:\/\/www.baier-michels.com\/fr\/services\/"},{"@type":"ListItem","position":3,"name":"Logistique 4.0"}]},{"@type":"WebSite","@id":"https:\/\/www.baier-michels.com\/fr\/#website","url":"https:\/\/www.baier-michels.com\/fr\/","name":"b&m","description":"baier&amp;michels Gmbh &amp; Co KG","publisher":{"@id":"https:\/\/www.baier-michels.com\/fr\/#organization"},"potentialAction":[{"@type":"SearchAction","target":{"@type":"EntryPoint","urlTemplate":"https:\/\/www.baier-michels.com\/fr\/?s={search_term_string}"},"query-input":{"@type":"PropertyValueSpecification","valueRequired":true,"valueName":"search_term_string"}}],"inLanguage":"fr-FR"},{"@type":"Organization","@id":"https:\/\/www.baier-michels.com\/fr\/#organization","name":"baier & michels GmbH & Co KG","url":"https:\/\/www.baier-michels.com\/fr\/","logo":{"@type":"ImageObject","inLanguage":"fr-FR","@id":"https:\/\/www.baier-michels.com\/fr\/#\/schema\/logo\/image\/","url":"","contentUrl":"","caption":"baier & michels GmbH & Co KG"},"image":{"@id":"https:\/\/www.baier-michels.com\/fr\/#\/schema\/logo\/image\/"},"sameAs":["https:\/\/www.linkedin.com\/company\/baier-michels\/?viewAsMember=true","https:\/\/www.youtube.com\/channel\/UCdBWm_HCAtCjxiFZWloFYGw?view_as=subscriber"]}]}},"_links":{"self":[{"href":"https:\/\/www.baier-michels.com\/fr\/wp-json\/wp\/v2\/pages\/12933","targetHints":{"allow":["GET"]}}],"collection":[{"href":"https:\/\/www.baier-michels.com\/fr\/wp-json\/wp\/v2\/pages"}],"about":[{"href":"https:\/\/www.baier-michels.com\/fr\/wp-json\/wp\/v2\/types\/page"}],"author":[{"embeddable":true,"href":"https:\/\/www.baier-michels.com\/fr\/wp-json\/wp\/v2\/users\/1"}],"replies":[{"embeddable":true,"href":"https:\/\/www.baier-michels.com\/fr\/wp-json\/wp\/v2\/comments?post=12933"}],"version-history":[{"count":1,"href":"https:\/\/www.baier-michels.com\/fr\/wp-json\/wp\/v2\/pages\/12933\/revisions"}],"predecessor-version":[{"id":14791,"href":"https:\/\/www.baier-michels.com\/fr\/wp-json\/wp\/v2\/pages\/12933\/revisions\/14791"}],"up":[{"embeddable":true,"href":"https:\/\/www.baier-michels.com\/fr\/wp-json\/wp\/v2\/pages\/12894"}],"wp:attachment":[{"href":"https:\/\/www.baier-michels.com\/fr\/wp-json\/wp\/v2\/media?parent=12933"}],"wp:term":[{"taxonomy":"category","embeddable":true,"href":"https:\/\/www.baier-michels.com\/fr\/wp-json\/wp\/v2\/categories?post=12933"}],"curies":[{"name":"wp","href":"https:\/\/api.w.org\/{rel}","templated":true}]}}