{"id":12935,"date":"2023-07-25T00:00:00","date_gmt":"2023-07-24T23:00:00","guid":{"rendered":"http:\/\/dev.baier-michels.local\/services\/quality\/"},"modified":"2024-11-25T15:27:02","modified_gmt":"2024-11-25T14:27:02","slug":"quality","status":"publish","type":"page","link":"https:\/\/www.baier-michels.com\/fr\/services\/quality\/","title":{"rendered":"Qualit\u00e9"},"content":{"rendered":"\n<p>Les exigences des clients sont la r\u00e9f\u00e9rence pour la qualit\u00e9 de nos produits et services. L&rsquo;utilisation et la commercialisation de nos produits au niveau mondial n\u00e9cessitent la maintenance r\u00e9guli\u00e8re et le d\u00e9veloppement continu d&rsquo;un haut niveau de qualit\u00e9.<\/p>\n\n\n\n<p>Nous y parvenons gr\u00e2ce \u00e0 un syst\u00e8me de gestion de la qualit\u00e9 et de l\u2019environnement syst\u00e9matique, standardis\u00e9 et certifi\u00e9 au niveau international conform\u00e9ment aux normes DIN EN ISO 9001:2015, IATF 16949 et DIN EN ISO 14001:2015, qui v\u00e9rifie en continu les r\u00e9sultats, les compare avec les objectifs et applique les am\u00e9liorations (PDCA). Outre l&rsquo;optimisation continue des produits et processus, cela inclut notamment la qualification et formation continue de nos collaborateurs.<\/p>\n\n\n\n<p>Nous analysons syst\u00e9matiquement les causes d\u2019erreur et les \u00e9liminons efficacement et durablement. \u00c0 cet effet, nos sp\u00e9cialistes form\u00e9s disposent de m\u00e9thodes de mesure et de test ultra-modernes et d&rsquo;un syst\u00e8me CAQ moderne, appliqu\u00e9 dans l\u2019ensemble du groupe b&amp;m.<\/p>\n","protected":false},"excerpt":{"rendered":"<p>Les exigences des clients sont la r\u00e9f\u00e9rence pour la qualit\u00e9 de nos produits et services. L&rsquo;utilisation et la commercialisation de nos produits au niveau mondial n\u00e9cessitent la maintenance r\u00e9guli\u00e8re et le d\u00e9veloppement continu d&rsquo;un haut niveau de qualit\u00e9. Nous y parvenons gr\u00e2ce \u00e0 un syst\u00e8me de gestion de la qualit\u00e9 et de l\u2019environnement syst\u00e9matique, standardis\u00e9 [&hellip;]<\/p>\n","protected":false},"author":1,"featured_media":0,"parent":12894,"menu_order":3,"comment_status":"closed","ping_status":"closed","template":"template_page_e2_nolink.php","meta":{"_acf_changed":false,"footnotes":""},"categories":[],"class_list":["post-12935","page","type-page","status-publish","hentry"],"acf":[],"yoast_head":"<!-- This site is optimized with the Yoast SEO plugin v27.3 - https:\/\/yoast.com\/product\/yoast-seo-wordpress\/ -->\n<title>Qualit\u00e9 - b&amp;m Homepage<\/title>\n<meta name=\"description\" content=\"Quality is the connecting element between b&amp;m and our customers. With Quality Administration, Quality Planning, Quality Control und Quality Engineering\u2026\" \/>\n<meta name=\"robots\" content=\"index, follow, max-snippet:-1, max-image-preview:large, max-video-preview:-1\" \/>\n<link rel=\"canonical\" href=\"https:\/\/www.baier-michels.com\/fr\/services\/quality\/\" \/>\n<meta property=\"og:locale\" content=\"fr_FR\" \/>\n<meta property=\"og:type\" content=\"article\" \/>\n<meta property=\"og:title\" content=\"Qualit\u00e9 - b&amp;m Homepage\" \/>\n<meta property=\"og:description\" content=\"Quality is the connecting element between b&amp;m and our customers. With Quality Administration, Quality Planning, Quality Control und Quality Engineering\u2026\" \/>\n<meta property=\"og:url\" content=\"https:\/\/www.baier-michels.com\/fr\/services\/quality\/\" \/>\n<meta property=\"og:site_name\" content=\"b&amp;m Homepage\" \/>\n<meta property=\"article:modified_time\" content=\"2024-11-25T14:27:02+00:00\" \/>\n<meta name=\"twitter:card\" content=\"summary_large_image\" \/>\n<meta name=\"twitter:label1\" content=\"Dur\u00e9e de lecture estim\u00e9e\" \/>\n\t<meta name=\"twitter:data1\" content=\"1 minute\" \/>\n<script type=\"application\/ld+json\" class=\"yoast-schema-graph\">{\"@context\":\"https:\\\/\\\/schema.org\",\"@graph\":[{\"@type\":\"WebPage\",\"@id\":\"https:\\\/\\\/www.baier-michels.com\\\/fr\\\/services\\\/quality\\\/\",\"url\":\"https:\\\/\\\/www.baier-michels.com\\\/fr\\\/services\\\/quality\\\/\",\"name\":\"Qualit\u00e9 - b&amp;m Homepage\",\"isPartOf\":{\"@id\":\"https:\\\/\\\/www.baier-michels.com\\\/fr\\\/#website\"},\"datePublished\":\"2023-07-24T23:00:00+00:00\",\"dateModified\":\"2024-11-25T14:27:02+00:00\",\"description\":\"Quality is the connecting element between b&m and our customers. With Quality Administration, Quality Planning, Quality Control und Quality Engineering\u2026\",\"breadcrumb\":{\"@id\":\"https:\\\/\\\/www.baier-michels.com\\\/fr\\\/services\\\/quality\\\/#breadcrumb\"},\"inLanguage\":\"fr-FR\",\"potentialAction\":[{\"@type\":\"ReadAction\",\"target\":[\"https:\\\/\\\/www.baier-michels.com\\\/fr\\\/services\\\/quality\\\/\"]}]},{\"@type\":\"BreadcrumbList\",\"@id\":\"https:\\\/\\\/www.baier-michels.com\\\/fr\\\/services\\\/quality\\\/#breadcrumb\",\"itemListElement\":[{\"@type\":\"ListItem\",\"position\":1,\"name\":\"Startseite\",\"item\":\"https:\\\/\\\/www.baier-michels.com\\\/fr\\\/\"},{\"@type\":\"ListItem\",\"position\":2,\"name\":\"Services\",\"item\":\"https:\\\/\\\/www.baier-michels.com\\\/fr\\\/services\\\/\"},{\"@type\":\"ListItem\",\"position\":3,\"name\":\"Qualit\u00e9\"}]},{\"@type\":\"WebSite\",\"@id\":\"https:\\\/\\\/www.baier-michels.com\\\/fr\\\/#website\",\"url\":\"https:\\\/\\\/www.baier-michels.com\\\/fr\\\/\",\"name\":\"b&m\",\"description\":\"baier&amp;michels Gmbh &amp; Co KG\",\"publisher\":{\"@id\":\"https:\\\/\\\/www.baier-michels.com\\\/fr\\\/#organization\"},\"potentialAction\":[{\"@type\":\"SearchAction\",\"target\":{\"@type\":\"EntryPoint\",\"urlTemplate\":\"https:\\\/\\\/www.baier-michels.com\\\/fr\\\/?s={search_term_string}\"},\"query-input\":{\"@type\":\"PropertyValueSpecification\",\"valueRequired\":true,\"valueName\":\"search_term_string\"}}],\"inLanguage\":\"fr-FR\"},{\"@type\":\"Organization\",\"@id\":\"https:\\\/\\\/www.baier-michels.com\\\/fr\\\/#organization\",\"name\":\"baier & michels GmbH & Co KG\",\"url\":\"https:\\\/\\\/www.baier-michels.com\\\/fr\\\/\",\"logo\":{\"@type\":\"ImageObject\",\"inLanguage\":\"fr-FR\",\"@id\":\"https:\\\/\\\/www.baier-michels.com\\\/fr\\\/#\\\/schema\\\/logo\\\/image\\\/\",\"url\":\"\",\"contentUrl\":\"\",\"caption\":\"baier & michels GmbH & Co KG\"},\"image\":{\"@id\":\"https:\\\/\\\/www.baier-michels.com\\\/fr\\\/#\\\/schema\\\/logo\\\/image\\\/\"},\"sameAs\":[\"https:\\\/\\\/www.linkedin.com\\\/company\\\/baier-michels\\\/?viewAsMember=true\",\"https:\\\/\\\/www.youtube.com\\\/channel\\\/UCdBWm_HCAtCjxiFZWloFYGw?view_as=subscriber\"]}]}<\/script>\n<!-- \/ Yoast SEO plugin. -->","yoast_head_json":{"title":"Qualit\u00e9 - b&amp;m Homepage","description":"Quality is the connecting element between b&m and our customers. With Quality Administration, Quality Planning, Quality Control und Quality Engineering\u2026","robots":{"index":"index","follow":"follow","max-snippet":"max-snippet:-1","max-image-preview":"max-image-preview:large","max-video-preview":"max-video-preview:-1"},"canonical":"https:\/\/www.baier-michels.com\/fr\/services\/quality\/","og_locale":"fr_FR","og_type":"article","og_title":"Qualit\u00e9 - b&amp;m Homepage","og_description":"Quality is the connecting element between b&m and our customers. With Quality Administration, Quality Planning, Quality Control und Quality Engineering\u2026","og_url":"https:\/\/www.baier-michels.com\/fr\/services\/quality\/","og_site_name":"b&amp;m Homepage","article_modified_time":"2024-11-25T14:27:02+00:00","twitter_card":"summary_large_image","twitter_misc":{"Dur\u00e9e de lecture estim\u00e9e":"1 minute"},"schema":{"@context":"https:\/\/schema.org","@graph":[{"@type":"WebPage","@id":"https:\/\/www.baier-michels.com\/fr\/services\/quality\/","url":"https:\/\/www.baier-michels.com\/fr\/services\/quality\/","name":"Qualit\u00e9 - b&amp;m Homepage","isPartOf":{"@id":"https:\/\/www.baier-michels.com\/fr\/#website"},"datePublished":"2023-07-24T23:00:00+00:00","dateModified":"2024-11-25T14:27:02+00:00","description":"Quality is the connecting element between b&m and our customers. With Quality Administration, Quality Planning, Quality Control und Quality Engineering\u2026","breadcrumb":{"@id":"https:\/\/www.baier-michels.com\/fr\/services\/quality\/#breadcrumb"},"inLanguage":"fr-FR","potentialAction":[{"@type":"ReadAction","target":["https:\/\/www.baier-michels.com\/fr\/services\/quality\/"]}]},{"@type":"BreadcrumbList","@id":"https:\/\/www.baier-michels.com\/fr\/services\/quality\/#breadcrumb","itemListElement":[{"@type":"ListItem","position":1,"name":"Startseite","item":"https:\/\/www.baier-michels.com\/fr\/"},{"@type":"ListItem","position":2,"name":"Services","item":"https:\/\/www.baier-michels.com\/fr\/services\/"},{"@type":"ListItem","position":3,"name":"Qualit\u00e9"}]},{"@type":"WebSite","@id":"https:\/\/www.baier-michels.com\/fr\/#website","url":"https:\/\/www.baier-michels.com\/fr\/","name":"b&m","description":"baier&amp;michels Gmbh &amp; Co KG","publisher":{"@id":"https:\/\/www.baier-michels.com\/fr\/#organization"},"potentialAction":[{"@type":"SearchAction","target":{"@type":"EntryPoint","urlTemplate":"https:\/\/www.baier-michels.com\/fr\/?s={search_term_string}"},"query-input":{"@type":"PropertyValueSpecification","valueRequired":true,"valueName":"search_term_string"}}],"inLanguage":"fr-FR"},{"@type":"Organization","@id":"https:\/\/www.baier-michels.com\/fr\/#organization","name":"baier & michels GmbH & Co KG","url":"https:\/\/www.baier-michels.com\/fr\/","logo":{"@type":"ImageObject","inLanguage":"fr-FR","@id":"https:\/\/www.baier-michels.com\/fr\/#\/schema\/logo\/image\/","url":"","contentUrl":"","caption":"baier & michels GmbH & Co KG"},"image":{"@id":"https:\/\/www.baier-michels.com\/fr\/#\/schema\/logo\/image\/"},"sameAs":["https:\/\/www.linkedin.com\/company\/baier-michels\/?viewAsMember=true","https:\/\/www.youtube.com\/channel\/UCdBWm_HCAtCjxiFZWloFYGw?view_as=subscriber"]}]}},"_links":{"self":[{"href":"https:\/\/www.baier-michels.com\/fr\/wp-json\/wp\/v2\/pages\/12935","targetHints":{"allow":["GET"]}}],"collection":[{"href":"https:\/\/www.baier-michels.com\/fr\/wp-json\/wp\/v2\/pages"}],"about":[{"href":"https:\/\/www.baier-michels.com\/fr\/wp-json\/wp\/v2\/types\/page"}],"author":[{"embeddable":true,"href":"https:\/\/www.baier-michels.com\/fr\/wp-json\/wp\/v2\/users\/1"}],"replies":[{"embeddable":true,"href":"https:\/\/www.baier-michels.com\/fr\/wp-json\/wp\/v2\/comments?post=12935"}],"version-history":[{"count":1,"href":"https:\/\/www.baier-michels.com\/fr\/wp-json\/wp\/v2\/pages\/12935\/revisions"}],"predecessor-version":[{"id":14784,"href":"https:\/\/www.baier-michels.com\/fr\/wp-json\/wp\/v2\/pages\/12935\/revisions\/14784"}],"up":[{"embeddable":true,"href":"https:\/\/www.baier-michels.com\/fr\/wp-json\/wp\/v2\/pages\/12894"}],"wp:attachment":[{"href":"https:\/\/www.baier-michels.com\/fr\/wp-json\/wp\/v2\/media?parent=12935"}],"wp:term":[{"taxonomy":"category","embeddable":true,"href":"https:\/\/www.baier-michels.com\/fr\/wp-json\/wp\/v2\/categories?post=12935"}],"curies":[{"name":"wp","href":"https:\/\/api.w.org\/{rel}","templated":true}]}}