{"id":12942,"date":"2023-07-25T00:00:00","date_gmt":"2023-07-24T23:00:00","guid":{"rendered":"http:\/\/dev.baier-michels.local\/market-sectors\/automation-and-sensor-technology\/"},"modified":"2024-12-10T14:10:44","modified_gmt":"2024-12-10T13:10:44","slug":"automation-and-sensor-technology","status":"publish","type":"page","link":"https:\/\/www.baier-michels.com\/fr\/market-sectors\/automation-and-sensor-technology\/","title":{"rendered":"Automatisation et syst\u00e8mes de capteurs"},"content":{"rendered":"\n<p>Les lignes de production modernes et efficaces incluent un haut niveau d\u2019automatisation. Des technologies innovantes et des solutions de fixation pr\u00e9cises sont requises pour des espaces tr\u00e8s confin\u00e9s.<\/p>\n\n\n\n<p>Vous recherchez la bonne solution de fixation pour votre application&nbsp;?<br>Il vous suffit de cliquer sur l\u2019application souhait\u00e9e pour en savoir plus.<\/p>\n","protected":false},"excerpt":{"rendered":"<p>Les lignes de production modernes et efficaces incluent un haut niveau d\u2019automatisation. Des technologies innovantes et des solutions de fixation pr\u00e9cises sont requises pour des espaces tr\u00e8s confin\u00e9s. Vous recherchez la bonne solution de fixation pour votre application&nbsp;?Il vous suffit de cliquer sur l\u2019application souhait\u00e9e pour en savoir plus.<\/p>\n","protected":false},"author":1,"featured_media":0,"parent":12936,"menu_order":6,"comment_status":"closed","ping_status":"closed","template":"template_page_e2.php","meta":{"_acf_changed":false,"footnotes":""},"categories":[],"class_list":["post-12942","page","type-page","status-publish","hentry"],"acf":[],"yoast_head":"<!-- This site is optimized with the Yoast SEO plugin v27.3 - https:\/\/yoast.com\/product\/yoast-seo-wordpress\/ -->\n<title>Automatisation et syst\u00e8mes de capteurs - b&amp;m Homepage<\/title>\n<meta name=\"description\" content=\"Innovative fastening solutions in the automation and sensor technology\" \/>\n<meta name=\"robots\" content=\"index, follow, max-snippet:-1, max-image-preview:large, max-video-preview:-1\" \/>\n<link rel=\"canonical\" href=\"https:\/\/www.baier-michels.com\/fr\/market-sectors\/automation-and-sensor-technology\/\" \/>\n<meta property=\"og:locale\" content=\"fr_FR\" \/>\n<meta property=\"og:type\" content=\"article\" \/>\n<meta property=\"og:title\" content=\"Automatisation et syst\u00e8mes de capteurs - b&amp;m Homepage\" \/>\n<meta property=\"og:description\" content=\"Innovative fastening solutions in the automation and sensor technology\" \/>\n<meta property=\"og:url\" content=\"https:\/\/www.baier-michels.com\/fr\/market-sectors\/automation-and-sensor-technology\/\" \/>\n<meta property=\"og:site_name\" content=\"b&amp;m Homepage\" \/>\n<meta property=\"article:modified_time\" content=\"2024-12-10T13:10:44+00:00\" \/>\n<meta name=\"twitter:card\" content=\"summary_large_image\" \/>\n<meta name=\"twitter:label1\" content=\"Dur\u00e9e de lecture estim\u00e9e\" \/>\n\t<meta name=\"twitter:data1\" content=\"1 minute\" \/>\n<script type=\"application\/ld+json\" class=\"yoast-schema-graph\">{\"@context\":\"https:\\\/\\\/schema.org\",\"@graph\":[{\"@type\":\"WebPage\",\"@id\":\"https:\\\/\\\/www.baier-michels.com\\\/fr\\\/market-sectors\\\/automation-and-sensor-technology\\\/\",\"url\":\"https:\\\/\\\/www.baier-michels.com\\\/fr\\\/market-sectors\\\/automation-and-sensor-technology\\\/\",\"name\":\"Automatisation et syst\u00e8mes de capteurs - b&amp;m Homepage\",\"isPartOf\":{\"@id\":\"https:\\\/\\\/www.baier-michels.com\\\/fr\\\/#website\"},\"datePublished\":\"2023-07-24T23:00:00+00:00\",\"dateModified\":\"2024-12-10T13:10:44+00:00\",\"description\":\"Innovative fastening solutions in the automation and sensor technology\",\"breadcrumb\":{\"@id\":\"https:\\\/\\\/www.baier-michels.com\\\/fr\\\/market-sectors\\\/automation-and-sensor-technology\\\/#breadcrumb\"},\"inLanguage\":\"fr-FR\",\"potentialAction\":[{\"@type\":\"ReadAction\",\"target\":[\"https:\\\/\\\/www.baier-michels.com\\\/fr\\\/market-sectors\\\/automation-and-sensor-technology\\\/\"]}]},{\"@type\":\"BreadcrumbList\",\"@id\":\"https:\\\/\\\/www.baier-michels.com\\\/fr\\\/market-sectors\\\/automation-and-sensor-technology\\\/#breadcrumb\",\"itemListElement\":[{\"@type\":\"ListItem\",\"position\":1,\"name\":\"Startseite\",\"item\":\"https:\\\/\\\/www.baier-michels.com\\\/fr\\\/\"},{\"@type\":\"ListItem\",\"position\":2,\"name\":\"Secteurs d\u2019activit\u00e9\",\"item\":\"https:\\\/\\\/www.baier-michels.com\\\/fr\\\/market-sectors\\\/\"},{\"@type\":\"ListItem\",\"position\":3,\"name\":\"Automatisation et syst\u00e8mes de capteurs\"}]},{\"@type\":\"WebSite\",\"@id\":\"https:\\\/\\\/www.baier-michels.com\\\/fr\\\/#website\",\"url\":\"https:\\\/\\\/www.baier-michels.com\\\/fr\\\/\",\"name\":\"b&m\",\"description\":\"baier&amp;michels Gmbh &amp; Co KG\",\"publisher\":{\"@id\":\"https:\\\/\\\/www.baier-michels.com\\\/fr\\\/#organization\"},\"potentialAction\":[{\"@type\":\"SearchAction\",\"target\":{\"@type\":\"EntryPoint\",\"urlTemplate\":\"https:\\\/\\\/www.baier-michels.com\\\/fr\\\/?s={search_term_string}\"},\"query-input\":{\"@type\":\"PropertyValueSpecification\",\"valueRequired\":true,\"valueName\":\"search_term_string\"}}],\"inLanguage\":\"fr-FR\"},{\"@type\":\"Organization\",\"@id\":\"https:\\\/\\\/www.baier-michels.com\\\/fr\\\/#organization\",\"name\":\"baier & michels GmbH & Co KG\",\"url\":\"https:\\\/\\\/www.baier-michels.com\\\/fr\\\/\",\"logo\":{\"@type\":\"ImageObject\",\"inLanguage\":\"fr-FR\",\"@id\":\"https:\\\/\\\/www.baier-michels.com\\\/fr\\\/#\\\/schema\\\/logo\\\/image\\\/\",\"url\":\"\",\"contentUrl\":\"\",\"caption\":\"baier & michels GmbH & Co KG\"},\"image\":{\"@id\":\"https:\\\/\\\/www.baier-michels.com\\\/fr\\\/#\\\/schema\\\/logo\\\/image\\\/\"},\"sameAs\":[\"https:\\\/\\\/www.linkedin.com\\\/company\\\/baier-michels\\\/?viewAsMember=true\",\"https:\\\/\\\/www.youtube.com\\\/channel\\\/UCdBWm_HCAtCjxiFZWloFYGw?view_as=subscriber\"]}]}<\/script>\n<!-- \/ Yoast SEO plugin. -->","yoast_head_json":{"title":"Automatisation et syst\u00e8mes de capteurs - b&amp;m Homepage","description":"Innovative fastening solutions in the automation and sensor technology","robots":{"index":"index","follow":"follow","max-snippet":"max-snippet:-1","max-image-preview":"max-image-preview:large","max-video-preview":"max-video-preview:-1"},"canonical":"https:\/\/www.baier-michels.com\/fr\/market-sectors\/automation-and-sensor-technology\/","og_locale":"fr_FR","og_type":"article","og_title":"Automatisation et syst\u00e8mes de capteurs - b&amp;m Homepage","og_description":"Innovative fastening solutions in the automation and sensor technology","og_url":"https:\/\/www.baier-michels.com\/fr\/market-sectors\/automation-and-sensor-technology\/","og_site_name":"b&amp;m Homepage","article_modified_time":"2024-12-10T13:10:44+00:00","twitter_card":"summary_large_image","twitter_misc":{"Dur\u00e9e de lecture estim\u00e9e":"1 minute"},"schema":{"@context":"https:\/\/schema.org","@graph":[{"@type":"WebPage","@id":"https:\/\/www.baier-michels.com\/fr\/market-sectors\/automation-and-sensor-technology\/","url":"https:\/\/www.baier-michels.com\/fr\/market-sectors\/automation-and-sensor-technology\/","name":"Automatisation et syst\u00e8mes de capteurs - b&amp;m Homepage","isPartOf":{"@id":"https:\/\/www.baier-michels.com\/fr\/#website"},"datePublished":"2023-07-24T23:00:00+00:00","dateModified":"2024-12-10T13:10:44+00:00","description":"Innovative fastening solutions in the automation and sensor technology","breadcrumb":{"@id":"https:\/\/www.baier-michels.com\/fr\/market-sectors\/automation-and-sensor-technology\/#breadcrumb"},"inLanguage":"fr-FR","potentialAction":[{"@type":"ReadAction","target":["https:\/\/www.baier-michels.com\/fr\/market-sectors\/automation-and-sensor-technology\/"]}]},{"@type":"BreadcrumbList","@id":"https:\/\/www.baier-michels.com\/fr\/market-sectors\/automation-and-sensor-technology\/#breadcrumb","itemListElement":[{"@type":"ListItem","position":1,"name":"Startseite","item":"https:\/\/www.baier-michels.com\/fr\/"},{"@type":"ListItem","position":2,"name":"Secteurs d\u2019activit\u00e9","item":"https:\/\/www.baier-michels.com\/fr\/market-sectors\/"},{"@type":"ListItem","position":3,"name":"Automatisation et syst\u00e8mes de capteurs"}]},{"@type":"WebSite","@id":"https:\/\/www.baier-michels.com\/fr\/#website","url":"https:\/\/www.baier-michels.com\/fr\/","name":"b&m","description":"baier&amp;michels Gmbh &amp; Co KG","publisher":{"@id":"https:\/\/www.baier-michels.com\/fr\/#organization"},"potentialAction":[{"@type":"SearchAction","target":{"@type":"EntryPoint","urlTemplate":"https:\/\/www.baier-michels.com\/fr\/?s={search_term_string}"},"query-input":{"@type":"PropertyValueSpecification","valueRequired":true,"valueName":"search_term_string"}}],"inLanguage":"fr-FR"},{"@type":"Organization","@id":"https:\/\/www.baier-michels.com\/fr\/#organization","name":"baier & michels GmbH & Co KG","url":"https:\/\/www.baier-michels.com\/fr\/","logo":{"@type":"ImageObject","inLanguage":"fr-FR","@id":"https:\/\/www.baier-michels.com\/fr\/#\/schema\/logo\/image\/","url":"","contentUrl":"","caption":"baier & michels GmbH & Co KG"},"image":{"@id":"https:\/\/www.baier-michels.com\/fr\/#\/schema\/logo\/image\/"},"sameAs":["https:\/\/www.linkedin.com\/company\/baier-michels\/?viewAsMember=true","https:\/\/www.youtube.com\/channel\/UCdBWm_HCAtCjxiFZWloFYGw?view_as=subscriber"]}]}},"_links":{"self":[{"href":"https:\/\/www.baier-michels.com\/fr\/wp-json\/wp\/v2\/pages\/12942","targetHints":{"allow":["GET"]}}],"collection":[{"href":"https:\/\/www.baier-michels.com\/fr\/wp-json\/wp\/v2\/pages"}],"about":[{"href":"https:\/\/www.baier-michels.com\/fr\/wp-json\/wp\/v2\/types\/page"}],"author":[{"embeddable":true,"href":"https:\/\/www.baier-michels.com\/fr\/wp-json\/wp\/v2\/users\/1"}],"replies":[{"embeddable":true,"href":"https:\/\/www.baier-michels.com\/fr\/wp-json\/wp\/v2\/comments?post=12942"}],"version-history":[{"count":1,"href":"https:\/\/www.baier-michels.com\/fr\/wp-json\/wp\/v2\/pages\/12942\/revisions"}],"predecessor-version":[{"id":15347,"href":"https:\/\/www.baier-michels.com\/fr\/wp-json\/wp\/v2\/pages\/12942\/revisions\/15347"}],"up":[{"embeddable":true,"href":"https:\/\/www.baier-michels.com\/fr\/wp-json\/wp\/v2\/pages\/12936"}],"wp:attachment":[{"href":"https:\/\/www.baier-michels.com\/fr\/wp-json\/wp\/v2\/media?parent=12942"}],"wp:term":[{"taxonomy":"category","embeddable":true,"href":"https:\/\/www.baier-michels.com\/fr\/wp-json\/wp\/v2\/categories?post=12942"}],"curies":[{"name":"wp","href":"https:\/\/api.w.org\/{rel}","templated":true}]}}