{"id":12953,"date":"2021-04-30T00:00:00","date_gmt":"2021-04-29T23:00:00","guid":{"rendered":"http:\/\/dev.baier-michels.local\/market-sectors\/household-and-garden-appliances\/frozen-products-food-trade\/"},"modified":"2024-12-10T13:29:46","modified_gmt":"2024-12-10T12:29:46","slug":"frozen-products-food-trade","status":"publish","type":"page","link":"https:\/\/www.baier-michels.com\/fr\/market-sectors\/household-and-garden-appliances\/frozen-products-food-trade\/","title":{"rendered":"Produits surgel\u00e9s dans le commerce alimentaire"},"content":{"rendered":"\n<p>Lorsqu\u2019il est question de stockage optimal des aliments, par r\u00e9frig\u00e9ration ou cong\u00e9lation, il est critique de maintenir la cha\u00eene du froid pour la qualit\u00e9 des produits. Afin de garantir efficacement une protection optimale contre la chaleur, les r\u00e9frig\u00e9rateurs ont besoin d\u2019\u00e9l\u00e9ments de fixation s\u00fbrs et fonctionnels.<\/p>\n\n\n\n<p>Vous recherchez une solution de fixation innovante pour votre application&nbsp;? Vous trouverez l\u2019\u00e9l\u00e9ment de fixation qui vous convient.<\/p>\n","protected":false},"excerpt":{"rendered":"<p>Lorsqu\u2019il est question de stockage optimal des aliments, par r\u00e9frig\u00e9ration ou cong\u00e9lation, il est critique de maintenir la cha\u00eene du froid pour la qualit\u00e9 des produits. Afin de garantir efficacement une protection optimale contre la chaleur, les r\u00e9frig\u00e9rateurs ont besoin d\u2019\u00e9l\u00e9ments de fixation s\u00fbrs et fonctionnels. Vous recherchez une solution de fixation innovante pour votre [&hellip;]<\/p>\n","protected":false},"author":1,"featured_media":0,"parent":12938,"menu_order":1,"comment_status":"closed","ping_status":"closed","template":"template_page_e3.php","meta":{"_acf_changed":false,"footnotes":""},"categories":[242,232,231],"class_list":["post-12953","page","type-page","status-publish","hentry","category-blind-rivet-systems-fr","category-direct-screwing-in-plastics-fr","category-direct-screwing-in-metals-fr"],"acf":[],"yoast_head":"<!-- This site is optimized with the Yoast SEO plugin v27.3 - https:\/\/yoast.com\/product\/yoast-seo-wordpress\/ -->\n<title>Produits surgel\u00e9s dans le commerce alimentaire - b&amp;m Homepage<\/title>\n<meta name=\"robots\" content=\"index, follow, max-snippet:-1, max-image-preview:large, max-video-preview:-1\" \/>\n<link rel=\"canonical\" href=\"https:\/\/www.baier-michels.com\/fr\/market-sectors\/household-and-garden-appliances\/frozen-products-food-trade\/\" \/>\n<meta property=\"og:locale\" content=\"fr_FR\" \/>\n<meta property=\"og:type\" content=\"article\" \/>\n<meta property=\"og:title\" content=\"Produits surgel\u00e9s dans le commerce alimentaire - b&amp;m Homepage\" \/>\n<meta property=\"og:description\" content=\"Lorsqu\u2019il est question de stockage optimal des aliments, par r\u00e9frig\u00e9ration ou cong\u00e9lation, il est critique de maintenir la cha\u00eene du froid pour la qualit\u00e9 des produits. Afin de garantir efficacement une protection optimale contre la chaleur, les r\u00e9frig\u00e9rateurs ont besoin d\u2019\u00e9l\u00e9ments de fixation s\u00fbrs et fonctionnels. Vous recherchez une solution de fixation innovante pour votre [&hellip;]\" \/>\n<meta property=\"og:url\" content=\"https:\/\/www.baier-michels.com\/fr\/market-sectors\/household-and-garden-appliances\/frozen-products-food-trade\/\" \/>\n<meta property=\"og:site_name\" content=\"b&amp;m Homepage\" \/>\n<meta property=\"article:modified_time\" content=\"2024-12-10T12:29:46+00:00\" \/>\n<meta name=\"twitter:card\" content=\"summary_large_image\" \/>\n<meta name=\"twitter:label1\" content=\"Dur\u00e9e de lecture estim\u00e9e\" \/>\n\t<meta name=\"twitter:data1\" content=\"1 minute\" \/>\n<script type=\"application\/ld+json\" class=\"yoast-schema-graph\">{\"@context\":\"https:\\\/\\\/schema.org\",\"@graph\":[{\"@type\":\"WebPage\",\"@id\":\"https:\\\/\\\/www.baier-michels.com\\\/fr\\\/market-sectors\\\/household-and-garden-appliances\\\/frozen-products-food-trade\\\/\",\"url\":\"https:\\\/\\\/www.baier-michels.com\\\/fr\\\/market-sectors\\\/household-and-garden-appliances\\\/frozen-products-food-trade\\\/\",\"name\":\"Produits surgel\u00e9s dans le commerce alimentaire - b&amp;m Homepage\",\"isPartOf\":{\"@id\":\"https:\\\/\\\/www.baier-michels.com\\\/fr\\\/#website\"},\"datePublished\":\"2021-04-29T23:00:00+00:00\",\"dateModified\":\"2024-12-10T12:29:46+00:00\",\"breadcrumb\":{\"@id\":\"https:\\\/\\\/www.baier-michels.com\\\/fr\\\/market-sectors\\\/household-and-garden-appliances\\\/frozen-products-food-trade\\\/#breadcrumb\"},\"inLanguage\":\"fr-FR\",\"potentialAction\":[{\"@type\":\"ReadAction\",\"target\":[\"https:\\\/\\\/www.baier-michels.com\\\/fr\\\/market-sectors\\\/household-and-garden-appliances\\\/frozen-products-food-trade\\\/\"]}]},{\"@type\":\"BreadcrumbList\",\"@id\":\"https:\\\/\\\/www.baier-michels.com\\\/fr\\\/market-sectors\\\/household-and-garden-appliances\\\/frozen-products-food-trade\\\/#breadcrumb\",\"itemListElement\":[{\"@type\":\"ListItem\",\"position\":1,\"name\":\"Startseite\",\"item\":\"https:\\\/\\\/www.baier-michels.com\\\/fr\\\/\"},{\"@type\":\"ListItem\",\"position\":2,\"name\":\"Secteurs d\u2019activit\u00e9\",\"item\":\"https:\\\/\\\/www.baier-michels.com\\\/fr\\\/market-sectors\\\/\"},{\"@type\":\"ListItem\",\"position\":3,\"name\":\"Appareils domestiques et de jardin\",\"item\":\"https:\\\/\\\/www.baier-michels.com\\\/fr\\\/market-sectors\\\/household-and-garden-appliances\\\/\"},{\"@type\":\"ListItem\",\"position\":4,\"name\":\"Produits surgel\u00e9s dans le commerce alimentaire\"}]},{\"@type\":\"WebSite\",\"@id\":\"https:\\\/\\\/www.baier-michels.com\\\/fr\\\/#website\",\"url\":\"https:\\\/\\\/www.baier-michels.com\\\/fr\\\/\",\"name\":\"b&m\",\"description\":\"baier&amp;michels Gmbh &amp; Co KG\",\"publisher\":{\"@id\":\"https:\\\/\\\/www.baier-michels.com\\\/fr\\\/#organization\"},\"potentialAction\":[{\"@type\":\"SearchAction\",\"target\":{\"@type\":\"EntryPoint\",\"urlTemplate\":\"https:\\\/\\\/www.baier-michels.com\\\/fr\\\/?s={search_term_string}\"},\"query-input\":{\"@type\":\"PropertyValueSpecification\",\"valueRequired\":true,\"valueName\":\"search_term_string\"}}],\"inLanguage\":\"fr-FR\"},{\"@type\":\"Organization\",\"@id\":\"https:\\\/\\\/www.baier-michels.com\\\/fr\\\/#organization\",\"name\":\"baier & michels GmbH & Co KG\",\"url\":\"https:\\\/\\\/www.baier-michels.com\\\/fr\\\/\",\"logo\":{\"@type\":\"ImageObject\",\"inLanguage\":\"fr-FR\",\"@id\":\"https:\\\/\\\/www.baier-michels.com\\\/fr\\\/#\\\/schema\\\/logo\\\/image\\\/\",\"url\":\"\",\"contentUrl\":\"\",\"caption\":\"baier & michels GmbH & Co KG\"},\"image\":{\"@id\":\"https:\\\/\\\/www.baier-michels.com\\\/fr\\\/#\\\/schema\\\/logo\\\/image\\\/\"},\"sameAs\":[\"https:\\\/\\\/www.linkedin.com\\\/company\\\/baier-michels\\\/?viewAsMember=true\",\"https:\\\/\\\/www.youtube.com\\\/channel\\\/UCdBWm_HCAtCjxiFZWloFYGw?view_as=subscriber\"]}]}<\/script>\n<!-- \/ Yoast SEO plugin. -->","yoast_head_json":{"title":"Produits surgel\u00e9s dans le commerce alimentaire - b&amp;m Homepage","robots":{"index":"index","follow":"follow","max-snippet":"max-snippet:-1","max-image-preview":"max-image-preview:large","max-video-preview":"max-video-preview:-1"},"canonical":"https:\/\/www.baier-michels.com\/fr\/market-sectors\/household-and-garden-appliances\/frozen-products-food-trade\/","og_locale":"fr_FR","og_type":"article","og_title":"Produits surgel\u00e9s dans le commerce alimentaire - b&amp;m Homepage","og_description":"Lorsqu\u2019il est question de stockage optimal des aliments, par r\u00e9frig\u00e9ration ou cong\u00e9lation, il est critique de maintenir la cha\u00eene du froid pour la qualit\u00e9 des produits. Afin de garantir efficacement une protection optimale contre la chaleur, les r\u00e9frig\u00e9rateurs ont besoin d\u2019\u00e9l\u00e9ments de fixation s\u00fbrs et fonctionnels. Vous recherchez une solution de fixation innovante pour votre [&hellip;]","og_url":"https:\/\/www.baier-michels.com\/fr\/market-sectors\/household-and-garden-appliances\/frozen-products-food-trade\/","og_site_name":"b&amp;m Homepage","article_modified_time":"2024-12-10T12:29:46+00:00","twitter_card":"summary_large_image","twitter_misc":{"Dur\u00e9e de lecture estim\u00e9e":"1 minute"},"schema":{"@context":"https:\/\/schema.org","@graph":[{"@type":"WebPage","@id":"https:\/\/www.baier-michels.com\/fr\/market-sectors\/household-and-garden-appliances\/frozen-products-food-trade\/","url":"https:\/\/www.baier-michels.com\/fr\/market-sectors\/household-and-garden-appliances\/frozen-products-food-trade\/","name":"Produits surgel\u00e9s dans le commerce alimentaire - b&amp;m Homepage","isPartOf":{"@id":"https:\/\/www.baier-michels.com\/fr\/#website"},"datePublished":"2021-04-29T23:00:00+00:00","dateModified":"2024-12-10T12:29:46+00:00","breadcrumb":{"@id":"https:\/\/www.baier-michels.com\/fr\/market-sectors\/household-and-garden-appliances\/frozen-products-food-trade\/#breadcrumb"},"inLanguage":"fr-FR","potentialAction":[{"@type":"ReadAction","target":["https:\/\/www.baier-michels.com\/fr\/market-sectors\/household-and-garden-appliances\/frozen-products-food-trade\/"]}]},{"@type":"BreadcrumbList","@id":"https:\/\/www.baier-michels.com\/fr\/market-sectors\/household-and-garden-appliances\/frozen-products-food-trade\/#breadcrumb","itemListElement":[{"@type":"ListItem","position":1,"name":"Startseite","item":"https:\/\/www.baier-michels.com\/fr\/"},{"@type":"ListItem","position":2,"name":"Secteurs d\u2019activit\u00e9","item":"https:\/\/www.baier-michels.com\/fr\/market-sectors\/"},{"@type":"ListItem","position":3,"name":"Appareils domestiques et de jardin","item":"https:\/\/www.baier-michels.com\/fr\/market-sectors\/household-and-garden-appliances\/"},{"@type":"ListItem","position":4,"name":"Produits surgel\u00e9s dans le commerce alimentaire"}]},{"@type":"WebSite","@id":"https:\/\/www.baier-michels.com\/fr\/#website","url":"https:\/\/www.baier-michels.com\/fr\/","name":"b&m","description":"baier&amp;michels Gmbh &amp; Co KG","publisher":{"@id":"https:\/\/www.baier-michels.com\/fr\/#organization"},"potentialAction":[{"@type":"SearchAction","target":{"@type":"EntryPoint","urlTemplate":"https:\/\/www.baier-michels.com\/fr\/?s={search_term_string}"},"query-input":{"@type":"PropertyValueSpecification","valueRequired":true,"valueName":"search_term_string"}}],"inLanguage":"fr-FR"},{"@type":"Organization","@id":"https:\/\/www.baier-michels.com\/fr\/#organization","name":"baier & michels GmbH & Co KG","url":"https:\/\/www.baier-michels.com\/fr\/","logo":{"@type":"ImageObject","inLanguage":"fr-FR","@id":"https:\/\/www.baier-michels.com\/fr\/#\/schema\/logo\/image\/","url":"","contentUrl":"","caption":"baier & michels GmbH & Co KG"},"image":{"@id":"https:\/\/www.baier-michels.com\/fr\/#\/schema\/logo\/image\/"},"sameAs":["https:\/\/www.linkedin.com\/company\/baier-michels\/?viewAsMember=true","https:\/\/www.youtube.com\/channel\/UCdBWm_HCAtCjxiFZWloFYGw?view_as=subscriber"]}]}},"_links":{"self":[{"href":"https:\/\/www.baier-michels.com\/fr\/wp-json\/wp\/v2\/pages\/12953","targetHints":{"allow":["GET"]}}],"collection":[{"href":"https:\/\/www.baier-michels.com\/fr\/wp-json\/wp\/v2\/pages"}],"about":[{"href":"https:\/\/www.baier-michels.com\/fr\/wp-json\/wp\/v2\/types\/page"}],"author":[{"embeddable":true,"href":"https:\/\/www.baier-michels.com\/fr\/wp-json\/wp\/v2\/users\/1"}],"replies":[{"embeddable":true,"href":"https:\/\/www.baier-michels.com\/fr\/wp-json\/wp\/v2\/comments?post=12953"}],"version-history":[{"count":1,"href":"https:\/\/www.baier-michels.com\/fr\/wp-json\/wp\/v2\/pages\/12953\/revisions"}],"predecessor-version":[{"id":15325,"href":"https:\/\/www.baier-michels.com\/fr\/wp-json\/wp\/v2\/pages\/12953\/revisions\/15325"}],"up":[{"embeddable":true,"href":"https:\/\/www.baier-michels.com\/fr\/wp-json\/wp\/v2\/pages\/12938"}],"wp:attachment":[{"href":"https:\/\/www.baier-michels.com\/fr\/wp-json\/wp\/v2\/media?parent=12953"}],"wp:term":[{"taxonomy":"category","embeddable":true,"href":"https:\/\/www.baier-michels.com\/fr\/wp-json\/wp\/v2\/categories?post=12953"}],"curies":[{"name":"wp","href":"https:\/\/api.w.org\/{rel}","templated":true}]}}