{"id":12955,"date":"2021-04-30T00:00:00","date_gmt":"2021-04-29T23:00:00","guid":{"rendered":"http:\/\/dev.baier-michels.local\/market-sectors\/household-and-garden-appliances\/washer-dryer\/"},"modified":"2024-12-10T13:48:20","modified_gmt":"2024-12-10T12:48:20","slug":"washer-dryer","status":"publish","type":"page","link":"https:\/\/www.baier-michels.com\/fr\/market-sectors\/household-and-garden-appliances\/washer-dryer\/","title":{"rendered":"Machines \u00e0 laver et s\u00e8che-linges"},"content":{"rendered":"\n<p>Le linge sale s\u2019accumule au quotidien. Gr\u00e2ce aux machines \u00e0 laver modernes, ce n\u2019est plus un probl\u00e8me. Combin\u00e9 avec un s\u00e8che-linge, le linge peut \u00eatre lav\u00e9 et s\u00e9ch\u00e9 rapidement et sans grands efforts.<\/p>\n\n\n\n<p>Une multitude de vis diff\u00e9rentes sont utilis\u00e9es \u00e0 l\u2019int\u00e9rieur des appareils. Il est crucial que les \u00e9l\u00e9ments de fixation ne r\u00e9pondent pas uniquement aux normes d\u00e9finies il y a quelques ann\u00e9es. Ils doivent \u00e9galement r\u00e9pondre \u00e0 des exigences plus \u00e9lev\u00e9es associ\u00e9es \u00e0 des am\u00e9liorations technologiques et innovations. C\u2019est le seul moyen pour que les machines \u00e0 laver et s\u00e8che-linges de demain soient plus efficaces et plus performants \u2013 que ce soit pour un usag\u00e9 priv\u00e9 ou commercial.<\/p>\n\n\n\n<p>Vous recherchez une solution de fixation innovante pour votre application&nbsp;?<br>Vous trouverez l\u2019\u00e9l\u00e9ment de fixation qui vous convient.<\/p>\n","protected":false},"excerpt":{"rendered":"<p>Le linge sale s\u2019accumule au quotidien. Gr\u00e2ce aux machines \u00e0 laver modernes, ce n\u2019est plus un probl\u00e8me. Combin\u00e9 avec un s\u00e8che-linge, le linge peut \u00eatre lav\u00e9 et s\u00e9ch\u00e9 rapidement et sans grands efforts. Une multitude de vis diff\u00e9rentes sont utilis\u00e9es \u00e0 l\u2019int\u00e9rieur des appareils. Il est crucial que les \u00e9l\u00e9ments de fixation ne r\u00e9pondent pas [&hellip;]<\/p>\n","protected":false},"author":1,"featured_media":0,"parent":12938,"menu_order":3,"comment_status":"closed","ping_status":"closed","template":"template_page_e3.php","meta":{"_acf_changed":false,"footnotes":""},"categories":[232,231],"class_list":["post-12955","page","type-page","status-publish","hentry","category-direct-screwing-in-plastics-fr","category-direct-screwing-in-metals-fr"],"acf":[],"yoast_head":"<!-- This site is optimized with the Yoast SEO plugin v27.3 - https:\/\/yoast.com\/product\/yoast-seo-wordpress\/ -->\n<title>Machines \u00e0 laver et s\u00e8che-linges - b&amp;m Homepage<\/title>\n<meta name=\"robots\" content=\"index, follow, max-snippet:-1, max-image-preview:large, max-video-preview:-1\" \/>\n<link rel=\"canonical\" href=\"https:\/\/www.baier-michels.com\/fr\/market-sectors\/household-and-garden-appliances\/washer-dryer\/\" \/>\n<meta property=\"og:locale\" content=\"fr_FR\" \/>\n<meta property=\"og:type\" content=\"article\" \/>\n<meta property=\"og:title\" content=\"Machines \u00e0 laver et s\u00e8che-linges - b&amp;m Homepage\" \/>\n<meta property=\"og:description\" content=\"Le linge sale s\u2019accumule au quotidien. Gr\u00e2ce aux machines \u00e0 laver modernes, ce n\u2019est plus un probl\u00e8me. Combin\u00e9 avec un s\u00e8che-linge, le linge peut \u00eatre lav\u00e9 et s\u00e9ch\u00e9 rapidement et sans grands efforts. Une multitude de vis diff\u00e9rentes sont utilis\u00e9es \u00e0 l\u2019int\u00e9rieur des appareils. Il est crucial que les \u00e9l\u00e9ments de fixation ne r\u00e9pondent pas [&hellip;]\" \/>\n<meta property=\"og:url\" content=\"https:\/\/www.baier-michels.com\/fr\/market-sectors\/household-and-garden-appliances\/washer-dryer\/\" \/>\n<meta property=\"og:site_name\" content=\"b&amp;m Homepage\" \/>\n<meta property=\"article:modified_time\" content=\"2024-12-10T12:48:20+00:00\" \/>\n<meta name=\"twitter:card\" content=\"summary_large_image\" \/>\n<meta name=\"twitter:label1\" content=\"Dur\u00e9e de lecture estim\u00e9e\" \/>\n\t<meta name=\"twitter:data1\" content=\"1 minute\" \/>\n<script type=\"application\/ld+json\" class=\"yoast-schema-graph\">{\"@context\":\"https:\\\/\\\/schema.org\",\"@graph\":[{\"@type\":\"WebPage\",\"@id\":\"https:\\\/\\\/www.baier-michels.com\\\/fr\\\/market-sectors\\\/household-and-garden-appliances\\\/washer-dryer\\\/\",\"url\":\"https:\\\/\\\/www.baier-michels.com\\\/fr\\\/market-sectors\\\/household-and-garden-appliances\\\/washer-dryer\\\/\",\"name\":\"Machines \u00e0 laver et s\u00e8che-linges - b&amp;m Homepage\",\"isPartOf\":{\"@id\":\"https:\\\/\\\/www.baier-michels.com\\\/fr\\\/#website\"},\"datePublished\":\"2021-04-29T23:00:00+00:00\",\"dateModified\":\"2024-12-10T12:48:20+00:00\",\"breadcrumb\":{\"@id\":\"https:\\\/\\\/www.baier-michels.com\\\/fr\\\/market-sectors\\\/household-and-garden-appliances\\\/washer-dryer\\\/#breadcrumb\"},\"inLanguage\":\"fr-FR\",\"potentialAction\":[{\"@type\":\"ReadAction\",\"target\":[\"https:\\\/\\\/www.baier-michels.com\\\/fr\\\/market-sectors\\\/household-and-garden-appliances\\\/washer-dryer\\\/\"]}]},{\"@type\":\"BreadcrumbList\",\"@id\":\"https:\\\/\\\/www.baier-michels.com\\\/fr\\\/market-sectors\\\/household-and-garden-appliances\\\/washer-dryer\\\/#breadcrumb\",\"itemListElement\":[{\"@type\":\"ListItem\",\"position\":1,\"name\":\"Startseite\",\"item\":\"https:\\\/\\\/www.baier-michels.com\\\/fr\\\/\"},{\"@type\":\"ListItem\",\"position\":2,\"name\":\"Secteurs d\u2019activit\u00e9\",\"item\":\"https:\\\/\\\/www.baier-michels.com\\\/fr\\\/market-sectors\\\/\"},{\"@type\":\"ListItem\",\"position\":3,\"name\":\"Appareils domestiques et de jardin\",\"item\":\"https:\\\/\\\/www.baier-michels.com\\\/fr\\\/market-sectors\\\/household-and-garden-appliances\\\/\"},{\"@type\":\"ListItem\",\"position\":4,\"name\":\"Machines \u00e0 laver et s\u00e8che-linges\"}]},{\"@type\":\"WebSite\",\"@id\":\"https:\\\/\\\/www.baier-michels.com\\\/fr\\\/#website\",\"url\":\"https:\\\/\\\/www.baier-michels.com\\\/fr\\\/\",\"name\":\"b&m\",\"description\":\"baier&amp;michels Gmbh &amp; Co KG\",\"publisher\":{\"@id\":\"https:\\\/\\\/www.baier-michels.com\\\/fr\\\/#organization\"},\"potentialAction\":[{\"@type\":\"SearchAction\",\"target\":{\"@type\":\"EntryPoint\",\"urlTemplate\":\"https:\\\/\\\/www.baier-michels.com\\\/fr\\\/?s={search_term_string}\"},\"query-input\":{\"@type\":\"PropertyValueSpecification\",\"valueRequired\":true,\"valueName\":\"search_term_string\"}}],\"inLanguage\":\"fr-FR\"},{\"@type\":\"Organization\",\"@id\":\"https:\\\/\\\/www.baier-michels.com\\\/fr\\\/#organization\",\"name\":\"baier & michels GmbH & Co KG\",\"url\":\"https:\\\/\\\/www.baier-michels.com\\\/fr\\\/\",\"logo\":{\"@type\":\"ImageObject\",\"inLanguage\":\"fr-FR\",\"@id\":\"https:\\\/\\\/www.baier-michels.com\\\/fr\\\/#\\\/schema\\\/logo\\\/image\\\/\",\"url\":\"\",\"contentUrl\":\"\",\"caption\":\"baier & michels GmbH & Co KG\"},\"image\":{\"@id\":\"https:\\\/\\\/www.baier-michels.com\\\/fr\\\/#\\\/schema\\\/logo\\\/image\\\/\"},\"sameAs\":[\"https:\\\/\\\/www.linkedin.com\\\/company\\\/baier-michels\\\/?viewAsMember=true\",\"https:\\\/\\\/www.youtube.com\\\/channel\\\/UCdBWm_HCAtCjxiFZWloFYGw?view_as=subscriber\"]}]}<\/script>\n<!-- \/ Yoast SEO plugin. -->","yoast_head_json":{"title":"Machines \u00e0 laver et s\u00e8che-linges - b&amp;m Homepage","robots":{"index":"index","follow":"follow","max-snippet":"max-snippet:-1","max-image-preview":"max-image-preview:large","max-video-preview":"max-video-preview:-1"},"canonical":"https:\/\/www.baier-michels.com\/fr\/market-sectors\/household-and-garden-appliances\/washer-dryer\/","og_locale":"fr_FR","og_type":"article","og_title":"Machines \u00e0 laver et s\u00e8che-linges - b&amp;m Homepage","og_description":"Le linge sale s\u2019accumule au quotidien. Gr\u00e2ce aux machines \u00e0 laver modernes, ce n\u2019est plus un probl\u00e8me. Combin\u00e9 avec un s\u00e8che-linge, le linge peut \u00eatre lav\u00e9 et s\u00e9ch\u00e9 rapidement et sans grands efforts. Une multitude de vis diff\u00e9rentes sont utilis\u00e9es \u00e0 l\u2019int\u00e9rieur des appareils. Il est crucial que les \u00e9l\u00e9ments de fixation ne r\u00e9pondent pas [&hellip;]","og_url":"https:\/\/www.baier-michels.com\/fr\/market-sectors\/household-and-garden-appliances\/washer-dryer\/","og_site_name":"b&amp;m Homepage","article_modified_time":"2024-12-10T12:48:20+00:00","twitter_card":"summary_large_image","twitter_misc":{"Dur\u00e9e de lecture estim\u00e9e":"1 minute"},"schema":{"@context":"https:\/\/schema.org","@graph":[{"@type":"WebPage","@id":"https:\/\/www.baier-michels.com\/fr\/market-sectors\/household-and-garden-appliances\/washer-dryer\/","url":"https:\/\/www.baier-michels.com\/fr\/market-sectors\/household-and-garden-appliances\/washer-dryer\/","name":"Machines \u00e0 laver et s\u00e8che-linges - b&amp;m Homepage","isPartOf":{"@id":"https:\/\/www.baier-michels.com\/fr\/#website"},"datePublished":"2021-04-29T23:00:00+00:00","dateModified":"2024-12-10T12:48:20+00:00","breadcrumb":{"@id":"https:\/\/www.baier-michels.com\/fr\/market-sectors\/household-and-garden-appliances\/washer-dryer\/#breadcrumb"},"inLanguage":"fr-FR","potentialAction":[{"@type":"ReadAction","target":["https:\/\/www.baier-michels.com\/fr\/market-sectors\/household-and-garden-appliances\/washer-dryer\/"]}]},{"@type":"BreadcrumbList","@id":"https:\/\/www.baier-michels.com\/fr\/market-sectors\/household-and-garden-appliances\/washer-dryer\/#breadcrumb","itemListElement":[{"@type":"ListItem","position":1,"name":"Startseite","item":"https:\/\/www.baier-michels.com\/fr\/"},{"@type":"ListItem","position":2,"name":"Secteurs d\u2019activit\u00e9","item":"https:\/\/www.baier-michels.com\/fr\/market-sectors\/"},{"@type":"ListItem","position":3,"name":"Appareils domestiques et de jardin","item":"https:\/\/www.baier-michels.com\/fr\/market-sectors\/household-and-garden-appliances\/"},{"@type":"ListItem","position":4,"name":"Machines \u00e0 laver et s\u00e8che-linges"}]},{"@type":"WebSite","@id":"https:\/\/www.baier-michels.com\/fr\/#website","url":"https:\/\/www.baier-michels.com\/fr\/","name":"b&m","description":"baier&amp;michels Gmbh &amp; Co KG","publisher":{"@id":"https:\/\/www.baier-michels.com\/fr\/#organization"},"potentialAction":[{"@type":"SearchAction","target":{"@type":"EntryPoint","urlTemplate":"https:\/\/www.baier-michels.com\/fr\/?s={search_term_string}"},"query-input":{"@type":"PropertyValueSpecification","valueRequired":true,"valueName":"search_term_string"}}],"inLanguage":"fr-FR"},{"@type":"Organization","@id":"https:\/\/www.baier-michels.com\/fr\/#organization","name":"baier & michels GmbH & Co KG","url":"https:\/\/www.baier-michels.com\/fr\/","logo":{"@type":"ImageObject","inLanguage":"fr-FR","@id":"https:\/\/www.baier-michels.com\/fr\/#\/schema\/logo\/image\/","url":"","contentUrl":"","caption":"baier & michels GmbH & Co KG"},"image":{"@id":"https:\/\/www.baier-michels.com\/fr\/#\/schema\/logo\/image\/"},"sameAs":["https:\/\/www.linkedin.com\/company\/baier-michels\/?viewAsMember=true","https:\/\/www.youtube.com\/channel\/UCdBWm_HCAtCjxiFZWloFYGw?view_as=subscriber"]}]}},"_links":{"self":[{"href":"https:\/\/www.baier-michels.com\/fr\/wp-json\/wp\/v2\/pages\/12955","targetHints":{"allow":["GET"]}}],"collection":[{"href":"https:\/\/www.baier-michels.com\/fr\/wp-json\/wp\/v2\/pages"}],"about":[{"href":"https:\/\/www.baier-michels.com\/fr\/wp-json\/wp\/v2\/types\/page"}],"author":[{"embeddable":true,"href":"https:\/\/www.baier-michels.com\/fr\/wp-json\/wp\/v2\/users\/1"}],"replies":[{"embeddable":true,"href":"https:\/\/www.baier-michels.com\/fr\/wp-json\/wp\/v2\/comments?post=12955"}],"version-history":[{"count":1,"href":"https:\/\/www.baier-michels.com\/fr\/wp-json\/wp\/v2\/pages\/12955\/revisions"}],"predecessor-version":[{"id":15328,"href":"https:\/\/www.baier-michels.com\/fr\/wp-json\/wp\/v2\/pages\/12955\/revisions\/15328"}],"up":[{"embeddable":true,"href":"https:\/\/www.baier-michels.com\/fr\/wp-json\/wp\/v2\/pages\/12938"}],"wp:attachment":[{"href":"https:\/\/www.baier-michels.com\/fr\/wp-json\/wp\/v2\/media?parent=12955"}],"wp:term":[{"taxonomy":"category","embeddable":true,"href":"https:\/\/www.baier-michels.com\/fr\/wp-json\/wp\/v2\/categories?post=12955"}],"curies":[{"name":"wp","href":"https:\/\/api.w.org\/{rel}","templated":true}]}}