{"id":12956,"date":"2021-04-30T00:00:00","date_gmt":"2021-04-29T23:00:00","guid":{"rendered":"http:\/\/dev.baier-michels.local\/market-sectors\/household-and-garden-appliances\/professional-cleaning\/"},"modified":"2024-12-10T13:48:58","modified_gmt":"2024-12-10T12:48:58","slug":"professional-cleaning","status":"publish","type":"page","link":"https:\/\/www.baier-michels.com\/fr\/market-sectors\/household-and-garden-appliances\/professional-cleaning\/","title":{"rendered":"Nettoyage professionnel"},"content":{"rendered":"\n<p>La propret\u00e9 et l\u2019hygi\u00e8ne au travail et \u00e0 la maison jouent un r\u00f4le de plus en plus important dans notre quotidien. Pour atteindre des r\u00e9sultats haute qualit\u00e9, nous avons besoin d\u2019appareils et d\u2019accessoires professionnels qui fonctionnent de mani\u00e8re particuli\u00e8rement efficace et \u00e9conomique. Les \u00e9l\u00e9ments de fixation utilis\u00e9s dans les produits doivent ainsi \u00eatre robustes pour rester efficaces dans le temps et rapides \u00e0 utiliser pour garantir une productivit\u00e9 maximum.<\/p>\n\n\n\n<p>Vous recherchez une solution de fixation innovante pour votre application&nbsp;?<br>Vous trouverez l\u2019\u00e9l\u00e9ment de fixation qui vous convient.<\/p>\n","protected":false},"excerpt":{"rendered":"<p>La propret\u00e9 et l\u2019hygi\u00e8ne au travail et \u00e0 la maison jouent un r\u00f4le de plus en plus important dans notre quotidien. Pour atteindre des r\u00e9sultats haute qualit\u00e9, nous avons besoin d\u2019appareils et d\u2019accessoires professionnels qui fonctionnent de mani\u00e8re particuli\u00e8rement efficace et \u00e9conomique. Les \u00e9l\u00e9ments de fixation utilis\u00e9s dans les produits doivent ainsi \u00eatre robustes pour [&hellip;]<\/p>\n","protected":false},"author":1,"featured_media":0,"parent":12938,"menu_order":4,"comment_status":"closed","ping_status":"closed","template":"template_page_e3.php","meta":{"_acf_changed":false,"footnotes":""},"categories":[243,232,231],"class_list":["post-12956","page","type-page","status-publish","hentry","category-threaded-inserts-and-bolts-fr","category-direct-screwing-in-plastics-fr","category-direct-screwing-in-metals-fr"],"acf":[],"yoast_head":"<!-- This site is optimized with the Yoast SEO plugin v27.3 - https:\/\/yoast.com\/product\/yoast-seo-wordpress\/ -->\n<title>Nettoyage professionnel - b&amp;m Homepage<\/title>\n<meta name=\"robots\" content=\"index, follow, max-snippet:-1, max-image-preview:large, max-video-preview:-1\" \/>\n<link rel=\"canonical\" href=\"https:\/\/www.baier-michels.com\/fr\/market-sectors\/household-and-garden-appliances\/professional-cleaning\/\" \/>\n<meta property=\"og:locale\" content=\"fr_FR\" \/>\n<meta property=\"og:type\" content=\"article\" \/>\n<meta property=\"og:title\" content=\"Nettoyage professionnel - b&amp;m Homepage\" \/>\n<meta property=\"og:description\" content=\"La propret\u00e9 et l\u2019hygi\u00e8ne au travail et \u00e0 la maison jouent un r\u00f4le de plus en plus important dans notre quotidien. Pour atteindre des r\u00e9sultats haute qualit\u00e9, nous avons besoin d\u2019appareils et d\u2019accessoires professionnels qui fonctionnent de mani\u00e8re particuli\u00e8rement efficace et \u00e9conomique. Les \u00e9l\u00e9ments de fixation utilis\u00e9s dans les produits doivent ainsi \u00eatre robustes pour [&hellip;]\" \/>\n<meta property=\"og:url\" content=\"https:\/\/www.baier-michels.com\/fr\/market-sectors\/household-and-garden-appliances\/professional-cleaning\/\" \/>\n<meta property=\"og:site_name\" content=\"b&amp;m Homepage\" \/>\n<meta property=\"article:modified_time\" content=\"2024-12-10T12:48:58+00:00\" \/>\n<meta name=\"twitter:card\" content=\"summary_large_image\" \/>\n<meta name=\"twitter:label1\" content=\"Dur\u00e9e de lecture estim\u00e9e\" \/>\n\t<meta name=\"twitter:data1\" content=\"1 minute\" \/>\n<script type=\"application\/ld+json\" class=\"yoast-schema-graph\">{\"@context\":\"https:\\\/\\\/schema.org\",\"@graph\":[{\"@type\":\"WebPage\",\"@id\":\"https:\\\/\\\/www.baier-michels.com\\\/fr\\\/market-sectors\\\/household-and-garden-appliances\\\/professional-cleaning\\\/\",\"url\":\"https:\\\/\\\/www.baier-michels.com\\\/fr\\\/market-sectors\\\/household-and-garden-appliances\\\/professional-cleaning\\\/\",\"name\":\"Nettoyage professionnel - b&amp;m Homepage\",\"isPartOf\":{\"@id\":\"https:\\\/\\\/www.baier-michels.com\\\/fr\\\/#website\"},\"datePublished\":\"2021-04-29T23:00:00+00:00\",\"dateModified\":\"2024-12-10T12:48:58+00:00\",\"breadcrumb\":{\"@id\":\"https:\\\/\\\/www.baier-michels.com\\\/fr\\\/market-sectors\\\/household-and-garden-appliances\\\/professional-cleaning\\\/#breadcrumb\"},\"inLanguage\":\"fr-FR\",\"potentialAction\":[{\"@type\":\"ReadAction\",\"target\":[\"https:\\\/\\\/www.baier-michels.com\\\/fr\\\/market-sectors\\\/household-and-garden-appliances\\\/professional-cleaning\\\/\"]}]},{\"@type\":\"BreadcrumbList\",\"@id\":\"https:\\\/\\\/www.baier-michels.com\\\/fr\\\/market-sectors\\\/household-and-garden-appliances\\\/professional-cleaning\\\/#breadcrumb\",\"itemListElement\":[{\"@type\":\"ListItem\",\"position\":1,\"name\":\"Startseite\",\"item\":\"https:\\\/\\\/www.baier-michels.com\\\/fr\\\/\"},{\"@type\":\"ListItem\",\"position\":2,\"name\":\"Secteurs d\u2019activit\u00e9\",\"item\":\"https:\\\/\\\/www.baier-michels.com\\\/fr\\\/market-sectors\\\/\"},{\"@type\":\"ListItem\",\"position\":3,\"name\":\"Appareils domestiques et de jardin\",\"item\":\"https:\\\/\\\/www.baier-michels.com\\\/fr\\\/market-sectors\\\/household-and-garden-appliances\\\/\"},{\"@type\":\"ListItem\",\"position\":4,\"name\":\"Nettoyage professionnel\"}]},{\"@type\":\"WebSite\",\"@id\":\"https:\\\/\\\/www.baier-michels.com\\\/fr\\\/#website\",\"url\":\"https:\\\/\\\/www.baier-michels.com\\\/fr\\\/\",\"name\":\"b&m\",\"description\":\"baier&amp;michels Gmbh &amp; Co KG\",\"publisher\":{\"@id\":\"https:\\\/\\\/www.baier-michels.com\\\/fr\\\/#organization\"},\"potentialAction\":[{\"@type\":\"SearchAction\",\"target\":{\"@type\":\"EntryPoint\",\"urlTemplate\":\"https:\\\/\\\/www.baier-michels.com\\\/fr\\\/?s={search_term_string}\"},\"query-input\":{\"@type\":\"PropertyValueSpecification\",\"valueRequired\":true,\"valueName\":\"search_term_string\"}}],\"inLanguage\":\"fr-FR\"},{\"@type\":\"Organization\",\"@id\":\"https:\\\/\\\/www.baier-michels.com\\\/fr\\\/#organization\",\"name\":\"baier & michels GmbH & Co KG\",\"url\":\"https:\\\/\\\/www.baier-michels.com\\\/fr\\\/\",\"logo\":{\"@type\":\"ImageObject\",\"inLanguage\":\"fr-FR\",\"@id\":\"https:\\\/\\\/www.baier-michels.com\\\/fr\\\/#\\\/schema\\\/logo\\\/image\\\/\",\"url\":\"\",\"contentUrl\":\"\",\"caption\":\"baier & michels GmbH & Co KG\"},\"image\":{\"@id\":\"https:\\\/\\\/www.baier-michels.com\\\/fr\\\/#\\\/schema\\\/logo\\\/image\\\/\"},\"sameAs\":[\"https:\\\/\\\/www.linkedin.com\\\/company\\\/baier-michels\\\/?viewAsMember=true\",\"https:\\\/\\\/www.youtube.com\\\/channel\\\/UCdBWm_HCAtCjxiFZWloFYGw?view_as=subscriber\"]}]}<\/script>\n<!-- \/ Yoast SEO plugin. -->","yoast_head_json":{"title":"Nettoyage professionnel - b&amp;m Homepage","robots":{"index":"index","follow":"follow","max-snippet":"max-snippet:-1","max-image-preview":"max-image-preview:large","max-video-preview":"max-video-preview:-1"},"canonical":"https:\/\/www.baier-michels.com\/fr\/market-sectors\/household-and-garden-appliances\/professional-cleaning\/","og_locale":"fr_FR","og_type":"article","og_title":"Nettoyage professionnel - b&amp;m Homepage","og_description":"La propret\u00e9 et l\u2019hygi\u00e8ne au travail et \u00e0 la maison jouent un r\u00f4le de plus en plus important dans notre quotidien. Pour atteindre des r\u00e9sultats haute qualit\u00e9, nous avons besoin d\u2019appareils et d\u2019accessoires professionnels qui fonctionnent de mani\u00e8re particuli\u00e8rement efficace et \u00e9conomique. Les \u00e9l\u00e9ments de fixation utilis\u00e9s dans les produits doivent ainsi \u00eatre robustes pour [&hellip;]","og_url":"https:\/\/www.baier-michels.com\/fr\/market-sectors\/household-and-garden-appliances\/professional-cleaning\/","og_site_name":"b&amp;m Homepage","article_modified_time":"2024-12-10T12:48:58+00:00","twitter_card":"summary_large_image","twitter_misc":{"Dur\u00e9e de lecture estim\u00e9e":"1 minute"},"schema":{"@context":"https:\/\/schema.org","@graph":[{"@type":"WebPage","@id":"https:\/\/www.baier-michels.com\/fr\/market-sectors\/household-and-garden-appliances\/professional-cleaning\/","url":"https:\/\/www.baier-michels.com\/fr\/market-sectors\/household-and-garden-appliances\/professional-cleaning\/","name":"Nettoyage professionnel - b&amp;m Homepage","isPartOf":{"@id":"https:\/\/www.baier-michels.com\/fr\/#website"},"datePublished":"2021-04-29T23:00:00+00:00","dateModified":"2024-12-10T12:48:58+00:00","breadcrumb":{"@id":"https:\/\/www.baier-michels.com\/fr\/market-sectors\/household-and-garden-appliances\/professional-cleaning\/#breadcrumb"},"inLanguage":"fr-FR","potentialAction":[{"@type":"ReadAction","target":["https:\/\/www.baier-michels.com\/fr\/market-sectors\/household-and-garden-appliances\/professional-cleaning\/"]}]},{"@type":"BreadcrumbList","@id":"https:\/\/www.baier-michels.com\/fr\/market-sectors\/household-and-garden-appliances\/professional-cleaning\/#breadcrumb","itemListElement":[{"@type":"ListItem","position":1,"name":"Startseite","item":"https:\/\/www.baier-michels.com\/fr\/"},{"@type":"ListItem","position":2,"name":"Secteurs d\u2019activit\u00e9","item":"https:\/\/www.baier-michels.com\/fr\/market-sectors\/"},{"@type":"ListItem","position":3,"name":"Appareils domestiques et de jardin","item":"https:\/\/www.baier-michels.com\/fr\/market-sectors\/household-and-garden-appliances\/"},{"@type":"ListItem","position":4,"name":"Nettoyage professionnel"}]},{"@type":"WebSite","@id":"https:\/\/www.baier-michels.com\/fr\/#website","url":"https:\/\/www.baier-michels.com\/fr\/","name":"b&m","description":"baier&amp;michels Gmbh &amp; Co KG","publisher":{"@id":"https:\/\/www.baier-michels.com\/fr\/#organization"},"potentialAction":[{"@type":"SearchAction","target":{"@type":"EntryPoint","urlTemplate":"https:\/\/www.baier-michels.com\/fr\/?s={search_term_string}"},"query-input":{"@type":"PropertyValueSpecification","valueRequired":true,"valueName":"search_term_string"}}],"inLanguage":"fr-FR"},{"@type":"Organization","@id":"https:\/\/www.baier-michels.com\/fr\/#organization","name":"baier & michels GmbH & Co KG","url":"https:\/\/www.baier-michels.com\/fr\/","logo":{"@type":"ImageObject","inLanguage":"fr-FR","@id":"https:\/\/www.baier-michels.com\/fr\/#\/schema\/logo\/image\/","url":"","contentUrl":"","caption":"baier & michels GmbH & Co KG"},"image":{"@id":"https:\/\/www.baier-michels.com\/fr\/#\/schema\/logo\/image\/"},"sameAs":["https:\/\/www.linkedin.com\/company\/baier-michels\/?viewAsMember=true","https:\/\/www.youtube.com\/channel\/UCdBWm_HCAtCjxiFZWloFYGw?view_as=subscriber"]}]}},"_links":{"self":[{"href":"https:\/\/www.baier-michels.com\/fr\/wp-json\/wp\/v2\/pages\/12956","targetHints":{"allow":["GET"]}}],"collection":[{"href":"https:\/\/www.baier-michels.com\/fr\/wp-json\/wp\/v2\/pages"}],"about":[{"href":"https:\/\/www.baier-michels.com\/fr\/wp-json\/wp\/v2\/types\/page"}],"author":[{"embeddable":true,"href":"https:\/\/www.baier-michels.com\/fr\/wp-json\/wp\/v2\/users\/1"}],"replies":[{"embeddable":true,"href":"https:\/\/www.baier-michels.com\/fr\/wp-json\/wp\/v2\/comments?post=12956"}],"version-history":[{"count":1,"href":"https:\/\/www.baier-michels.com\/fr\/wp-json\/wp\/v2\/pages\/12956\/revisions"}],"predecessor-version":[{"id":15329,"href":"https:\/\/www.baier-michels.com\/fr\/wp-json\/wp\/v2\/pages\/12956\/revisions\/15329"}],"up":[{"embeddable":true,"href":"https:\/\/www.baier-michels.com\/fr\/wp-json\/wp\/v2\/pages\/12938"}],"wp:attachment":[{"href":"https:\/\/www.baier-michels.com\/fr\/wp-json\/wp\/v2\/media?parent=12956"}],"wp:term":[{"taxonomy":"category","embeddable":true,"href":"https:\/\/www.baier-michels.com\/fr\/wp-json\/wp\/v2\/categories?post=12956"}],"curies":[{"name":"wp","href":"https:\/\/api.w.org\/{rel}","templated":true}]}}