{"id":12959,"date":"2021-04-30T00:00:00","date_gmt":"2021-04-29T23:00:00","guid":{"rendered":"http:\/\/dev.baier-michels.local\/market-sectors\/automotive-and-vehicle-industry\/die-cast-components-and-toolmaking\/"},"modified":"2024-12-10T13:16:43","modified_gmt":"2024-12-10T12:16:43","slug":"die-cast-components-and-toolmaking","status":"publish","type":"page","link":"https:\/\/www.baier-michels.com\/fr\/market-sectors\/automotive-and-vehicle-industry\/die-cast-components-and-toolmaking\/","title":{"rendered":"Composants moul\u00e9s sous pression et fabrication d\u2019outils"},"content":{"rendered":"\n<p>Les composants moul\u00e9s sous pression et la fabrication d\u2019outils sont devenus indispensables dans la production de masse des v\u00e9hicules et de leurs composants. Une grande vari\u00e9t\u00e9 d\u2019\u00e9l\u00e9ments de fixation sont utilis\u00e9s \u00e0 diff\u00e9rents endroits. Par exemple, le vissage direct dans le moulage sous pression de l\u2019aluminium d\u00e9finit de toutes nouvelles exigences pour les vis utilis\u00e9es en raison des propri\u00e9t\u00e9s m\u00e9caniques du mat\u00e9riau. De plus, de nombreux outils ont des conduits de refroidissement qui doivent \u00eatre ferm\u00e9s de mani\u00e8re fiable, m\u00eame avec des charges et contraintes \u00e9lev\u00e9es.<\/p>\n\n\n\n<p>Vous recherchez une solution de fixation innovante pour votre application&nbsp;? Vous trouverez l\u2019\u00e9l\u00e9ment de fixation qui vous convient.<\/p>\n","protected":false},"excerpt":{"rendered":"<p>Les composants moul\u00e9s sous pression et la fabrication d\u2019outils sont devenus indispensables dans la production de masse des v\u00e9hicules et de leurs composants. Une grande vari\u00e9t\u00e9 d\u2019\u00e9l\u00e9ments de fixation sont utilis\u00e9s \u00e0 diff\u00e9rents endroits. Par exemple, le vissage direct dans le moulage sous pression de l\u2019aluminium d\u00e9finit de toutes nouvelles exigences pour les vis utilis\u00e9es [&hellip;]<\/p>\n","protected":false},"author":1,"featured_media":0,"parent":12937,"menu_order":2,"comment_status":"closed","ping_status":"closed","template":"template_page_e3.php","meta":{"_acf_changed":false,"footnotes":""},"categories":[244,245,231],"class_list":["post-12959","page","type-page","status-publish","hentry","category-closing-and-sealing-systems-fr","category-direct-screwing-in-various-materials-fr","category-direct-screwing-in-metals-fr"],"acf":[],"yoast_head":"<!-- This site is optimized with the Yoast SEO plugin v27.4 - https:\/\/yoast.com\/product\/yoast-seo-wordpress\/ -->\n<title>Composants moul\u00e9s sous pression et fabrication d\u2019outils - b&amp;m Homepage<\/title>\n<meta name=\"description\" content=\"Innovative fastening technology for die-cast components and toolmaking\" \/>\n<meta name=\"robots\" content=\"index, follow, max-snippet:-1, max-image-preview:large, max-video-preview:-1\" \/>\n<link rel=\"canonical\" href=\"https:\/\/www.baier-michels.com\/fr\/market-sectors\/automotive-and-vehicle-industry\/die-cast-components-and-toolmaking\/\" \/>\n<meta property=\"og:locale\" content=\"fr_FR\" \/>\n<meta property=\"og:type\" content=\"article\" \/>\n<meta property=\"og:title\" content=\"Composants moul\u00e9s sous pression et fabrication d\u2019outils - b&amp;m Homepage\" \/>\n<meta property=\"og:description\" content=\"Innovative fastening technology for die-cast components and toolmaking\" \/>\n<meta property=\"og:url\" content=\"https:\/\/www.baier-michels.com\/fr\/market-sectors\/automotive-and-vehicle-industry\/die-cast-components-and-toolmaking\/\" \/>\n<meta property=\"og:site_name\" content=\"b&amp;m Homepage\" \/>\n<meta property=\"article:modified_time\" content=\"2024-12-10T12:16:43+00:00\" \/>\n<meta name=\"twitter:card\" content=\"summary_large_image\" \/>\n<meta name=\"twitter:label1\" content=\"Dur\u00e9e de lecture estim\u00e9e\" \/>\n\t<meta name=\"twitter:data1\" content=\"1 minute\" \/>\n<script type=\"application\/ld+json\" class=\"yoast-schema-graph\">{\"@context\":\"https:\\\/\\\/schema.org\",\"@graph\":[{\"@type\":\"WebPage\",\"@id\":\"https:\\\/\\\/www.baier-michels.com\\\/fr\\\/market-sectors\\\/automotive-and-vehicle-industry\\\/die-cast-components-and-toolmaking\\\/\",\"url\":\"https:\\\/\\\/www.baier-michels.com\\\/fr\\\/market-sectors\\\/automotive-and-vehicle-industry\\\/die-cast-components-and-toolmaking\\\/\",\"name\":\"Composants moul\u00e9s sous pression et fabrication d\u2019outils - b&amp;m Homepage\",\"isPartOf\":{\"@id\":\"https:\\\/\\\/www.baier-michels.com\\\/fr\\\/#website\"},\"datePublished\":\"2021-04-29T23:00:00+00:00\",\"dateModified\":\"2024-12-10T12:16:43+00:00\",\"description\":\"Innovative fastening technology for die-cast components and toolmaking\",\"breadcrumb\":{\"@id\":\"https:\\\/\\\/www.baier-michels.com\\\/fr\\\/market-sectors\\\/automotive-and-vehicle-industry\\\/die-cast-components-and-toolmaking\\\/#breadcrumb\"},\"inLanguage\":\"fr-FR\",\"potentialAction\":[{\"@type\":\"ReadAction\",\"target\":[\"https:\\\/\\\/www.baier-michels.com\\\/fr\\\/market-sectors\\\/automotive-and-vehicle-industry\\\/die-cast-components-and-toolmaking\\\/\"]}]},{\"@type\":\"BreadcrumbList\",\"@id\":\"https:\\\/\\\/www.baier-michels.com\\\/fr\\\/market-sectors\\\/automotive-and-vehicle-industry\\\/die-cast-components-and-toolmaking\\\/#breadcrumb\",\"itemListElement\":[{\"@type\":\"ListItem\",\"position\":1,\"name\":\"Startseite\",\"item\":\"https:\\\/\\\/www.baier-michels.com\\\/fr\\\/\"},{\"@type\":\"ListItem\",\"position\":2,\"name\":\"Secteurs d\u2019activit\u00e9\",\"item\":\"https:\\\/\\\/www.baier-michels.com\\\/fr\\\/market-sectors\\\/\"},{\"@type\":\"ListItem\",\"position\":3,\"name\":\"Industrie automobile et des v\u00e9hicules\",\"item\":\"https:\\\/\\\/www.baier-michels.com\\\/fr\\\/market-sectors\\\/automotive-and-vehicle-industry\\\/\"},{\"@type\":\"ListItem\",\"position\":4,\"name\":\"Composants moul\u00e9s sous pression et fabrication d\u2019outils\"}]},{\"@type\":\"WebSite\",\"@id\":\"https:\\\/\\\/www.baier-michels.com\\\/fr\\\/#website\",\"url\":\"https:\\\/\\\/www.baier-michels.com\\\/fr\\\/\",\"name\":\"b&m\",\"description\":\"baier&amp;michels Gmbh &amp; Co KG\",\"publisher\":{\"@id\":\"https:\\\/\\\/www.baier-michels.com\\\/fr\\\/#organization\"},\"potentialAction\":[{\"@type\":\"SearchAction\",\"target\":{\"@type\":\"EntryPoint\",\"urlTemplate\":\"https:\\\/\\\/www.baier-michels.com\\\/fr\\\/?s={search_term_string}\"},\"query-input\":{\"@type\":\"PropertyValueSpecification\",\"valueRequired\":true,\"valueName\":\"search_term_string\"}}],\"inLanguage\":\"fr-FR\"},{\"@type\":\"Organization\",\"@id\":\"https:\\\/\\\/www.baier-michels.com\\\/fr\\\/#organization\",\"name\":\"baier & michels GmbH & Co KG\",\"url\":\"https:\\\/\\\/www.baier-michels.com\\\/fr\\\/\",\"logo\":{\"@type\":\"ImageObject\",\"inLanguage\":\"fr-FR\",\"@id\":\"https:\\\/\\\/www.baier-michels.com\\\/fr\\\/#\\\/schema\\\/logo\\\/image\\\/\",\"url\":\"\",\"contentUrl\":\"\",\"caption\":\"baier & michels GmbH & Co KG\"},\"image\":{\"@id\":\"https:\\\/\\\/www.baier-michels.com\\\/fr\\\/#\\\/schema\\\/logo\\\/image\\\/\"},\"sameAs\":[\"https:\\\/\\\/www.linkedin.com\\\/company\\\/baier-michels\\\/?viewAsMember=true\",\"https:\\\/\\\/www.youtube.com\\\/channel\\\/UCdBWm_HCAtCjxiFZWloFYGw?view_as=subscriber\"]}]}<\/script>\n<!-- \/ Yoast SEO plugin. -->","yoast_head_json":{"title":"Composants moul\u00e9s sous pression et fabrication d\u2019outils - b&amp;m Homepage","description":"Innovative fastening technology for die-cast components and toolmaking","robots":{"index":"index","follow":"follow","max-snippet":"max-snippet:-1","max-image-preview":"max-image-preview:large","max-video-preview":"max-video-preview:-1"},"canonical":"https:\/\/www.baier-michels.com\/fr\/market-sectors\/automotive-and-vehicle-industry\/die-cast-components-and-toolmaking\/","og_locale":"fr_FR","og_type":"article","og_title":"Composants moul\u00e9s sous pression et fabrication d\u2019outils - b&amp;m Homepage","og_description":"Innovative fastening technology for die-cast components and toolmaking","og_url":"https:\/\/www.baier-michels.com\/fr\/market-sectors\/automotive-and-vehicle-industry\/die-cast-components-and-toolmaking\/","og_site_name":"b&amp;m Homepage","article_modified_time":"2024-12-10T12:16:43+00:00","twitter_card":"summary_large_image","twitter_misc":{"Dur\u00e9e de lecture estim\u00e9e":"1 minute"},"schema":{"@context":"https:\/\/schema.org","@graph":[{"@type":"WebPage","@id":"https:\/\/www.baier-michels.com\/fr\/market-sectors\/automotive-and-vehicle-industry\/die-cast-components-and-toolmaking\/","url":"https:\/\/www.baier-michels.com\/fr\/market-sectors\/automotive-and-vehicle-industry\/die-cast-components-and-toolmaking\/","name":"Composants moul\u00e9s sous pression et fabrication d\u2019outils - b&amp;m Homepage","isPartOf":{"@id":"https:\/\/www.baier-michels.com\/fr\/#website"},"datePublished":"2021-04-29T23:00:00+00:00","dateModified":"2024-12-10T12:16:43+00:00","description":"Innovative fastening technology for die-cast components and toolmaking","breadcrumb":{"@id":"https:\/\/www.baier-michels.com\/fr\/market-sectors\/automotive-and-vehicle-industry\/die-cast-components-and-toolmaking\/#breadcrumb"},"inLanguage":"fr-FR","potentialAction":[{"@type":"ReadAction","target":["https:\/\/www.baier-michels.com\/fr\/market-sectors\/automotive-and-vehicle-industry\/die-cast-components-and-toolmaking\/"]}]},{"@type":"BreadcrumbList","@id":"https:\/\/www.baier-michels.com\/fr\/market-sectors\/automotive-and-vehicle-industry\/die-cast-components-and-toolmaking\/#breadcrumb","itemListElement":[{"@type":"ListItem","position":1,"name":"Startseite","item":"https:\/\/www.baier-michels.com\/fr\/"},{"@type":"ListItem","position":2,"name":"Secteurs d\u2019activit\u00e9","item":"https:\/\/www.baier-michels.com\/fr\/market-sectors\/"},{"@type":"ListItem","position":3,"name":"Industrie automobile et des v\u00e9hicules","item":"https:\/\/www.baier-michels.com\/fr\/market-sectors\/automotive-and-vehicle-industry\/"},{"@type":"ListItem","position":4,"name":"Composants moul\u00e9s sous pression et fabrication d\u2019outils"}]},{"@type":"WebSite","@id":"https:\/\/www.baier-michels.com\/fr\/#website","url":"https:\/\/www.baier-michels.com\/fr\/","name":"b&m","description":"baier&amp;michels Gmbh &amp; Co KG","publisher":{"@id":"https:\/\/www.baier-michels.com\/fr\/#organization"},"potentialAction":[{"@type":"SearchAction","target":{"@type":"EntryPoint","urlTemplate":"https:\/\/www.baier-michels.com\/fr\/?s={search_term_string}"},"query-input":{"@type":"PropertyValueSpecification","valueRequired":true,"valueName":"search_term_string"}}],"inLanguage":"fr-FR"},{"@type":"Organization","@id":"https:\/\/www.baier-michels.com\/fr\/#organization","name":"baier & michels GmbH & Co KG","url":"https:\/\/www.baier-michels.com\/fr\/","logo":{"@type":"ImageObject","inLanguage":"fr-FR","@id":"https:\/\/www.baier-michels.com\/fr\/#\/schema\/logo\/image\/","url":"","contentUrl":"","caption":"baier & michels GmbH & Co KG"},"image":{"@id":"https:\/\/www.baier-michels.com\/fr\/#\/schema\/logo\/image\/"},"sameAs":["https:\/\/www.linkedin.com\/company\/baier-michels\/?viewAsMember=true","https:\/\/www.youtube.com\/channel\/UCdBWm_HCAtCjxiFZWloFYGw?view_as=subscriber"]}]}},"_links":{"self":[{"href":"https:\/\/www.baier-michels.com\/fr\/wp-json\/wp\/v2\/pages\/12959","targetHints":{"allow":["GET"]}}],"collection":[{"href":"https:\/\/www.baier-michels.com\/fr\/wp-json\/wp\/v2\/pages"}],"about":[{"href":"https:\/\/www.baier-michels.com\/fr\/wp-json\/wp\/v2\/types\/page"}],"author":[{"embeddable":true,"href":"https:\/\/www.baier-michels.com\/fr\/wp-json\/wp\/v2\/users\/1"}],"replies":[{"embeddable":true,"href":"https:\/\/www.baier-michels.com\/fr\/wp-json\/wp\/v2\/comments?post=12959"}],"version-history":[{"count":1,"href":"https:\/\/www.baier-michels.com\/fr\/wp-json\/wp\/v2\/pages\/12959\/revisions"}],"predecessor-version":[{"id":15308,"href":"https:\/\/www.baier-michels.com\/fr\/wp-json\/wp\/v2\/pages\/12959\/revisions\/15308"}],"up":[{"embeddable":true,"href":"https:\/\/www.baier-michels.com\/fr\/wp-json\/wp\/v2\/pages\/12937"}],"wp:attachment":[{"href":"https:\/\/www.baier-michels.com\/fr\/wp-json\/wp\/v2\/media?parent=12959"}],"wp:term":[{"taxonomy":"category","embeddable":true,"href":"https:\/\/www.baier-michels.com\/fr\/wp-json\/wp\/v2\/categories?post=12959"}],"curies":[{"name":"wp","href":"https:\/\/api.w.org\/{rel}","templated":true}]}}