{"id":12967,"date":"2021-04-30T00:00:00","date_gmt":"2021-04-29T23:00:00","guid":{"rendered":"http:\/\/dev.baier-michels.local\/market-sectors\/automotive-and-vehicle-industry\/panorama-roofs-and-sliding-roofs\/"},"modified":"2024-12-10T13:24:19","modified_gmt":"2024-12-10T12:24:19","slug":"panorama-roofs-and-sliding-roofs","status":"publish","type":"page","link":"https:\/\/www.baier-michels.com\/fr\/market-sectors\/automotive-and-vehicle-industry\/panorama-roofs-and-sliding-roofs\/","title":{"rendered":"Toits panoramiques et coulissants"},"content":{"rendered":"\n<p>Des grands toits panoramiques au toit coulissant classique, les syst\u00e8mes de toits modernes sont de plus en plus populaires. Ils offrent un int\u00e9rieur clair, un apport d\u2019air frais agr\u00e9able et servent m\u00eame d\u2019assistance \u00e0 la conduite. Plus les fonctions du syst\u00e8me de toit sont vari\u00e9es, plus les exigences relatives aux \u00e9l\u00e9ments de fixation utilis\u00e9s sont \u00e9lev\u00e9es. Les syst\u00e8mes de vissage direct doivent, par exemple, pr\u00e9senter un encombrement minimal et les amortisseurs doivent minimiser le bruit du moteur du toit coulissant.<\/p>\n\n\n\n<p>Vous recherchez une solution de fixation innovante pour votre application&nbsp;? Vous trouverez l\u2019\u00e9l\u00e9ment de fixation qui vous convient.<\/p>\n","protected":false},"excerpt":{"rendered":"<p>Des grands toits panoramiques au toit coulissant classique, les syst\u00e8mes de toits modernes sont de plus en plus populaires. Ils offrent un int\u00e9rieur clair, un apport d\u2019air frais agr\u00e9able et servent m\u00eame d\u2019assistance \u00e0 la conduite. Plus les fonctions du syst\u00e8me de toit sont vari\u00e9es, plus les exigences relatives aux \u00e9l\u00e9ments de fixation utilis\u00e9s sont [&hellip;]<\/p>\n","protected":false},"author":1,"featured_media":0,"parent":12937,"menu_order":8,"comment_status":"closed","ping_status":"closed","template":"template_page_e3.php","meta":{"_acf_changed":false,"footnotes":""},"categories":[246,242,245,231],"class_list":["post-12967","page","type-page","status-publish","hentry","category-bearings-and-dampers-fr","category-blind-rivet-systems-fr","category-direct-screwing-in-various-materials-fr","category-direct-screwing-in-metals-fr"],"acf":[],"yoast_head":"<!-- This site is optimized with the Yoast SEO plugin v27.4 - https:\/\/yoast.com\/product\/yoast-seo-wordpress\/ -->\n<title>Toits panoramiques et coulissants - b&amp;m Homepage<\/title>\n<meta name=\"description\" content=\"Innovative fastening technology for panorama roofs and sliding roofs\" \/>\n<meta name=\"robots\" content=\"index, follow, max-snippet:-1, max-image-preview:large, max-video-preview:-1\" \/>\n<link rel=\"canonical\" href=\"https:\/\/www.baier-michels.com\/fr\/market-sectors\/automotive-and-vehicle-industry\/panorama-roofs-and-sliding-roofs\/\" \/>\n<meta property=\"og:locale\" content=\"fr_FR\" \/>\n<meta property=\"og:type\" content=\"article\" \/>\n<meta property=\"og:title\" content=\"Toits panoramiques et coulissants - b&amp;m Homepage\" \/>\n<meta property=\"og:description\" content=\"Innovative fastening technology for panorama roofs and sliding roofs\" \/>\n<meta property=\"og:url\" content=\"https:\/\/www.baier-michels.com\/fr\/market-sectors\/automotive-and-vehicle-industry\/panorama-roofs-and-sliding-roofs\/\" \/>\n<meta property=\"og:site_name\" content=\"b&amp;m Homepage\" \/>\n<meta property=\"article:modified_time\" content=\"2024-12-10T12:24:19+00:00\" \/>\n<meta name=\"twitter:card\" content=\"summary_large_image\" \/>\n<meta name=\"twitter:label1\" content=\"Dur\u00e9e de lecture estim\u00e9e\" \/>\n\t<meta name=\"twitter:data1\" content=\"1 minute\" \/>\n<script type=\"application\/ld+json\" class=\"yoast-schema-graph\">{\"@context\":\"https:\\\/\\\/schema.org\",\"@graph\":[{\"@type\":\"WebPage\",\"@id\":\"https:\\\/\\\/www.baier-michels.com\\\/fr\\\/market-sectors\\\/automotive-and-vehicle-industry\\\/panorama-roofs-and-sliding-roofs\\\/\",\"url\":\"https:\\\/\\\/www.baier-michels.com\\\/fr\\\/market-sectors\\\/automotive-and-vehicle-industry\\\/panorama-roofs-and-sliding-roofs\\\/\",\"name\":\"Toits panoramiques et coulissants - b&amp;m Homepage\",\"isPartOf\":{\"@id\":\"https:\\\/\\\/www.baier-michels.com\\\/fr\\\/#website\"},\"datePublished\":\"2021-04-29T23:00:00+00:00\",\"dateModified\":\"2024-12-10T12:24:19+00:00\",\"description\":\"Innovative fastening technology for panorama roofs and sliding roofs\",\"breadcrumb\":{\"@id\":\"https:\\\/\\\/www.baier-michels.com\\\/fr\\\/market-sectors\\\/automotive-and-vehicle-industry\\\/panorama-roofs-and-sliding-roofs\\\/#breadcrumb\"},\"inLanguage\":\"fr-FR\",\"potentialAction\":[{\"@type\":\"ReadAction\",\"target\":[\"https:\\\/\\\/www.baier-michels.com\\\/fr\\\/market-sectors\\\/automotive-and-vehicle-industry\\\/panorama-roofs-and-sliding-roofs\\\/\"]}]},{\"@type\":\"BreadcrumbList\",\"@id\":\"https:\\\/\\\/www.baier-michels.com\\\/fr\\\/market-sectors\\\/automotive-and-vehicle-industry\\\/panorama-roofs-and-sliding-roofs\\\/#breadcrumb\",\"itemListElement\":[{\"@type\":\"ListItem\",\"position\":1,\"name\":\"Startseite\",\"item\":\"https:\\\/\\\/www.baier-michels.com\\\/fr\\\/\"},{\"@type\":\"ListItem\",\"position\":2,\"name\":\"Secteurs d\u2019activit\u00e9\",\"item\":\"https:\\\/\\\/www.baier-michels.com\\\/fr\\\/market-sectors\\\/\"},{\"@type\":\"ListItem\",\"position\":3,\"name\":\"Industrie automobile et des v\u00e9hicules\",\"item\":\"https:\\\/\\\/www.baier-michels.com\\\/fr\\\/market-sectors\\\/automotive-and-vehicle-industry\\\/\"},{\"@type\":\"ListItem\",\"position\":4,\"name\":\"Toits panoramiques et coulissants\"}]},{\"@type\":\"WebSite\",\"@id\":\"https:\\\/\\\/www.baier-michels.com\\\/fr\\\/#website\",\"url\":\"https:\\\/\\\/www.baier-michels.com\\\/fr\\\/\",\"name\":\"b&m\",\"description\":\"baier&amp;michels Gmbh &amp; Co KG\",\"publisher\":{\"@id\":\"https:\\\/\\\/www.baier-michels.com\\\/fr\\\/#organization\"},\"potentialAction\":[{\"@type\":\"SearchAction\",\"target\":{\"@type\":\"EntryPoint\",\"urlTemplate\":\"https:\\\/\\\/www.baier-michels.com\\\/fr\\\/?s={search_term_string}\"},\"query-input\":{\"@type\":\"PropertyValueSpecification\",\"valueRequired\":true,\"valueName\":\"search_term_string\"}}],\"inLanguage\":\"fr-FR\"},{\"@type\":\"Organization\",\"@id\":\"https:\\\/\\\/www.baier-michels.com\\\/fr\\\/#organization\",\"name\":\"baier & michels GmbH & Co KG\",\"url\":\"https:\\\/\\\/www.baier-michels.com\\\/fr\\\/\",\"logo\":{\"@type\":\"ImageObject\",\"inLanguage\":\"fr-FR\",\"@id\":\"https:\\\/\\\/www.baier-michels.com\\\/fr\\\/#\\\/schema\\\/logo\\\/image\\\/\",\"url\":\"\",\"contentUrl\":\"\",\"caption\":\"baier & michels GmbH & Co KG\"},\"image\":{\"@id\":\"https:\\\/\\\/www.baier-michels.com\\\/fr\\\/#\\\/schema\\\/logo\\\/image\\\/\"},\"sameAs\":[\"https:\\\/\\\/www.linkedin.com\\\/company\\\/baier-michels\\\/?viewAsMember=true\",\"https:\\\/\\\/www.youtube.com\\\/channel\\\/UCdBWm_HCAtCjxiFZWloFYGw?view_as=subscriber\"]}]}<\/script>\n<!-- \/ Yoast SEO plugin. -->","yoast_head_json":{"title":"Toits panoramiques et coulissants - b&amp;m Homepage","description":"Innovative fastening technology for panorama roofs and sliding roofs","robots":{"index":"index","follow":"follow","max-snippet":"max-snippet:-1","max-image-preview":"max-image-preview:large","max-video-preview":"max-video-preview:-1"},"canonical":"https:\/\/www.baier-michels.com\/fr\/market-sectors\/automotive-and-vehicle-industry\/panorama-roofs-and-sliding-roofs\/","og_locale":"fr_FR","og_type":"article","og_title":"Toits panoramiques et coulissants - b&amp;m Homepage","og_description":"Innovative fastening technology for panorama roofs and sliding roofs","og_url":"https:\/\/www.baier-michels.com\/fr\/market-sectors\/automotive-and-vehicle-industry\/panorama-roofs-and-sliding-roofs\/","og_site_name":"b&amp;m Homepage","article_modified_time":"2024-12-10T12:24:19+00:00","twitter_card":"summary_large_image","twitter_misc":{"Dur\u00e9e de lecture estim\u00e9e":"1 minute"},"schema":{"@context":"https:\/\/schema.org","@graph":[{"@type":"WebPage","@id":"https:\/\/www.baier-michels.com\/fr\/market-sectors\/automotive-and-vehicle-industry\/panorama-roofs-and-sliding-roofs\/","url":"https:\/\/www.baier-michels.com\/fr\/market-sectors\/automotive-and-vehicle-industry\/panorama-roofs-and-sliding-roofs\/","name":"Toits panoramiques et coulissants - b&amp;m Homepage","isPartOf":{"@id":"https:\/\/www.baier-michels.com\/fr\/#website"},"datePublished":"2021-04-29T23:00:00+00:00","dateModified":"2024-12-10T12:24:19+00:00","description":"Innovative fastening technology for panorama roofs and sliding roofs","breadcrumb":{"@id":"https:\/\/www.baier-michels.com\/fr\/market-sectors\/automotive-and-vehicle-industry\/panorama-roofs-and-sliding-roofs\/#breadcrumb"},"inLanguage":"fr-FR","potentialAction":[{"@type":"ReadAction","target":["https:\/\/www.baier-michels.com\/fr\/market-sectors\/automotive-and-vehicle-industry\/panorama-roofs-and-sliding-roofs\/"]}]},{"@type":"BreadcrumbList","@id":"https:\/\/www.baier-michels.com\/fr\/market-sectors\/automotive-and-vehicle-industry\/panorama-roofs-and-sliding-roofs\/#breadcrumb","itemListElement":[{"@type":"ListItem","position":1,"name":"Startseite","item":"https:\/\/www.baier-michels.com\/fr\/"},{"@type":"ListItem","position":2,"name":"Secteurs d\u2019activit\u00e9","item":"https:\/\/www.baier-michels.com\/fr\/market-sectors\/"},{"@type":"ListItem","position":3,"name":"Industrie automobile et des v\u00e9hicules","item":"https:\/\/www.baier-michels.com\/fr\/market-sectors\/automotive-and-vehicle-industry\/"},{"@type":"ListItem","position":4,"name":"Toits panoramiques et coulissants"}]},{"@type":"WebSite","@id":"https:\/\/www.baier-michels.com\/fr\/#website","url":"https:\/\/www.baier-michels.com\/fr\/","name":"b&m","description":"baier&amp;michels Gmbh &amp; Co KG","publisher":{"@id":"https:\/\/www.baier-michels.com\/fr\/#organization"},"potentialAction":[{"@type":"SearchAction","target":{"@type":"EntryPoint","urlTemplate":"https:\/\/www.baier-michels.com\/fr\/?s={search_term_string}"},"query-input":{"@type":"PropertyValueSpecification","valueRequired":true,"valueName":"search_term_string"}}],"inLanguage":"fr-FR"},{"@type":"Organization","@id":"https:\/\/www.baier-michels.com\/fr\/#organization","name":"baier & michels GmbH & Co KG","url":"https:\/\/www.baier-michels.com\/fr\/","logo":{"@type":"ImageObject","inLanguage":"fr-FR","@id":"https:\/\/www.baier-michels.com\/fr\/#\/schema\/logo\/image\/","url":"","contentUrl":"","caption":"baier & michels GmbH & Co KG"},"image":{"@id":"https:\/\/www.baier-michels.com\/fr\/#\/schema\/logo\/image\/"},"sameAs":["https:\/\/www.linkedin.com\/company\/baier-michels\/?viewAsMember=true","https:\/\/www.youtube.com\/channel\/UCdBWm_HCAtCjxiFZWloFYGw?view_as=subscriber"]}]}},"_links":{"self":[{"href":"https:\/\/www.baier-michels.com\/fr\/wp-json\/wp\/v2\/pages\/12967","targetHints":{"allow":["GET"]}}],"collection":[{"href":"https:\/\/www.baier-michels.com\/fr\/wp-json\/wp\/v2\/pages"}],"about":[{"href":"https:\/\/www.baier-michels.com\/fr\/wp-json\/wp\/v2\/types\/page"}],"author":[{"embeddable":true,"href":"https:\/\/www.baier-michels.com\/fr\/wp-json\/wp\/v2\/users\/1"}],"replies":[{"embeddable":true,"href":"https:\/\/www.baier-michels.com\/fr\/wp-json\/wp\/v2\/comments?post=12967"}],"version-history":[{"count":1,"href":"https:\/\/www.baier-michels.com\/fr\/wp-json\/wp\/v2\/pages\/12967\/revisions"}],"predecessor-version":[{"id":15318,"href":"https:\/\/www.baier-michels.com\/fr\/wp-json\/wp\/v2\/pages\/12967\/revisions\/15318"}],"up":[{"embeddable":true,"href":"https:\/\/www.baier-michels.com\/fr\/wp-json\/wp\/v2\/pages\/12937"}],"wp:attachment":[{"href":"https:\/\/www.baier-michels.com\/fr\/wp-json\/wp\/v2\/media?parent=12967"}],"wp:term":[{"taxonomy":"category","embeddable":true,"href":"https:\/\/www.baier-michels.com\/fr\/wp-json\/wp\/v2\/categories?post=12967"}],"curies":[{"name":"wp","href":"https:\/\/api.w.org\/{rel}","templated":true}]}}