{"id":12971,"date":"2021-04-30T00:00:00","date_gmt":"2021-04-29T23:00:00","guid":{"rendered":"http:\/\/dev.baier-michels.local\/market-sectors\/electrical-industry\/storage-systems\/"},"modified":"2024-12-10T13:56:24","modified_gmt":"2024-12-10T12:56:24","slug":"storage-systems","status":"publish","type":"page","link":"https:\/\/www.baier-michels.com\/fr\/market-sectors\/electrical-industry\/storage-systems\/","title":{"rendered":"Syst\u00e8mes de stockage"},"content":{"rendered":"\n<p>Les batteries servent principalement \u00e0 stocker l\u2019\u00e9nergie \u00e9lectrique sur une base \u00e9lectrochimique. Elles sont utilis\u00e9es dans diff\u00e9rents secteurs et domaines d\u2019application et font partie essentielle de l\u2019alimentation en \u00e9nergie mobile.<\/p>\n\n\n\n<p>Vous recherchez une solution de fixation innovante pour votre application&nbsp;? Vous trouverez l\u2019\u00e9l\u00e9ment de fixation qui vous convient.<\/p>\n","protected":false},"excerpt":{"rendered":"<p>Les batteries servent principalement \u00e0 stocker l\u2019\u00e9nergie \u00e9lectrique sur une base \u00e9lectrochimique. Elles sont utilis\u00e9es dans diff\u00e9rents secteurs et domaines d\u2019application et font partie essentielle de l\u2019alimentation en \u00e9nergie mobile. Vous recherchez une solution de fixation innovante pour votre application&nbsp;? Vous trouverez l\u2019\u00e9l\u00e9ment de fixation qui vous convient.<\/p>\n","protected":false},"author":1,"featured_media":0,"parent":12939,"menu_order":6,"comment_status":"closed","ping_status":"closed","template":"template_page_e3.php","meta":{"_acf_changed":false,"footnotes":""},"categories":[243,244,242,245,232,231],"class_list":["post-12971","page","type-page","status-publish","hentry","category-threaded-inserts-and-bolts-fr","category-closing-and-sealing-systems-fr","category-blind-rivet-systems-fr","category-direct-screwing-in-various-materials-fr","category-direct-screwing-in-plastics-fr","category-direct-screwing-in-metals-fr"],"acf":[],"yoast_head":"<!-- This site is optimized with the Yoast SEO plugin v27.3 - https:\/\/yoast.com\/product\/yoast-seo-wordpress\/ -->\n<title>Syst\u00e8mes de stockage - b&amp;m Homepage<\/title>\n<meta name=\"description\" content=\"Innovative fastener technology for storage systems\" \/>\n<meta name=\"robots\" content=\"index, follow, max-snippet:-1, max-image-preview:large, max-video-preview:-1\" \/>\n<link rel=\"canonical\" href=\"https:\/\/www.baier-michels.com\/fr\/market-sectors\/electrical-industry\/storage-systems\/\" \/>\n<meta property=\"og:locale\" content=\"fr_FR\" \/>\n<meta property=\"og:type\" content=\"article\" \/>\n<meta property=\"og:title\" content=\"Syst\u00e8mes de stockage - b&amp;m Homepage\" \/>\n<meta property=\"og:description\" content=\"Innovative fastener technology for storage systems\" \/>\n<meta property=\"og:url\" content=\"https:\/\/www.baier-michels.com\/fr\/market-sectors\/electrical-industry\/storage-systems\/\" \/>\n<meta property=\"og:site_name\" content=\"b&amp;m Homepage\" \/>\n<meta property=\"article:modified_time\" content=\"2024-12-10T12:56:24+00:00\" \/>\n<meta name=\"twitter:card\" content=\"summary_large_image\" \/>\n<meta name=\"twitter:label1\" content=\"Dur\u00e9e de lecture estim\u00e9e\" \/>\n\t<meta name=\"twitter:data1\" content=\"1 minute\" \/>\n<script type=\"application\/ld+json\" class=\"yoast-schema-graph\">{\"@context\":\"https:\\\/\\\/schema.org\",\"@graph\":[{\"@type\":\"WebPage\",\"@id\":\"https:\\\/\\\/www.baier-michels.com\\\/fr\\\/market-sectors\\\/electrical-industry\\\/storage-systems\\\/\",\"url\":\"https:\\\/\\\/www.baier-michels.com\\\/fr\\\/market-sectors\\\/electrical-industry\\\/storage-systems\\\/\",\"name\":\"Syst\u00e8mes de stockage - b&amp;m Homepage\",\"isPartOf\":{\"@id\":\"https:\\\/\\\/www.baier-michels.com\\\/fr\\\/#website\"},\"datePublished\":\"2021-04-29T23:00:00+00:00\",\"dateModified\":\"2024-12-10T12:56:24+00:00\",\"description\":\"Innovative fastener technology for storage systems\",\"breadcrumb\":{\"@id\":\"https:\\\/\\\/www.baier-michels.com\\\/fr\\\/market-sectors\\\/electrical-industry\\\/storage-systems\\\/#breadcrumb\"},\"inLanguage\":\"fr-FR\",\"potentialAction\":[{\"@type\":\"ReadAction\",\"target\":[\"https:\\\/\\\/www.baier-michels.com\\\/fr\\\/market-sectors\\\/electrical-industry\\\/storage-systems\\\/\"]}]},{\"@type\":\"BreadcrumbList\",\"@id\":\"https:\\\/\\\/www.baier-michels.com\\\/fr\\\/market-sectors\\\/electrical-industry\\\/storage-systems\\\/#breadcrumb\",\"itemListElement\":[{\"@type\":\"ListItem\",\"position\":1,\"name\":\"Startseite\",\"item\":\"https:\\\/\\\/www.baier-michels.com\\\/fr\\\/\"},{\"@type\":\"ListItem\",\"position\":2,\"name\":\"Secteurs d\u2019activit\u00e9\",\"item\":\"https:\\\/\\\/www.baier-michels.com\\\/fr\\\/market-sectors\\\/\"},{\"@type\":\"ListItem\",\"position\":3,\"name\":\"Industrie \u00e9lectrique\",\"item\":\"https:\\\/\\\/www.baier-michels.com\\\/fr\\\/market-sectors\\\/electrical-industry\\\/\"},{\"@type\":\"ListItem\",\"position\":4,\"name\":\"Syst\u00e8mes de stockage\"}]},{\"@type\":\"WebSite\",\"@id\":\"https:\\\/\\\/www.baier-michels.com\\\/fr\\\/#website\",\"url\":\"https:\\\/\\\/www.baier-michels.com\\\/fr\\\/\",\"name\":\"b&m\",\"description\":\"baier&amp;michels Gmbh &amp; Co KG\",\"publisher\":{\"@id\":\"https:\\\/\\\/www.baier-michels.com\\\/fr\\\/#organization\"},\"potentialAction\":[{\"@type\":\"SearchAction\",\"target\":{\"@type\":\"EntryPoint\",\"urlTemplate\":\"https:\\\/\\\/www.baier-michels.com\\\/fr\\\/?s={search_term_string}\"},\"query-input\":{\"@type\":\"PropertyValueSpecification\",\"valueRequired\":true,\"valueName\":\"search_term_string\"}}],\"inLanguage\":\"fr-FR\"},{\"@type\":\"Organization\",\"@id\":\"https:\\\/\\\/www.baier-michels.com\\\/fr\\\/#organization\",\"name\":\"baier & michels GmbH & Co KG\",\"url\":\"https:\\\/\\\/www.baier-michels.com\\\/fr\\\/\",\"logo\":{\"@type\":\"ImageObject\",\"inLanguage\":\"fr-FR\",\"@id\":\"https:\\\/\\\/www.baier-michels.com\\\/fr\\\/#\\\/schema\\\/logo\\\/image\\\/\",\"url\":\"\",\"contentUrl\":\"\",\"caption\":\"baier & michels GmbH & Co KG\"},\"image\":{\"@id\":\"https:\\\/\\\/www.baier-michels.com\\\/fr\\\/#\\\/schema\\\/logo\\\/image\\\/\"},\"sameAs\":[\"https:\\\/\\\/www.linkedin.com\\\/company\\\/baier-michels\\\/?viewAsMember=true\",\"https:\\\/\\\/www.youtube.com\\\/channel\\\/UCdBWm_HCAtCjxiFZWloFYGw?view_as=subscriber\"]}]}<\/script>\n<!-- \/ Yoast SEO plugin. -->","yoast_head_json":{"title":"Syst\u00e8mes de stockage - b&amp;m Homepage","description":"Innovative fastener technology for storage systems","robots":{"index":"index","follow":"follow","max-snippet":"max-snippet:-1","max-image-preview":"max-image-preview:large","max-video-preview":"max-video-preview:-1"},"canonical":"https:\/\/www.baier-michels.com\/fr\/market-sectors\/electrical-industry\/storage-systems\/","og_locale":"fr_FR","og_type":"article","og_title":"Syst\u00e8mes de stockage - b&amp;m Homepage","og_description":"Innovative fastener technology for storage systems","og_url":"https:\/\/www.baier-michels.com\/fr\/market-sectors\/electrical-industry\/storage-systems\/","og_site_name":"b&amp;m Homepage","article_modified_time":"2024-12-10T12:56:24+00:00","twitter_card":"summary_large_image","twitter_misc":{"Dur\u00e9e de lecture estim\u00e9e":"1 minute"},"schema":{"@context":"https:\/\/schema.org","@graph":[{"@type":"WebPage","@id":"https:\/\/www.baier-michels.com\/fr\/market-sectors\/electrical-industry\/storage-systems\/","url":"https:\/\/www.baier-michels.com\/fr\/market-sectors\/electrical-industry\/storage-systems\/","name":"Syst\u00e8mes de stockage - b&amp;m Homepage","isPartOf":{"@id":"https:\/\/www.baier-michels.com\/fr\/#website"},"datePublished":"2021-04-29T23:00:00+00:00","dateModified":"2024-12-10T12:56:24+00:00","description":"Innovative fastener technology for storage systems","breadcrumb":{"@id":"https:\/\/www.baier-michels.com\/fr\/market-sectors\/electrical-industry\/storage-systems\/#breadcrumb"},"inLanguage":"fr-FR","potentialAction":[{"@type":"ReadAction","target":["https:\/\/www.baier-michels.com\/fr\/market-sectors\/electrical-industry\/storage-systems\/"]}]},{"@type":"BreadcrumbList","@id":"https:\/\/www.baier-michels.com\/fr\/market-sectors\/electrical-industry\/storage-systems\/#breadcrumb","itemListElement":[{"@type":"ListItem","position":1,"name":"Startseite","item":"https:\/\/www.baier-michels.com\/fr\/"},{"@type":"ListItem","position":2,"name":"Secteurs d\u2019activit\u00e9","item":"https:\/\/www.baier-michels.com\/fr\/market-sectors\/"},{"@type":"ListItem","position":3,"name":"Industrie \u00e9lectrique","item":"https:\/\/www.baier-michels.com\/fr\/market-sectors\/electrical-industry\/"},{"@type":"ListItem","position":4,"name":"Syst\u00e8mes de stockage"}]},{"@type":"WebSite","@id":"https:\/\/www.baier-michels.com\/fr\/#website","url":"https:\/\/www.baier-michels.com\/fr\/","name":"b&m","description":"baier&amp;michels Gmbh &amp; Co KG","publisher":{"@id":"https:\/\/www.baier-michels.com\/fr\/#organization"},"potentialAction":[{"@type":"SearchAction","target":{"@type":"EntryPoint","urlTemplate":"https:\/\/www.baier-michels.com\/fr\/?s={search_term_string}"},"query-input":{"@type":"PropertyValueSpecification","valueRequired":true,"valueName":"search_term_string"}}],"inLanguage":"fr-FR"},{"@type":"Organization","@id":"https:\/\/www.baier-michels.com\/fr\/#organization","name":"baier & michels GmbH & Co KG","url":"https:\/\/www.baier-michels.com\/fr\/","logo":{"@type":"ImageObject","inLanguage":"fr-FR","@id":"https:\/\/www.baier-michels.com\/fr\/#\/schema\/logo\/image\/","url":"","contentUrl":"","caption":"baier & michels GmbH & Co KG"},"image":{"@id":"https:\/\/www.baier-michels.com\/fr\/#\/schema\/logo\/image\/"},"sameAs":["https:\/\/www.linkedin.com\/company\/baier-michels\/?viewAsMember=true","https:\/\/www.youtube.com\/channel\/UCdBWm_HCAtCjxiFZWloFYGw?view_as=subscriber"]}]}},"_links":{"self":[{"href":"https:\/\/www.baier-michels.com\/fr\/wp-json\/wp\/v2\/pages\/12971","targetHints":{"allow":["GET"]}}],"collection":[{"href":"https:\/\/www.baier-michels.com\/fr\/wp-json\/wp\/v2\/pages"}],"about":[{"href":"https:\/\/www.baier-michels.com\/fr\/wp-json\/wp\/v2\/types\/page"}],"author":[{"embeddable":true,"href":"https:\/\/www.baier-michels.com\/fr\/wp-json\/wp\/v2\/users\/1"}],"replies":[{"embeddable":true,"href":"https:\/\/www.baier-michels.com\/fr\/wp-json\/wp\/v2\/comments?post=12971"}],"version-history":[{"count":1,"href":"https:\/\/www.baier-michels.com\/fr\/wp-json\/wp\/v2\/pages\/12971\/revisions"}],"predecessor-version":[{"id":15338,"href":"https:\/\/www.baier-michels.com\/fr\/wp-json\/wp\/v2\/pages\/12971\/revisions\/15338"}],"up":[{"embeddable":true,"href":"https:\/\/www.baier-michels.com\/fr\/wp-json\/wp\/v2\/pages\/12939"}],"wp:attachment":[{"href":"https:\/\/www.baier-michels.com\/fr\/wp-json\/wp\/v2\/media?parent=12971"}],"wp:term":[{"taxonomy":"category","embeddable":true,"href":"https:\/\/www.baier-michels.com\/fr\/wp-json\/wp\/v2\/categories?post=12971"}],"curies":[{"name":"wp","href":"https:\/\/api.w.org\/{rel}","templated":true}]}}