{"id":12975,"date":"2021-04-30T00:00:00","date_gmt":"2021-04-29T23:00:00","guid":{"rendered":"http:\/\/dev.baier-michels.local\/market-sectors\/sports-and-lifestyle-equipment\/training-equipment\/"},"modified":"2024-12-10T14:12:26","modified_gmt":"2024-12-10T13:12:26","slug":"training-equipment","status":"publish","type":"page","link":"https:\/\/www.baier-michels.com\/fr\/market-sectors\/sports-and-lifestyle-equipment\/training-equipment\/","title":{"rendered":"Appareils de fitness"},"content":{"rendered":"\n<p>Que ce soit \u00e0 la salle de sport ou \u00e0 la maison, les appareils de fitness font souvent partie d\u2019un programme de remise en forme. Ils sont souvent utilis\u00e9s pour rester en forme et en bonne sant\u00e9. Cela inclut, entre autres, les hometrainers, steppers, tapis roulants et rameurs. Les \u00e9l\u00e9ments de fixation utilis\u00e9s ici doivent \u00eatre particuli\u00e8rement robustes et absorber les vibrations.<\/p>\n\n\n\n<p>Vous recherchez une solution de fixation innovante pour votre application&nbsp;? Vous trouverez l\u2019\u00e9l\u00e9ment de fixation qui vous convient.<\/p>\n","protected":false},"excerpt":{"rendered":"<p>Que ce soit \u00e0 la salle de sport ou \u00e0 la maison, les appareils de fitness font souvent partie d\u2019un programme de remise en forme. Ils sont souvent utilis\u00e9s pour rester en forme et en bonne sant\u00e9. Cela inclut, entre autres, les hometrainers, steppers, tapis roulants et rameurs. Les \u00e9l\u00e9ments de fixation utilis\u00e9s ici doivent [&hellip;]<\/p>\n","protected":false},"author":1,"featured_media":0,"parent":12943,"menu_order":1,"comment_status":"closed","ping_status":"closed","template":"template_page_e3.php","meta":{"_acf_changed":false,"footnotes":""},"categories":[242,245,231],"class_list":["post-12975","page","type-page","status-publish","hentry","category-blind-rivet-systems-fr","category-direct-screwing-in-various-materials-fr","category-direct-screwing-in-metals-fr"],"acf":[],"yoast_head":"<!-- This site is optimized with the Yoast SEO plugin v27.3 - https:\/\/yoast.com\/product\/yoast-seo-wordpress\/ -->\n<title>Appareils de fitness - b&amp;m Homepage<\/title>\n<meta name=\"description\" content=\"Innovative fastening technology for training equipment\" \/>\n<meta name=\"robots\" content=\"index, follow, max-snippet:-1, max-image-preview:large, max-video-preview:-1\" \/>\n<link rel=\"canonical\" href=\"https:\/\/www.baier-michels.com\/fr\/market-sectors\/sports-and-lifestyle-equipment\/training-equipment\/\" \/>\n<meta property=\"og:locale\" content=\"fr_FR\" \/>\n<meta property=\"og:type\" content=\"article\" \/>\n<meta property=\"og:title\" content=\"Appareils de fitness - b&amp;m Homepage\" \/>\n<meta property=\"og:description\" content=\"Innovative fastening technology for training equipment\" \/>\n<meta property=\"og:url\" content=\"https:\/\/www.baier-michels.com\/fr\/market-sectors\/sports-and-lifestyle-equipment\/training-equipment\/\" \/>\n<meta property=\"og:site_name\" content=\"b&amp;m Homepage\" \/>\n<meta property=\"article:modified_time\" content=\"2024-12-10T13:12:26+00:00\" \/>\n<meta name=\"twitter:card\" content=\"summary_large_image\" \/>\n<meta name=\"twitter:label1\" content=\"Dur\u00e9e de lecture estim\u00e9e\" \/>\n\t<meta name=\"twitter:data1\" content=\"1 minute\" \/>\n<script type=\"application\/ld+json\" class=\"yoast-schema-graph\">{\"@context\":\"https:\\\/\\\/schema.org\",\"@graph\":[{\"@type\":\"WebPage\",\"@id\":\"https:\\\/\\\/www.baier-michels.com\\\/fr\\\/market-sectors\\\/sports-and-lifestyle-equipment\\\/training-equipment\\\/\",\"url\":\"https:\\\/\\\/www.baier-michels.com\\\/fr\\\/market-sectors\\\/sports-and-lifestyle-equipment\\\/training-equipment\\\/\",\"name\":\"Appareils de fitness - b&amp;m Homepage\",\"isPartOf\":{\"@id\":\"https:\\\/\\\/www.baier-michels.com\\\/fr\\\/#website\"},\"datePublished\":\"2021-04-29T23:00:00+00:00\",\"dateModified\":\"2024-12-10T13:12:26+00:00\",\"description\":\"Innovative fastening technology for training equipment\",\"breadcrumb\":{\"@id\":\"https:\\\/\\\/www.baier-michels.com\\\/fr\\\/market-sectors\\\/sports-and-lifestyle-equipment\\\/training-equipment\\\/#breadcrumb\"},\"inLanguage\":\"fr-FR\",\"potentialAction\":[{\"@type\":\"ReadAction\",\"target\":[\"https:\\\/\\\/www.baier-michels.com\\\/fr\\\/market-sectors\\\/sports-and-lifestyle-equipment\\\/training-equipment\\\/\"]}]},{\"@type\":\"BreadcrumbList\",\"@id\":\"https:\\\/\\\/www.baier-michels.com\\\/fr\\\/market-sectors\\\/sports-and-lifestyle-equipment\\\/training-equipment\\\/#breadcrumb\",\"itemListElement\":[{\"@type\":\"ListItem\",\"position\":1,\"name\":\"Startseite\",\"item\":\"https:\\\/\\\/www.baier-michels.com\\\/fr\\\/\"},{\"@type\":\"ListItem\",\"position\":2,\"name\":\"Secteurs d\u2019activit\u00e9\",\"item\":\"https:\\\/\\\/www.baier-michels.com\\\/fr\\\/market-sectors\\\/\"},{\"@type\":\"ListItem\",\"position\":3,\"name\":\"\u00c9quipements sportifs et de bien-\u00eatre\",\"item\":\"https:\\\/\\\/www.baier-michels.com\\\/fr\\\/market-sectors\\\/sports-and-lifestyle-equipment\\\/\"},{\"@type\":\"ListItem\",\"position\":4,\"name\":\"Appareils de fitness\"}]},{\"@type\":\"WebSite\",\"@id\":\"https:\\\/\\\/www.baier-michels.com\\\/fr\\\/#website\",\"url\":\"https:\\\/\\\/www.baier-michels.com\\\/fr\\\/\",\"name\":\"b&m\",\"description\":\"baier&amp;michels Gmbh &amp; Co KG\",\"publisher\":{\"@id\":\"https:\\\/\\\/www.baier-michels.com\\\/fr\\\/#organization\"},\"potentialAction\":[{\"@type\":\"SearchAction\",\"target\":{\"@type\":\"EntryPoint\",\"urlTemplate\":\"https:\\\/\\\/www.baier-michels.com\\\/fr\\\/?s={search_term_string}\"},\"query-input\":{\"@type\":\"PropertyValueSpecification\",\"valueRequired\":true,\"valueName\":\"search_term_string\"}}],\"inLanguage\":\"fr-FR\"},{\"@type\":\"Organization\",\"@id\":\"https:\\\/\\\/www.baier-michels.com\\\/fr\\\/#organization\",\"name\":\"baier & michels GmbH & Co KG\",\"url\":\"https:\\\/\\\/www.baier-michels.com\\\/fr\\\/\",\"logo\":{\"@type\":\"ImageObject\",\"inLanguage\":\"fr-FR\",\"@id\":\"https:\\\/\\\/www.baier-michels.com\\\/fr\\\/#\\\/schema\\\/logo\\\/image\\\/\",\"url\":\"\",\"contentUrl\":\"\",\"caption\":\"baier & michels GmbH & Co KG\"},\"image\":{\"@id\":\"https:\\\/\\\/www.baier-michels.com\\\/fr\\\/#\\\/schema\\\/logo\\\/image\\\/\"},\"sameAs\":[\"https:\\\/\\\/www.linkedin.com\\\/company\\\/baier-michels\\\/?viewAsMember=true\",\"https:\\\/\\\/www.youtube.com\\\/channel\\\/UCdBWm_HCAtCjxiFZWloFYGw?view_as=subscriber\"]}]}<\/script>\n<!-- \/ Yoast SEO plugin. -->","yoast_head_json":{"title":"Appareils de fitness - b&amp;m Homepage","description":"Innovative fastening technology for training equipment","robots":{"index":"index","follow":"follow","max-snippet":"max-snippet:-1","max-image-preview":"max-image-preview:large","max-video-preview":"max-video-preview:-1"},"canonical":"https:\/\/www.baier-michels.com\/fr\/market-sectors\/sports-and-lifestyle-equipment\/training-equipment\/","og_locale":"fr_FR","og_type":"article","og_title":"Appareils de fitness - b&amp;m Homepage","og_description":"Innovative fastening technology for training equipment","og_url":"https:\/\/www.baier-michels.com\/fr\/market-sectors\/sports-and-lifestyle-equipment\/training-equipment\/","og_site_name":"b&amp;m Homepage","article_modified_time":"2024-12-10T13:12:26+00:00","twitter_card":"summary_large_image","twitter_misc":{"Dur\u00e9e de lecture estim\u00e9e":"1 minute"},"schema":{"@context":"https:\/\/schema.org","@graph":[{"@type":"WebPage","@id":"https:\/\/www.baier-michels.com\/fr\/market-sectors\/sports-and-lifestyle-equipment\/training-equipment\/","url":"https:\/\/www.baier-michels.com\/fr\/market-sectors\/sports-and-lifestyle-equipment\/training-equipment\/","name":"Appareils de fitness - b&amp;m Homepage","isPartOf":{"@id":"https:\/\/www.baier-michels.com\/fr\/#website"},"datePublished":"2021-04-29T23:00:00+00:00","dateModified":"2024-12-10T13:12:26+00:00","description":"Innovative fastening technology for training equipment","breadcrumb":{"@id":"https:\/\/www.baier-michels.com\/fr\/market-sectors\/sports-and-lifestyle-equipment\/training-equipment\/#breadcrumb"},"inLanguage":"fr-FR","potentialAction":[{"@type":"ReadAction","target":["https:\/\/www.baier-michels.com\/fr\/market-sectors\/sports-and-lifestyle-equipment\/training-equipment\/"]}]},{"@type":"BreadcrumbList","@id":"https:\/\/www.baier-michels.com\/fr\/market-sectors\/sports-and-lifestyle-equipment\/training-equipment\/#breadcrumb","itemListElement":[{"@type":"ListItem","position":1,"name":"Startseite","item":"https:\/\/www.baier-michels.com\/fr\/"},{"@type":"ListItem","position":2,"name":"Secteurs d\u2019activit\u00e9","item":"https:\/\/www.baier-michels.com\/fr\/market-sectors\/"},{"@type":"ListItem","position":3,"name":"\u00c9quipements sportifs et de bien-\u00eatre","item":"https:\/\/www.baier-michels.com\/fr\/market-sectors\/sports-and-lifestyle-equipment\/"},{"@type":"ListItem","position":4,"name":"Appareils de fitness"}]},{"@type":"WebSite","@id":"https:\/\/www.baier-michels.com\/fr\/#website","url":"https:\/\/www.baier-michels.com\/fr\/","name":"b&m","description":"baier&amp;michels Gmbh &amp; Co KG","publisher":{"@id":"https:\/\/www.baier-michels.com\/fr\/#organization"},"potentialAction":[{"@type":"SearchAction","target":{"@type":"EntryPoint","urlTemplate":"https:\/\/www.baier-michels.com\/fr\/?s={search_term_string}"},"query-input":{"@type":"PropertyValueSpecification","valueRequired":true,"valueName":"search_term_string"}}],"inLanguage":"fr-FR"},{"@type":"Organization","@id":"https:\/\/www.baier-michels.com\/fr\/#organization","name":"baier & michels GmbH & Co KG","url":"https:\/\/www.baier-michels.com\/fr\/","logo":{"@type":"ImageObject","inLanguage":"fr-FR","@id":"https:\/\/www.baier-michels.com\/fr\/#\/schema\/logo\/image\/","url":"","contentUrl":"","caption":"baier & michels GmbH & Co KG"},"image":{"@id":"https:\/\/www.baier-michels.com\/fr\/#\/schema\/logo\/image\/"},"sameAs":["https:\/\/www.linkedin.com\/company\/baier-michels\/?viewAsMember=true","https:\/\/www.youtube.com\/channel\/UCdBWm_HCAtCjxiFZWloFYGw?view_as=subscriber"]}]}},"_links":{"self":[{"href":"https:\/\/www.baier-michels.com\/fr\/wp-json\/wp\/v2\/pages\/12975","targetHints":{"allow":["GET"]}}],"collection":[{"href":"https:\/\/www.baier-michels.com\/fr\/wp-json\/wp\/v2\/pages"}],"about":[{"href":"https:\/\/www.baier-michels.com\/fr\/wp-json\/wp\/v2\/types\/page"}],"author":[{"embeddable":true,"href":"https:\/\/www.baier-michels.com\/fr\/wp-json\/wp\/v2\/users\/1"}],"replies":[{"embeddable":true,"href":"https:\/\/www.baier-michels.com\/fr\/wp-json\/wp\/v2\/comments?post=12975"}],"version-history":[{"count":1,"href":"https:\/\/www.baier-michels.com\/fr\/wp-json\/wp\/v2\/pages\/12975\/revisions"}],"predecessor-version":[{"id":15350,"href":"https:\/\/www.baier-michels.com\/fr\/wp-json\/wp\/v2\/pages\/12975\/revisions\/15350"}],"up":[{"embeddable":true,"href":"https:\/\/www.baier-michels.com\/fr\/wp-json\/wp\/v2\/pages\/12943"}],"wp:attachment":[{"href":"https:\/\/www.baier-michels.com\/fr\/wp-json\/wp\/v2\/media?parent=12975"}],"wp:term":[{"taxonomy":"category","embeddable":true,"href":"https:\/\/www.baier-michels.com\/fr\/wp-json\/wp\/v2\/categories?post=12975"}],"curies":[{"name":"wp","href":"https:\/\/api.w.org\/{rel}","templated":true}]}}