{"id":12977,"date":"2021-04-30T00:00:00","date_gmt":"2021-04-29T23:00:00","guid":{"rendered":"http:\/\/dev.baier-michels.local\/market-sectors\/construction-agricultural-and-forestry-machinery\/construction-vehicles-and-cranes\/"},"modified":"2024-12-10T14:03:16","modified_gmt":"2024-12-10T13:03:16","slug":"construction-vehicles-and-cranes","status":"publish","type":"page","link":"https:\/\/www.baier-michels.com\/fr\/market-sectors\/construction-agricultural-and-forestry-machinery\/construction-vehicles-and-cranes\/","title":{"rendered":"Engins de construction et grues"},"content":{"rendered":"\n<p>La gamme d\u2019engins de construction comprend une grande vari\u00e9t\u00e9 de machines pour diff\u00e9rents domaines d\u2019application, par exemple camions-bennes, pelles et chargeuses sur roues. Ils ont toutes les m\u00eames exigences \u00e0 l\u2019\u00e9gard des \u00e9l\u00e9ments de fixation utilis\u00e9s&nbsp;: r\u00e9sistance \u00e0 la rouille, r\u00e9parabilit\u00e9 et r\u00e9sistance \u00e0 la chaleur et au froid.<\/p>\n\n\n\n<p>Vous recherchez une solution de fixation innovante pour votre application&nbsp;? Vous trouverez l\u2019\u00e9l\u00e9ment de fixation qui vous convient.<\/p>\n","protected":false},"excerpt":{"rendered":"<p>La gamme d\u2019engins de construction comprend une grande vari\u00e9t\u00e9 de machines pour diff\u00e9rents domaines d\u2019application, par exemple camions-bennes, pelles et chargeuses sur roues. Ils ont toutes les m\u00eames exigences \u00e0 l\u2019\u00e9gard des \u00e9l\u00e9ments de fixation utilis\u00e9s&nbsp;: r\u00e9sistance \u00e0 la rouille, r\u00e9parabilit\u00e9 et r\u00e9sistance \u00e0 la chaleur et au froid. Vous recherchez une solution de fixation [&hellip;]<\/p>\n","protected":false},"author":1,"featured_media":0,"parent":12941,"menu_order":1,"comment_status":"closed","ping_status":"closed","template":"template_page_e3.php","meta":{"_acf_changed":false,"footnotes":""},"categories":[247,231],"class_list":["post-12977","page","type-page","status-publish","hentry","category-fasteners-with-integrated-functions-fr","category-direct-screwing-in-metals-fr"],"acf":[],"yoast_head":"<!-- This site is optimized with the Yoast SEO plugin v27.4 - https:\/\/yoast.com\/product\/yoast-seo-wordpress\/ -->\n<title>Engins de construction et grues - b&amp;m Homepage<\/title>\n<meta name=\"description\" content=\"Innovative fastening technology for construction vehicles and cranes\" \/>\n<meta name=\"robots\" content=\"index, follow, max-snippet:-1, max-image-preview:large, max-video-preview:-1\" \/>\n<link rel=\"canonical\" href=\"https:\/\/www.baier-michels.com\/fr\/market-sectors\/construction-agricultural-and-forestry-machinery\/construction-vehicles-and-cranes\/\" \/>\n<meta property=\"og:locale\" content=\"fr_FR\" \/>\n<meta property=\"og:type\" content=\"article\" \/>\n<meta property=\"og:title\" content=\"Engins de construction et grues - b&amp;m Homepage\" \/>\n<meta property=\"og:description\" content=\"Innovative fastening technology for construction vehicles and cranes\" \/>\n<meta property=\"og:url\" content=\"https:\/\/www.baier-michels.com\/fr\/market-sectors\/construction-agricultural-and-forestry-machinery\/construction-vehicles-and-cranes\/\" \/>\n<meta property=\"og:site_name\" content=\"b&amp;m Homepage\" \/>\n<meta property=\"article:modified_time\" content=\"2024-12-10T13:03:16+00:00\" \/>\n<meta name=\"twitter:card\" content=\"summary_large_image\" \/>\n<meta name=\"twitter:label1\" content=\"Dur\u00e9e de lecture estim\u00e9e\" \/>\n\t<meta name=\"twitter:data1\" content=\"1 minute\" \/>\n<script type=\"application\/ld+json\" class=\"yoast-schema-graph\">{\"@context\":\"https:\\\/\\\/schema.org\",\"@graph\":[{\"@type\":\"WebPage\",\"@id\":\"https:\\\/\\\/www.baier-michels.com\\\/fr\\\/market-sectors\\\/construction-agricultural-and-forestry-machinery\\\/construction-vehicles-and-cranes\\\/\",\"url\":\"https:\\\/\\\/www.baier-michels.com\\\/fr\\\/market-sectors\\\/construction-agricultural-and-forestry-machinery\\\/construction-vehicles-and-cranes\\\/\",\"name\":\"Engins de construction et grues - b&amp;m Homepage\",\"isPartOf\":{\"@id\":\"https:\\\/\\\/www.baier-michels.com\\\/fr\\\/#website\"},\"datePublished\":\"2021-04-29T23:00:00+00:00\",\"dateModified\":\"2024-12-10T13:03:16+00:00\",\"description\":\"Innovative fastening technology for construction vehicles and cranes\",\"breadcrumb\":{\"@id\":\"https:\\\/\\\/www.baier-michels.com\\\/fr\\\/market-sectors\\\/construction-agricultural-and-forestry-machinery\\\/construction-vehicles-and-cranes\\\/#breadcrumb\"},\"inLanguage\":\"fr-FR\",\"potentialAction\":[{\"@type\":\"ReadAction\",\"target\":[\"https:\\\/\\\/www.baier-michels.com\\\/fr\\\/market-sectors\\\/construction-agricultural-and-forestry-machinery\\\/construction-vehicles-and-cranes\\\/\"]}]},{\"@type\":\"BreadcrumbList\",\"@id\":\"https:\\\/\\\/www.baier-michels.com\\\/fr\\\/market-sectors\\\/construction-agricultural-and-forestry-machinery\\\/construction-vehicles-and-cranes\\\/#breadcrumb\",\"itemListElement\":[{\"@type\":\"ListItem\",\"position\":1,\"name\":\"Startseite\",\"item\":\"https:\\\/\\\/www.baier-michels.com\\\/fr\\\/\"},{\"@type\":\"ListItem\",\"position\":2,\"name\":\"Secteurs d\u2019activit\u00e9\",\"item\":\"https:\\\/\\\/www.baier-michels.com\\\/fr\\\/market-sectors\\\/\"},{\"@type\":\"ListItem\",\"position\":3,\"name\":\"Engins de construction, agricoles et forestiers\",\"item\":\"https:\\\/\\\/www.baier-michels.com\\\/fr\\\/market-sectors\\\/construction-agricultural-and-forestry-machinery\\\/\"},{\"@type\":\"ListItem\",\"position\":4,\"name\":\"Engins de construction et grues\"}]},{\"@type\":\"WebSite\",\"@id\":\"https:\\\/\\\/www.baier-michels.com\\\/fr\\\/#website\",\"url\":\"https:\\\/\\\/www.baier-michels.com\\\/fr\\\/\",\"name\":\"b&m\",\"description\":\"baier&amp;michels Gmbh &amp; Co KG\",\"publisher\":{\"@id\":\"https:\\\/\\\/www.baier-michels.com\\\/fr\\\/#organization\"},\"potentialAction\":[{\"@type\":\"SearchAction\",\"target\":{\"@type\":\"EntryPoint\",\"urlTemplate\":\"https:\\\/\\\/www.baier-michels.com\\\/fr\\\/?s={search_term_string}\"},\"query-input\":{\"@type\":\"PropertyValueSpecification\",\"valueRequired\":true,\"valueName\":\"search_term_string\"}}],\"inLanguage\":\"fr-FR\"},{\"@type\":\"Organization\",\"@id\":\"https:\\\/\\\/www.baier-michels.com\\\/fr\\\/#organization\",\"name\":\"baier & michels GmbH & Co KG\",\"url\":\"https:\\\/\\\/www.baier-michels.com\\\/fr\\\/\",\"logo\":{\"@type\":\"ImageObject\",\"inLanguage\":\"fr-FR\",\"@id\":\"https:\\\/\\\/www.baier-michels.com\\\/fr\\\/#\\\/schema\\\/logo\\\/image\\\/\",\"url\":\"\",\"contentUrl\":\"\",\"caption\":\"baier & michels GmbH & Co KG\"},\"image\":{\"@id\":\"https:\\\/\\\/www.baier-michels.com\\\/fr\\\/#\\\/schema\\\/logo\\\/image\\\/\"},\"sameAs\":[\"https:\\\/\\\/www.linkedin.com\\\/company\\\/baier-michels\\\/?viewAsMember=true\",\"https:\\\/\\\/www.youtube.com\\\/channel\\\/UCdBWm_HCAtCjxiFZWloFYGw?view_as=subscriber\"]}]}<\/script>\n<!-- \/ Yoast SEO plugin. -->","yoast_head_json":{"title":"Engins de construction et grues - b&amp;m Homepage","description":"Innovative fastening technology for construction vehicles and cranes","robots":{"index":"index","follow":"follow","max-snippet":"max-snippet:-1","max-image-preview":"max-image-preview:large","max-video-preview":"max-video-preview:-1"},"canonical":"https:\/\/www.baier-michels.com\/fr\/market-sectors\/construction-agricultural-and-forestry-machinery\/construction-vehicles-and-cranes\/","og_locale":"fr_FR","og_type":"article","og_title":"Engins de construction et grues - b&amp;m Homepage","og_description":"Innovative fastening technology for construction vehicles and cranes","og_url":"https:\/\/www.baier-michels.com\/fr\/market-sectors\/construction-agricultural-and-forestry-machinery\/construction-vehicles-and-cranes\/","og_site_name":"b&amp;m Homepage","article_modified_time":"2024-12-10T13:03:16+00:00","twitter_card":"summary_large_image","twitter_misc":{"Dur\u00e9e de lecture estim\u00e9e":"1 minute"},"schema":{"@context":"https:\/\/schema.org","@graph":[{"@type":"WebPage","@id":"https:\/\/www.baier-michels.com\/fr\/market-sectors\/construction-agricultural-and-forestry-machinery\/construction-vehicles-and-cranes\/","url":"https:\/\/www.baier-michels.com\/fr\/market-sectors\/construction-agricultural-and-forestry-machinery\/construction-vehicles-and-cranes\/","name":"Engins de construction et grues - b&amp;m Homepage","isPartOf":{"@id":"https:\/\/www.baier-michels.com\/fr\/#website"},"datePublished":"2021-04-29T23:00:00+00:00","dateModified":"2024-12-10T13:03:16+00:00","description":"Innovative fastening technology for construction vehicles and cranes","breadcrumb":{"@id":"https:\/\/www.baier-michels.com\/fr\/market-sectors\/construction-agricultural-and-forestry-machinery\/construction-vehicles-and-cranes\/#breadcrumb"},"inLanguage":"fr-FR","potentialAction":[{"@type":"ReadAction","target":["https:\/\/www.baier-michels.com\/fr\/market-sectors\/construction-agricultural-and-forestry-machinery\/construction-vehicles-and-cranes\/"]}]},{"@type":"BreadcrumbList","@id":"https:\/\/www.baier-michels.com\/fr\/market-sectors\/construction-agricultural-and-forestry-machinery\/construction-vehicles-and-cranes\/#breadcrumb","itemListElement":[{"@type":"ListItem","position":1,"name":"Startseite","item":"https:\/\/www.baier-michels.com\/fr\/"},{"@type":"ListItem","position":2,"name":"Secteurs d\u2019activit\u00e9","item":"https:\/\/www.baier-michels.com\/fr\/market-sectors\/"},{"@type":"ListItem","position":3,"name":"Engins de construction, agricoles et forestiers","item":"https:\/\/www.baier-michels.com\/fr\/market-sectors\/construction-agricultural-and-forestry-machinery\/"},{"@type":"ListItem","position":4,"name":"Engins de construction et grues"}]},{"@type":"WebSite","@id":"https:\/\/www.baier-michels.com\/fr\/#website","url":"https:\/\/www.baier-michels.com\/fr\/","name":"b&m","description":"baier&amp;michels Gmbh &amp; Co KG","publisher":{"@id":"https:\/\/www.baier-michels.com\/fr\/#organization"},"potentialAction":[{"@type":"SearchAction","target":{"@type":"EntryPoint","urlTemplate":"https:\/\/www.baier-michels.com\/fr\/?s={search_term_string}"},"query-input":{"@type":"PropertyValueSpecification","valueRequired":true,"valueName":"search_term_string"}}],"inLanguage":"fr-FR"},{"@type":"Organization","@id":"https:\/\/www.baier-michels.com\/fr\/#organization","name":"baier & michels GmbH & Co KG","url":"https:\/\/www.baier-michels.com\/fr\/","logo":{"@type":"ImageObject","inLanguage":"fr-FR","@id":"https:\/\/www.baier-michels.com\/fr\/#\/schema\/logo\/image\/","url":"","contentUrl":"","caption":"baier & michels GmbH & Co KG"},"image":{"@id":"https:\/\/www.baier-michels.com\/fr\/#\/schema\/logo\/image\/"},"sameAs":["https:\/\/www.linkedin.com\/company\/baier-michels\/?viewAsMember=true","https:\/\/www.youtube.com\/channel\/UCdBWm_HCAtCjxiFZWloFYGw?view_as=subscriber"]}]}},"_links":{"self":[{"href":"https:\/\/www.baier-michels.com\/fr\/wp-json\/wp\/v2\/pages\/12977","targetHints":{"allow":["GET"]}}],"collection":[{"href":"https:\/\/www.baier-michels.com\/fr\/wp-json\/wp\/v2\/pages"}],"about":[{"href":"https:\/\/www.baier-michels.com\/fr\/wp-json\/wp\/v2\/types\/page"}],"author":[{"embeddable":true,"href":"https:\/\/www.baier-michels.com\/fr\/wp-json\/wp\/v2\/users\/1"}],"replies":[{"embeddable":true,"href":"https:\/\/www.baier-michels.com\/fr\/wp-json\/wp\/v2\/comments?post=12977"}],"version-history":[{"count":1,"href":"https:\/\/www.baier-michels.com\/fr\/wp-json\/wp\/v2\/pages\/12977\/revisions"}],"predecessor-version":[{"id":15344,"href":"https:\/\/www.baier-michels.com\/fr\/wp-json\/wp\/v2\/pages\/12977\/revisions\/15344"}],"up":[{"embeddable":true,"href":"https:\/\/www.baier-michels.com\/fr\/wp-json\/wp\/v2\/pages\/12941"}],"wp:attachment":[{"href":"https:\/\/www.baier-michels.com\/fr\/wp-json\/wp\/v2\/media?parent=12977"}],"wp:term":[{"taxonomy":"category","embeddable":true,"href":"https:\/\/www.baier-michels.com\/fr\/wp-json\/wp\/v2\/categories?post=12977"}],"curies":[{"name":"wp","href":"https:\/\/api.w.org\/{rel}","templated":true}]}}