{"id":12979,"date":"2021-04-30T00:00:00","date_gmt":"2021-04-29T23:00:00","guid":{"rendered":"http:\/\/dev.baier-michels.local\/market-sectors\/construction-agricultural-and-forestry-machinery\/agricultural-and-forestry-machinery\/"},"modified":"2024-12-10T14:05:13","modified_gmt":"2024-12-10T13:05:13","slug":"agricultural-and-forestry-machinery","status":"publish","type":"page","link":"https:\/\/www.baier-michels.com\/fr\/market-sectors\/construction-agricultural-and-forestry-machinery\/agricultural-and-forestry-machinery\/","title":{"rendered":"Engins agricoles et forestiers"},"content":{"rendered":"\n<p>Qu\u2019ils soient utilis\u00e9s pour des travaux forestiers ou agricoles, les engins agricoles et forestiers doivent pouvoir effectuer un grand nombre de t\u00e2ches et se caract\u00e9risent ainsi par leur robustesse et efficacit\u00e9. Les machines agricoles comme les tracteurs, moissonneuses-batteuses et machines de r\u00e9colte et semeurs sont essentielles pour l\u2019approvisionnement en nourriture des personnes et des animaux.<br>Des d\u00e9bardeuses aux abatteuses informatis\u00e9es, les engins forestiers modernes sont con\u00e7us pour une production de bois et un entretien de la for\u00eat dans le respect de la nature. Comme ils sont principalement utilis\u00e9s sur des terrains difficiles, ils sont con\u00e7us pour une grande mobilit\u00e9 et durabilit\u00e9.<\/p>\n\n\n\n<p>Vous recherchez une solution de fixation innovante pour votre application&nbsp;? Vous trouverez l\u2019\u00e9l\u00e9ment de fixation qui vous convient.<\/p>\n","protected":false},"excerpt":{"rendered":"<p>Qu\u2019ils soient utilis\u00e9s pour des travaux forestiers ou agricoles, les engins agricoles et forestiers doivent pouvoir effectuer un grand nombre de t\u00e2ches et se caract\u00e9risent ainsi par leur robustesse et efficacit\u00e9. Les machines agricoles comme les tracteurs, moissonneuses-batteuses et machines de r\u00e9colte et semeurs sont essentielles pour l\u2019approvisionnement en nourriture des personnes et des animaux.Des [&hellip;]<\/p>\n","protected":false},"author":1,"featured_media":0,"parent":12941,"menu_order":4,"comment_status":"closed","ping_status":"closed","template":"template_page_e3.php","meta":{"_acf_changed":false,"footnotes":""},"categories":[247,231],"class_list":["post-12979","page","type-page","status-publish","hentry","category-fasteners-with-integrated-functions-fr","category-direct-screwing-in-metals-fr"],"acf":[],"yoast_head":"<!-- This site is optimized with the Yoast SEO plugin v27.3 - https:\/\/yoast.com\/product\/yoast-seo-wordpress\/ -->\n<title>Engins agricoles et forestiers - b&amp;m Homepage<\/title>\n<meta name=\"description\" content=\"Innovative fastening technology for the agricultural and forestry machinery\" \/>\n<meta name=\"robots\" content=\"index, follow, max-snippet:-1, max-image-preview:large, max-video-preview:-1\" \/>\n<link rel=\"canonical\" href=\"https:\/\/www.baier-michels.com\/fr\/market-sectors\/construction-agricultural-and-forestry-machinery\/agricultural-and-forestry-machinery\/\" \/>\n<meta property=\"og:locale\" content=\"fr_FR\" \/>\n<meta property=\"og:type\" content=\"article\" \/>\n<meta property=\"og:title\" content=\"Engins agricoles et forestiers - b&amp;m Homepage\" \/>\n<meta property=\"og:description\" content=\"Innovative fastening technology for the agricultural and forestry machinery\" \/>\n<meta property=\"og:url\" content=\"https:\/\/www.baier-michels.com\/fr\/market-sectors\/construction-agricultural-and-forestry-machinery\/agricultural-and-forestry-machinery\/\" \/>\n<meta property=\"og:site_name\" content=\"b&amp;m Homepage\" \/>\n<meta property=\"article:modified_time\" content=\"2024-12-10T13:05:13+00:00\" \/>\n<meta name=\"twitter:card\" content=\"summary_large_image\" \/>\n<meta name=\"twitter:label1\" content=\"Dur\u00e9e de lecture estim\u00e9e\" \/>\n\t<meta name=\"twitter:data1\" content=\"1 minute\" \/>\n<script type=\"application\/ld+json\" class=\"yoast-schema-graph\">{\"@context\":\"https:\\\/\\\/schema.org\",\"@graph\":[{\"@type\":\"WebPage\",\"@id\":\"https:\\\/\\\/www.baier-michels.com\\\/fr\\\/market-sectors\\\/construction-agricultural-and-forestry-machinery\\\/agricultural-and-forestry-machinery\\\/\",\"url\":\"https:\\\/\\\/www.baier-michels.com\\\/fr\\\/market-sectors\\\/construction-agricultural-and-forestry-machinery\\\/agricultural-and-forestry-machinery\\\/\",\"name\":\"Engins agricoles et forestiers - b&amp;m Homepage\",\"isPartOf\":{\"@id\":\"https:\\\/\\\/www.baier-michels.com\\\/fr\\\/#website\"},\"datePublished\":\"2021-04-29T23:00:00+00:00\",\"dateModified\":\"2024-12-10T13:05:13+00:00\",\"description\":\"Innovative fastening technology for the agricultural and forestry machinery\",\"breadcrumb\":{\"@id\":\"https:\\\/\\\/www.baier-michels.com\\\/fr\\\/market-sectors\\\/construction-agricultural-and-forestry-machinery\\\/agricultural-and-forestry-machinery\\\/#breadcrumb\"},\"inLanguage\":\"fr-FR\",\"potentialAction\":[{\"@type\":\"ReadAction\",\"target\":[\"https:\\\/\\\/www.baier-michels.com\\\/fr\\\/market-sectors\\\/construction-agricultural-and-forestry-machinery\\\/agricultural-and-forestry-machinery\\\/\"]}]},{\"@type\":\"BreadcrumbList\",\"@id\":\"https:\\\/\\\/www.baier-michels.com\\\/fr\\\/market-sectors\\\/construction-agricultural-and-forestry-machinery\\\/agricultural-and-forestry-machinery\\\/#breadcrumb\",\"itemListElement\":[{\"@type\":\"ListItem\",\"position\":1,\"name\":\"Startseite\",\"item\":\"https:\\\/\\\/www.baier-michels.com\\\/fr\\\/\"},{\"@type\":\"ListItem\",\"position\":2,\"name\":\"Secteurs d\u2019activit\u00e9\",\"item\":\"https:\\\/\\\/www.baier-michels.com\\\/fr\\\/market-sectors\\\/\"},{\"@type\":\"ListItem\",\"position\":3,\"name\":\"Engins de construction, agricoles et forestiers\",\"item\":\"https:\\\/\\\/www.baier-michels.com\\\/fr\\\/market-sectors\\\/construction-agricultural-and-forestry-machinery\\\/\"},{\"@type\":\"ListItem\",\"position\":4,\"name\":\"Engins agricoles et forestiers\"}]},{\"@type\":\"WebSite\",\"@id\":\"https:\\\/\\\/www.baier-michels.com\\\/fr\\\/#website\",\"url\":\"https:\\\/\\\/www.baier-michels.com\\\/fr\\\/\",\"name\":\"b&m\",\"description\":\"baier&amp;michels Gmbh &amp; Co KG\",\"publisher\":{\"@id\":\"https:\\\/\\\/www.baier-michels.com\\\/fr\\\/#organization\"},\"potentialAction\":[{\"@type\":\"SearchAction\",\"target\":{\"@type\":\"EntryPoint\",\"urlTemplate\":\"https:\\\/\\\/www.baier-michels.com\\\/fr\\\/?s={search_term_string}\"},\"query-input\":{\"@type\":\"PropertyValueSpecification\",\"valueRequired\":true,\"valueName\":\"search_term_string\"}}],\"inLanguage\":\"fr-FR\"},{\"@type\":\"Organization\",\"@id\":\"https:\\\/\\\/www.baier-michels.com\\\/fr\\\/#organization\",\"name\":\"baier & michels GmbH & Co KG\",\"url\":\"https:\\\/\\\/www.baier-michels.com\\\/fr\\\/\",\"logo\":{\"@type\":\"ImageObject\",\"inLanguage\":\"fr-FR\",\"@id\":\"https:\\\/\\\/www.baier-michels.com\\\/fr\\\/#\\\/schema\\\/logo\\\/image\\\/\",\"url\":\"\",\"contentUrl\":\"\",\"caption\":\"baier & michels GmbH & Co KG\"},\"image\":{\"@id\":\"https:\\\/\\\/www.baier-michels.com\\\/fr\\\/#\\\/schema\\\/logo\\\/image\\\/\"},\"sameAs\":[\"https:\\\/\\\/www.linkedin.com\\\/company\\\/baier-michels\\\/?viewAsMember=true\",\"https:\\\/\\\/www.youtube.com\\\/channel\\\/UCdBWm_HCAtCjxiFZWloFYGw?view_as=subscriber\"]}]}<\/script>\n<!-- \/ Yoast SEO plugin. -->","yoast_head_json":{"title":"Engins agricoles et forestiers - b&amp;m Homepage","description":"Innovative fastening technology for the agricultural and forestry machinery","robots":{"index":"index","follow":"follow","max-snippet":"max-snippet:-1","max-image-preview":"max-image-preview:large","max-video-preview":"max-video-preview:-1"},"canonical":"https:\/\/www.baier-michels.com\/fr\/market-sectors\/construction-agricultural-and-forestry-machinery\/agricultural-and-forestry-machinery\/","og_locale":"fr_FR","og_type":"article","og_title":"Engins agricoles et forestiers - b&amp;m Homepage","og_description":"Innovative fastening technology for the agricultural and forestry machinery","og_url":"https:\/\/www.baier-michels.com\/fr\/market-sectors\/construction-agricultural-and-forestry-machinery\/agricultural-and-forestry-machinery\/","og_site_name":"b&amp;m Homepage","article_modified_time":"2024-12-10T13:05:13+00:00","twitter_card":"summary_large_image","twitter_misc":{"Dur\u00e9e de lecture estim\u00e9e":"1 minute"},"schema":{"@context":"https:\/\/schema.org","@graph":[{"@type":"WebPage","@id":"https:\/\/www.baier-michels.com\/fr\/market-sectors\/construction-agricultural-and-forestry-machinery\/agricultural-and-forestry-machinery\/","url":"https:\/\/www.baier-michels.com\/fr\/market-sectors\/construction-agricultural-and-forestry-machinery\/agricultural-and-forestry-machinery\/","name":"Engins agricoles et forestiers - b&amp;m Homepage","isPartOf":{"@id":"https:\/\/www.baier-michels.com\/fr\/#website"},"datePublished":"2021-04-29T23:00:00+00:00","dateModified":"2024-12-10T13:05:13+00:00","description":"Innovative fastening technology for the agricultural and forestry machinery","breadcrumb":{"@id":"https:\/\/www.baier-michels.com\/fr\/market-sectors\/construction-agricultural-and-forestry-machinery\/agricultural-and-forestry-machinery\/#breadcrumb"},"inLanguage":"fr-FR","potentialAction":[{"@type":"ReadAction","target":["https:\/\/www.baier-michels.com\/fr\/market-sectors\/construction-agricultural-and-forestry-machinery\/agricultural-and-forestry-machinery\/"]}]},{"@type":"BreadcrumbList","@id":"https:\/\/www.baier-michels.com\/fr\/market-sectors\/construction-agricultural-and-forestry-machinery\/agricultural-and-forestry-machinery\/#breadcrumb","itemListElement":[{"@type":"ListItem","position":1,"name":"Startseite","item":"https:\/\/www.baier-michels.com\/fr\/"},{"@type":"ListItem","position":2,"name":"Secteurs d\u2019activit\u00e9","item":"https:\/\/www.baier-michels.com\/fr\/market-sectors\/"},{"@type":"ListItem","position":3,"name":"Engins de construction, agricoles et forestiers","item":"https:\/\/www.baier-michels.com\/fr\/market-sectors\/construction-agricultural-and-forestry-machinery\/"},{"@type":"ListItem","position":4,"name":"Engins agricoles et forestiers"}]},{"@type":"WebSite","@id":"https:\/\/www.baier-michels.com\/fr\/#website","url":"https:\/\/www.baier-michels.com\/fr\/","name":"b&m","description":"baier&amp;michels Gmbh &amp; Co KG","publisher":{"@id":"https:\/\/www.baier-michels.com\/fr\/#organization"},"potentialAction":[{"@type":"SearchAction","target":{"@type":"EntryPoint","urlTemplate":"https:\/\/www.baier-michels.com\/fr\/?s={search_term_string}"},"query-input":{"@type":"PropertyValueSpecification","valueRequired":true,"valueName":"search_term_string"}}],"inLanguage":"fr-FR"},{"@type":"Organization","@id":"https:\/\/www.baier-michels.com\/fr\/#organization","name":"baier & michels GmbH & Co KG","url":"https:\/\/www.baier-michels.com\/fr\/","logo":{"@type":"ImageObject","inLanguage":"fr-FR","@id":"https:\/\/www.baier-michels.com\/fr\/#\/schema\/logo\/image\/","url":"","contentUrl":"","caption":"baier & michels GmbH & Co KG"},"image":{"@id":"https:\/\/www.baier-michels.com\/fr\/#\/schema\/logo\/image\/"},"sameAs":["https:\/\/www.linkedin.com\/company\/baier-michels\/?viewAsMember=true","https:\/\/www.youtube.com\/channel\/UCdBWm_HCAtCjxiFZWloFYGw?view_as=subscriber"]}]}},"_links":{"self":[{"href":"https:\/\/www.baier-michels.com\/fr\/wp-json\/wp\/v2\/pages\/12979","targetHints":{"allow":["GET"]}}],"collection":[{"href":"https:\/\/www.baier-michels.com\/fr\/wp-json\/wp\/v2\/pages"}],"about":[{"href":"https:\/\/www.baier-michels.com\/fr\/wp-json\/wp\/v2\/types\/page"}],"author":[{"embeddable":true,"href":"https:\/\/www.baier-michels.com\/fr\/wp-json\/wp\/v2\/users\/1"}],"replies":[{"embeddable":true,"href":"https:\/\/www.baier-michels.com\/fr\/wp-json\/wp\/v2\/comments?post=12979"}],"version-history":[{"count":1,"href":"https:\/\/www.baier-michels.com\/fr\/wp-json\/wp\/v2\/pages\/12979\/revisions"}],"predecessor-version":[{"id":15346,"href":"https:\/\/www.baier-michels.com\/fr\/wp-json\/wp\/v2\/pages\/12979\/revisions\/15346"}],"up":[{"embeddable":true,"href":"https:\/\/www.baier-michels.com\/fr\/wp-json\/wp\/v2\/pages\/12941"}],"wp:attachment":[{"href":"https:\/\/www.baier-michels.com\/fr\/wp-json\/wp\/v2\/media?parent=12979"}],"wp:term":[{"taxonomy":"category","embeddable":true,"href":"https:\/\/www.baier-michels.com\/fr\/wp-json\/wp\/v2\/categories?post=12979"}],"curies":[{"name":"wp","href":"https:\/\/api.w.org\/{rel}","templated":true}]}}