{"id":13036,"date":"2020-12-31T00:00:00","date_gmt":"2020-12-30T23:00:00","guid":{"rendered":"http:\/\/dev.baier-michels.local\/products\/closing-and-sealing-systems\/bm-kl-plug\/"},"modified":"2025-04-17T15:53:37","modified_gmt":"2025-04-17T14:53:37","slug":"bm-kl-plug","status":"publish","type":"page","link":"https:\/\/www.baier-michels.com\/fr\/products\/closing-and-sealing-systems\/bm-kl-plug\/","title":{"rendered":"b&#038;m-KL PLUG<sup class=\"copyright\">\u00ae<\/sup>"},"content":{"rendered":"<p>The b&#038;m-KL PLUG<sup class=\"copyright\">\u00ae<\/sup> is a one-piece and universally applicable closing and sealing element for holes with and without pressure load. Due to the different materials and diameter ranges, it can be adapted to different customer applications and can seal up to 30 bar operating pressure. The element offers simple and efficient assembly without waste generation and also offers a number of other advantages over conventional closing and sealing systems for holes.<\/p>\n","protected":false},"excerpt":{"rendered":"<p>The b&#038;m-KL PLUG\u00ae is a one-piece and universally applicable closing and sealing element for holes with and without pressure load. Due to the different materials and diameter ranges, it can be adapted to different customer applications and can seal up to 30 bar operating pressure. The element offers simple and efficient assembly without waste generation [&hellip;]<\/p>\n","protected":false},"author":1,"featured_media":0,"parent":12921,"menu_order":1,"comment_status":"closed","ping_status":"closed","template":"template_brands_new.php","meta":{"_acf_changed":false,"footnotes":""},"categories":[],"class_list":["post-13036","page","type-page","status-publish","hentry"],"acf":[],"yoast_head":"<!-- This site is optimized with the Yoast SEO plugin v27.3 - https:\/\/yoast.com\/product\/yoast-seo-wordpress\/ -->\n<title>b&amp;m-KL PLUG\u00ae - b&amp;m Homepage<\/title>\n<meta name=\"description\" content=\"Closing and sealing system for holes with internal pressure\" \/>\n<meta name=\"robots\" content=\"index, follow, max-snippet:-1, max-image-preview:large, max-video-preview:-1\" \/>\n<link rel=\"canonical\" href=\"https:\/\/www.baier-michels.com\/fr\/products\/closing-and-sealing-systems\/bm-kl-plug\/\" \/>\n<meta property=\"og:locale\" content=\"fr_FR\" \/>\n<meta property=\"og:type\" content=\"article\" \/>\n<meta property=\"og:title\" content=\"b&amp;m-KL PLUG\u00ae - b&amp;m Homepage\" \/>\n<meta property=\"og:description\" content=\"Closing and sealing system for holes with internal pressure\" \/>\n<meta property=\"og:url\" content=\"https:\/\/www.baier-michels.com\/fr\/products\/closing-and-sealing-systems\/bm-kl-plug\/\" \/>\n<meta property=\"og:site_name\" content=\"b&amp;m Homepage\" \/>\n<meta property=\"article:modified_time\" content=\"2025-04-17T14:53:37+00:00\" \/>\n<meta name=\"twitter:card\" content=\"summary_large_image\" \/>\n<meta name=\"twitter:label1\" content=\"Dur\u00e9e de lecture estim\u00e9e\" \/>\n\t<meta name=\"twitter:data1\" content=\"1 minute\" \/>\n<script type=\"application\/ld+json\" class=\"yoast-schema-graph\">{\"@context\":\"https:\\\/\\\/schema.org\",\"@graph\":[{\"@type\":\"WebPage\",\"@id\":\"https:\\\/\\\/www.baier-michels.com\\\/fr\\\/products\\\/closing-and-sealing-systems\\\/bm-kl-plug\\\/\",\"url\":\"https:\\\/\\\/www.baier-michels.com\\\/fr\\\/products\\\/closing-and-sealing-systems\\\/bm-kl-plug\\\/\",\"name\":\"b&m-KL PLUG\u00ae - b&amp;m Homepage\",\"isPartOf\":{\"@id\":\"https:\\\/\\\/www.baier-michels.com\\\/fr\\\/#website\"},\"datePublished\":\"2020-12-30T23:00:00+00:00\",\"dateModified\":\"2025-04-17T14:53:37+00:00\",\"description\":\"Closing and sealing system for holes with internal pressure\",\"breadcrumb\":{\"@id\":\"https:\\\/\\\/www.baier-michels.com\\\/fr\\\/products\\\/closing-and-sealing-systems\\\/bm-kl-plug\\\/#breadcrumb\"},\"inLanguage\":\"fr-FR\",\"potentialAction\":[{\"@type\":\"ReadAction\",\"target\":[\"https:\\\/\\\/www.baier-michels.com\\\/fr\\\/products\\\/closing-and-sealing-systems\\\/bm-kl-plug\\\/\"]}]},{\"@type\":\"BreadcrumbList\",\"@id\":\"https:\\\/\\\/www.baier-michels.com\\\/fr\\\/products\\\/closing-and-sealing-systems\\\/bm-kl-plug\\\/#breadcrumb\",\"itemListElement\":[{\"@type\":\"ListItem\",\"position\":1,\"name\":\"Startseite\",\"item\":\"https:\\\/\\\/www.baier-michels.com\\\/fr\\\/\"},{\"@type\":\"ListItem\",\"position\":2,\"name\":\"Produits\",\"item\":\"https:\\\/\\\/www.baier-michels.com\\\/fr\\\/products\\\/\"},{\"@type\":\"ListItem\",\"position\":3,\"name\":\"Syst\u00e8mes de fermeture et d&#8217;\u00e9tanch\u00e9it\u00e9\",\"item\":\"https:\\\/\\\/www.baier-michels.com\\\/fr\\\/products\\\/closing-and-sealing-systems\\\/\"},{\"@type\":\"ListItem\",\"position\":4,\"name\":\"b&#038;m-KL PLUG\u00ae\"}]},{\"@type\":\"WebSite\",\"@id\":\"https:\\\/\\\/www.baier-michels.com\\\/fr\\\/#website\",\"url\":\"https:\\\/\\\/www.baier-michels.com\\\/fr\\\/\",\"name\":\"b&m\",\"description\":\"baier&amp;michels Gmbh &amp; Co KG\",\"publisher\":{\"@id\":\"https:\\\/\\\/www.baier-michels.com\\\/fr\\\/#organization\"},\"potentialAction\":[{\"@type\":\"SearchAction\",\"target\":{\"@type\":\"EntryPoint\",\"urlTemplate\":\"https:\\\/\\\/www.baier-michels.com\\\/fr\\\/?s={search_term_string}\"},\"query-input\":{\"@type\":\"PropertyValueSpecification\",\"valueRequired\":true,\"valueName\":\"search_term_string\"}}],\"inLanguage\":\"fr-FR\"},{\"@type\":\"Organization\",\"@id\":\"https:\\\/\\\/www.baier-michels.com\\\/fr\\\/#organization\",\"name\":\"baier & michels GmbH & Co KG\",\"url\":\"https:\\\/\\\/www.baier-michels.com\\\/fr\\\/\",\"logo\":{\"@type\":\"ImageObject\",\"inLanguage\":\"fr-FR\",\"@id\":\"https:\\\/\\\/www.baier-michels.com\\\/fr\\\/#\\\/schema\\\/logo\\\/image\\\/\",\"url\":\"\",\"contentUrl\":\"\",\"caption\":\"baier & michels GmbH & Co KG\"},\"image\":{\"@id\":\"https:\\\/\\\/www.baier-michels.com\\\/fr\\\/#\\\/schema\\\/logo\\\/image\\\/\"},\"sameAs\":[\"https:\\\/\\\/www.linkedin.com\\\/company\\\/baier-michels\\\/?viewAsMember=true\",\"https:\\\/\\\/www.youtube.com\\\/channel\\\/UCdBWm_HCAtCjxiFZWloFYGw?view_as=subscriber\"]}]}<\/script>\n<!-- \/ Yoast SEO plugin. -->","yoast_head_json":{"title":"b&m-KL PLUG\u00ae - b&amp;m Homepage","description":"Closing and sealing system for holes with internal pressure","robots":{"index":"index","follow":"follow","max-snippet":"max-snippet:-1","max-image-preview":"max-image-preview:large","max-video-preview":"max-video-preview:-1"},"canonical":"https:\/\/www.baier-michels.com\/fr\/products\/closing-and-sealing-systems\/bm-kl-plug\/","og_locale":"fr_FR","og_type":"article","og_title":"b&m-KL PLUG\u00ae - b&amp;m Homepage","og_description":"Closing and sealing system for holes with internal pressure","og_url":"https:\/\/www.baier-michels.com\/fr\/products\/closing-and-sealing-systems\/bm-kl-plug\/","og_site_name":"b&amp;m Homepage","article_modified_time":"2025-04-17T14:53:37+00:00","twitter_card":"summary_large_image","twitter_misc":{"Dur\u00e9e de lecture estim\u00e9e":"1 minute"},"schema":{"@context":"https:\/\/schema.org","@graph":[{"@type":"WebPage","@id":"https:\/\/www.baier-michels.com\/fr\/products\/closing-and-sealing-systems\/bm-kl-plug\/","url":"https:\/\/www.baier-michels.com\/fr\/products\/closing-and-sealing-systems\/bm-kl-plug\/","name":"b&m-KL PLUG\u00ae - b&amp;m Homepage","isPartOf":{"@id":"https:\/\/www.baier-michels.com\/fr\/#website"},"datePublished":"2020-12-30T23:00:00+00:00","dateModified":"2025-04-17T14:53:37+00:00","description":"Closing and sealing system for holes with internal pressure","breadcrumb":{"@id":"https:\/\/www.baier-michels.com\/fr\/products\/closing-and-sealing-systems\/bm-kl-plug\/#breadcrumb"},"inLanguage":"fr-FR","potentialAction":[{"@type":"ReadAction","target":["https:\/\/www.baier-michels.com\/fr\/products\/closing-and-sealing-systems\/bm-kl-plug\/"]}]},{"@type":"BreadcrumbList","@id":"https:\/\/www.baier-michels.com\/fr\/products\/closing-and-sealing-systems\/bm-kl-plug\/#breadcrumb","itemListElement":[{"@type":"ListItem","position":1,"name":"Startseite","item":"https:\/\/www.baier-michels.com\/fr\/"},{"@type":"ListItem","position":2,"name":"Produits","item":"https:\/\/www.baier-michels.com\/fr\/products\/"},{"@type":"ListItem","position":3,"name":"Syst\u00e8mes de fermeture et d&#8217;\u00e9tanch\u00e9it\u00e9","item":"https:\/\/www.baier-michels.com\/fr\/products\/closing-and-sealing-systems\/"},{"@type":"ListItem","position":4,"name":"b&#038;m-KL PLUG\u00ae"}]},{"@type":"WebSite","@id":"https:\/\/www.baier-michels.com\/fr\/#website","url":"https:\/\/www.baier-michels.com\/fr\/","name":"b&m","description":"baier&amp;michels Gmbh &amp; Co KG","publisher":{"@id":"https:\/\/www.baier-michels.com\/fr\/#organization"},"potentialAction":[{"@type":"SearchAction","target":{"@type":"EntryPoint","urlTemplate":"https:\/\/www.baier-michels.com\/fr\/?s={search_term_string}"},"query-input":{"@type":"PropertyValueSpecification","valueRequired":true,"valueName":"search_term_string"}}],"inLanguage":"fr-FR"},{"@type":"Organization","@id":"https:\/\/www.baier-michels.com\/fr\/#organization","name":"baier & michels GmbH & Co KG","url":"https:\/\/www.baier-michels.com\/fr\/","logo":{"@type":"ImageObject","inLanguage":"fr-FR","@id":"https:\/\/www.baier-michels.com\/fr\/#\/schema\/logo\/image\/","url":"","contentUrl":"","caption":"baier & michels GmbH & Co KG"},"image":{"@id":"https:\/\/www.baier-michels.com\/fr\/#\/schema\/logo\/image\/"},"sameAs":["https:\/\/www.linkedin.com\/company\/baier-michels\/?viewAsMember=true","https:\/\/www.youtube.com\/channel\/UCdBWm_HCAtCjxiFZWloFYGw?view_as=subscriber"]}]}},"_links":{"self":[{"href":"https:\/\/www.baier-michels.com\/fr\/wp-json\/wp\/v2\/pages\/13036","targetHints":{"allow":["GET"]}}],"collection":[{"href":"https:\/\/www.baier-michels.com\/fr\/wp-json\/wp\/v2\/pages"}],"about":[{"href":"https:\/\/www.baier-michels.com\/fr\/wp-json\/wp\/v2\/types\/page"}],"author":[{"embeddable":true,"href":"https:\/\/www.baier-michels.com\/fr\/wp-json\/wp\/v2\/users\/1"}],"replies":[{"embeddable":true,"href":"https:\/\/www.baier-michels.com\/fr\/wp-json\/wp\/v2\/comments?post=13036"}],"version-history":[{"count":3,"href":"https:\/\/www.baier-michels.com\/fr\/wp-json\/wp\/v2\/pages\/13036\/revisions"}],"predecessor-version":[{"id":16353,"href":"https:\/\/www.baier-michels.com\/fr\/wp-json\/wp\/v2\/pages\/13036\/revisions\/16353"}],"up":[{"embeddable":true,"href":"https:\/\/www.baier-michels.com\/fr\/wp-json\/wp\/v2\/pages\/12921"}],"wp:attachment":[{"href":"https:\/\/www.baier-michels.com\/fr\/wp-json\/wp\/v2\/media?parent=13036"}],"wp:term":[{"taxonomy":"category","embeddable":true,"href":"https:\/\/www.baier-michels.com\/fr\/wp-json\/wp\/v2\/categories?post=13036"}],"curies":[{"name":"wp","href":"https:\/\/api.w.org\/{rel}","templated":true}]}}