{"id":13040,"date":"2020-12-31T00:00:00","date_gmt":"2020-12-30T23:00:00","guid":{"rendered":"http:\/\/dev.baier-michels.local\/products\/fasteners-with-integrated-functions\/bm-trimnut\/"},"modified":"2024-12-10T11:12:20","modified_gmt":"2024-12-10T10:12:20","slug":"bm-trimnut","status":"publish","type":"page","link":"https:\/\/www.baier-michels.com\/fr\/products\/fasteners-with-integrated-functions\/bm-trimnut\/","title":{"rendered":"b&#038;m-TRIMNUT<sup class=\"copyright\">\u00ae<\/sup>"},"content":{"rendered":"<p>Being a repair nut, the b&#038;m-TRIMNUT<sup class=\"copyright\">\u00ae<\/sup> is designed to make dirty and damaged threads usable again. The functional principle comes into effect when screwing on and off. By using local forming, the repair nut eliminates not only impact points. It also removes coating residues and weld spatter as well as rust and heavy dirt.<\/p>\n<p>At the same time, the b&#038;m-TRIMNUT<sup class=\"copyright\">\u00ae<\/sup> is also capable of forming a thread in conjunction with a corresponding bolt geometry. In these cases, the nut acts as a tool and fastener in one.<\/p>\n","protected":false},"excerpt":{"rendered":"<p>Being a repair nut, the b&#038;m-TRIMNUT\u00ae is designed to make dirty and damaged threads usable again. The functional principle comes into effect when screwing on and off. By using local forming, the repair nut eliminates not only impact points. It also removes coating residues and weld spatter as well as rust and heavy dirt. At [&hellip;]<\/p>\n","protected":false},"author":1,"featured_media":0,"parent":12930,"menu_order":1,"comment_status":"closed","ping_status":"closed","template":"template_brand_trimnut.php","meta":{"_acf_changed":false,"footnotes":""},"categories":[],"class_list":["post-13040","page","type-page","status-publish","hentry"],"acf":[],"yoast_head":"<!-- This site is optimized with the Yoast SEO plugin v27.3 - https:\/\/yoast.com\/product\/yoast-seo-wordpress\/ -->\n<title>b&amp;m-TRIMNUT\u00ae - b&amp;m Homepage<\/title>\n<meta name=\"description\" content=\"Repair nut\" \/>\n<meta name=\"robots\" content=\"index, follow, max-snippet:-1, max-image-preview:large, max-video-preview:-1\" \/>\n<link rel=\"canonical\" href=\"https:\/\/www.baier-michels.com\/fr\/products\/fasteners-with-integrated-functions\/bm-trimnut\/\" \/>\n<meta property=\"og:locale\" content=\"fr_FR\" \/>\n<meta property=\"og:type\" content=\"article\" \/>\n<meta property=\"og:title\" content=\"b&amp;m-TRIMNUT\u00ae - b&amp;m Homepage\" \/>\n<meta property=\"og:description\" content=\"Repair nut\" \/>\n<meta property=\"og:url\" content=\"https:\/\/www.baier-michels.com\/fr\/products\/fasteners-with-integrated-functions\/bm-trimnut\/\" \/>\n<meta property=\"og:site_name\" content=\"b&amp;m Homepage\" \/>\n<meta property=\"article:modified_time\" content=\"2024-12-10T10:12:20+00:00\" \/>\n<meta name=\"twitter:card\" content=\"summary_large_image\" \/>\n<meta name=\"twitter:label1\" content=\"Dur\u00e9e de lecture estim\u00e9e\" \/>\n\t<meta name=\"twitter:data1\" content=\"1 minute\" \/>\n<script type=\"application\/ld+json\" class=\"yoast-schema-graph\">{\"@context\":\"https:\\\/\\\/schema.org\",\"@graph\":[{\"@type\":\"WebPage\",\"@id\":\"https:\\\/\\\/www.baier-michels.com\\\/fr\\\/products\\\/fasteners-with-integrated-functions\\\/bm-trimnut\\\/\",\"url\":\"https:\\\/\\\/www.baier-michels.com\\\/fr\\\/products\\\/fasteners-with-integrated-functions\\\/bm-trimnut\\\/\",\"name\":\"b&m-TRIMNUT\u00ae - b&amp;m Homepage\",\"isPartOf\":{\"@id\":\"https:\\\/\\\/www.baier-michels.com\\\/fr\\\/#website\"},\"datePublished\":\"2020-12-30T23:00:00+00:00\",\"dateModified\":\"2024-12-10T10:12:20+00:00\",\"description\":\"Repair nut\",\"breadcrumb\":{\"@id\":\"https:\\\/\\\/www.baier-michels.com\\\/fr\\\/products\\\/fasteners-with-integrated-functions\\\/bm-trimnut\\\/#breadcrumb\"},\"inLanguage\":\"fr-FR\",\"potentialAction\":[{\"@type\":\"ReadAction\",\"target\":[\"https:\\\/\\\/www.baier-michels.com\\\/fr\\\/products\\\/fasteners-with-integrated-functions\\\/bm-trimnut\\\/\"]}]},{\"@type\":\"BreadcrumbList\",\"@id\":\"https:\\\/\\\/www.baier-michels.com\\\/fr\\\/products\\\/fasteners-with-integrated-functions\\\/bm-trimnut\\\/#breadcrumb\",\"itemListElement\":[{\"@type\":\"ListItem\",\"position\":1,\"name\":\"Startseite\",\"item\":\"https:\\\/\\\/www.baier-michels.com\\\/fr\\\/\"},{\"@type\":\"ListItem\",\"position\":2,\"name\":\"Produits\",\"item\":\"https:\\\/\\\/www.baier-michels.com\\\/fr\\\/products\\\/\"},{\"@type\":\"ListItem\",\"position\":3,\"name\":\"\u00c9l\u00e9ments de fixation avec fonction d&#8217;int\u00e9gration\",\"item\":\"https:\\\/\\\/www.baier-michels.com\\\/fr\\\/products\\\/fasteners-with-integrated-functions\\\/\"},{\"@type\":\"ListItem\",\"position\":4,\"name\":\"b&#038;m-TRIMNUT\u00ae\"}]},{\"@type\":\"WebSite\",\"@id\":\"https:\\\/\\\/www.baier-michels.com\\\/fr\\\/#website\",\"url\":\"https:\\\/\\\/www.baier-michels.com\\\/fr\\\/\",\"name\":\"b&m\",\"description\":\"baier&amp;michels Gmbh &amp; Co KG\",\"publisher\":{\"@id\":\"https:\\\/\\\/www.baier-michels.com\\\/fr\\\/#organization\"},\"potentialAction\":[{\"@type\":\"SearchAction\",\"target\":{\"@type\":\"EntryPoint\",\"urlTemplate\":\"https:\\\/\\\/www.baier-michels.com\\\/fr\\\/?s={search_term_string}\"},\"query-input\":{\"@type\":\"PropertyValueSpecification\",\"valueRequired\":true,\"valueName\":\"search_term_string\"}}],\"inLanguage\":\"fr-FR\"},{\"@type\":\"Organization\",\"@id\":\"https:\\\/\\\/www.baier-michels.com\\\/fr\\\/#organization\",\"name\":\"baier & michels GmbH & Co KG\",\"url\":\"https:\\\/\\\/www.baier-michels.com\\\/fr\\\/\",\"logo\":{\"@type\":\"ImageObject\",\"inLanguage\":\"fr-FR\",\"@id\":\"https:\\\/\\\/www.baier-michels.com\\\/fr\\\/#\\\/schema\\\/logo\\\/image\\\/\",\"url\":\"\",\"contentUrl\":\"\",\"caption\":\"baier & michels GmbH & Co KG\"},\"image\":{\"@id\":\"https:\\\/\\\/www.baier-michels.com\\\/fr\\\/#\\\/schema\\\/logo\\\/image\\\/\"},\"sameAs\":[\"https:\\\/\\\/www.linkedin.com\\\/company\\\/baier-michels\\\/?viewAsMember=true\",\"https:\\\/\\\/www.youtube.com\\\/channel\\\/UCdBWm_HCAtCjxiFZWloFYGw?view_as=subscriber\"]}]}<\/script>\n<!-- \/ Yoast SEO plugin. -->","yoast_head_json":{"title":"b&m-TRIMNUT\u00ae - b&amp;m Homepage","description":"Repair nut","robots":{"index":"index","follow":"follow","max-snippet":"max-snippet:-1","max-image-preview":"max-image-preview:large","max-video-preview":"max-video-preview:-1"},"canonical":"https:\/\/www.baier-michels.com\/fr\/products\/fasteners-with-integrated-functions\/bm-trimnut\/","og_locale":"fr_FR","og_type":"article","og_title":"b&m-TRIMNUT\u00ae - b&amp;m Homepage","og_description":"Repair nut","og_url":"https:\/\/www.baier-michels.com\/fr\/products\/fasteners-with-integrated-functions\/bm-trimnut\/","og_site_name":"b&amp;m Homepage","article_modified_time":"2024-12-10T10:12:20+00:00","twitter_card":"summary_large_image","twitter_misc":{"Dur\u00e9e de lecture estim\u00e9e":"1 minute"},"schema":{"@context":"https:\/\/schema.org","@graph":[{"@type":"WebPage","@id":"https:\/\/www.baier-michels.com\/fr\/products\/fasteners-with-integrated-functions\/bm-trimnut\/","url":"https:\/\/www.baier-michels.com\/fr\/products\/fasteners-with-integrated-functions\/bm-trimnut\/","name":"b&m-TRIMNUT\u00ae - b&amp;m Homepage","isPartOf":{"@id":"https:\/\/www.baier-michels.com\/fr\/#website"},"datePublished":"2020-12-30T23:00:00+00:00","dateModified":"2024-12-10T10:12:20+00:00","description":"Repair nut","breadcrumb":{"@id":"https:\/\/www.baier-michels.com\/fr\/products\/fasteners-with-integrated-functions\/bm-trimnut\/#breadcrumb"},"inLanguage":"fr-FR","potentialAction":[{"@type":"ReadAction","target":["https:\/\/www.baier-michels.com\/fr\/products\/fasteners-with-integrated-functions\/bm-trimnut\/"]}]},{"@type":"BreadcrumbList","@id":"https:\/\/www.baier-michels.com\/fr\/products\/fasteners-with-integrated-functions\/bm-trimnut\/#breadcrumb","itemListElement":[{"@type":"ListItem","position":1,"name":"Startseite","item":"https:\/\/www.baier-michels.com\/fr\/"},{"@type":"ListItem","position":2,"name":"Produits","item":"https:\/\/www.baier-michels.com\/fr\/products\/"},{"@type":"ListItem","position":3,"name":"\u00c9l\u00e9ments de fixation avec fonction d&#8217;int\u00e9gration","item":"https:\/\/www.baier-michels.com\/fr\/products\/fasteners-with-integrated-functions\/"},{"@type":"ListItem","position":4,"name":"b&#038;m-TRIMNUT\u00ae"}]},{"@type":"WebSite","@id":"https:\/\/www.baier-michels.com\/fr\/#website","url":"https:\/\/www.baier-michels.com\/fr\/","name":"b&m","description":"baier&amp;michels Gmbh &amp; Co KG","publisher":{"@id":"https:\/\/www.baier-michels.com\/fr\/#organization"},"potentialAction":[{"@type":"SearchAction","target":{"@type":"EntryPoint","urlTemplate":"https:\/\/www.baier-michels.com\/fr\/?s={search_term_string}"},"query-input":{"@type":"PropertyValueSpecification","valueRequired":true,"valueName":"search_term_string"}}],"inLanguage":"fr-FR"},{"@type":"Organization","@id":"https:\/\/www.baier-michels.com\/fr\/#organization","name":"baier & michels GmbH & Co KG","url":"https:\/\/www.baier-michels.com\/fr\/","logo":{"@type":"ImageObject","inLanguage":"fr-FR","@id":"https:\/\/www.baier-michels.com\/fr\/#\/schema\/logo\/image\/","url":"","contentUrl":"","caption":"baier & michels GmbH & Co KG"},"image":{"@id":"https:\/\/www.baier-michels.com\/fr\/#\/schema\/logo\/image\/"},"sameAs":["https:\/\/www.linkedin.com\/company\/baier-michels\/?viewAsMember=true","https:\/\/www.youtube.com\/channel\/UCdBWm_HCAtCjxiFZWloFYGw?view_as=subscriber"]}]}},"_links":{"self":[{"href":"https:\/\/www.baier-michels.com\/fr\/wp-json\/wp\/v2\/pages\/13040","targetHints":{"allow":["GET"]}}],"collection":[{"href":"https:\/\/www.baier-michels.com\/fr\/wp-json\/wp\/v2\/pages"}],"about":[{"href":"https:\/\/www.baier-michels.com\/fr\/wp-json\/wp\/v2\/types\/page"}],"author":[{"embeddable":true,"href":"https:\/\/www.baier-michels.com\/fr\/wp-json\/wp\/v2\/users\/1"}],"replies":[{"embeddable":true,"href":"https:\/\/www.baier-michels.com\/fr\/wp-json\/wp\/v2\/comments?post=13040"}],"version-history":[{"count":5,"href":"https:\/\/www.baier-michels.com\/fr\/wp-json\/wp\/v2\/pages\/13040\/revisions"}],"predecessor-version":[{"id":15291,"href":"https:\/\/www.baier-michels.com\/fr\/wp-json\/wp\/v2\/pages\/13040\/revisions\/15291"}],"up":[{"embeddable":true,"href":"https:\/\/www.baier-michels.com\/fr\/wp-json\/wp\/v2\/pages\/12930"}],"wp:attachment":[{"href":"https:\/\/www.baier-michels.com\/fr\/wp-json\/wp\/v2\/media?parent=13040"}],"wp:term":[{"taxonomy":"category","embeddable":true,"href":"https:\/\/www.baier-michels.com\/fr\/wp-json\/wp\/v2\/categories?post=13040"}],"curies":[{"name":"wp","href":"https:\/\/api.w.org\/{rel}","templated":true}]}}