{"id":10209,"date":"2023-07-25T00:00:00","date_gmt":"2023-07-24T23:00:00","guid":{"rendered":"http:\/\/bm.baier-michels.local\/settori\/energie-rinnovabili\/"},"modified":"2024-10-16T08:45:56","modified_gmt":"2024-10-16T07:45:56","slug":"energie-rinnovabili","status":"publish","type":"page","link":"https:\/\/www.baier-michels.com\/it\/settori\/energie-rinnovabili\/","title":{"rendered":"Energie rinnovabili"},"content":{"rendered":"<p>I temi della protezione climatica e della produzione di energia sono oggi pi\u00f9 attuali che mai. Un ruolo importante viene svolto soprattutto da sostenibilit\u00e0, efficienza energetica e compatibilit\u00e0 ambientale. Per gli elementi di collegamento ci\u00f2 comporta requisiti elevati di durata, resistenza alla corrosione e riparabilit\u00e0.<\/p>\n<p>Siete alla ricerca della soluzione di collegamento pi\u00f9 adatta alla vostra applicazione?<br \/>\nCliccate sull\u2019applicazione desiderata per ottenere ulteriori informazioni.<\/p>\n","protected":false},"excerpt":{"rendered":"<p>I temi della protezione climatica e della produzione di energia sono oggi pi\u00f9 attuali che mai. Un ruolo importante viene svolto soprattutto da sostenibilit\u00e0, efficienza energetica e compatibilit\u00e0 ambientale. Per gli elementi di collegamento ci\u00f2 comporta requisiti elevati di durata, resistenza alla corrosione e riparabilit\u00e0. Siete alla ricerca della soluzione di collegamento pi\u00f9 adatta alla [&hellip;]<\/p>\n","protected":false},"author":1,"featured_media":0,"parent":9882,"menu_order":4,"comment_status":"closed","ping_status":"closed","template":"template_page_e2.php","meta":{"_acf_changed":false,"footnotes":""},"categories":[],"class_list":["post-10209","page","type-page","status-publish","hentry"],"acf":[],"yoast_head":"<!-- This site is optimized with the Yoast SEO plugin v27.3 - https:\/\/yoast.com\/product\/yoast-seo-wordpress\/ -->\n<title>Energie rinnovabili - b&amp;m Homepage<\/title>\n<meta name=\"description\" content=\"Innovative fastener technology in the renewable energies sector\" \/>\n<meta name=\"robots\" content=\"index, follow, max-snippet:-1, max-image-preview:large, max-video-preview:-1\" \/>\n<link rel=\"canonical\" href=\"https:\/\/www.baier-michels.com\/it\/settori\/energie-rinnovabili\/\" \/>\n<meta property=\"og:locale\" content=\"it_IT\" \/>\n<meta property=\"og:type\" content=\"article\" \/>\n<meta property=\"og:title\" content=\"Energie rinnovabili - b&amp;m Homepage\" \/>\n<meta property=\"og:description\" content=\"Innovative fastener technology in the renewable energies sector\" \/>\n<meta property=\"og:url\" content=\"https:\/\/www.baier-michels.com\/it\/settori\/energie-rinnovabili\/\" \/>\n<meta property=\"og:site_name\" content=\"b&amp;m Homepage\" \/>\n<meta property=\"article:modified_time\" content=\"2024-10-16T07:45:56+00:00\" \/>\n<meta name=\"twitter:card\" content=\"summary_large_image\" \/>\n<script type=\"application\/ld+json\" class=\"yoast-schema-graph\">{\"@context\":\"https:\\\/\\\/schema.org\",\"@graph\":[{\"@type\":\"WebPage\",\"@id\":\"https:\\\/\\\/www.baier-michels.com\\\/it\\\/settori\\\/energie-rinnovabili\\\/\",\"url\":\"https:\\\/\\\/www.baier-michels.com\\\/it\\\/settori\\\/energie-rinnovabili\\\/\",\"name\":\"Energie rinnovabili - b&m Homepage\",\"isPartOf\":{\"@id\":\"https:\\\/\\\/www.baier-michels.com\\\/it\\\/#website\"},\"datePublished\":\"2023-07-24T23:00:00+00:00\",\"dateModified\":\"2024-10-16T07:45:56+00:00\",\"description\":\"Innovative fastener technology in the renewable energies sector\",\"breadcrumb\":{\"@id\":\"https:\\\/\\\/www.baier-michels.com\\\/it\\\/settori\\\/energie-rinnovabili\\\/#breadcrumb\"},\"inLanguage\":\"it-IT\",\"potentialAction\":[{\"@type\":\"ReadAction\",\"target\":[\"https:\\\/\\\/www.baier-michels.com\\\/it\\\/settori\\\/energie-rinnovabili\\\/\"]}]},{\"@type\":\"BreadcrumbList\",\"@id\":\"https:\\\/\\\/www.baier-michels.com\\\/it\\\/settori\\\/energie-rinnovabili\\\/#breadcrumb\",\"itemListElement\":[{\"@type\":\"ListItem\",\"position\":1,\"name\":\"Pagina iniziale\",\"item\":\"https:\\\/\\\/www.baier-michels.com\\\/it\\\/\"},{\"@type\":\"ListItem\",\"position\":2,\"name\":\"Settori\",\"item\":\"https:\\\/\\\/www.baier-michels.com\\\/it\\\/settori\\\/\"},{\"@type\":\"ListItem\",\"position\":3,\"name\":\"Energie rinnovabili\"}]},{\"@type\":\"WebSite\",\"@id\":\"https:\\\/\\\/www.baier-michels.com\\\/it\\\/#website\",\"url\":\"https:\\\/\\\/www.baier-michels.com\\\/it\\\/\",\"name\":\"b&m\",\"description\":\"baier&amp;michels Gmbh &amp; Co KG\",\"publisher\":{\"@id\":\"https:\\\/\\\/www.baier-michels.com\\\/it\\\/#organization\"},\"potentialAction\":[{\"@type\":\"SearchAction\",\"target\":{\"@type\":\"EntryPoint\",\"urlTemplate\":\"https:\\\/\\\/www.baier-michels.com\\\/it\\\/?s={search_term_string}\"},\"query-input\":{\"@type\":\"PropertyValueSpecification\",\"valueRequired\":true,\"valueName\":\"search_term_string\"}}],\"inLanguage\":\"it-IT\"},{\"@type\":\"Organization\",\"@id\":\"https:\\\/\\\/www.baier-michels.com\\\/it\\\/#organization\",\"name\":\"baier & michels GmbH & Co KG\",\"url\":\"https:\\\/\\\/www.baier-michels.com\\\/it\\\/\",\"logo\":{\"@type\":\"ImageObject\",\"inLanguage\":\"it-IT\",\"@id\":\"https:\\\/\\\/www.baier-michels.com\\\/it\\\/#\\\/schema\\\/logo\\\/image\\\/\",\"url\":\"\",\"contentUrl\":\"\",\"caption\":\"baier & michels GmbH & Co KG\"},\"image\":{\"@id\":\"https:\\\/\\\/www.baier-michels.com\\\/it\\\/#\\\/schema\\\/logo\\\/image\\\/\"},\"sameAs\":[\"https:\\\/\\\/www.linkedin.com\\\/company\\\/baier-michels\\\/?viewAsMember=true\",\"https:\\\/\\\/www.youtube.com\\\/channel\\\/UCdBWm_HCAtCjxiFZWloFYGw?view_as=subscriber\"]}]}<\/script>\n<!-- \/ Yoast SEO plugin. -->","yoast_head_json":{"title":"Energie rinnovabili - b&m Homepage","description":"Innovative fastener technology in the renewable energies sector","robots":{"index":"index","follow":"follow","max-snippet":"max-snippet:-1","max-image-preview":"max-image-preview:large","max-video-preview":"max-video-preview:-1"},"canonical":"https:\/\/www.baier-michels.com\/it\/settori\/energie-rinnovabili\/","og_locale":"it_IT","og_type":"article","og_title":"Energie rinnovabili - b&m Homepage","og_description":"Innovative fastener technology in the renewable energies sector","og_url":"https:\/\/www.baier-michels.com\/it\/settori\/energie-rinnovabili\/","og_site_name":"b&m Homepage","article_modified_time":"2024-10-16T07:45:56+00:00","twitter_card":"summary_large_image","schema":{"@context":"https:\/\/schema.org","@graph":[{"@type":"WebPage","@id":"https:\/\/www.baier-michels.com\/it\/settori\/energie-rinnovabili\/","url":"https:\/\/www.baier-michels.com\/it\/settori\/energie-rinnovabili\/","name":"Energie rinnovabili - b&m Homepage","isPartOf":{"@id":"https:\/\/www.baier-michels.com\/it\/#website"},"datePublished":"2023-07-24T23:00:00+00:00","dateModified":"2024-10-16T07:45:56+00:00","description":"Innovative fastener technology in the renewable energies sector","breadcrumb":{"@id":"https:\/\/www.baier-michels.com\/it\/settori\/energie-rinnovabili\/#breadcrumb"},"inLanguage":"it-IT","potentialAction":[{"@type":"ReadAction","target":["https:\/\/www.baier-michels.com\/it\/settori\/energie-rinnovabili\/"]}]},{"@type":"BreadcrumbList","@id":"https:\/\/www.baier-michels.com\/it\/settori\/energie-rinnovabili\/#breadcrumb","itemListElement":[{"@type":"ListItem","position":1,"name":"Pagina iniziale","item":"https:\/\/www.baier-michels.com\/it\/"},{"@type":"ListItem","position":2,"name":"Settori","item":"https:\/\/www.baier-michels.com\/it\/settori\/"},{"@type":"ListItem","position":3,"name":"Energie rinnovabili"}]},{"@type":"WebSite","@id":"https:\/\/www.baier-michels.com\/it\/#website","url":"https:\/\/www.baier-michels.com\/it\/","name":"b&m","description":"baier&amp;michels Gmbh &amp; Co KG","publisher":{"@id":"https:\/\/www.baier-michels.com\/it\/#organization"},"potentialAction":[{"@type":"SearchAction","target":{"@type":"EntryPoint","urlTemplate":"https:\/\/www.baier-michels.com\/it\/?s={search_term_string}"},"query-input":{"@type":"PropertyValueSpecification","valueRequired":true,"valueName":"search_term_string"}}],"inLanguage":"it-IT"},{"@type":"Organization","@id":"https:\/\/www.baier-michels.com\/it\/#organization","name":"baier & michels GmbH & Co KG","url":"https:\/\/www.baier-michels.com\/it\/","logo":{"@type":"ImageObject","inLanguage":"it-IT","@id":"https:\/\/www.baier-michels.com\/it\/#\/schema\/logo\/image\/","url":"","contentUrl":"","caption":"baier & michels GmbH & Co KG"},"image":{"@id":"https:\/\/www.baier-michels.com\/it\/#\/schema\/logo\/image\/"},"sameAs":["https:\/\/www.linkedin.com\/company\/baier-michels\/?viewAsMember=true","https:\/\/www.youtube.com\/channel\/UCdBWm_HCAtCjxiFZWloFYGw?view_as=subscriber"]}]}},"_links":{"self":[{"href":"https:\/\/www.baier-michels.com\/it\/wp-json\/wp\/v2\/pages\/10209","targetHints":{"allow":["GET"]}}],"collection":[{"href":"https:\/\/www.baier-michels.com\/it\/wp-json\/wp\/v2\/pages"}],"about":[{"href":"https:\/\/www.baier-michels.com\/it\/wp-json\/wp\/v2\/types\/page"}],"author":[{"embeddable":true,"href":"https:\/\/www.baier-michels.com\/it\/wp-json\/wp\/v2\/users\/1"}],"replies":[{"embeddable":true,"href":"https:\/\/www.baier-michels.com\/it\/wp-json\/wp\/v2\/comments?post=10209"}],"version-history":[{"count":0,"href":"https:\/\/www.baier-michels.com\/it\/wp-json\/wp\/v2\/pages\/10209\/revisions"}],"up":[{"embeddable":true,"href":"https:\/\/www.baier-michels.com\/it\/wp-json\/wp\/v2\/pages\/9882"}],"wp:attachment":[{"href":"https:\/\/www.baier-michels.com\/it\/wp-json\/wp\/v2\/media?parent=10209"}],"wp:term":[{"taxonomy":"category","embeddable":true,"href":"https:\/\/www.baier-michels.com\/it\/wp-json\/wp\/v2\/categories?post=10209"}],"curies":[{"name":"wp","href":"https:\/\/api.w.org\/{rel}","templated":true}]}}