{"id":10317,"date":"2021-04-30T00:00:00","date_gmt":"2021-04-29T23:00:00","guid":{"rendered":"http:\/\/bm.baier-michels.local\/settori\/elettrodomestici-e-attrezzi-da-giardino\/lavatrici-e-asciugatrici\/"},"modified":"2024-10-16T08:45:55","modified_gmt":"2024-10-16T07:45:55","slug":"lavatrici-e-asciugatrici","status":"publish","type":"page","link":"https:\/\/www.baier-michels.com\/it\/settori\/elettrodomestici-e-attrezzi-da-giardino\/lavatrici-e-asciugatrici\/","title":{"rendered":"Lavatrici e asciugatrici"},"content":{"rendered":"<p>Ogni giorno in famiglia si accumula una gran quantit\u00e0 di biancheria sporca. Ma ci\u00f2 non rappresenta pi\u00f9 un problema grazie alle lavatrici pi\u00f9 moderne. La combinazione con un\u2019asciugatrice permette di fare il bucato in modo rapido e senza grande fatica. <\/p>\n<p>Questi apparecchi al loro interno contengono una gran quantit\u00e0 di viti differenti. \u00c8 quindi indispensabile che gli elementi di fissaggio, oltre a rispettare le norme gi\u00e0 definite da molti anni, riescano anche a soddisfare i nuovi requisiti pi\u00f9 stringenti, e presentino miglioramenti e novit\u00e0 a livello tecnologico. Solo cos\u00ec le lavatrici e le asciugatrici di domani potranno davvero essere pi\u00f9 potenti ed efficienti &#8211; sia per l\u2019utilizzo in ambito privato, che commerciale.<\/p>\n<p>Siete alla ricerca di una soluzione di collegamento innovativa per la vostra applicazione?<br \/>\nNoi abbiamo l&#8217;elemento di collegamento adatto alle vostre esigenze.<\/p>\n","protected":false},"excerpt":{"rendered":"<p>Ogni giorno in famiglia si accumula una gran quantit\u00e0 di biancheria sporca. Ma ci\u00f2 non rappresenta pi\u00f9 un problema grazie alle lavatrici pi\u00f9 moderne. La combinazione con un\u2019asciugatrice permette di fare il bucato in modo rapido e senza grande fatica. Questi apparecchi al loro interno contengono una gran quantit\u00e0 di viti differenti. \u00c8 quindi indispensabile [&hellip;]<\/p>\n","protected":false},"author":1,"featured_media":0,"parent":10207,"menu_order":3,"comment_status":"closed","ping_status":"closed","template":"template_page_e3.php","meta":{"_acf_changed":false,"footnotes":""},"categories":[129,128],"class_list":["post-10317","page","type-page","status-publish","hentry","category-avvitamento-diretto-in-materie-plastiche","category-avvitamento-diretto-nei-metalli"],"acf":[],"yoast_head":"<!-- This site is optimized with the Yoast SEO plugin v27.3 - https:\/\/yoast.com\/product\/yoast-seo-wordpress\/ -->\n<title>Lavatrici e asciugatrici - b&amp;m Homepage<\/title>\n<meta name=\"robots\" content=\"index, follow, max-snippet:-1, max-image-preview:large, max-video-preview:-1\" \/>\n<link rel=\"canonical\" href=\"https:\/\/www.baier-michels.com\/it\/settori\/elettrodomestici-e-attrezzi-da-giardino\/lavatrici-e-asciugatrici\/\" \/>\n<meta property=\"og:locale\" content=\"it_IT\" \/>\n<meta property=\"og:type\" content=\"article\" \/>\n<meta property=\"og:title\" content=\"Lavatrici e asciugatrici - b&amp;m Homepage\" \/>\n<meta property=\"og:description\" content=\"Ogni giorno in famiglia si accumula una gran quantit\u00e0 di biancheria sporca. Ma ci\u00f2 non rappresenta pi\u00f9 un problema grazie alle lavatrici pi\u00f9 moderne. La combinazione con un\u2019asciugatrice permette di fare il bucato in modo rapido e senza grande fatica. Questi apparecchi al loro interno contengono una gran quantit\u00e0 di viti differenti. \u00c8 quindi indispensabile [&hellip;]\" \/>\n<meta property=\"og:url\" content=\"https:\/\/www.baier-michels.com\/it\/settori\/elettrodomestici-e-attrezzi-da-giardino\/lavatrici-e-asciugatrici\/\" \/>\n<meta property=\"og:site_name\" content=\"b&amp;m Homepage\" \/>\n<meta property=\"article:modified_time\" content=\"2024-10-16T07:45:55+00:00\" \/>\n<meta name=\"twitter:card\" content=\"summary_large_image\" \/>\n<meta name=\"twitter:label1\" content=\"Tempo di lettura stimato\" \/>\n\t<meta name=\"twitter:data1\" content=\"1 minuto\" \/>\n<script type=\"application\/ld+json\" class=\"yoast-schema-graph\">{\"@context\":\"https:\\\/\\\/schema.org\",\"@graph\":[{\"@type\":\"WebPage\",\"@id\":\"https:\\\/\\\/www.baier-michels.com\\\/it\\\/settori\\\/elettrodomestici-e-attrezzi-da-giardino\\\/lavatrici-e-asciugatrici\\\/\",\"url\":\"https:\\\/\\\/www.baier-michels.com\\\/it\\\/settori\\\/elettrodomestici-e-attrezzi-da-giardino\\\/lavatrici-e-asciugatrici\\\/\",\"name\":\"Lavatrici e asciugatrici - b&m Homepage\",\"isPartOf\":{\"@id\":\"https:\\\/\\\/www.baier-michels.com\\\/it\\\/#website\"},\"datePublished\":\"2021-04-29T23:00:00+00:00\",\"dateModified\":\"2024-10-16T07:45:55+00:00\",\"breadcrumb\":{\"@id\":\"https:\\\/\\\/www.baier-michels.com\\\/it\\\/settori\\\/elettrodomestici-e-attrezzi-da-giardino\\\/lavatrici-e-asciugatrici\\\/#breadcrumb\"},\"inLanguage\":\"it-IT\",\"potentialAction\":[{\"@type\":\"ReadAction\",\"target\":[\"https:\\\/\\\/www.baier-michels.com\\\/it\\\/settori\\\/elettrodomestici-e-attrezzi-da-giardino\\\/lavatrici-e-asciugatrici\\\/\"]}]},{\"@type\":\"BreadcrumbList\",\"@id\":\"https:\\\/\\\/www.baier-michels.com\\\/it\\\/settori\\\/elettrodomestici-e-attrezzi-da-giardino\\\/lavatrici-e-asciugatrici\\\/#breadcrumb\",\"itemListElement\":[{\"@type\":\"ListItem\",\"position\":1,\"name\":\"Pagina iniziale\",\"item\":\"https:\\\/\\\/www.baier-michels.com\\\/it\\\/\"},{\"@type\":\"ListItem\",\"position\":2,\"name\":\"Settori\",\"item\":\"https:\\\/\\\/www.baier-michels.com\\\/it\\\/settori\\\/\"},{\"@type\":\"ListItem\",\"position\":3,\"name\":\"Elettrodomestici e attrezzi da giardino\",\"item\":\"https:\\\/\\\/www.baier-michels.com\\\/it\\\/market-sectors\\\/household-and-garden-appliances\\\/\"},{\"@type\":\"ListItem\",\"position\":4,\"name\":\"Lavatrici e asciugatrici\"}]},{\"@type\":\"WebSite\",\"@id\":\"https:\\\/\\\/www.baier-michels.com\\\/it\\\/#website\",\"url\":\"https:\\\/\\\/www.baier-michels.com\\\/it\\\/\",\"name\":\"b&m\",\"description\":\"baier&amp;michels Gmbh &amp; Co KG\",\"publisher\":{\"@id\":\"https:\\\/\\\/www.baier-michels.com\\\/it\\\/#organization\"},\"potentialAction\":[{\"@type\":\"SearchAction\",\"target\":{\"@type\":\"EntryPoint\",\"urlTemplate\":\"https:\\\/\\\/www.baier-michels.com\\\/it\\\/?s={search_term_string}\"},\"query-input\":{\"@type\":\"PropertyValueSpecification\",\"valueRequired\":true,\"valueName\":\"search_term_string\"}}],\"inLanguage\":\"it-IT\"},{\"@type\":\"Organization\",\"@id\":\"https:\\\/\\\/www.baier-michels.com\\\/it\\\/#organization\",\"name\":\"baier & michels GmbH & Co KG\",\"url\":\"https:\\\/\\\/www.baier-michels.com\\\/it\\\/\",\"logo\":{\"@type\":\"ImageObject\",\"inLanguage\":\"it-IT\",\"@id\":\"https:\\\/\\\/www.baier-michels.com\\\/it\\\/#\\\/schema\\\/logo\\\/image\\\/\",\"url\":\"\",\"contentUrl\":\"\",\"caption\":\"baier & michels GmbH & Co KG\"},\"image\":{\"@id\":\"https:\\\/\\\/www.baier-michels.com\\\/it\\\/#\\\/schema\\\/logo\\\/image\\\/\"},\"sameAs\":[\"https:\\\/\\\/www.linkedin.com\\\/company\\\/baier-michels\\\/?viewAsMember=true\",\"https:\\\/\\\/www.youtube.com\\\/channel\\\/UCdBWm_HCAtCjxiFZWloFYGw?view_as=subscriber\"]}]}<\/script>\n<!-- \/ Yoast SEO plugin. -->","yoast_head_json":{"title":"Lavatrici e asciugatrici - b&m Homepage","robots":{"index":"index","follow":"follow","max-snippet":"max-snippet:-1","max-image-preview":"max-image-preview:large","max-video-preview":"max-video-preview:-1"},"canonical":"https:\/\/www.baier-michels.com\/it\/settori\/elettrodomestici-e-attrezzi-da-giardino\/lavatrici-e-asciugatrici\/","og_locale":"it_IT","og_type":"article","og_title":"Lavatrici e asciugatrici - b&m Homepage","og_description":"Ogni giorno in famiglia si accumula una gran quantit\u00e0 di biancheria sporca. Ma ci\u00f2 non rappresenta pi\u00f9 un problema grazie alle lavatrici pi\u00f9 moderne. La combinazione con un\u2019asciugatrice permette di fare il bucato in modo rapido e senza grande fatica. Questi apparecchi al loro interno contengono una gran quantit\u00e0 di viti differenti. \u00c8 quindi indispensabile [&hellip;]","og_url":"https:\/\/www.baier-michels.com\/it\/settori\/elettrodomestici-e-attrezzi-da-giardino\/lavatrici-e-asciugatrici\/","og_site_name":"b&m Homepage","article_modified_time":"2024-10-16T07:45:55+00:00","twitter_card":"summary_large_image","twitter_misc":{"Tempo di lettura stimato":"1 minuto"},"schema":{"@context":"https:\/\/schema.org","@graph":[{"@type":"WebPage","@id":"https:\/\/www.baier-michels.com\/it\/settori\/elettrodomestici-e-attrezzi-da-giardino\/lavatrici-e-asciugatrici\/","url":"https:\/\/www.baier-michels.com\/it\/settori\/elettrodomestici-e-attrezzi-da-giardino\/lavatrici-e-asciugatrici\/","name":"Lavatrici e asciugatrici - b&m Homepage","isPartOf":{"@id":"https:\/\/www.baier-michels.com\/it\/#website"},"datePublished":"2021-04-29T23:00:00+00:00","dateModified":"2024-10-16T07:45:55+00:00","breadcrumb":{"@id":"https:\/\/www.baier-michels.com\/it\/settori\/elettrodomestici-e-attrezzi-da-giardino\/lavatrici-e-asciugatrici\/#breadcrumb"},"inLanguage":"it-IT","potentialAction":[{"@type":"ReadAction","target":["https:\/\/www.baier-michels.com\/it\/settori\/elettrodomestici-e-attrezzi-da-giardino\/lavatrici-e-asciugatrici\/"]}]},{"@type":"BreadcrumbList","@id":"https:\/\/www.baier-michels.com\/it\/settori\/elettrodomestici-e-attrezzi-da-giardino\/lavatrici-e-asciugatrici\/#breadcrumb","itemListElement":[{"@type":"ListItem","position":1,"name":"Pagina iniziale","item":"https:\/\/www.baier-michels.com\/it\/"},{"@type":"ListItem","position":2,"name":"Settori","item":"https:\/\/www.baier-michels.com\/it\/settori\/"},{"@type":"ListItem","position":3,"name":"Elettrodomestici e attrezzi da giardino","item":"https:\/\/www.baier-michels.com\/it\/market-sectors\/household-and-garden-appliances\/"},{"@type":"ListItem","position":4,"name":"Lavatrici e asciugatrici"}]},{"@type":"WebSite","@id":"https:\/\/www.baier-michels.com\/it\/#website","url":"https:\/\/www.baier-michels.com\/it\/","name":"b&m","description":"baier&amp;michels Gmbh &amp; Co KG","publisher":{"@id":"https:\/\/www.baier-michels.com\/it\/#organization"},"potentialAction":[{"@type":"SearchAction","target":{"@type":"EntryPoint","urlTemplate":"https:\/\/www.baier-michels.com\/it\/?s={search_term_string}"},"query-input":{"@type":"PropertyValueSpecification","valueRequired":true,"valueName":"search_term_string"}}],"inLanguage":"it-IT"},{"@type":"Organization","@id":"https:\/\/www.baier-michels.com\/it\/#organization","name":"baier & michels GmbH & Co KG","url":"https:\/\/www.baier-michels.com\/it\/","logo":{"@type":"ImageObject","inLanguage":"it-IT","@id":"https:\/\/www.baier-michels.com\/it\/#\/schema\/logo\/image\/","url":"","contentUrl":"","caption":"baier & michels GmbH & Co KG"},"image":{"@id":"https:\/\/www.baier-michels.com\/it\/#\/schema\/logo\/image\/"},"sameAs":["https:\/\/www.linkedin.com\/company\/baier-michels\/?viewAsMember=true","https:\/\/www.youtube.com\/channel\/UCdBWm_HCAtCjxiFZWloFYGw?view_as=subscriber"]}]}},"_links":{"self":[{"href":"https:\/\/www.baier-michels.com\/it\/wp-json\/wp\/v2\/pages\/10317","targetHints":{"allow":["GET"]}}],"collection":[{"href":"https:\/\/www.baier-michels.com\/it\/wp-json\/wp\/v2\/pages"}],"about":[{"href":"https:\/\/www.baier-michels.com\/it\/wp-json\/wp\/v2\/types\/page"}],"author":[{"embeddable":true,"href":"https:\/\/www.baier-michels.com\/it\/wp-json\/wp\/v2\/users\/1"}],"replies":[{"embeddable":true,"href":"https:\/\/www.baier-michels.com\/it\/wp-json\/wp\/v2\/comments?post=10317"}],"version-history":[{"count":0,"href":"https:\/\/www.baier-michels.com\/it\/wp-json\/wp\/v2\/pages\/10317\/revisions"}],"up":[{"embeddable":true,"href":"https:\/\/www.baier-michels.com\/it\/wp-json\/wp\/v2\/pages\/10207"}],"wp:attachment":[{"href":"https:\/\/www.baier-michels.com\/it\/wp-json\/wp\/v2\/media?parent=10317"}],"wp:term":[{"taxonomy":"category","embeddable":true,"href":"https:\/\/www.baier-michels.com\/it\/wp-json\/wp\/v2\/categories?post=10317"}],"curies":[{"name":"wp","href":"https:\/\/api.w.org\/{rel}","templated":true}]}}