{"id":9535,"date":"2023-07-25T00:00:00","date_gmt":"2023-07-24T23:00:00","guid":{"rendered":"http:\/\/bm.baier-michels.local\/imprint-3\/"},"modified":"2026-01-28T15:26:33","modified_gmt":"2026-01-28T14:26:33","slug":"imprint","status":"publish","type":"page","link":"https:\/\/www.baier-michels.com\/it\/imprint\/","title":{"rendered":"Imprint"},"content":{"rendered":"\n<p>Company Information<\/p>\n\n\n\n<p>Address: baier &amp; michels GmbH &amp; Co. KG<br>Carl-Schneider-Strasse 1<br>64372 Ober-Ramstadt \/ Rohrbach<\/p>\n\n\n\n<p>Register entry: Local Court of Darmstadt<br>HRA 6935<\/p>\n\n\n\n<p>VAT-ID no.: DE 146280123<\/p>\n\n\n\n<p>Authorized to represent:<\/p>\n\n\n\n<p>Mr. Dennis Birresborn,<br>Mr. Hansj\u00f6rg Koroschetz<\/p>\n\n\n\n<p>General Partner: Baier &amp; Michels Verwaltungsgesellschaft mbH<br>Headquarters: K\u00fcnzelsau<br>Local Court of Stuttgart<br>HRB 590792<\/p>\n\n\n\n<p>Limited Partner: Adolf W\u00fcrth GmbH &amp; Co. KG<br>Headquarters: K\u00fcnzelsau<br>Local Court of Schw\u00e4bisch Hall<br>HRA 261 K<\/p>\n\n\n\n<p>Contact: Phone: +49 6154 6960 0<br>Monday to Thursday from 07:30 am to 5:30 pm<br>Friday from 07:30 am to 4:00 pm<br>Fax: +49 6154 6960 500<br>Email: info@baier-michels.com<\/p>\n\n\n\n<p>Notice: The EU Commission offers the opportunity to resolve disputes online on their online platform. This platform can be accessed by this external link: https:\/\/webgate.ec.europa.eu.<\/p>\n\n\n\n<p>Data Protection Officer: Dr. Thiele IT-Beratung<br>Dr. Frank H. Thiele<br>Im Seesengrund 19<br>64372 Ober-Ramstadt<br>Email: gdpo@baier-michels.com<\/p>\n","protected":false},"excerpt":{"rendered":"<p>Company Information Address: baier &amp; michels GmbH &amp; Co. KGCarl-Schneider-Strasse 164372 Ober-Ramstadt \/ Rohrbach Register entry: Local Court of DarmstadtHRA 6935 VAT-ID no.: DE 146280123 Authorized to represent: Mr. Dennis Birresborn,Mr. Hansj\u00f6rg Koroschetz General Partner: Baier &amp; Michels Verwaltungsgesellschaft mbHHeadquarters: K\u00fcnzelsauLocal Court of StuttgartHRB 590792 Limited Partner: Adolf W\u00fcrth GmbH &amp; Co. KGHeadquarters: K\u00fcnzelsauLocal Court [&hellip;]<\/p>\n","protected":false},"author":1,"featured_media":0,"parent":0,"menu_order":0,"comment_status":"closed","ping_status":"closed","template":"template_blanko.php","meta":{"_acf_changed":false,"footnotes":""},"categories":[],"class_list":["post-9535","page","type-page","status-publish","hentry"],"acf":[],"yoast_head":"<!-- This site is optimized with the Yoast SEO plugin v27.4 - https:\/\/yoast.com\/product\/yoast-seo-wordpress\/ -->\n<title>Imprint - b&amp;m Homepage<\/title>\n<meta name=\"robots\" content=\"index, follow, max-snippet:-1, max-image-preview:large, max-video-preview:-1\" \/>\n<link rel=\"canonical\" href=\"https:\/\/www.baier-michels.com\/it\/imprint\/\" \/>\n<meta property=\"og:locale\" content=\"it_IT\" \/>\n<meta property=\"og:type\" content=\"article\" \/>\n<meta property=\"og:title\" content=\"Imprint - b&amp;m Homepage\" \/>\n<meta property=\"og:description\" content=\"Company Information Address: baier &amp; michels GmbH &amp; Co. KGCarl-Schneider-Strasse 164372 Ober-Ramstadt \/ Rohrbach Register entry: Local Court of DarmstadtHRA 6935 VAT-ID no.: DE 146280123 Authorized to represent: Mr. Dennis Birresborn,Mr. Hansj\u00f6rg Koroschetz General Partner: Baier &amp; Michels Verwaltungsgesellschaft mbHHeadquarters: K\u00fcnzelsauLocal Court of StuttgartHRB 590792 Limited Partner: Adolf W\u00fcrth GmbH &amp; Co. KGHeadquarters: K\u00fcnzelsauLocal Court [&hellip;]\" \/>\n<meta property=\"og:url\" content=\"https:\/\/www.baier-michels.com\/it\/imprint\/\" \/>\n<meta property=\"og:site_name\" content=\"b&amp;m Homepage\" \/>\n<meta property=\"article:modified_time\" content=\"2026-01-28T14:26:33+00:00\" \/>\n<meta name=\"twitter:card\" content=\"summary_large_image\" \/>\n<script type=\"application\/ld+json\" class=\"yoast-schema-graph\">{\"@context\":\"https:\\\/\\\/schema.org\",\"@graph\":[{\"@type\":\"WebPage\",\"@id\":\"https:\\\/\\\/www.baier-michels.com\\\/it\\\/imprint\\\/\",\"url\":\"https:\\\/\\\/www.baier-michels.com\\\/it\\\/imprint\\\/\",\"name\":\"Imprint - b&m Homepage\",\"isPartOf\":{\"@id\":\"https:\\\/\\\/www.baier-michels.com\\\/it\\\/#website\"},\"datePublished\":\"2023-07-24T23:00:00+00:00\",\"dateModified\":\"2026-01-28T14:26:33+00:00\",\"breadcrumb\":{\"@id\":\"https:\\\/\\\/www.baier-michels.com\\\/it\\\/imprint\\\/#breadcrumb\"},\"inLanguage\":\"it-IT\",\"potentialAction\":[{\"@type\":\"ReadAction\",\"target\":[\"https:\\\/\\\/www.baier-michels.com\\\/it\\\/imprint\\\/\"]}]},{\"@type\":\"BreadcrumbList\",\"@id\":\"https:\\\/\\\/www.baier-michels.com\\\/it\\\/imprint\\\/#breadcrumb\",\"itemListElement\":[{\"@type\":\"ListItem\",\"position\":1,\"name\":\"Pagina iniziale\",\"item\":\"https:\\\/\\\/www.baier-michels.com\\\/it\\\/\"},{\"@type\":\"ListItem\",\"position\":2,\"name\":\"Imprint\"}]},{\"@type\":\"WebSite\",\"@id\":\"https:\\\/\\\/www.baier-michels.com\\\/it\\\/#website\",\"url\":\"https:\\\/\\\/www.baier-michels.com\\\/it\\\/\",\"name\":\"b&m\",\"description\":\"baier&amp;michels Gmbh &amp; Co KG\",\"publisher\":{\"@id\":\"https:\\\/\\\/www.baier-michels.com\\\/it\\\/#organization\"},\"potentialAction\":[{\"@type\":\"SearchAction\",\"target\":{\"@type\":\"EntryPoint\",\"urlTemplate\":\"https:\\\/\\\/www.baier-michels.com\\\/it\\\/?s={search_term_string}\"},\"query-input\":{\"@type\":\"PropertyValueSpecification\",\"valueRequired\":true,\"valueName\":\"search_term_string\"}}],\"inLanguage\":\"it-IT\"},{\"@type\":\"Organization\",\"@id\":\"https:\\\/\\\/www.baier-michels.com\\\/it\\\/#organization\",\"name\":\"baier & michels GmbH & Co KG\",\"url\":\"https:\\\/\\\/www.baier-michels.com\\\/it\\\/\",\"logo\":{\"@type\":\"ImageObject\",\"inLanguage\":\"it-IT\",\"@id\":\"https:\\\/\\\/www.baier-michels.com\\\/it\\\/#\\\/schema\\\/logo\\\/image\\\/\",\"url\":\"\",\"contentUrl\":\"\",\"caption\":\"baier & michels GmbH & Co KG\"},\"image\":{\"@id\":\"https:\\\/\\\/www.baier-michels.com\\\/it\\\/#\\\/schema\\\/logo\\\/image\\\/\"},\"sameAs\":[\"https:\\\/\\\/www.linkedin.com\\\/company\\\/baier-michels\\\/?viewAsMember=true\",\"https:\\\/\\\/www.youtube.com\\\/channel\\\/UCdBWm_HCAtCjxiFZWloFYGw?view_as=subscriber\"]}]}<\/script>\n<!-- \/ Yoast SEO plugin. -->","yoast_head_json":{"title":"Imprint - b&m Homepage","robots":{"index":"index","follow":"follow","max-snippet":"max-snippet:-1","max-image-preview":"max-image-preview:large","max-video-preview":"max-video-preview:-1"},"canonical":"https:\/\/www.baier-michels.com\/it\/imprint\/","og_locale":"it_IT","og_type":"article","og_title":"Imprint - b&m Homepage","og_description":"Company Information Address: baier &amp; michels GmbH &amp; Co. KGCarl-Schneider-Strasse 164372 Ober-Ramstadt \/ Rohrbach Register entry: Local Court of DarmstadtHRA 6935 VAT-ID no.: DE 146280123 Authorized to represent: Mr. Dennis Birresborn,Mr. Hansj\u00f6rg Koroschetz General Partner: Baier &amp; Michels Verwaltungsgesellschaft mbHHeadquarters: K\u00fcnzelsauLocal Court of StuttgartHRB 590792 Limited Partner: Adolf W\u00fcrth GmbH &amp; Co. KGHeadquarters: K\u00fcnzelsauLocal Court [&hellip;]","og_url":"https:\/\/www.baier-michels.com\/it\/imprint\/","og_site_name":"b&m Homepage","article_modified_time":"2026-01-28T14:26:33+00:00","twitter_card":"summary_large_image","schema":{"@context":"https:\/\/schema.org","@graph":[{"@type":"WebPage","@id":"https:\/\/www.baier-michels.com\/it\/imprint\/","url":"https:\/\/www.baier-michels.com\/it\/imprint\/","name":"Imprint - b&m Homepage","isPartOf":{"@id":"https:\/\/www.baier-michels.com\/it\/#website"},"datePublished":"2023-07-24T23:00:00+00:00","dateModified":"2026-01-28T14:26:33+00:00","breadcrumb":{"@id":"https:\/\/www.baier-michels.com\/it\/imprint\/#breadcrumb"},"inLanguage":"it-IT","potentialAction":[{"@type":"ReadAction","target":["https:\/\/www.baier-michels.com\/it\/imprint\/"]}]},{"@type":"BreadcrumbList","@id":"https:\/\/www.baier-michels.com\/it\/imprint\/#breadcrumb","itemListElement":[{"@type":"ListItem","position":1,"name":"Pagina iniziale","item":"https:\/\/www.baier-michels.com\/it\/"},{"@type":"ListItem","position":2,"name":"Imprint"}]},{"@type":"WebSite","@id":"https:\/\/www.baier-michels.com\/it\/#website","url":"https:\/\/www.baier-michels.com\/it\/","name":"b&m","description":"baier&amp;michels Gmbh &amp; Co KG","publisher":{"@id":"https:\/\/www.baier-michels.com\/it\/#organization"},"potentialAction":[{"@type":"SearchAction","target":{"@type":"EntryPoint","urlTemplate":"https:\/\/www.baier-michels.com\/it\/?s={search_term_string}"},"query-input":{"@type":"PropertyValueSpecification","valueRequired":true,"valueName":"search_term_string"}}],"inLanguage":"it-IT"},{"@type":"Organization","@id":"https:\/\/www.baier-michels.com\/it\/#organization","name":"baier & michels GmbH & Co KG","url":"https:\/\/www.baier-michels.com\/it\/","logo":{"@type":"ImageObject","inLanguage":"it-IT","@id":"https:\/\/www.baier-michels.com\/it\/#\/schema\/logo\/image\/","url":"","contentUrl":"","caption":"baier & michels GmbH & Co KG"},"image":{"@id":"https:\/\/www.baier-michels.com\/it\/#\/schema\/logo\/image\/"},"sameAs":["https:\/\/www.linkedin.com\/company\/baier-michels\/?viewAsMember=true","https:\/\/www.youtube.com\/channel\/UCdBWm_HCAtCjxiFZWloFYGw?view_as=subscriber"]}]}},"_links":{"self":[{"href":"https:\/\/www.baier-michels.com\/it\/wp-json\/wp\/v2\/pages\/9535","targetHints":{"allow":["GET"]}}],"collection":[{"href":"https:\/\/www.baier-michels.com\/it\/wp-json\/wp\/v2\/pages"}],"about":[{"href":"https:\/\/www.baier-michels.com\/it\/wp-json\/wp\/v2\/types\/page"}],"author":[{"embeddable":true,"href":"https:\/\/www.baier-michels.com\/it\/wp-json\/wp\/v2\/users\/1"}],"replies":[{"embeddable":true,"href":"https:\/\/www.baier-michels.com\/it\/wp-json\/wp\/v2\/comments?post=9535"}],"version-history":[{"count":1,"href":"https:\/\/www.baier-michels.com\/it\/wp-json\/wp\/v2\/pages\/9535\/revisions"}],"predecessor-version":[{"id":18160,"href":"https:\/\/www.baier-michels.com\/it\/wp-json\/wp\/v2\/pages\/9535\/revisions\/18160"}],"wp:attachment":[{"href":"https:\/\/www.baier-michels.com\/it\/wp-json\/wp\/v2\/media?parent=9535"}],"wp:term":[{"taxonomy":"category","embeddable":true,"href":"https:\/\/www.baier-michels.com\/it\/wp-json\/wp\/v2\/categories?post=9535"}],"curies":[{"name":"wp","href":"https:\/\/api.w.org\/{rel}","templated":true}]}}