{"id":9561,"date":"2023-07-25T00:00:00","date_gmt":"2023-07-24T23:00:00","guid":{"rendered":"http:\/\/bm.baier-michels.local\/azienda\/il-gruppo-bm\/"},"modified":"2024-10-16T08:45:36","modified_gmt":"2024-10-16T07:45:36","slug":"il-gruppo-bm","status":"publish","type":"page","link":"https:\/\/www.baier-michels.com\/it\/azienda\/il-gruppo-bm\/","title":{"rendered":"Panoramica"},"content":{"rendered":"<p>Il Gruppo b&amp;m, un\u2019impresa globale con sede principale a Ober-Ramstad nell\u2019Assia del sud, si \u00e8 affermata con forza in qualit\u00e0 di partner innovativo dell\u2019industria manifatturiera nel settore della deformazione a freddo. La base di questo successo \u00e8 rappresentata dgli elementi di fissaggio di alta qualit\u00e0 come i sistemi di chiusura e di sigillatura progettati e prodotti in proprio. I nostri clienti principali sono produttori di apparecchiature originali e fornitori dei settori automotive, tecnologia elettronica e medica.<\/p>\n<p>Per loro baier &amp; michels oltre a essere l\u2019azienda produttrice \u00e8 anche un affidabile supporto per la risoluzione di qualsiasi problema: alla consulenza sull\u2019applicazione pratica e sulle verifiche di fissaggio nei nostri laboratori, affianchiamo corsi di formazione tecnica e un tool di standardizzazione unico nel suo genere con il quale le aziende possono ridurre considerevolmente la loro variet\u00e0 di articoli di classe C. In questo contesto i nostri attuali 500 collaboratori sono il bene pi\u00f9 prezioso, perch\u00e9, grazie al loro know-how e alla loro esperienza, siamo sempre in grado di soddisfare i requisiti pi\u00f9 elevati dei nostri clienti. Affidatevi alla loro competenza!<\/p>\n","protected":false},"excerpt":{"rendered":"<p>Il Gruppo b&amp;m, un\u2019impresa globale con sede principale a Ober-Ramstad nell\u2019Assia del sud, si \u00e8 affermata con forza in qualit\u00e0 di partner innovativo dell\u2019industria manifatturiera nel settore della deformazione a freddo. La base di questo successo \u00e8 rappresentata dgli elementi di fissaggio di alta qualit\u00e0 come i sistemi di chiusura e di sigillatura progettati e [&hellip;]<\/p>\n","protected":false},"author":1,"featured_media":0,"parent":9763,"menu_order":1,"comment_status":"closed","ping_status":"closed","template":"template_page_e2.php","meta":{"_acf_changed":false,"footnotes":""},"categories":[],"class_list":["post-9561","page","type-page","status-publish","hentry"],"acf":[],"yoast_head":"<!-- This site is optimized with the Yoast SEO plugin v27.3 - https:\/\/yoast.com\/product\/yoast-seo-wordpress\/ -->\n<title>Panoramica - b&amp;m Homepage<\/title>\n<meta name=\"description\" content=\"il Gruppo b&amp;m, attivo a livello internazionale, si \u00e8 affermato nel settore automotive in qualit\u00e0 di partner per la tecnologia di giunzione.\" \/>\n<meta name=\"robots\" content=\"index, follow, max-snippet:-1, max-image-preview:large, max-video-preview:-1\" \/>\n<link rel=\"canonical\" href=\"https:\/\/www.baier-michels.com\/it\/azienda\/il-gruppo-bm\/\" \/>\n<meta property=\"og:locale\" content=\"it_IT\" \/>\n<meta property=\"og:type\" content=\"article\" \/>\n<meta property=\"og:title\" content=\"Panoramica - b&amp;m Homepage\" \/>\n<meta property=\"og:description\" content=\"il Gruppo b&amp;m, attivo a livello internazionale, si \u00e8 affermato nel settore automotive in qualit\u00e0 di partner per la tecnologia di giunzione.\" \/>\n<meta property=\"og:url\" content=\"https:\/\/www.baier-michels.com\/it\/azienda\/il-gruppo-bm\/\" \/>\n<meta property=\"og:site_name\" content=\"b&amp;m Homepage\" \/>\n<meta property=\"article:modified_time\" content=\"2024-10-16T07:45:36+00:00\" \/>\n<meta name=\"twitter:card\" content=\"summary_large_image\" \/>\n<meta name=\"twitter:label1\" content=\"Tempo di lettura stimato\" \/>\n\t<meta name=\"twitter:data1\" content=\"1 minuto\" \/>\n<script type=\"application\/ld+json\" class=\"yoast-schema-graph\">{\"@context\":\"https:\\\/\\\/schema.org\",\"@graph\":[{\"@type\":\"WebPage\",\"@id\":\"https:\\\/\\\/www.baier-michels.com\\\/it\\\/azienda\\\/il-gruppo-bm\\\/\",\"url\":\"https:\\\/\\\/www.baier-michels.com\\\/it\\\/azienda\\\/il-gruppo-bm\\\/\",\"name\":\"Panoramica - b&m Homepage\",\"isPartOf\":{\"@id\":\"https:\\\/\\\/www.baier-michels.com\\\/it\\\/#website\"},\"datePublished\":\"2023-07-24T23:00:00+00:00\",\"dateModified\":\"2024-10-16T07:45:36+00:00\",\"description\":\"il Gruppo b&m, attivo a livello internazionale, si \u00e8 affermato nel settore automotive in qualit\u00e0 di partner per la tecnologia di giunzione.\",\"breadcrumb\":{\"@id\":\"https:\\\/\\\/www.baier-michels.com\\\/it\\\/azienda\\\/il-gruppo-bm\\\/#breadcrumb\"},\"inLanguage\":\"it-IT\",\"potentialAction\":[{\"@type\":\"ReadAction\",\"target\":[\"https:\\\/\\\/www.baier-michels.com\\\/it\\\/azienda\\\/il-gruppo-bm\\\/\"]}]},{\"@type\":\"BreadcrumbList\",\"@id\":\"https:\\\/\\\/www.baier-michels.com\\\/it\\\/azienda\\\/il-gruppo-bm\\\/#breadcrumb\",\"itemListElement\":[{\"@type\":\"ListItem\",\"position\":1,\"name\":\"Pagina iniziale\",\"item\":\"https:\\\/\\\/www.baier-michels.com\\\/it\\\/\"},{\"@type\":\"ListItem\",\"position\":2,\"name\":\"Azienda\",\"item\":\"https:\\\/\\\/www.baier-michels.com\\\/it\\\/azienda\\\/\"},{\"@type\":\"ListItem\",\"position\":3,\"name\":\"Panoramica\"}]},{\"@type\":\"WebSite\",\"@id\":\"https:\\\/\\\/www.baier-michels.com\\\/it\\\/#website\",\"url\":\"https:\\\/\\\/www.baier-michels.com\\\/it\\\/\",\"name\":\"b&m\",\"description\":\"baier&amp;michels Gmbh &amp; Co KG\",\"publisher\":{\"@id\":\"https:\\\/\\\/www.baier-michels.com\\\/it\\\/#organization\"},\"potentialAction\":[{\"@type\":\"SearchAction\",\"target\":{\"@type\":\"EntryPoint\",\"urlTemplate\":\"https:\\\/\\\/www.baier-michels.com\\\/it\\\/?s={search_term_string}\"},\"query-input\":{\"@type\":\"PropertyValueSpecification\",\"valueRequired\":true,\"valueName\":\"search_term_string\"}}],\"inLanguage\":\"it-IT\"},{\"@type\":\"Organization\",\"@id\":\"https:\\\/\\\/www.baier-michels.com\\\/it\\\/#organization\",\"name\":\"baier & michels GmbH & Co KG\",\"url\":\"https:\\\/\\\/www.baier-michels.com\\\/it\\\/\",\"logo\":{\"@type\":\"ImageObject\",\"inLanguage\":\"it-IT\",\"@id\":\"https:\\\/\\\/www.baier-michels.com\\\/it\\\/#\\\/schema\\\/logo\\\/image\\\/\",\"url\":\"\",\"contentUrl\":\"\",\"caption\":\"baier & michels GmbH & Co KG\"},\"image\":{\"@id\":\"https:\\\/\\\/www.baier-michels.com\\\/it\\\/#\\\/schema\\\/logo\\\/image\\\/\"},\"sameAs\":[\"https:\\\/\\\/www.linkedin.com\\\/company\\\/baier-michels\\\/?viewAsMember=true\",\"https:\\\/\\\/www.youtube.com\\\/channel\\\/UCdBWm_HCAtCjxiFZWloFYGw?view_as=subscriber\"]}]}<\/script>\n<!-- \/ Yoast SEO plugin. -->","yoast_head_json":{"title":"Panoramica - b&m Homepage","description":"il Gruppo b&m, attivo a livello internazionale, si \u00e8 affermato nel settore automotive in qualit\u00e0 di partner per la tecnologia di giunzione.","robots":{"index":"index","follow":"follow","max-snippet":"max-snippet:-1","max-image-preview":"max-image-preview:large","max-video-preview":"max-video-preview:-1"},"canonical":"https:\/\/www.baier-michels.com\/it\/azienda\/il-gruppo-bm\/","og_locale":"it_IT","og_type":"article","og_title":"Panoramica - b&m Homepage","og_description":"il Gruppo b&m, attivo a livello internazionale, si \u00e8 affermato nel settore automotive in qualit\u00e0 di partner per la tecnologia di giunzione.","og_url":"https:\/\/www.baier-michels.com\/it\/azienda\/il-gruppo-bm\/","og_site_name":"b&m Homepage","article_modified_time":"2024-10-16T07:45:36+00:00","twitter_card":"summary_large_image","twitter_misc":{"Tempo di lettura stimato":"1 minuto"},"schema":{"@context":"https:\/\/schema.org","@graph":[{"@type":"WebPage","@id":"https:\/\/www.baier-michels.com\/it\/azienda\/il-gruppo-bm\/","url":"https:\/\/www.baier-michels.com\/it\/azienda\/il-gruppo-bm\/","name":"Panoramica - b&m Homepage","isPartOf":{"@id":"https:\/\/www.baier-michels.com\/it\/#website"},"datePublished":"2023-07-24T23:00:00+00:00","dateModified":"2024-10-16T07:45:36+00:00","description":"il Gruppo b&m, attivo a livello internazionale, si \u00e8 affermato nel settore automotive in qualit\u00e0 di partner per la tecnologia di giunzione.","breadcrumb":{"@id":"https:\/\/www.baier-michels.com\/it\/azienda\/il-gruppo-bm\/#breadcrumb"},"inLanguage":"it-IT","potentialAction":[{"@type":"ReadAction","target":["https:\/\/www.baier-michels.com\/it\/azienda\/il-gruppo-bm\/"]}]},{"@type":"BreadcrumbList","@id":"https:\/\/www.baier-michels.com\/it\/azienda\/il-gruppo-bm\/#breadcrumb","itemListElement":[{"@type":"ListItem","position":1,"name":"Pagina iniziale","item":"https:\/\/www.baier-michels.com\/it\/"},{"@type":"ListItem","position":2,"name":"Azienda","item":"https:\/\/www.baier-michels.com\/it\/azienda\/"},{"@type":"ListItem","position":3,"name":"Panoramica"}]},{"@type":"WebSite","@id":"https:\/\/www.baier-michels.com\/it\/#website","url":"https:\/\/www.baier-michels.com\/it\/","name":"b&m","description":"baier&amp;michels Gmbh &amp; Co KG","publisher":{"@id":"https:\/\/www.baier-michels.com\/it\/#organization"},"potentialAction":[{"@type":"SearchAction","target":{"@type":"EntryPoint","urlTemplate":"https:\/\/www.baier-michels.com\/it\/?s={search_term_string}"},"query-input":{"@type":"PropertyValueSpecification","valueRequired":true,"valueName":"search_term_string"}}],"inLanguage":"it-IT"},{"@type":"Organization","@id":"https:\/\/www.baier-michels.com\/it\/#organization","name":"baier & michels GmbH & Co KG","url":"https:\/\/www.baier-michels.com\/it\/","logo":{"@type":"ImageObject","inLanguage":"it-IT","@id":"https:\/\/www.baier-michels.com\/it\/#\/schema\/logo\/image\/","url":"","contentUrl":"","caption":"baier & michels GmbH & Co KG"},"image":{"@id":"https:\/\/www.baier-michels.com\/it\/#\/schema\/logo\/image\/"},"sameAs":["https:\/\/www.linkedin.com\/company\/baier-michels\/?viewAsMember=true","https:\/\/www.youtube.com\/channel\/UCdBWm_HCAtCjxiFZWloFYGw?view_as=subscriber"]}]}},"_links":{"self":[{"href":"https:\/\/www.baier-michels.com\/it\/wp-json\/wp\/v2\/pages\/9561","targetHints":{"allow":["GET"]}}],"collection":[{"href":"https:\/\/www.baier-michels.com\/it\/wp-json\/wp\/v2\/pages"}],"about":[{"href":"https:\/\/www.baier-michels.com\/it\/wp-json\/wp\/v2\/types\/page"}],"author":[{"embeddable":true,"href":"https:\/\/www.baier-michels.com\/it\/wp-json\/wp\/v2\/users\/1"}],"replies":[{"embeddable":true,"href":"https:\/\/www.baier-michels.com\/it\/wp-json\/wp\/v2\/comments?post=9561"}],"version-history":[{"count":0,"href":"https:\/\/www.baier-michels.com\/it\/wp-json\/wp\/v2\/pages\/9561\/revisions"}],"up":[{"embeddable":true,"href":"https:\/\/www.baier-michels.com\/it\/wp-json\/wp\/v2\/pages\/9763"}],"wp:attachment":[{"href":"https:\/\/www.baier-michels.com\/it\/wp-json\/wp\/v2\/media?parent=9561"}],"wp:term":[{"taxonomy":"category","embeddable":true,"href":"https:\/\/www.baier-michels.com\/it\/wp-json\/wp\/v2\/categories?post=9561"}],"curies":[{"name":"wp","href":"https:\/\/api.w.org\/{rel}","templated":true}]}}