{"id":9564,"date":"2023-07-25T00:00:00","date_gmt":"2023-07-24T23:00:00","guid":{"rendered":"http:\/\/bm.baier-michels.local\/bm-academy\/istituto-di-formazione-bm-academy\/"},"modified":"2024-10-16T08:45:37","modified_gmt":"2024-10-16T07:45:37","slug":"istituto-di-formazione-bm-academy","status":"publish","type":"page","link":"https:\/\/www.baier-michels.com\/it\/bm-academy\/istituto-di-formazione-bm-academy\/","title":{"rendered":"Che cos&#8217;\u00e8 b&#038;m Academy?"},"content":{"rendered":"<p>b&#038;m Academy \u00e8 un istituto di formazione fondato da baier &#038; michels. Il suo compito \u00e8 quello di informare gli utenti interessati sugli elementi di base e sulle innovazioni nei settori della tecnologia, della logistica e della qualit\u00e0 e di offrire un forum per discussioni pratiche. <\/p>\n<p>Grazie alla nostra rete globale, siamo in grado di svolgere corsi di formazione in tutto il mondo presso la vostra sede o presso b&#038;m. Nel nostro moderno centro tecnologico di Ober-Ramstadt, in Germania, possiamo condurre workshop con un livello particolarmente elevato di rilevanza pratica grazie al collegamento diretto con il nostro centro logistico e la linea di produzione. b&#038;m Academy svolge anche attivit\u00e0 di formazione e perfezionamento mirate per i dipendenti interessati, consentendoci di raggiungere elevati standard di conoscenza all&#8217;interno del Gruppo b&#038;m.<\/p>\n","protected":false},"excerpt":{"rendered":"<p>b&#038;m Academy \u00e8 un istituto di formazione fondato da baier &#038; michels. Il suo compito \u00e8 quello di informare gli utenti interessati sugli elementi di base e sulle innovazioni nei settori della tecnologia, della logistica e della qualit\u00e0 e di offrire un forum per discussioni pratiche. Grazie alla nostra rete globale, siamo in grado di [&hellip;]<\/p>\n","protected":false},"author":1,"featured_media":0,"parent":9760,"menu_order":1,"comment_status":"closed","ping_status":"closed","template":"template_page_e2_nolink.php","meta":{"_acf_changed":false,"footnotes":""},"categories":[147,146,145,144],"class_list":["post-9564","page","type-page","status-publish","hentry","category-investi-in-te-stesso","category-logistica-4-0","category-qualita","category-tecnica"],"acf":[],"yoast_head":"<!-- This site is optimized with the Yoast SEO plugin v27.3 - https:\/\/yoast.com\/product\/yoast-seo-wordpress\/ -->\n<title>Che cos&#039;\u00e8 b&amp;m Academy? - b&amp;m Homepage<\/title>\n<meta name=\"description\" content=\"b&amp;m Academy \u00e8 il tuo partner nel campo dell&#039;educazione avanzata. Offriamo tirocini nei settori della tecnologia, della logistica, della qualit\u00e0 e della crescita personale.\" \/>\n<meta name=\"robots\" content=\"index, follow, max-snippet:-1, max-image-preview:large, max-video-preview:-1\" \/>\n<link rel=\"canonical\" href=\"https:\/\/www.baier-michels.com\/it\/bm-academy\/istituto-di-formazione-bm-academy\/\" \/>\n<meta property=\"og:locale\" content=\"it_IT\" \/>\n<meta property=\"og:type\" content=\"article\" \/>\n<meta property=\"og:title\" content=\"Che cos&#039;\u00e8 b&amp;m Academy? - b&amp;m Homepage\" \/>\n<meta property=\"og:description\" content=\"b&amp;m Academy \u00e8 il tuo partner nel campo dell&#039;educazione avanzata. Offriamo tirocini nei settori della tecnologia, della logistica, della qualit\u00e0 e della crescita personale.\" \/>\n<meta property=\"og:url\" content=\"https:\/\/www.baier-michels.com\/it\/bm-academy\/istituto-di-formazione-bm-academy\/\" \/>\n<meta property=\"og:site_name\" content=\"b&amp;m Homepage\" \/>\n<meta property=\"article:modified_time\" content=\"2024-10-16T07:45:37+00:00\" \/>\n<meta name=\"twitter:card\" content=\"summary_large_image\" \/>\n<meta name=\"twitter:label1\" content=\"Tempo di lettura stimato\" \/>\n\t<meta name=\"twitter:data1\" content=\"1 minuto\" \/>\n<script type=\"application\/ld+json\" class=\"yoast-schema-graph\">{\"@context\":\"https:\\\/\\\/schema.org\",\"@graph\":[{\"@type\":\"WebPage\",\"@id\":\"https:\\\/\\\/www.baier-michels.com\\\/it\\\/bm-academy\\\/istituto-di-formazione-bm-academy\\\/\",\"url\":\"https:\\\/\\\/www.baier-michels.com\\\/it\\\/bm-academy\\\/istituto-di-formazione-bm-academy\\\/\",\"name\":\"Che cos'\u00e8 b&m Academy? - b&m Homepage\",\"isPartOf\":{\"@id\":\"https:\\\/\\\/www.baier-michels.com\\\/it\\\/#website\"},\"datePublished\":\"2023-07-24T23:00:00+00:00\",\"dateModified\":\"2024-10-16T07:45:37+00:00\",\"description\":\"b&m Academy \u00e8 il tuo partner nel campo dell'educazione avanzata. Offriamo tirocini nei settori della tecnologia, della logistica, della qualit\u00e0 e della crescita personale.\",\"breadcrumb\":{\"@id\":\"https:\\\/\\\/www.baier-michels.com\\\/it\\\/bm-academy\\\/istituto-di-formazione-bm-academy\\\/#breadcrumb\"},\"inLanguage\":\"it-IT\",\"potentialAction\":[{\"@type\":\"ReadAction\",\"target\":[\"https:\\\/\\\/www.baier-michels.com\\\/it\\\/bm-academy\\\/istituto-di-formazione-bm-academy\\\/\"]}]},{\"@type\":\"BreadcrumbList\",\"@id\":\"https:\\\/\\\/www.baier-michels.com\\\/it\\\/bm-academy\\\/istituto-di-formazione-bm-academy\\\/#breadcrumb\",\"itemListElement\":[{\"@type\":\"ListItem\",\"position\":1,\"name\":\"Pagina iniziale\",\"item\":\"https:\\\/\\\/www.baier-michels.com\\\/it\\\/\"},{\"@type\":\"ListItem\",\"position\":2,\"name\":\"b&#038;m Academy\",\"item\":\"https:\\\/\\\/www.baier-michels.com\\\/it\\\/bm-academy\\\/\"},{\"@type\":\"ListItem\",\"position\":3,\"name\":\"Che cos&#8217;\u00e8 b&#038;m Academy?\"}]},{\"@type\":\"WebSite\",\"@id\":\"https:\\\/\\\/www.baier-michels.com\\\/it\\\/#website\",\"url\":\"https:\\\/\\\/www.baier-michels.com\\\/it\\\/\",\"name\":\"b&m\",\"description\":\"baier&amp;michels Gmbh &amp; Co KG\",\"publisher\":{\"@id\":\"https:\\\/\\\/www.baier-michels.com\\\/it\\\/#organization\"},\"potentialAction\":[{\"@type\":\"SearchAction\",\"target\":{\"@type\":\"EntryPoint\",\"urlTemplate\":\"https:\\\/\\\/www.baier-michels.com\\\/it\\\/?s={search_term_string}\"},\"query-input\":{\"@type\":\"PropertyValueSpecification\",\"valueRequired\":true,\"valueName\":\"search_term_string\"}}],\"inLanguage\":\"it-IT\"},{\"@type\":\"Organization\",\"@id\":\"https:\\\/\\\/www.baier-michels.com\\\/it\\\/#organization\",\"name\":\"baier & michels GmbH & Co KG\",\"url\":\"https:\\\/\\\/www.baier-michels.com\\\/it\\\/\",\"logo\":{\"@type\":\"ImageObject\",\"inLanguage\":\"it-IT\",\"@id\":\"https:\\\/\\\/www.baier-michels.com\\\/it\\\/#\\\/schema\\\/logo\\\/image\\\/\",\"url\":\"\",\"contentUrl\":\"\",\"caption\":\"baier & michels GmbH & Co KG\"},\"image\":{\"@id\":\"https:\\\/\\\/www.baier-michels.com\\\/it\\\/#\\\/schema\\\/logo\\\/image\\\/\"},\"sameAs\":[\"https:\\\/\\\/www.linkedin.com\\\/company\\\/baier-michels\\\/?viewAsMember=true\",\"https:\\\/\\\/www.youtube.com\\\/channel\\\/UCdBWm_HCAtCjxiFZWloFYGw?view_as=subscriber\"]}]}<\/script>\n<!-- \/ Yoast SEO plugin. -->","yoast_head_json":{"title":"Che cos'\u00e8 b&m Academy? - b&m Homepage","description":"b&m Academy \u00e8 il tuo partner nel campo dell'educazione avanzata. Offriamo tirocini nei settori della tecnologia, della logistica, della qualit\u00e0 e della crescita personale.","robots":{"index":"index","follow":"follow","max-snippet":"max-snippet:-1","max-image-preview":"max-image-preview:large","max-video-preview":"max-video-preview:-1"},"canonical":"https:\/\/www.baier-michels.com\/it\/bm-academy\/istituto-di-formazione-bm-academy\/","og_locale":"it_IT","og_type":"article","og_title":"Che cos'\u00e8 b&m Academy? - b&m Homepage","og_description":"b&m Academy \u00e8 il tuo partner nel campo dell'educazione avanzata. Offriamo tirocini nei settori della tecnologia, della logistica, della qualit\u00e0 e della crescita personale.","og_url":"https:\/\/www.baier-michels.com\/it\/bm-academy\/istituto-di-formazione-bm-academy\/","og_site_name":"b&m Homepage","article_modified_time":"2024-10-16T07:45:37+00:00","twitter_card":"summary_large_image","twitter_misc":{"Tempo di lettura stimato":"1 minuto"},"schema":{"@context":"https:\/\/schema.org","@graph":[{"@type":"WebPage","@id":"https:\/\/www.baier-michels.com\/it\/bm-academy\/istituto-di-formazione-bm-academy\/","url":"https:\/\/www.baier-michels.com\/it\/bm-academy\/istituto-di-formazione-bm-academy\/","name":"Che cos'\u00e8 b&m Academy? - b&m Homepage","isPartOf":{"@id":"https:\/\/www.baier-michels.com\/it\/#website"},"datePublished":"2023-07-24T23:00:00+00:00","dateModified":"2024-10-16T07:45:37+00:00","description":"b&m Academy \u00e8 il tuo partner nel campo dell'educazione avanzata. Offriamo tirocini nei settori della tecnologia, della logistica, della qualit\u00e0 e della crescita personale.","breadcrumb":{"@id":"https:\/\/www.baier-michels.com\/it\/bm-academy\/istituto-di-formazione-bm-academy\/#breadcrumb"},"inLanguage":"it-IT","potentialAction":[{"@type":"ReadAction","target":["https:\/\/www.baier-michels.com\/it\/bm-academy\/istituto-di-formazione-bm-academy\/"]}]},{"@type":"BreadcrumbList","@id":"https:\/\/www.baier-michels.com\/it\/bm-academy\/istituto-di-formazione-bm-academy\/#breadcrumb","itemListElement":[{"@type":"ListItem","position":1,"name":"Pagina iniziale","item":"https:\/\/www.baier-michels.com\/it\/"},{"@type":"ListItem","position":2,"name":"b&#038;m Academy","item":"https:\/\/www.baier-michels.com\/it\/bm-academy\/"},{"@type":"ListItem","position":3,"name":"Che cos&#8217;\u00e8 b&#038;m Academy?"}]},{"@type":"WebSite","@id":"https:\/\/www.baier-michels.com\/it\/#website","url":"https:\/\/www.baier-michels.com\/it\/","name":"b&m","description":"baier&amp;michels Gmbh &amp; Co KG","publisher":{"@id":"https:\/\/www.baier-michels.com\/it\/#organization"},"potentialAction":[{"@type":"SearchAction","target":{"@type":"EntryPoint","urlTemplate":"https:\/\/www.baier-michels.com\/it\/?s={search_term_string}"},"query-input":{"@type":"PropertyValueSpecification","valueRequired":true,"valueName":"search_term_string"}}],"inLanguage":"it-IT"},{"@type":"Organization","@id":"https:\/\/www.baier-michels.com\/it\/#organization","name":"baier & michels GmbH & Co KG","url":"https:\/\/www.baier-michels.com\/it\/","logo":{"@type":"ImageObject","inLanguage":"it-IT","@id":"https:\/\/www.baier-michels.com\/it\/#\/schema\/logo\/image\/","url":"","contentUrl":"","caption":"baier & michels GmbH & Co KG"},"image":{"@id":"https:\/\/www.baier-michels.com\/it\/#\/schema\/logo\/image\/"},"sameAs":["https:\/\/www.linkedin.com\/company\/baier-michels\/?viewAsMember=true","https:\/\/www.youtube.com\/channel\/UCdBWm_HCAtCjxiFZWloFYGw?view_as=subscriber"]}]}},"_links":{"self":[{"href":"https:\/\/www.baier-michels.com\/it\/wp-json\/wp\/v2\/pages\/9564","targetHints":{"allow":["GET"]}}],"collection":[{"href":"https:\/\/www.baier-michels.com\/it\/wp-json\/wp\/v2\/pages"}],"about":[{"href":"https:\/\/www.baier-michels.com\/it\/wp-json\/wp\/v2\/types\/page"}],"author":[{"embeddable":true,"href":"https:\/\/www.baier-michels.com\/it\/wp-json\/wp\/v2\/users\/1"}],"replies":[{"embeddable":true,"href":"https:\/\/www.baier-michels.com\/it\/wp-json\/wp\/v2\/comments?post=9564"}],"version-history":[{"count":0,"href":"https:\/\/www.baier-michels.com\/it\/wp-json\/wp\/v2\/pages\/9564\/revisions"}],"up":[{"embeddable":true,"href":"https:\/\/www.baier-michels.com\/it\/wp-json\/wp\/v2\/pages\/9760"}],"wp:attachment":[{"href":"https:\/\/www.baier-michels.com\/it\/wp-json\/wp\/v2\/media?parent=9564"}],"wp:term":[{"taxonomy":"category","embeddable":true,"href":"https:\/\/www.baier-michels.com\/it\/wp-json\/wp\/v2\/categories?post=9564"}],"curies":[{"name":"wp","href":"https:\/\/api.w.org\/{rel}","templated":true}]}}