{"id":9575,"date":"2023-07-25T00:00:00","date_gmt":"2023-07-24T23:00:00","guid":{"rendered":"http:\/\/bm.baier-michels.local\/prodotti\/avvitamento-diretto-nei-metalli\/"},"modified":"2024-10-16T08:45:39","modified_gmt":"2024-10-16T07:45:39","slug":"avvitamento-diretto-nei-metalli","status":"publish","type":"page","link":"https:\/\/www.baier-michels.com\/it\/prodotti\/avvitamento-diretto-nei-metalli\/","title":{"rendered":"Avvitamento diretto nei metalli"},"content":{"rendered":"<p>Con un andamento ininterrotto delle fibre e un indurimento a freddo del materiale, il principio qui applicato della deformazione senza asportazione di materia crea un filetto con elevata resistenza alle sollecitazioni. Diventano cos\u00ec superflui ulteriori bloccaggi (ad esempio secondo la norma DIN 267-27\/28). <\/p>\n<p>Il filetto prodotto \u00e8 una filettatura metrica ISO, che prevede la compatibilit\u00e0 con particolari standard. Inoltre i filetti cos\u00ec formati sono privi di gioco e autobloccanti. Le viti autoformanti possono essere impiegate in tutti i materiali duttili, cio\u00e8 deformabili plasticamente.<\/p>\n","protected":false},"excerpt":{"rendered":"<p>Con un andamento ininterrotto delle fibre e un indurimento a freddo del materiale, il principio qui applicato della deformazione senza asportazione di materia crea un filetto con elevata resistenza alle sollecitazioni. Diventano cos\u00ec superflui ulteriori bloccaggi (ad esempio secondo la norma DIN 267-27\/28). Il filetto prodotto \u00e8 una filettatura metrica ISO, che prevede la compatibilit\u00e0 [&hellip;]<\/p>\n","protected":false},"author":1,"featured_media":0,"parent":9758,"menu_order":3,"comment_status":"closed","ping_status":"closed","template":"template_page_e2.php","meta":{"_acf_changed":false,"footnotes":""},"categories":[],"class_list":["post-9575","page","type-page","status-publish","hentry"],"acf":[],"yoast_head":"<!-- This site is optimized with the Yoast SEO plugin v27.4 - https:\/\/yoast.com\/product\/yoast-seo-wordpress\/ -->\n<title>Avvitamento diretto nei metalli - b&amp;m Homepage<\/title>\n<meta name=\"robots\" content=\"index, follow, max-snippet:-1, max-image-preview:large, max-video-preview:-1\" \/>\n<link rel=\"canonical\" href=\"https:\/\/www.baier-michels.com\/it\/prodotti\/avvitamento-diretto-nei-metalli\/\" \/>\n<meta property=\"og:locale\" content=\"it_IT\" \/>\n<meta property=\"og:type\" content=\"article\" \/>\n<meta property=\"og:title\" content=\"Avvitamento diretto nei metalli - b&amp;m Homepage\" \/>\n<meta property=\"og:description\" content=\"Con un andamento ininterrotto delle fibre e un indurimento a freddo del materiale, il principio qui applicato della deformazione senza asportazione di materia crea un filetto con elevata resistenza alle sollecitazioni. Diventano cos\u00ec superflui ulteriori bloccaggi (ad esempio secondo la norma DIN 267-27\/28). Il filetto prodotto \u00e8 una filettatura metrica ISO, che prevede la compatibilit\u00e0 [&hellip;]\" \/>\n<meta property=\"og:url\" content=\"https:\/\/www.baier-michels.com\/it\/prodotti\/avvitamento-diretto-nei-metalli\/\" \/>\n<meta property=\"og:site_name\" content=\"b&amp;m Homepage\" \/>\n<meta property=\"article:modified_time\" content=\"2024-10-16T07:45:39+00:00\" \/>\n<meta name=\"twitter:card\" content=\"summary_large_image\" \/>\n<script type=\"application\/ld+json\" class=\"yoast-schema-graph\">{\"@context\":\"https:\\\/\\\/schema.org\",\"@graph\":[{\"@type\":\"WebPage\",\"@id\":\"https:\\\/\\\/www.baier-michels.com\\\/it\\\/prodotti\\\/avvitamento-diretto-nei-metalli\\\/\",\"url\":\"https:\\\/\\\/www.baier-michels.com\\\/it\\\/prodotti\\\/avvitamento-diretto-nei-metalli\\\/\",\"name\":\"Avvitamento diretto nei metalli - b&m Homepage\",\"isPartOf\":{\"@id\":\"https:\\\/\\\/www.baier-michels.com\\\/it\\\/#website\"},\"datePublished\":\"2023-07-24T23:00:00+00:00\",\"dateModified\":\"2024-10-16T07:45:39+00:00\",\"breadcrumb\":{\"@id\":\"https:\\\/\\\/www.baier-michels.com\\\/it\\\/prodotti\\\/avvitamento-diretto-nei-metalli\\\/#breadcrumb\"},\"inLanguage\":\"it-IT\",\"potentialAction\":[{\"@type\":\"ReadAction\",\"target\":[\"https:\\\/\\\/www.baier-michels.com\\\/it\\\/prodotti\\\/avvitamento-diretto-nei-metalli\\\/\"]}]},{\"@type\":\"BreadcrumbList\",\"@id\":\"https:\\\/\\\/www.baier-michels.com\\\/it\\\/prodotti\\\/avvitamento-diretto-nei-metalli\\\/#breadcrumb\",\"itemListElement\":[{\"@type\":\"ListItem\",\"position\":1,\"name\":\"Pagina iniziale\",\"item\":\"https:\\\/\\\/www.baier-michels.com\\\/it\\\/\"},{\"@type\":\"ListItem\",\"position\":2,\"name\":\"Prodotti\",\"item\":\"https:\\\/\\\/www.baier-michels.com\\\/it\\\/prodotti\\\/\"},{\"@type\":\"ListItem\",\"position\":3,\"name\":\"Avvitamento diretto nei metalli\"}]},{\"@type\":\"WebSite\",\"@id\":\"https:\\\/\\\/www.baier-michels.com\\\/it\\\/#website\",\"url\":\"https:\\\/\\\/www.baier-michels.com\\\/it\\\/\",\"name\":\"b&m\",\"description\":\"baier&amp;michels Gmbh &amp; Co KG\",\"publisher\":{\"@id\":\"https:\\\/\\\/www.baier-michels.com\\\/it\\\/#organization\"},\"potentialAction\":[{\"@type\":\"SearchAction\",\"target\":{\"@type\":\"EntryPoint\",\"urlTemplate\":\"https:\\\/\\\/www.baier-michels.com\\\/it\\\/?s={search_term_string}\"},\"query-input\":{\"@type\":\"PropertyValueSpecification\",\"valueRequired\":true,\"valueName\":\"search_term_string\"}}],\"inLanguage\":\"it-IT\"},{\"@type\":\"Organization\",\"@id\":\"https:\\\/\\\/www.baier-michels.com\\\/it\\\/#organization\",\"name\":\"baier & michels GmbH & Co KG\",\"url\":\"https:\\\/\\\/www.baier-michels.com\\\/it\\\/\",\"logo\":{\"@type\":\"ImageObject\",\"inLanguage\":\"it-IT\",\"@id\":\"https:\\\/\\\/www.baier-michels.com\\\/it\\\/#\\\/schema\\\/logo\\\/image\\\/\",\"url\":\"\",\"contentUrl\":\"\",\"caption\":\"baier & michels GmbH & Co KG\"},\"image\":{\"@id\":\"https:\\\/\\\/www.baier-michels.com\\\/it\\\/#\\\/schema\\\/logo\\\/image\\\/\"},\"sameAs\":[\"https:\\\/\\\/www.linkedin.com\\\/company\\\/baier-michels\\\/?viewAsMember=true\",\"https:\\\/\\\/www.youtube.com\\\/channel\\\/UCdBWm_HCAtCjxiFZWloFYGw?view_as=subscriber\"]}]}<\/script>\n<!-- \/ Yoast SEO plugin. -->","yoast_head_json":{"title":"Avvitamento diretto nei metalli - b&m Homepage","robots":{"index":"index","follow":"follow","max-snippet":"max-snippet:-1","max-image-preview":"max-image-preview:large","max-video-preview":"max-video-preview:-1"},"canonical":"https:\/\/www.baier-michels.com\/it\/prodotti\/avvitamento-diretto-nei-metalli\/","og_locale":"it_IT","og_type":"article","og_title":"Avvitamento diretto nei metalli - b&m Homepage","og_description":"Con un andamento ininterrotto delle fibre e un indurimento a freddo del materiale, il principio qui applicato della deformazione senza asportazione di materia crea un filetto con elevata resistenza alle sollecitazioni. Diventano cos\u00ec superflui ulteriori bloccaggi (ad esempio secondo la norma DIN 267-27\/28). Il filetto prodotto \u00e8 una filettatura metrica ISO, che prevede la compatibilit\u00e0 [&hellip;]","og_url":"https:\/\/www.baier-michels.com\/it\/prodotti\/avvitamento-diretto-nei-metalli\/","og_site_name":"b&m Homepage","article_modified_time":"2024-10-16T07:45:39+00:00","twitter_card":"summary_large_image","schema":{"@context":"https:\/\/schema.org","@graph":[{"@type":"WebPage","@id":"https:\/\/www.baier-michels.com\/it\/prodotti\/avvitamento-diretto-nei-metalli\/","url":"https:\/\/www.baier-michels.com\/it\/prodotti\/avvitamento-diretto-nei-metalli\/","name":"Avvitamento diretto nei metalli - b&m Homepage","isPartOf":{"@id":"https:\/\/www.baier-michels.com\/it\/#website"},"datePublished":"2023-07-24T23:00:00+00:00","dateModified":"2024-10-16T07:45:39+00:00","breadcrumb":{"@id":"https:\/\/www.baier-michels.com\/it\/prodotti\/avvitamento-diretto-nei-metalli\/#breadcrumb"},"inLanguage":"it-IT","potentialAction":[{"@type":"ReadAction","target":["https:\/\/www.baier-michels.com\/it\/prodotti\/avvitamento-diretto-nei-metalli\/"]}]},{"@type":"BreadcrumbList","@id":"https:\/\/www.baier-michels.com\/it\/prodotti\/avvitamento-diretto-nei-metalli\/#breadcrumb","itemListElement":[{"@type":"ListItem","position":1,"name":"Pagina iniziale","item":"https:\/\/www.baier-michels.com\/it\/"},{"@type":"ListItem","position":2,"name":"Prodotti","item":"https:\/\/www.baier-michels.com\/it\/prodotti\/"},{"@type":"ListItem","position":3,"name":"Avvitamento diretto nei metalli"}]},{"@type":"WebSite","@id":"https:\/\/www.baier-michels.com\/it\/#website","url":"https:\/\/www.baier-michels.com\/it\/","name":"b&m","description":"baier&amp;michels Gmbh &amp; Co KG","publisher":{"@id":"https:\/\/www.baier-michels.com\/it\/#organization"},"potentialAction":[{"@type":"SearchAction","target":{"@type":"EntryPoint","urlTemplate":"https:\/\/www.baier-michels.com\/it\/?s={search_term_string}"},"query-input":{"@type":"PropertyValueSpecification","valueRequired":true,"valueName":"search_term_string"}}],"inLanguage":"it-IT"},{"@type":"Organization","@id":"https:\/\/www.baier-michels.com\/it\/#organization","name":"baier & michels GmbH & Co KG","url":"https:\/\/www.baier-michels.com\/it\/","logo":{"@type":"ImageObject","inLanguage":"it-IT","@id":"https:\/\/www.baier-michels.com\/it\/#\/schema\/logo\/image\/","url":"","contentUrl":"","caption":"baier & michels GmbH & Co KG"},"image":{"@id":"https:\/\/www.baier-michels.com\/it\/#\/schema\/logo\/image\/"},"sameAs":["https:\/\/www.linkedin.com\/company\/baier-michels\/?viewAsMember=true","https:\/\/www.youtube.com\/channel\/UCdBWm_HCAtCjxiFZWloFYGw?view_as=subscriber"]}]}},"_links":{"self":[{"href":"https:\/\/www.baier-michels.com\/it\/wp-json\/wp\/v2\/pages\/9575","targetHints":{"allow":["GET"]}}],"collection":[{"href":"https:\/\/www.baier-michels.com\/it\/wp-json\/wp\/v2\/pages"}],"about":[{"href":"https:\/\/www.baier-michels.com\/it\/wp-json\/wp\/v2\/types\/page"}],"author":[{"embeddable":true,"href":"https:\/\/www.baier-michels.com\/it\/wp-json\/wp\/v2\/users\/1"}],"replies":[{"embeddable":true,"href":"https:\/\/www.baier-michels.com\/it\/wp-json\/wp\/v2\/comments?post=9575"}],"version-history":[{"count":0,"href":"https:\/\/www.baier-michels.com\/it\/wp-json\/wp\/v2\/pages\/9575\/revisions"}],"up":[{"embeddable":true,"href":"https:\/\/www.baier-michels.com\/it\/wp-json\/wp\/v2\/pages\/9758"}],"wp:attachment":[{"href":"https:\/\/www.baier-michels.com\/it\/wp-json\/wp\/v2\/media?parent=9575"}],"wp:term":[{"taxonomy":"category","embeddable":true,"href":"https:\/\/www.baier-michels.com\/it\/wp-json\/wp\/v2\/categories?post=9575"}],"curies":[{"name":"wp","href":"https:\/\/api.w.org\/{rel}","templated":true}]}}