{"id":9717,"date":"2020-12-31T00:00:00","date_gmt":"2020-12-30T23:00:00","guid":{"rendered":"http:\/\/bm.baier-michels.local\/prodotti\/il-sistema-di-chiusura-e-tenuta\/bm-kl-plug\/"},"modified":"2025-04-15T15:07:48","modified_gmt":"2025-04-15T14:07:48","slug":"bm-kl-plug","status":"publish","type":"page","link":"https:\/\/www.baier-michels.com\/it\/prodotti\/il-sistema-di-chiusura-e-tenuta\/bm-kl-plug\/","title":{"rendered":"b&#038;m-KL PLUG<sup class=\"copyright\">\u00ae<\/sup>"},"content":{"rendered":"<p>Il b&#038;m-KL PLUG<sup class=\"copyright\">\u00ae<\/sup> \u00e8 un elemento di chiusura e di tenuta di utilizzo universale per fori soggetti e non soggetti a pressione. Pu\u00f2 essere adattato a differenti materiali e diametri per le varie applicazioni dei clienti e ha una capacit\u00e0 di tenuta fino a una pressione d\u2019esercizio di 30 bar. L\u2019elemento permette un montaggio semplice ed efficiente senza generare scarti e presenta anche numerosi vantaggi rispetto ai tradizionali sistemi di chiusura e di sigillatura per fori.<\/p>\n","protected":false},"excerpt":{"rendered":"<p>Il b&#038;m-KL PLUG\u00ae \u00e8 un elemento di chiusura e di tenuta di utilizzo universale per fori soggetti e non soggetti a pressione. Pu\u00f2 essere adattato a differenti materiali e diametri per le varie applicazioni dei clienti e ha una capacit\u00e0 di tenuta fino a una pressione d\u2019esercizio di 30 bar. L\u2019elemento permette un montaggio semplice [&hellip;]<\/p>\n","protected":false},"author":1,"featured_media":0,"parent":9571,"menu_order":1,"comment_status":"closed","ping_status":"closed","template":"template_brands_new.php","meta":{"_acf_changed":false,"footnotes":""},"categories":[],"class_list":["post-9717","page","type-page","status-publish","hentry"],"acf":[],"yoast_head":"<!-- This site is optimized with the Yoast SEO plugin v27.3 - https:\/\/yoast.com\/product\/yoast-seo-wordpress\/ -->\n<title>b&amp;m-KL PLUG\u00ae - b&amp;m Homepage<\/title>\n<meta name=\"robots\" content=\"index, follow, max-snippet:-1, max-image-preview:large, max-video-preview:-1\" \/>\n<link rel=\"canonical\" href=\"https:\/\/www.baier-michels.com\/it\/prodotti\/il-sistema-di-chiusura-e-tenuta\/bm-kl-plug\/\" \/>\n<meta property=\"og:locale\" content=\"it_IT\" \/>\n<meta property=\"og:type\" content=\"article\" \/>\n<meta property=\"og:title\" content=\"b&amp;m-KL PLUG\u00ae - b&amp;m Homepage\" \/>\n<meta property=\"og:description\" content=\"Il b&#038;m-KL PLUG\u00ae \u00e8 un elemento di chiusura e di tenuta di utilizzo universale per fori soggetti e non soggetti a pressione. Pu\u00f2 essere adattato a differenti materiali e diametri per le varie applicazioni dei clienti e ha una capacit\u00e0 di tenuta fino a una pressione d\u2019esercizio di 30 bar. L\u2019elemento permette un montaggio semplice [&hellip;]\" \/>\n<meta property=\"og:url\" content=\"https:\/\/www.baier-michels.com\/it\/prodotti\/il-sistema-di-chiusura-e-tenuta\/bm-kl-plug\/\" \/>\n<meta property=\"og:site_name\" content=\"b&amp;m Homepage\" \/>\n<meta property=\"article:modified_time\" content=\"2025-04-15T14:07:48+00:00\" \/>\n<meta name=\"twitter:card\" content=\"summary_large_image\" \/>\n<meta name=\"twitter:label1\" content=\"Tempo di lettura stimato\" \/>\n\t<meta name=\"twitter:data1\" content=\"1 minuto\" \/>\n<script type=\"application\/ld+json\" class=\"yoast-schema-graph\">{\"@context\":\"https:\\\/\\\/schema.org\",\"@graph\":[{\"@type\":\"WebPage\",\"@id\":\"https:\\\/\\\/www.baier-michels.com\\\/it\\\/prodotti\\\/il-sistema-di-chiusura-e-tenuta\\\/bm-kl-plug\\\/\",\"url\":\"https:\\\/\\\/www.baier-michels.com\\\/it\\\/prodotti\\\/il-sistema-di-chiusura-e-tenuta\\\/bm-kl-plug\\\/\",\"name\":\"b&m-KL PLUG\u00ae - b&m Homepage\",\"isPartOf\":{\"@id\":\"https:\\\/\\\/www.baier-michels.com\\\/it\\\/#website\"},\"datePublished\":\"2020-12-30T23:00:00+00:00\",\"dateModified\":\"2025-04-15T14:07:48+00:00\",\"breadcrumb\":{\"@id\":\"https:\\\/\\\/www.baier-michels.com\\\/it\\\/prodotti\\\/il-sistema-di-chiusura-e-tenuta\\\/bm-kl-plug\\\/#breadcrumb\"},\"inLanguage\":\"it-IT\",\"potentialAction\":[{\"@type\":\"ReadAction\",\"target\":[\"https:\\\/\\\/www.baier-michels.com\\\/it\\\/prodotti\\\/il-sistema-di-chiusura-e-tenuta\\\/bm-kl-plug\\\/\"]}]},{\"@type\":\"BreadcrumbList\",\"@id\":\"https:\\\/\\\/www.baier-michels.com\\\/it\\\/prodotti\\\/il-sistema-di-chiusura-e-tenuta\\\/bm-kl-plug\\\/#breadcrumb\",\"itemListElement\":[{\"@type\":\"ListItem\",\"position\":1,\"name\":\"Pagina iniziale\",\"item\":\"https:\\\/\\\/www.baier-michels.com\\\/it\\\/\"},{\"@type\":\"ListItem\",\"position\":2,\"name\":\"Prodotti\",\"item\":\"https:\\\/\\\/www.baier-michels.com\\\/it\\\/prodotti\\\/\"},{\"@type\":\"ListItem\",\"position\":3,\"name\":\"Sistemi di chiusura e di sigillatura\",\"item\":\"https:\\\/\\\/www.baier-michels.com\\\/it\\\/products\\\/closing-and-sealing-systems\\\/\"},{\"@type\":\"ListItem\",\"position\":4,\"name\":\"b&#038;m-KL PLUG\u00ae\"}]},{\"@type\":\"WebSite\",\"@id\":\"https:\\\/\\\/www.baier-michels.com\\\/it\\\/#website\",\"url\":\"https:\\\/\\\/www.baier-michels.com\\\/it\\\/\",\"name\":\"b&m\",\"description\":\"baier&amp;michels Gmbh &amp; Co KG\",\"publisher\":{\"@id\":\"https:\\\/\\\/www.baier-michels.com\\\/it\\\/#organization\"},\"potentialAction\":[{\"@type\":\"SearchAction\",\"target\":{\"@type\":\"EntryPoint\",\"urlTemplate\":\"https:\\\/\\\/www.baier-michels.com\\\/it\\\/?s={search_term_string}\"},\"query-input\":{\"@type\":\"PropertyValueSpecification\",\"valueRequired\":true,\"valueName\":\"search_term_string\"}}],\"inLanguage\":\"it-IT\"},{\"@type\":\"Organization\",\"@id\":\"https:\\\/\\\/www.baier-michels.com\\\/it\\\/#organization\",\"name\":\"baier & michels GmbH & Co KG\",\"url\":\"https:\\\/\\\/www.baier-michels.com\\\/it\\\/\",\"logo\":{\"@type\":\"ImageObject\",\"inLanguage\":\"it-IT\",\"@id\":\"https:\\\/\\\/www.baier-michels.com\\\/it\\\/#\\\/schema\\\/logo\\\/image\\\/\",\"url\":\"\",\"contentUrl\":\"\",\"caption\":\"baier & michels GmbH & Co KG\"},\"image\":{\"@id\":\"https:\\\/\\\/www.baier-michels.com\\\/it\\\/#\\\/schema\\\/logo\\\/image\\\/\"},\"sameAs\":[\"https:\\\/\\\/www.linkedin.com\\\/company\\\/baier-michels\\\/?viewAsMember=true\",\"https:\\\/\\\/www.youtube.com\\\/channel\\\/UCdBWm_HCAtCjxiFZWloFYGw?view_as=subscriber\"]}]}<\/script>\n<!-- \/ Yoast SEO plugin. -->","yoast_head_json":{"title":"b&m-KL PLUG\u00ae - b&m Homepage","robots":{"index":"index","follow":"follow","max-snippet":"max-snippet:-1","max-image-preview":"max-image-preview:large","max-video-preview":"max-video-preview:-1"},"canonical":"https:\/\/www.baier-michels.com\/it\/prodotti\/il-sistema-di-chiusura-e-tenuta\/bm-kl-plug\/","og_locale":"it_IT","og_type":"article","og_title":"b&m-KL PLUG\u00ae - b&m Homepage","og_description":"Il b&#038;m-KL PLUG\u00ae \u00e8 un elemento di chiusura e di tenuta di utilizzo universale per fori soggetti e non soggetti a pressione. Pu\u00f2 essere adattato a differenti materiali e diametri per le varie applicazioni dei clienti e ha una capacit\u00e0 di tenuta fino a una pressione d\u2019esercizio di 30 bar. L\u2019elemento permette un montaggio semplice [&hellip;]","og_url":"https:\/\/www.baier-michels.com\/it\/prodotti\/il-sistema-di-chiusura-e-tenuta\/bm-kl-plug\/","og_site_name":"b&m Homepage","article_modified_time":"2025-04-15T14:07:48+00:00","twitter_card":"summary_large_image","twitter_misc":{"Tempo di lettura stimato":"1 minuto"},"schema":{"@context":"https:\/\/schema.org","@graph":[{"@type":"WebPage","@id":"https:\/\/www.baier-michels.com\/it\/prodotti\/il-sistema-di-chiusura-e-tenuta\/bm-kl-plug\/","url":"https:\/\/www.baier-michels.com\/it\/prodotti\/il-sistema-di-chiusura-e-tenuta\/bm-kl-plug\/","name":"b&m-KL PLUG\u00ae - b&m Homepage","isPartOf":{"@id":"https:\/\/www.baier-michels.com\/it\/#website"},"datePublished":"2020-12-30T23:00:00+00:00","dateModified":"2025-04-15T14:07:48+00:00","breadcrumb":{"@id":"https:\/\/www.baier-michels.com\/it\/prodotti\/il-sistema-di-chiusura-e-tenuta\/bm-kl-plug\/#breadcrumb"},"inLanguage":"it-IT","potentialAction":[{"@type":"ReadAction","target":["https:\/\/www.baier-michels.com\/it\/prodotti\/il-sistema-di-chiusura-e-tenuta\/bm-kl-plug\/"]}]},{"@type":"BreadcrumbList","@id":"https:\/\/www.baier-michels.com\/it\/prodotti\/il-sistema-di-chiusura-e-tenuta\/bm-kl-plug\/#breadcrumb","itemListElement":[{"@type":"ListItem","position":1,"name":"Pagina iniziale","item":"https:\/\/www.baier-michels.com\/it\/"},{"@type":"ListItem","position":2,"name":"Prodotti","item":"https:\/\/www.baier-michels.com\/it\/prodotti\/"},{"@type":"ListItem","position":3,"name":"Sistemi di chiusura e di sigillatura","item":"https:\/\/www.baier-michels.com\/it\/products\/closing-and-sealing-systems\/"},{"@type":"ListItem","position":4,"name":"b&#038;m-KL PLUG\u00ae"}]},{"@type":"WebSite","@id":"https:\/\/www.baier-michels.com\/it\/#website","url":"https:\/\/www.baier-michels.com\/it\/","name":"b&m","description":"baier&amp;michels Gmbh &amp; Co KG","publisher":{"@id":"https:\/\/www.baier-michels.com\/it\/#organization"},"potentialAction":[{"@type":"SearchAction","target":{"@type":"EntryPoint","urlTemplate":"https:\/\/www.baier-michels.com\/it\/?s={search_term_string}"},"query-input":{"@type":"PropertyValueSpecification","valueRequired":true,"valueName":"search_term_string"}}],"inLanguage":"it-IT"},{"@type":"Organization","@id":"https:\/\/www.baier-michels.com\/it\/#organization","name":"baier & michels GmbH & Co KG","url":"https:\/\/www.baier-michels.com\/it\/","logo":{"@type":"ImageObject","inLanguage":"it-IT","@id":"https:\/\/www.baier-michels.com\/it\/#\/schema\/logo\/image\/","url":"","contentUrl":"","caption":"baier & michels GmbH & Co KG"},"image":{"@id":"https:\/\/www.baier-michels.com\/it\/#\/schema\/logo\/image\/"},"sameAs":["https:\/\/www.linkedin.com\/company\/baier-michels\/?viewAsMember=true","https:\/\/www.youtube.com\/channel\/UCdBWm_HCAtCjxiFZWloFYGw?view_as=subscriber"]}]}},"_links":{"self":[{"href":"https:\/\/www.baier-michels.com\/it\/wp-json\/wp\/v2\/pages\/9717","targetHints":{"allow":["GET"]}}],"collection":[{"href":"https:\/\/www.baier-michels.com\/it\/wp-json\/wp\/v2\/pages"}],"about":[{"href":"https:\/\/www.baier-michels.com\/it\/wp-json\/wp\/v2\/types\/page"}],"author":[{"embeddable":true,"href":"https:\/\/www.baier-michels.com\/it\/wp-json\/wp\/v2\/users\/1"}],"replies":[{"embeddable":true,"href":"https:\/\/www.baier-michels.com\/it\/wp-json\/wp\/v2\/comments?post=9717"}],"version-history":[{"count":3,"href":"https:\/\/www.baier-michels.com\/it\/wp-json\/wp\/v2\/pages\/9717\/revisions"}],"predecessor-version":[{"id":16339,"href":"https:\/\/www.baier-michels.com\/it\/wp-json\/wp\/v2\/pages\/9717\/revisions\/16339"}],"up":[{"embeddable":true,"href":"https:\/\/www.baier-michels.com\/it\/wp-json\/wp\/v2\/pages\/9571"}],"wp:attachment":[{"href":"https:\/\/www.baier-michels.com\/it\/wp-json\/wp\/v2\/media?parent=9717"}],"wp:term":[{"taxonomy":"category","embeddable":true,"href":"https:\/\/www.baier-michels.com\/it\/wp-json\/wp\/v2\/categories?post=9717"}],"curies":[{"name":"wp","href":"https:\/\/api.w.org\/{rel}","templated":true}]}}