{"id":9795,"date":"2020-12-31T00:00:00","date_gmt":"2020-12-30T23:00:00","guid":{"rendered":"http:\/\/bm.baier-michels.local\/prodotti\/sistemi-di-rivettatura\/bm-rinu-hex\/"},"modified":"2024-11-14T16:24:50","modified_gmt":"2024-11-14T15:24:50","slug":"bm-rinu-hex","status":"publish","type":"page","link":"https:\/\/www.baier-michels.com\/it\/prodotti\/sistemi-di-rivettatura\/bm-rinu-hex\/","title":{"rendered":"b&#038;m-RINU<sup class=\"copyright\">\u00ae<\/sup> Hex"},"content":{"rendered":"<p>Grazie alla tecnologia dei rivetti b&#038;m-RINU<sup class=\"copyright\">\u00ae<\/sup> Hex, \u00e8 possibile collegare tra di loro componenti di spessore sottile e applicarvi una filettatura completa, indipendentemente dal materiale di supporto dell\u2019applicazione.<\/p>\n<p>Rispetto ai rivetti cilindrici ciechi, b&#038;m-RINU Hex grazie alla sua sezione esagonale offre un serraggio in un foro esagonale. Dopo il montaggio \u00e8 disponibile un filetto metrico che pu\u00f2 essere utilizzato per l\u2019assemblaggio con ulteriori componenti. b&#038;m-RINU Hex \u00e8 disponibile in diversi materiali, forme della testa e geometrie del gambo ed \u00e8 quindi adattabile alla specifica applicazione. In funzione dei requisiti elevati e dei sempre pi\u00f9 leggeri materiali costruttivi impiegati, i rivetti filettati si sono potuti affermare stabilmente nel settore industriale ed automobilistico.<\/p>\n","protected":false},"excerpt":{"rendered":"<p>Grazie alla tecnologia dei rivetti b&#038;m-RINU\u00ae Hex, \u00e8 possibile collegare tra di loro componenti di spessore sottile e applicarvi una filettatura completa, indipendentemente dal materiale di supporto dell\u2019applicazione. Rispetto ai rivetti cilindrici ciechi, b&#038;m-RINU Hex grazie alla sua sezione esagonale offre un serraggio in un foro esagonale. Dopo il montaggio \u00e8 disponibile un filetto metrico [&hellip;]<\/p>\n","protected":false},"author":1,"featured_media":0,"parent":9580,"menu_order":2,"comment_status":"closed","ping_status":"closed","template":"template_brands_new.php","meta":{"_acf_changed":false,"footnotes":""},"categories":[],"class_list":["post-9795","page","type-page","status-publish","hentry"],"acf":[],"yoast_head":"<!-- This site is optimized with the Yoast SEO plugin v27.3 - https:\/\/yoast.com\/product\/yoast-seo-wordpress\/ -->\n<title>b&amp;m-RINU\u00ae Hex - b&amp;m Homepage<\/title>\n<meta name=\"robots\" content=\"index, follow, max-snippet:-1, max-image-preview:large, max-video-preview:-1\" \/>\n<link rel=\"canonical\" href=\"https:\/\/www.baier-michels.com\/it\/prodotti\/sistemi-di-rivettatura\/bm-rinu-hex\/\" \/>\n<meta property=\"og:locale\" content=\"it_IT\" \/>\n<meta property=\"og:type\" content=\"article\" \/>\n<meta property=\"og:title\" content=\"b&amp;m-RINU\u00ae Hex - b&amp;m Homepage\" \/>\n<meta property=\"og:description\" content=\"Grazie alla tecnologia dei rivetti b&#038;m-RINU\u00ae Hex, \u00e8 possibile collegare tra di loro componenti di spessore sottile e applicarvi una filettatura completa, indipendentemente dal materiale di supporto dell\u2019applicazione. Rispetto ai rivetti cilindrici ciechi, b&#038;m-RINU Hex grazie alla sua sezione esagonale offre un serraggio in un foro esagonale. Dopo il montaggio \u00e8 disponibile un filetto metrico [&hellip;]\" \/>\n<meta property=\"og:url\" content=\"https:\/\/www.baier-michels.com\/it\/prodotti\/sistemi-di-rivettatura\/bm-rinu-hex\/\" \/>\n<meta property=\"og:site_name\" content=\"b&amp;m Homepage\" \/>\n<meta property=\"article:modified_time\" content=\"2024-11-14T15:24:50+00:00\" \/>\n<meta name=\"twitter:card\" content=\"summary_large_image\" \/>\n<meta name=\"twitter:label1\" content=\"Tempo di lettura stimato\" \/>\n\t<meta name=\"twitter:data1\" content=\"1 minuto\" \/>\n<script type=\"application\/ld+json\" class=\"yoast-schema-graph\">{\"@context\":\"https:\\\/\\\/schema.org\",\"@graph\":[{\"@type\":\"WebPage\",\"@id\":\"https:\\\/\\\/www.baier-michels.com\\\/it\\\/prodotti\\\/sistemi-di-rivettatura\\\/bm-rinu-hex\\\/\",\"url\":\"https:\\\/\\\/www.baier-michels.com\\\/it\\\/prodotti\\\/sistemi-di-rivettatura\\\/bm-rinu-hex\\\/\",\"name\":\"b&m-RINU\u00ae Hex - b&m Homepage\",\"isPartOf\":{\"@id\":\"https:\\\/\\\/www.baier-michels.com\\\/it\\\/#website\"},\"datePublished\":\"2020-12-30T23:00:00+00:00\",\"dateModified\":\"2024-11-14T15:24:50+00:00\",\"breadcrumb\":{\"@id\":\"https:\\\/\\\/www.baier-michels.com\\\/it\\\/prodotti\\\/sistemi-di-rivettatura\\\/bm-rinu-hex\\\/#breadcrumb\"},\"inLanguage\":\"it-IT\",\"potentialAction\":[{\"@type\":\"ReadAction\",\"target\":[\"https:\\\/\\\/www.baier-michels.com\\\/it\\\/prodotti\\\/sistemi-di-rivettatura\\\/bm-rinu-hex\\\/\"]}]},{\"@type\":\"BreadcrumbList\",\"@id\":\"https:\\\/\\\/www.baier-michels.com\\\/it\\\/prodotti\\\/sistemi-di-rivettatura\\\/bm-rinu-hex\\\/#breadcrumb\",\"itemListElement\":[{\"@type\":\"ListItem\",\"position\":1,\"name\":\"Pagina iniziale\",\"item\":\"https:\\\/\\\/www.baier-michels.com\\\/it\\\/\"},{\"@type\":\"ListItem\",\"position\":2,\"name\":\"Prodotti\",\"item\":\"https:\\\/\\\/www.baier-michels.com\\\/it\\\/prodotti\\\/\"},{\"@type\":\"ListItem\",\"position\":3,\"name\":\"Sistemi di rivettatura\",\"item\":\"https:\\\/\\\/www.baier-michels.com\\\/it\\\/products\\\/blind-rivet-systems\\\/\"},{\"@type\":\"ListItem\",\"position\":4,\"name\":\"b&#038;m-RINU\u00ae Hex\"}]},{\"@type\":\"WebSite\",\"@id\":\"https:\\\/\\\/www.baier-michels.com\\\/it\\\/#website\",\"url\":\"https:\\\/\\\/www.baier-michels.com\\\/it\\\/\",\"name\":\"b&m\",\"description\":\"baier&amp;michels Gmbh &amp; Co KG\",\"publisher\":{\"@id\":\"https:\\\/\\\/www.baier-michels.com\\\/it\\\/#organization\"},\"potentialAction\":[{\"@type\":\"SearchAction\",\"target\":{\"@type\":\"EntryPoint\",\"urlTemplate\":\"https:\\\/\\\/www.baier-michels.com\\\/it\\\/?s={search_term_string}\"},\"query-input\":{\"@type\":\"PropertyValueSpecification\",\"valueRequired\":true,\"valueName\":\"search_term_string\"}}],\"inLanguage\":\"it-IT\"},{\"@type\":\"Organization\",\"@id\":\"https:\\\/\\\/www.baier-michels.com\\\/it\\\/#organization\",\"name\":\"baier & michels GmbH & Co KG\",\"url\":\"https:\\\/\\\/www.baier-michels.com\\\/it\\\/\",\"logo\":{\"@type\":\"ImageObject\",\"inLanguage\":\"it-IT\",\"@id\":\"https:\\\/\\\/www.baier-michels.com\\\/it\\\/#\\\/schema\\\/logo\\\/image\\\/\",\"url\":\"\",\"contentUrl\":\"\",\"caption\":\"baier & michels GmbH & Co KG\"},\"image\":{\"@id\":\"https:\\\/\\\/www.baier-michels.com\\\/it\\\/#\\\/schema\\\/logo\\\/image\\\/\"},\"sameAs\":[\"https:\\\/\\\/www.linkedin.com\\\/company\\\/baier-michels\\\/?viewAsMember=true\",\"https:\\\/\\\/www.youtube.com\\\/channel\\\/UCdBWm_HCAtCjxiFZWloFYGw?view_as=subscriber\"]}]}<\/script>\n<!-- \/ Yoast SEO plugin. -->","yoast_head_json":{"title":"b&m-RINU\u00ae Hex - b&m Homepage","robots":{"index":"index","follow":"follow","max-snippet":"max-snippet:-1","max-image-preview":"max-image-preview:large","max-video-preview":"max-video-preview:-1"},"canonical":"https:\/\/www.baier-michels.com\/it\/prodotti\/sistemi-di-rivettatura\/bm-rinu-hex\/","og_locale":"it_IT","og_type":"article","og_title":"b&m-RINU\u00ae Hex - b&m Homepage","og_description":"Grazie alla tecnologia dei rivetti b&#038;m-RINU\u00ae Hex, \u00e8 possibile collegare tra di loro componenti di spessore sottile e applicarvi una filettatura completa, indipendentemente dal materiale di supporto dell\u2019applicazione. Rispetto ai rivetti cilindrici ciechi, b&#038;m-RINU Hex grazie alla sua sezione esagonale offre un serraggio in un foro esagonale. Dopo il montaggio \u00e8 disponibile un filetto metrico [&hellip;]","og_url":"https:\/\/www.baier-michels.com\/it\/prodotti\/sistemi-di-rivettatura\/bm-rinu-hex\/","og_site_name":"b&m Homepage","article_modified_time":"2024-11-14T15:24:50+00:00","twitter_card":"summary_large_image","twitter_misc":{"Tempo di lettura stimato":"1 minuto"},"schema":{"@context":"https:\/\/schema.org","@graph":[{"@type":"WebPage","@id":"https:\/\/www.baier-michels.com\/it\/prodotti\/sistemi-di-rivettatura\/bm-rinu-hex\/","url":"https:\/\/www.baier-michels.com\/it\/prodotti\/sistemi-di-rivettatura\/bm-rinu-hex\/","name":"b&m-RINU\u00ae Hex - b&m Homepage","isPartOf":{"@id":"https:\/\/www.baier-michels.com\/it\/#website"},"datePublished":"2020-12-30T23:00:00+00:00","dateModified":"2024-11-14T15:24:50+00:00","breadcrumb":{"@id":"https:\/\/www.baier-michels.com\/it\/prodotti\/sistemi-di-rivettatura\/bm-rinu-hex\/#breadcrumb"},"inLanguage":"it-IT","potentialAction":[{"@type":"ReadAction","target":["https:\/\/www.baier-michels.com\/it\/prodotti\/sistemi-di-rivettatura\/bm-rinu-hex\/"]}]},{"@type":"BreadcrumbList","@id":"https:\/\/www.baier-michels.com\/it\/prodotti\/sistemi-di-rivettatura\/bm-rinu-hex\/#breadcrumb","itemListElement":[{"@type":"ListItem","position":1,"name":"Pagina iniziale","item":"https:\/\/www.baier-michels.com\/it\/"},{"@type":"ListItem","position":2,"name":"Prodotti","item":"https:\/\/www.baier-michels.com\/it\/prodotti\/"},{"@type":"ListItem","position":3,"name":"Sistemi di rivettatura","item":"https:\/\/www.baier-michels.com\/it\/products\/blind-rivet-systems\/"},{"@type":"ListItem","position":4,"name":"b&#038;m-RINU\u00ae Hex"}]},{"@type":"WebSite","@id":"https:\/\/www.baier-michels.com\/it\/#website","url":"https:\/\/www.baier-michels.com\/it\/","name":"b&m","description":"baier&amp;michels Gmbh &amp; Co KG","publisher":{"@id":"https:\/\/www.baier-michels.com\/it\/#organization"},"potentialAction":[{"@type":"SearchAction","target":{"@type":"EntryPoint","urlTemplate":"https:\/\/www.baier-michels.com\/it\/?s={search_term_string}"},"query-input":{"@type":"PropertyValueSpecification","valueRequired":true,"valueName":"search_term_string"}}],"inLanguage":"it-IT"},{"@type":"Organization","@id":"https:\/\/www.baier-michels.com\/it\/#organization","name":"baier & michels GmbH & Co KG","url":"https:\/\/www.baier-michels.com\/it\/","logo":{"@type":"ImageObject","inLanguage":"it-IT","@id":"https:\/\/www.baier-michels.com\/it\/#\/schema\/logo\/image\/","url":"","contentUrl":"","caption":"baier & michels GmbH & Co KG"},"image":{"@id":"https:\/\/www.baier-michels.com\/it\/#\/schema\/logo\/image\/"},"sameAs":["https:\/\/www.linkedin.com\/company\/baier-michels\/?viewAsMember=true","https:\/\/www.youtube.com\/channel\/UCdBWm_HCAtCjxiFZWloFYGw?view_as=subscriber"]}]}},"_links":{"self":[{"href":"https:\/\/www.baier-michels.com\/it\/wp-json\/wp\/v2\/pages\/9795","targetHints":{"allow":["GET"]}}],"collection":[{"href":"https:\/\/www.baier-michels.com\/it\/wp-json\/wp\/v2\/pages"}],"about":[{"href":"https:\/\/www.baier-michels.com\/it\/wp-json\/wp\/v2\/types\/page"}],"author":[{"embeddable":true,"href":"https:\/\/www.baier-michels.com\/it\/wp-json\/wp\/v2\/users\/1"}],"replies":[{"embeddable":true,"href":"https:\/\/www.baier-michels.com\/it\/wp-json\/wp\/v2\/comments?post=9795"}],"version-history":[{"count":2,"href":"https:\/\/www.baier-michels.com\/it\/wp-json\/wp\/v2\/pages\/9795\/revisions"}],"predecessor-version":[{"id":14353,"href":"https:\/\/www.baier-michels.com\/it\/wp-json\/wp\/v2\/pages\/9795\/revisions\/14353"}],"up":[{"embeddable":true,"href":"https:\/\/www.baier-michels.com\/it\/wp-json\/wp\/v2\/pages\/9580"}],"wp:attachment":[{"href":"https:\/\/www.baier-michels.com\/it\/wp-json\/wp\/v2\/media?parent=9795"}],"wp:term":[{"taxonomy":"category","embeddable":true,"href":"https:\/\/www.baier-michels.com\/it\/wp-json\/wp\/v2\/categories?post=9795"}],"curies":[{"name":"wp","href":"https:\/\/api.w.org\/{rel}","templated":true}]}}