{"id":9799,"date":"2020-12-31T00:00:00","date_gmt":"2020-12-30T23:00:00","guid":{"rendered":"http:\/\/bm.baier-michels.local\/prodotti\/cuscinetti-e-smorzatori\/bm-vibe\/"},"modified":"2024-11-14T16:33:18","modified_gmt":"2024-11-14T15:33:18","slug":"bm-vibe","status":"publish","type":"page","link":"https:\/\/www.baier-michels.com\/it\/prodotti\/cuscinetti-e-smorzatori\/bm-vibe\/","title":{"rendered":"b&#038;m-VIBE<sup class=\"copyright\">\u00ae<\/sup>"},"content":{"rendered":"<p>Il b&#038;m-VIBE<sup class=\"copyright\">\u00ae<\/sup> \u00e8 l\u2019elemento di fissaggio perfetto per prevenire la trasmissione di vibrazioni che si verificano tra componenti adiacenti. Con il b&#038;m-VIBE<sup class=\"copyright\">\u00ae<\/sup>, b&#038;m risponde alle molteplici sfide del mercato per smorzare le vibrazioni e ridurre l\u2019emissione di rumore.<\/p>\n<p>Il rumore e le vibrazioni eccessive possono rapidamente causare problemi. Entrambi i fattori possono avere un impatto negativo sul prodotto. Ciclo di vita del prodotto pi\u00f9 breve, a causa di danneggiamento meccanico, usura pi\u00f9 rapida o anche funzionamento meno efficiente di un prodotto ne sono spesso le conseguenze.<br \/>\nb&#038;m offre una variet\u00e0 di soluzioni standard con e senza filettatura interna. In caso di esigenze speciali, b&#038;m pu\u00f2 intervenire con una flessibilit\u00e0 elevata e tempi di sviluppo brevi per adattamenti alle applicazioni specifiche del cliente.<\/p>\n<p>Per la variante b&#038;m-VIBE<sup class=\"copyright\">\u00ae<\/sup> con filettatura, \u00e8 previsto un inserto filettato costampato con elastomero. Diversamente, il b&#038;m-VIBE<sup class=\"copyright\">\u00ae<\/sup> pu\u00f2 essere prodotto anche solo con un manicotto. Per creare il bloccaggio tra i componenti in questo caso \u00e8 necessario prevedere una filettatura nella controparte. In entrambe le varianti, l&#8217;elastomero viene compresso avvitando una vite, formando cos\u00ec un rigonfiamento che si posiziona sul componente da fissare. Il risultato \u00e8 una connessione sicura e reversibile con propriet\u00e0 ammortizzanti.<\/p>\n","protected":false},"excerpt":{"rendered":"<p>Il b&#038;m-VIBE\u00ae \u00e8 l\u2019elemento di fissaggio perfetto per prevenire la trasmissione di vibrazioni che si verificano tra componenti adiacenti. Con il b&#038;m-VIBE\u00ae, b&#038;m risponde alle molteplici sfide del mercato per smorzare le vibrazioni e ridurre l\u2019emissione di rumore. Il rumore e le vibrazioni eccessive possono rapidamente causare problemi. Entrambi i fattori possono avere un impatto [&hellip;]<\/p>\n","protected":false},"author":1,"featured_media":0,"parent":9775,"menu_order":1,"comment_status":"closed","ping_status":"closed","template":"template_brands_new.php","meta":{"_acf_changed":false,"footnotes":""},"categories":[],"class_list":["post-9799","page","type-page","status-publish","hentry"],"acf":[],"yoast_head":"<!-- This site is optimized with the Yoast SEO plugin v27.3 - https:\/\/yoast.com\/product\/yoast-seo-wordpress\/ -->\n<title>b&amp;m-VIBE\u00ae - b&amp;m Homepage<\/title>\n<meta name=\"robots\" content=\"index, follow, max-snippet:-1, max-image-preview:large, max-video-preview:-1\" \/>\n<link rel=\"canonical\" href=\"https:\/\/www.baier-michels.com\/it\/prodotti\/cuscinetti-e-smorzatori\/bm-vibe\/\" \/>\n<meta property=\"og:locale\" content=\"it_IT\" \/>\n<meta property=\"og:type\" content=\"article\" \/>\n<meta property=\"og:title\" content=\"b&amp;m-VIBE\u00ae - b&amp;m Homepage\" \/>\n<meta property=\"og:description\" content=\"Il b&#038;m-VIBE\u00ae \u00e8 l\u2019elemento di fissaggio perfetto per prevenire la trasmissione di vibrazioni che si verificano tra componenti adiacenti. Con il b&#038;m-VIBE\u00ae, b&#038;m risponde alle molteplici sfide del mercato per smorzare le vibrazioni e ridurre l\u2019emissione di rumore. Il rumore e le vibrazioni eccessive possono rapidamente causare problemi. Entrambi i fattori possono avere un impatto [&hellip;]\" \/>\n<meta property=\"og:url\" content=\"https:\/\/www.baier-michels.com\/it\/prodotti\/cuscinetti-e-smorzatori\/bm-vibe\/\" \/>\n<meta property=\"og:site_name\" content=\"b&amp;m Homepage\" \/>\n<meta property=\"article:modified_time\" content=\"2024-11-14T15:33:18+00:00\" \/>\n<meta name=\"twitter:card\" content=\"summary_large_image\" \/>\n<meta name=\"twitter:label1\" content=\"Tempo di lettura stimato\" \/>\n\t<meta name=\"twitter:data1\" content=\"1 minuto\" \/>\n<script type=\"application\/ld+json\" class=\"yoast-schema-graph\">{\"@context\":\"https:\\\/\\\/schema.org\",\"@graph\":[{\"@type\":\"WebPage\",\"@id\":\"https:\\\/\\\/www.baier-michels.com\\\/it\\\/prodotti\\\/cuscinetti-e-smorzatori\\\/bm-vibe\\\/\",\"url\":\"https:\\\/\\\/www.baier-michels.com\\\/it\\\/prodotti\\\/cuscinetti-e-smorzatori\\\/bm-vibe\\\/\",\"name\":\"b&m-VIBE\u00ae - b&m Homepage\",\"isPartOf\":{\"@id\":\"https:\\\/\\\/www.baier-michels.com\\\/it\\\/#website\"},\"datePublished\":\"2020-12-30T23:00:00+00:00\",\"dateModified\":\"2024-11-14T15:33:18+00:00\",\"breadcrumb\":{\"@id\":\"https:\\\/\\\/www.baier-michels.com\\\/it\\\/prodotti\\\/cuscinetti-e-smorzatori\\\/bm-vibe\\\/#breadcrumb\"},\"inLanguage\":\"it-IT\",\"potentialAction\":[{\"@type\":\"ReadAction\",\"target\":[\"https:\\\/\\\/www.baier-michels.com\\\/it\\\/prodotti\\\/cuscinetti-e-smorzatori\\\/bm-vibe\\\/\"]}]},{\"@type\":\"BreadcrumbList\",\"@id\":\"https:\\\/\\\/www.baier-michels.com\\\/it\\\/prodotti\\\/cuscinetti-e-smorzatori\\\/bm-vibe\\\/#breadcrumb\",\"itemListElement\":[{\"@type\":\"ListItem\",\"position\":1,\"name\":\"Pagina iniziale\",\"item\":\"https:\\\/\\\/www.baier-michels.com\\\/it\\\/\"},{\"@type\":\"ListItem\",\"position\":2,\"name\":\"Prodotti\",\"item\":\"https:\\\/\\\/www.baier-michels.com\\\/it\\\/prodotti\\\/\"},{\"@type\":\"ListItem\",\"position\":3,\"name\":\"Cuscinetti e smorzatori\",\"item\":\"https:\\\/\\\/www.baier-michels.com\\\/it\\\/prodotti\\\/cuscinetti-e-smorzatori\\\/\"},{\"@type\":\"ListItem\",\"position\":4,\"name\":\"b&#038;m-VIBE\u00ae\"}]},{\"@type\":\"WebSite\",\"@id\":\"https:\\\/\\\/www.baier-michels.com\\\/it\\\/#website\",\"url\":\"https:\\\/\\\/www.baier-michels.com\\\/it\\\/\",\"name\":\"b&m\",\"description\":\"baier&amp;michels Gmbh &amp; Co KG\",\"publisher\":{\"@id\":\"https:\\\/\\\/www.baier-michels.com\\\/it\\\/#organization\"},\"potentialAction\":[{\"@type\":\"SearchAction\",\"target\":{\"@type\":\"EntryPoint\",\"urlTemplate\":\"https:\\\/\\\/www.baier-michels.com\\\/it\\\/?s={search_term_string}\"},\"query-input\":{\"@type\":\"PropertyValueSpecification\",\"valueRequired\":true,\"valueName\":\"search_term_string\"}}],\"inLanguage\":\"it-IT\"},{\"@type\":\"Organization\",\"@id\":\"https:\\\/\\\/www.baier-michels.com\\\/it\\\/#organization\",\"name\":\"baier & michels GmbH & Co KG\",\"url\":\"https:\\\/\\\/www.baier-michels.com\\\/it\\\/\",\"logo\":{\"@type\":\"ImageObject\",\"inLanguage\":\"it-IT\",\"@id\":\"https:\\\/\\\/www.baier-michels.com\\\/it\\\/#\\\/schema\\\/logo\\\/image\\\/\",\"url\":\"\",\"contentUrl\":\"\",\"caption\":\"baier & michels GmbH & Co KG\"},\"image\":{\"@id\":\"https:\\\/\\\/www.baier-michels.com\\\/it\\\/#\\\/schema\\\/logo\\\/image\\\/\"},\"sameAs\":[\"https:\\\/\\\/www.linkedin.com\\\/company\\\/baier-michels\\\/?viewAsMember=true\",\"https:\\\/\\\/www.youtube.com\\\/channel\\\/UCdBWm_HCAtCjxiFZWloFYGw?view_as=subscriber\"]}]}<\/script>\n<!-- \/ Yoast SEO plugin. -->","yoast_head_json":{"title":"b&m-VIBE\u00ae - b&m Homepage","robots":{"index":"index","follow":"follow","max-snippet":"max-snippet:-1","max-image-preview":"max-image-preview:large","max-video-preview":"max-video-preview:-1"},"canonical":"https:\/\/www.baier-michels.com\/it\/prodotti\/cuscinetti-e-smorzatori\/bm-vibe\/","og_locale":"it_IT","og_type":"article","og_title":"b&m-VIBE\u00ae - b&m Homepage","og_description":"Il b&#038;m-VIBE\u00ae \u00e8 l\u2019elemento di fissaggio perfetto per prevenire la trasmissione di vibrazioni che si verificano tra componenti adiacenti. Con il b&#038;m-VIBE\u00ae, b&#038;m risponde alle molteplici sfide del mercato per smorzare le vibrazioni e ridurre l\u2019emissione di rumore. Il rumore e le vibrazioni eccessive possono rapidamente causare problemi. Entrambi i fattori possono avere un impatto [&hellip;]","og_url":"https:\/\/www.baier-michels.com\/it\/prodotti\/cuscinetti-e-smorzatori\/bm-vibe\/","og_site_name":"b&m Homepage","article_modified_time":"2024-11-14T15:33:18+00:00","twitter_card":"summary_large_image","twitter_misc":{"Tempo di lettura stimato":"1 minuto"},"schema":{"@context":"https:\/\/schema.org","@graph":[{"@type":"WebPage","@id":"https:\/\/www.baier-michels.com\/it\/prodotti\/cuscinetti-e-smorzatori\/bm-vibe\/","url":"https:\/\/www.baier-michels.com\/it\/prodotti\/cuscinetti-e-smorzatori\/bm-vibe\/","name":"b&m-VIBE\u00ae - b&m Homepage","isPartOf":{"@id":"https:\/\/www.baier-michels.com\/it\/#website"},"datePublished":"2020-12-30T23:00:00+00:00","dateModified":"2024-11-14T15:33:18+00:00","breadcrumb":{"@id":"https:\/\/www.baier-michels.com\/it\/prodotti\/cuscinetti-e-smorzatori\/bm-vibe\/#breadcrumb"},"inLanguage":"it-IT","potentialAction":[{"@type":"ReadAction","target":["https:\/\/www.baier-michels.com\/it\/prodotti\/cuscinetti-e-smorzatori\/bm-vibe\/"]}]},{"@type":"BreadcrumbList","@id":"https:\/\/www.baier-michels.com\/it\/prodotti\/cuscinetti-e-smorzatori\/bm-vibe\/#breadcrumb","itemListElement":[{"@type":"ListItem","position":1,"name":"Pagina iniziale","item":"https:\/\/www.baier-michels.com\/it\/"},{"@type":"ListItem","position":2,"name":"Prodotti","item":"https:\/\/www.baier-michels.com\/it\/prodotti\/"},{"@type":"ListItem","position":3,"name":"Cuscinetti e smorzatori","item":"https:\/\/www.baier-michels.com\/it\/prodotti\/cuscinetti-e-smorzatori\/"},{"@type":"ListItem","position":4,"name":"b&#038;m-VIBE\u00ae"}]},{"@type":"WebSite","@id":"https:\/\/www.baier-michels.com\/it\/#website","url":"https:\/\/www.baier-michels.com\/it\/","name":"b&m","description":"baier&amp;michels Gmbh &amp; Co KG","publisher":{"@id":"https:\/\/www.baier-michels.com\/it\/#organization"},"potentialAction":[{"@type":"SearchAction","target":{"@type":"EntryPoint","urlTemplate":"https:\/\/www.baier-michels.com\/it\/?s={search_term_string}"},"query-input":{"@type":"PropertyValueSpecification","valueRequired":true,"valueName":"search_term_string"}}],"inLanguage":"it-IT"},{"@type":"Organization","@id":"https:\/\/www.baier-michels.com\/it\/#organization","name":"baier & michels GmbH & Co KG","url":"https:\/\/www.baier-michels.com\/it\/","logo":{"@type":"ImageObject","inLanguage":"it-IT","@id":"https:\/\/www.baier-michels.com\/it\/#\/schema\/logo\/image\/","url":"","contentUrl":"","caption":"baier & michels GmbH & Co KG"},"image":{"@id":"https:\/\/www.baier-michels.com\/it\/#\/schema\/logo\/image\/"},"sameAs":["https:\/\/www.linkedin.com\/company\/baier-michels\/?viewAsMember=true","https:\/\/www.youtube.com\/channel\/UCdBWm_HCAtCjxiFZWloFYGw?view_as=subscriber"]}]}},"_links":{"self":[{"href":"https:\/\/www.baier-michels.com\/it\/wp-json\/wp\/v2\/pages\/9799","targetHints":{"allow":["GET"]}}],"collection":[{"href":"https:\/\/www.baier-michels.com\/it\/wp-json\/wp\/v2\/pages"}],"about":[{"href":"https:\/\/www.baier-michels.com\/it\/wp-json\/wp\/v2\/types\/page"}],"author":[{"embeddable":true,"href":"https:\/\/www.baier-michels.com\/it\/wp-json\/wp\/v2\/users\/1"}],"replies":[{"embeddable":true,"href":"https:\/\/www.baier-michels.com\/it\/wp-json\/wp\/v2\/comments?post=9799"}],"version-history":[{"count":3,"href":"https:\/\/www.baier-michels.com\/it\/wp-json\/wp\/v2\/pages\/9799\/revisions"}],"predecessor-version":[{"id":14361,"href":"https:\/\/www.baier-michels.com\/it\/wp-json\/wp\/v2\/pages\/9799\/revisions\/14361"}],"up":[{"embeddable":true,"href":"https:\/\/www.baier-michels.com\/it\/wp-json\/wp\/v2\/pages\/9775"}],"wp:attachment":[{"href":"https:\/\/www.baier-michels.com\/it\/wp-json\/wp\/v2\/media?parent=9799"}],"wp:term":[{"taxonomy":"category","embeddable":true,"href":"https:\/\/www.baier-michels.com\/it\/wp-json\/wp\/v2\/categories?post=9799"}],"curies":[{"name":"wp","href":"https:\/\/api.w.org\/{rel}","templated":true}]}}